{"id":19647,"date":"2025-07-18T22:27:40","date_gmt":"2025-07-18T21:27:40","guid":{"rendered":"https:\/\/babylove.se\/produkt\/meow-balansbrada\/"},"modified":"2026-04-08T09:33:56","modified_gmt":"2026-04-08T08:33:56","slug":"mjau-balansebrett","status":"publish","type":"product","link":"https:\/\/babylove.se\/no\/produkt\/mjau-balansebrett\/","title":{"rendered":"Mjau, Balanseplate"},"content":{"rendered":"<p>Dette er ikke bare et vanlig balansbrett, men noe helt fantastisk. Det kan brukes til masse forskjellige ting, som \u00e5 gynge, kj\u00f8re med bilene p\u00e5 eller snu opp ned, og du har en enkel gynge. La barnets fantasi flyte, og du vil bli overrasket over alle bruksomr\u00e5dene.<\/p>\n<p>Det passer alle aldre (fra 18 m\u00e5neder) og stimulerer til b\u00e5de bevegelse og \u00e5 bruke fantasien. Materialene som brukes er selvf\u00f8lgelig barnevennlige og holdbare. Skal kun brukes innend\u00f8rs.&nbsp;<\/p>\n<p>Produktvekt: ca 3,26 kg.<\/p>\n<p>Barnas maks vekt: 200 kg.<\/p>\n<p><strong>Materiale<\/strong>: FSC-sertifisert europeisk b\u00f8ketre, overflaten er behandlet med vannbasert transparent lakk.<\/p>\n<p><strong>M\u00e5l<\/strong>: ca 80 x 30 cm.<\/p>\n<p>Designer: <a href=\"https:\/\/babylove.se\/varumarken\/meow\">Meow<\/a><\/p>\n","protected":false},"excerpt":{"rendered":"<p>Dette er ikke bare et vanlig balansbrett, men noe helt fantastisk. Det kan brukes til masse forskjellige ting, som \u00e5 gynge, kj\u00f8re med bilene p\u00e5 eller snu opp ned, og du har en enkel gynge. La barnets fantasi flyte, og du vil bli overrasket over alle bruksomr\u00e5dene. Det passer alle aldre (fra 18 m\u00e5neder) og [&hellip;]<\/p>\n","protected":false},"featured_media":19649,"comment_status":"closed","ping_status":"open","template":"","meta":{"_acf_changed":false},"product_brand":[774],"product_cat":[345,68,775,204,112],"product_tag":[1689],"class_list":{"0":"post-19647","1":"product","2":"type-product","3":"status-publish","4":"has-post-thumbnail","6":"product_brand-meow","7":"product_cat-balansbrett","8":"product_cat-leker","9":"product_cat-meow","10":"product_cat-motoriske-barnmobler","11":"product_cat-treleker","12":"product_tag-bestillingsvaror","14":"first","15":"outofstock","16":"taxable","17":"shipping-taxable","18":"purchasable","19":"product-type-simple"},"acf":[],"yoast_head":"<!-- This site is optimized with the Yoast SEO Premium plugin v25.8 (Yoast SEO v27.2) - https:\/\/yoast.com\/product\/yoast-seo-premium-wordpress\/ -->\n<title>Mjau, Balanseplate - Babylove Norska<\/title>\n<meta name=\"robots\" content=\"noindex, follow, max-snippet:-1, max-image-preview:large, max-video-preview:-1\" \/>\n<meta property=\"og:locale\" content=\"nb_NO\" \/>\n<meta property=\"og:type\" content=\"article\" \/>\n<meta property=\"og:title\" content=\"Mjau, Balanseplate\" \/>\n<meta property=\"og:description\" content=\"Dette er ikke bare et vanlig balansbrett, men noe helt fantastisk. Det kan brukes til masse forskjellige ting, som \u00e5 gynge, kj\u00f8re med bilene p\u00e5 eller snu opp ned, og du har en enkel gynge. La barnets fantasi flyte, og du vil bli overrasket over alle bruksomr\u00e5dene. Det passer alle aldre (fra 18 m\u00e5neder) og [&hellip;]\" \/>\n<meta property=\"og:url\" content=\"https:\/\/babylove.se\/no\/produkt\/mjau-balansebrett\/\" \/>\n<meta property=\"og:site_name\" content=\"Babylove Norska\" \/>\n<meta property=\"article:modified_time\" content=\"2026-04-08T08:33:56+00:00\" \/>\n<meta property=\"og:image\" content=\"https:\/\/babylove.se\/no\/wp-content\/uploads\/sites\/3\/2025\/07\/5f78cfcadbcff.png\" \/>\n\t<meta property=\"og:image:width\" content=\"750\" \/>\n\t<meta property=\"og:image:height\" content=\"595\" \/>\n\t<meta property=\"og:image:type\" content=\"image\/png\" \/>\n<meta name=\"twitter:card\" content=\"summary_large_image\" \/>\n<meta name=\"twitter:label1\" content=\"Price\" \/>\n\t<meta name=\"twitter:data1\" content=\"1 379,00&nbsp;&#107;&#114;\" \/>\n\t<meta name=\"twitter:label2\" content=\"Availability\" \/>\n\t<meta name=\"twitter:data2\" content=\"Out of stock\" \/>\n<script type=\"application\/ld+json\" class=\"yoast-schema-graph\">{\"@context\":\"https:\/\/schema.org\",\"@graph\":[{\"@type\":\"WebPage\",\"@id\":\"https:\/\/babylove.se\/no\/produkt\/mjau-balansebrett\/\",\"url\":\"https:\/\/babylove.se\/no\/produkt\/mjau-balansebrett\/\",\"name\":\"Mjau, Balanseplate - Babylove Norska\",\"isPartOf\":{\"@id\":\"https:\/\/babylove.se\/no\/#website\"},\"primaryImageOfPage\":{\"@id\":\"https:\/\/babylove.se\/no\/produkt\/mjau-balansebrett\/#primaryimage\"},\"image\":{\"@id\":\"https:\/\/babylove.se\/no\/produkt\/mjau-balansebrett\/#primaryimage\"},\"thumbnailUrl\":\"https:\/\/babylove.se\/no\/wp-content\/uploads\/sites\/3\/2025\/07\/5f78cfcadbcff.png\",\"datePublished\":\"2025-07-18T21:27:40+00:00\",\"dateModified\":\"2026-04-08T08:33:56+00:00\",\"breadcrumb\":{\"@id\":\"https:\/\/babylove.se\/no\/produkt\/mjau-balansebrett\/#breadcrumb\"},\"inLanguage\":\"nb-NO\",\"potentialAction\":[{\"@type\":\"ReadAction\",\"target\":[\"https:\/\/babylove.se\/no\/produkt\/mjau-balansebrett\/\"]}]},{\"@type\":\"ImageObject\",\"inLanguage\":\"nb-NO\",\"@id\":\"https:\/\/babylove.se\/no\/produkt\/mjau-balansebrett\/#primaryimage\",\"url\":\"https:\/\/babylove.se\/no\/wp-content\/uploads\/sites\/3\/2025\/07\/5f78cfcadbcff.png\",\"contentUrl\":\"https:\/\/babylove.se\/no\/wp-content\/uploads\/sites\/3\/2025\/07\/5f78cfcadbcff.png\",\"width\":750,\"height\":595},{\"@type\":\"BreadcrumbList\",\"@id\":\"https:\/\/babylove.se\/no\/produkt\/mjau-balansebrett\/#breadcrumb\",\"itemListElement\":[{\"@type\":\"ListItem\",\"position\":1,\"name\":\"Hem\",\"item\":\"https:\/\/babylove.se\/no\/\"},{\"@type\":\"ListItem\",\"position\":2,\"name\":\"Butik\",\"item\":\"https:\/\/babylove.se\/no\/butik\/\"},{\"@type\":\"ListItem\",\"position\":3,\"name\":\"Mjau, Balanseplate\"}]},{\"@type\":\"WebSite\",\"@id\":\"https:\/\/babylove.se\/no\/#website\",\"url\":\"https:\/\/babylove.se\/no\/\",\"name\":\"Babylove Norska\",\"description\":\"\",\"potentialAction\":[{\"@type\":\"SearchAction\",\"target\":{\"@type\":\"EntryPoint\",\"urlTemplate\":\"https:\/\/babylove.se\/no\/?s={search_term_string}\"},\"query-input\":{\"@type\":\"PropertyValueSpecification\",\"valueRequired\":true,\"valueName\":\"search_term_string\"}}],\"inLanguage\":\"nb-NO\"}]}<\/script>\n<meta property=\"product:brand\" content=\"Meow\" \/>\n<meta property=\"product:price:amount\" content=\"1379.00\" \/>\n<meta property=\"product:price:currency\" content=\"SEK\" \/>\n<meta property=\"og:availability\" content=\"out of stock\" \/>\n<meta property=\"product:availability\" content=\"out of stock\" \/>\n<meta property=\"product:retailer_item_id\" content=\"BB0001IE\" \/>\n<meta property=\"product:condition\" content=\"new\" \/>\n<!-- \/ Yoast SEO Premium plugin. -->","yoast_head_json":{"title":"Mjau, Balanseplate - Babylove Norska","robots":{"index":"noindex","follow":"follow","max-snippet":"max-snippet:-1","max-image-preview":"max-image-preview:large","max-video-preview":"max-video-preview:-1"},"og_locale":"nb_NO","og_type":"article","og_title":"Mjau, Balanseplate","og_description":"Dette er ikke bare et vanlig balansbrett, men noe helt fantastisk. Det kan brukes til masse forskjellige ting, som \u00e5 gynge, kj\u00f8re med bilene p\u00e5 eller snu opp ned, og du har en enkel gynge. La barnets fantasi flyte, og du vil bli overrasket over alle bruksomr\u00e5dene. Det passer alle aldre (fra 18 m\u00e5neder) og [&hellip;]","og_url":"https:\/\/babylove.se\/no\/produkt\/mjau-balansebrett\/","og_site_name":"Babylove Norska","article_modified_time":"2026-04-08T08:33:56+00:00","og_image":[{"width":750,"height":595,"url":"https:\/\/babylove.se\/no\/wp-content\/uploads\/sites\/3\/2025\/07\/5f78cfcadbcff.png","type":"image\/png"}],"twitter_card":"summary_large_image","twitter_misc":{"Price":"1 379,00&nbsp;&#107;&#114;","Availability":"Out of stock"},"schema":{"@context":"https:\/\/schema.org","@graph":[{"@type":"WebPage","@id":"https:\/\/babylove.se\/no\/produkt\/mjau-balansebrett\/","url":"https:\/\/babylove.se\/no\/produkt\/mjau-balansebrett\/","name":"Mjau, Balanseplate - Babylove Norska","isPartOf":{"@id":"https:\/\/babylove.se\/no\/#website"},"primaryImageOfPage":{"@id":"https:\/\/babylove.se\/no\/produkt\/mjau-balansebrett\/#primaryimage"},"image":{"@id":"https:\/\/babylove.se\/no\/produkt\/mjau-balansebrett\/#primaryimage"},"thumbnailUrl":"https:\/\/babylove.se\/no\/wp-content\/uploads\/sites\/3\/2025\/07\/5f78cfcadbcff.png","datePublished":"2025-07-18T21:27:40+00:00","dateModified":"2026-04-08T08:33:56+00:00","breadcrumb":{"@id":"https:\/\/babylove.se\/no\/produkt\/mjau-balansebrett\/#breadcrumb"},"inLanguage":"nb-NO","potentialAction":[{"@type":"ReadAction","target":["https:\/\/babylove.se\/no\/produkt\/mjau-balansebrett\/"]}]},{"@type":"ImageObject","inLanguage":"nb-NO","@id":"https:\/\/babylove.se\/no\/produkt\/mjau-balansebrett\/#primaryimage","url":"https:\/\/babylove.se\/no\/wp-content\/uploads\/sites\/3\/2025\/07\/5f78cfcadbcff.png","contentUrl":"https:\/\/babylove.se\/no\/wp-content\/uploads\/sites\/3\/2025\/07\/5f78cfcadbcff.png","width":750,"height":595},{"@type":"BreadcrumbList","@id":"https:\/\/babylove.se\/no\/produkt\/mjau-balansebrett\/#breadcrumb","itemListElement":[{"@type":"ListItem","position":1,"name":"Hem","item":"https:\/\/babylove.se\/no\/"},{"@type":"ListItem","position":2,"name":"Butik","item":"https:\/\/babylove.se\/no\/butik\/"},{"@type":"ListItem","position":3,"name":"Mjau, Balanseplate"}]},{"@type":"WebSite","@id":"https:\/\/babylove.se\/no\/#website","url":"https:\/\/babylove.se\/no\/","name":"Babylove Norska","description":"","potentialAction":[{"@type":"SearchAction","target":{"@type":"EntryPoint","urlTemplate":"https:\/\/babylove.se\/no\/?s={search_term_string}"},"query-input":{"@type":"PropertyValueSpecification","valueRequired":true,"valueName":"search_term_string"}}],"inLanguage":"nb-NO"}]},"product_brand":"Meow","product_price_amount":"1379.00","product_price_currency":"SEK","og_availability":"out of stock","product_availability":"out of stock","product_retailer_item_id":"BB0001IE","product_condition":"new"},"_links":{"self":[{"href":"https:\/\/babylove.se\/no\/wp-json\/wp\/v2\/product\/19647","targetHints":{"allow":["GET"]}}],"collection":[{"href":"https:\/\/babylove.se\/no\/wp-json\/wp\/v2\/product"}],"about":[{"href":"https:\/\/babylove.se\/no\/wp-json\/wp\/v2\/types\/product"}],"replies":[{"embeddable":true,"href":"https:\/\/babylove.se\/no\/wp-json\/wp\/v2\/comments?post=19647"}],"wp:featuredmedia":[{"embeddable":true,"href":"https:\/\/babylove.se\/no\/wp-json\/wp\/v2\/media\/19649"}],"wp:attachment":[{"href":"https:\/\/babylove.se\/no\/wp-json\/wp\/v2\/media?parent=19647"}],"wp:term":[{"taxonomy":"product_brand","embeddable":true,"href":"https:\/\/babylove.se\/no\/wp-json\/wp\/v2\/product_brand?post=19647"},{"taxonomy":"product_cat","embeddable":true,"href":"https:\/\/babylove.se\/no\/wp-json\/wp\/v2\/product_cat?post=19647"},{"taxonomy":"product_tag","embeddable":true,"href":"https:\/\/babylove.se\/no\/wp-json\/wp\/v2\/product_tag?post=19647"}],"curies":[{"name":"wp","href":"https:\/\/api.w.org\/{rel}","templated":true}]}}