{"id":19758,"date":"2025-07-18T22:28:44","date_gmt":"2025-07-18T21:28:44","guid":{"rendered":"https:\/\/babylove.se\/produkt\/hussang-bianca-70x160-gra\/"},"modified":"2026-04-08T09:35:03","modified_gmt":"2026-04-08T08:35:03","slug":"hussang-bianca-70x160-gra","status":"publish","type":"product","link":"https:\/\/babylove.se\/no\/produkt\/hussang-bianca-70x160-gra\/","title":{"rendered":"Husseng Bianca 70&#215;160 gr\u00e5"},"content":{"rendered":"<p>Dette er husseng Bianca som er laget i en klassisk stil som vi vet er sv\u00e6rt popul\u00e6r i mange barnerom. Vi er stolte over \u00e5 kunne tilby den fine hussengen med spiler. \\n \\nVi lover at hussengen kommer til \u00e5 bli ditt barns favoritt, og ikke bare for \u00e5 sove i da den med enkle midler kan bli et skikkelig godt kosekrok. Mange dekorerer med sengehimler, vimpler eller lyskjeder, bare din kreativitet setter stopp. \\n \\n<strong>Litt fakta: <\/strong> \\n<\/p>\n<ul> \\n \\t<\/p>\n<li>Ribbund f\u00f8lger med, den best\u00e5r av fj\u00e6rende b\u00e5nd som ikke er forbundet med hverandre. Hver stripe m\u00e5 boltes i sengekarmene med bolter som f\u00f8lger med.<\/li>\n<p> \\n \\t<\/p>\n<li>Samtlige senger bygges for h\u00e5nd av limtre av h\u00f8yeste klasse. Limtre har fordelen sammenlignet med massivt tre, at de ikke sprekker og at det ikke finnes noen kvister som p\u00e5virker utseendet. Samtlige deler er n\u00f8ye slipet for h\u00e5nd, og kantene er avrundet, alt for beste f\u00f8lelse og deres sikkerhet.<\/li>\n<p> \\n \\t<\/p>\n<li>Madrass f\u00f8lger ikke med, men vi anbefaler \u00e5 ikke kj\u00f8pe en for tykk, maks 10 -12 cm h\u00f8y. Vi har et stort utvalg av ulike typer madrasser som passer denne hussengen, ikke n\u00f8l med \u00e5 sp\u00f8rre oss hvis du er usikker.<\/li>\n<p> \\n<\/ul>\n<p> \\n<strong>M\u00e5l:<\/strong> \\n<\/p>\n<ul> \\n \\t<\/p>\n<li>H\u00f8yden p\u00e5 vertikale str\u00e5ler for \u00e5 starte taket er 90 cm.<\/li>\n<p> \\n \\t<\/p>\n<li>Bianca 70&#215;160 sengens totale h\u00f8yde er 130 cm<\/li>\n<p> \\n \\t<\/p>\n<li>Beinenes h\u00f8yde er 10 cm<\/li>\n<p> \\n \\t<\/p>\n<li>Sengbeina er laget av 45\/65 mm element<\/li>\n<p> \\n \\t<\/p>\n<li>Sengekarmen er laget av 90\/20 mm element<\/li>\n<p> \\n \\t<\/p>\n<li>Den totale dimensjonen av sengen skal legges til 9 cm i lengde og bredde.<\/li>\n<p> \\n \\t<\/p>\n<li>Den totale h\u00f8yden av hindrene fra sengekarmen er ca 25 cm. Spalten mellom sporene i rekkverkene er ca 5 cm.<\/li>\n<p> \\n \\t<\/p>\n<li>Det fremre rekkverket i standarden er \u00bd lengde og er uttrekkbar<\/li>\n<p> \\n \\t<\/p>\n<li>Maksvekt.100kg<\/li>\n<p> \\n<\/ul>\n","protected":false},"excerpt":{"rendered":"<p>Dette er husseng Bianca som er laget i en klassisk stil som vi vet er sv\u00e6rt popul\u00e6r i mange barnerom. Vi er stolte over \u00e5 kunne tilby den fine hussengen med spiler. \\n \\nVi lover at hussengen kommer til \u00e5 bli ditt barns favoritt, og ikke bare for \u00e5 sove i da den med enkle [&hellip;]<\/p>\n","protected":false},"featured_media":19760,"comment_status":"open","ping_status":"closed","template":"","meta":{"_acf_changed":false},"product_brand":[600],"product_cat":[217,601],"product_tag":[1689],"class_list":{"0":"post-19758","1":"product","2":"type-product","3":"status-publish","4":"has-post-thumbnail","6":"product_brand-luletto","7":"product_cat-sengesanger","8":"product_cat-baby","9":"product_tag-bestillingsvaror","11":"first","12":"instock","13":"taxable","14":"shipping-taxable","15":"purchasable","16":"product-type-simple"},"acf":[],"yoast_head":"<!-- This site is optimized with the Yoast SEO Premium plugin v25.8 (Yoast SEO v27.2) - https:\/\/yoast.com\/product\/yoast-seo-premium-wordpress\/ -->\n<title>Husseng Bianca 70x160 gr\u00e5 - Babylove Norska<\/title>\n<meta name=\"robots\" content=\"noindex, follow, max-snippet:-1, max-image-preview:large, max-video-preview:-1\" \/>\n<meta property=\"og:locale\" content=\"nb_NO\" \/>\n<meta property=\"og:type\" content=\"article\" \/>\n<meta property=\"og:title\" content=\"Husseng Bianca 70x160 gr\u00e5\" \/>\n<meta property=\"og:description\" content=\"Dette er husseng Bianca som er laget i en klassisk stil som vi vet er sv\u00e6rt popul\u00e6r i mange barnerom. Vi er stolte over \u00e5 kunne tilby den fine hussengen med spiler. n nVi lover at hussengen kommer til \u00e5 bli ditt barns favoritt, og ikke bare for \u00e5 sove i da den med enkle [&hellip;]\" \/>\n<meta property=\"og:url\" content=\"https:\/\/babylove.se\/no\/produkt\/hussang-bianca-70x160-gra\/\" \/>\n<meta property=\"og:site_name\" content=\"Babylove Norska\" \/>\n<meta property=\"article:modified_time\" content=\"2026-04-08T08:35:03+00:00\" \/>\n<meta property=\"og:image\" content=\"https:\/\/babylove.se\/no\/wp-content\/uploads\/sites\/3\/2025\/07\/5f916639b748b.jpeg\" \/>\n\t<meta property=\"og:image:width\" content=\"750\" \/>\n\t<meta property=\"og:image:height\" content=\"563\" \/>\n\t<meta property=\"og:image:type\" content=\"image\/jpeg\" \/>\n<meta name=\"twitter:card\" content=\"summary_large_image\" \/>\n<meta name=\"twitter:label1\" content=\"Price\" \/>\n\t<meta name=\"twitter:data1\" content=\"2 799,00&nbsp;&#107;&#114;\" \/>\n\t<meta name=\"twitter:label2\" content=\"Availability\" \/>\n\t<meta name=\"twitter:data2\" content=\"In stock\" \/>\n<script type=\"application\/ld+json\" class=\"yoast-schema-graph\">{\"@context\":\"https:\/\/schema.org\",\"@graph\":[{\"@type\":\"WebPage\",\"@id\":\"https:\/\/babylove.se\/no\/produkt\/hussang-bianca-70x160-gra\/\",\"url\":\"https:\/\/babylove.se\/no\/produkt\/hussang-bianca-70x160-gra\/\",\"name\":\"Husseng Bianca 70x160 gr\u00e5 - Babylove Norska\",\"isPartOf\":{\"@id\":\"https:\/\/babylove.se\/no\/#website\"},\"primaryImageOfPage\":{\"@id\":\"https:\/\/babylove.se\/no\/produkt\/hussang-bianca-70x160-gra\/#primaryimage\"},\"image\":{\"@id\":\"https:\/\/babylove.se\/no\/produkt\/hussang-bianca-70x160-gra\/#primaryimage\"},\"thumbnailUrl\":\"https:\/\/babylove.se\/no\/wp-content\/uploads\/sites\/3\/2025\/07\/5f916639b748b.jpeg\",\"datePublished\":\"2025-07-18T21:28:44+00:00\",\"dateModified\":\"2026-04-08T08:35:03+00:00\",\"breadcrumb\":{\"@id\":\"https:\/\/babylove.se\/no\/produkt\/hussang-bianca-70x160-gra\/#breadcrumb\"},\"inLanguage\":\"nb-NO\",\"potentialAction\":[{\"@type\":\"ReadAction\",\"target\":[\"https:\/\/babylove.se\/no\/produkt\/hussang-bianca-70x160-gra\/\"]}]},{\"@type\":\"ImageObject\",\"inLanguage\":\"nb-NO\",\"@id\":\"https:\/\/babylove.se\/no\/produkt\/hussang-bianca-70x160-gra\/#primaryimage\",\"url\":\"https:\/\/babylove.se\/no\/wp-content\/uploads\/sites\/3\/2025\/07\/5f916639b748b.jpeg\",\"contentUrl\":\"https:\/\/babylove.se\/no\/wp-content\/uploads\/sites\/3\/2025\/07\/5f916639b748b.jpeg\",\"width\":750,\"height\":563},{\"@type\":\"BreadcrumbList\",\"@id\":\"https:\/\/babylove.se\/no\/produkt\/hussang-bianca-70x160-gra\/#breadcrumb\",\"itemListElement\":[{\"@type\":\"ListItem\",\"position\":1,\"name\":\"Hem\",\"item\":\"https:\/\/babylove.se\/no\/\"},{\"@type\":\"ListItem\",\"position\":2,\"name\":\"Butik\",\"item\":\"https:\/\/babylove.se\/no\/butik\/\"},{\"@type\":\"ListItem\",\"position\":3,\"name\":\"Husseng Bianca 70&#215;160 gr\u00e5\"}]},{\"@type\":\"WebSite\",\"@id\":\"https:\/\/babylove.se\/no\/#website\",\"url\":\"https:\/\/babylove.se\/no\/\",\"name\":\"Babylove Norska\",\"description\":\"\",\"potentialAction\":[{\"@type\":\"SearchAction\",\"target\":{\"@type\":\"EntryPoint\",\"urlTemplate\":\"https:\/\/babylove.se\/no\/?s={search_term_string}\"},\"query-input\":{\"@type\":\"PropertyValueSpecification\",\"valueRequired\":true,\"valueName\":\"search_term_string\"}}],\"inLanguage\":\"nb-NO\"}]}<\/script>\n<meta property=\"product:brand\" content=\"Luletto\" \/>\n<meta property=\"product:price:amount\" content=\"2799.00\" \/>\n<meta property=\"product:price:currency\" content=\"SEK\" \/>\n<meta property=\"og:availability\" content=\"instock\" \/>\n<meta property=\"product:availability\" content=\"instock\" \/>\n<meta property=\"product:retailer_item_id\" content=\"3527\" \/>\n<meta property=\"product:condition\" content=\"new\" \/>\n<!-- \/ Yoast SEO Premium plugin. -->","yoast_head_json":{"title":"Husseng Bianca 70x160 gr\u00e5 - Babylove Norska","robots":{"index":"noindex","follow":"follow","max-snippet":"max-snippet:-1","max-image-preview":"max-image-preview:large","max-video-preview":"max-video-preview:-1"},"og_locale":"nb_NO","og_type":"article","og_title":"Husseng Bianca 70x160 gr\u00e5","og_description":"Dette er husseng Bianca som er laget i en klassisk stil som vi vet er sv\u00e6rt popul\u00e6r i mange barnerom. Vi er stolte over \u00e5 kunne tilby den fine hussengen med spiler. n nVi lover at hussengen kommer til \u00e5 bli ditt barns favoritt, og ikke bare for \u00e5 sove i da den med enkle [&hellip;]","og_url":"https:\/\/babylove.se\/no\/produkt\/hussang-bianca-70x160-gra\/","og_site_name":"Babylove Norska","article_modified_time":"2026-04-08T08:35:03+00:00","og_image":[{"width":750,"height":563,"url":"https:\/\/babylove.se\/no\/wp-content\/uploads\/sites\/3\/2025\/07\/5f916639b748b.jpeg","type":"image\/jpeg"}],"twitter_card":"summary_large_image","twitter_misc":{"Price":"2 799,00&nbsp;&#107;&#114;","Availability":"In stock"},"schema":{"@context":"https:\/\/schema.org","@graph":[{"@type":"WebPage","@id":"https:\/\/babylove.se\/no\/produkt\/hussang-bianca-70x160-gra\/","url":"https:\/\/babylove.se\/no\/produkt\/hussang-bianca-70x160-gra\/","name":"Husseng Bianca 70x160 gr\u00e5 - Babylove Norska","isPartOf":{"@id":"https:\/\/babylove.se\/no\/#website"},"primaryImageOfPage":{"@id":"https:\/\/babylove.se\/no\/produkt\/hussang-bianca-70x160-gra\/#primaryimage"},"image":{"@id":"https:\/\/babylove.se\/no\/produkt\/hussang-bianca-70x160-gra\/#primaryimage"},"thumbnailUrl":"https:\/\/babylove.se\/no\/wp-content\/uploads\/sites\/3\/2025\/07\/5f916639b748b.jpeg","datePublished":"2025-07-18T21:28:44+00:00","dateModified":"2026-04-08T08:35:03+00:00","breadcrumb":{"@id":"https:\/\/babylove.se\/no\/produkt\/hussang-bianca-70x160-gra\/#breadcrumb"},"inLanguage":"nb-NO","potentialAction":[{"@type":"ReadAction","target":["https:\/\/babylove.se\/no\/produkt\/hussang-bianca-70x160-gra\/"]}]},{"@type":"ImageObject","inLanguage":"nb-NO","@id":"https:\/\/babylove.se\/no\/produkt\/hussang-bianca-70x160-gra\/#primaryimage","url":"https:\/\/babylove.se\/no\/wp-content\/uploads\/sites\/3\/2025\/07\/5f916639b748b.jpeg","contentUrl":"https:\/\/babylove.se\/no\/wp-content\/uploads\/sites\/3\/2025\/07\/5f916639b748b.jpeg","width":750,"height":563},{"@type":"BreadcrumbList","@id":"https:\/\/babylove.se\/no\/produkt\/hussang-bianca-70x160-gra\/#breadcrumb","itemListElement":[{"@type":"ListItem","position":1,"name":"Hem","item":"https:\/\/babylove.se\/no\/"},{"@type":"ListItem","position":2,"name":"Butik","item":"https:\/\/babylove.se\/no\/butik\/"},{"@type":"ListItem","position":3,"name":"Husseng Bianca 70&#215;160 gr\u00e5"}]},{"@type":"WebSite","@id":"https:\/\/babylove.se\/no\/#website","url":"https:\/\/babylove.se\/no\/","name":"Babylove Norska","description":"","potentialAction":[{"@type":"SearchAction","target":{"@type":"EntryPoint","urlTemplate":"https:\/\/babylove.se\/no\/?s={search_term_string}"},"query-input":{"@type":"PropertyValueSpecification","valueRequired":true,"valueName":"search_term_string"}}],"inLanguage":"nb-NO"}]},"product_brand":"Luletto","product_price_amount":"2799.00","product_price_currency":"SEK","og_availability":"instock","product_availability":"instock","product_retailer_item_id":"3527","product_condition":"new"},"_links":{"self":[{"href":"https:\/\/babylove.se\/no\/wp-json\/wp\/v2\/product\/19758","targetHints":{"allow":["GET"]}}],"collection":[{"href":"https:\/\/babylove.se\/no\/wp-json\/wp\/v2\/product"}],"about":[{"href":"https:\/\/babylove.se\/no\/wp-json\/wp\/v2\/types\/product"}],"replies":[{"embeddable":true,"href":"https:\/\/babylove.se\/no\/wp-json\/wp\/v2\/comments?post=19758"}],"wp:featuredmedia":[{"embeddable":true,"href":"https:\/\/babylove.se\/no\/wp-json\/wp\/v2\/media\/19760"}],"wp:attachment":[{"href":"https:\/\/babylove.se\/no\/wp-json\/wp\/v2\/media?parent=19758"}],"wp:term":[{"taxonomy":"product_brand","embeddable":true,"href":"https:\/\/babylove.se\/no\/wp-json\/wp\/v2\/product_brand?post=19758"},{"taxonomy":"product_cat","embeddable":true,"href":"https:\/\/babylove.se\/no\/wp-json\/wp\/v2\/product_cat?post=19758"},{"taxonomy":"product_tag","embeddable":true,"href":"https:\/\/babylove.se\/no\/wp-json\/wp\/v2\/product_tag?post=19758"}],"curies":[{"name":"wp","href":"https:\/\/api.w.org\/{rel}","templated":true}]}}