{"id":19763,"date":"2025-07-18T22:28:44","date_gmt":"2025-07-18T21:28:44","guid":{"rendered":"https:\/\/babylove.se\/produkt\/oyoy-the-world-barnmatta-120-cm\/"},"modified":"2026-04-08T09:35:06","modified_gmt":"2026-04-08T08:35:06","slug":"oyoy-the-world-barneteppe-120-cm","status":"publish","type":"product","link":"https:\/\/babylove.se\/no\/produkt\/oyoy-the-world-barneteppe-120-cm\/","title":{"rendered":"Oyoy, the world barneteppe 120 cm"},"content":{"rendered":"<p>En finere teppe til barnerommet<strong>&nbsp;<\/strong>enn dette er vanskelig \u00e5 finne. I likhet med jorden, er lekematta rund og inneholder hele verdenskartet med alle sine kontinenter. .&nbsp;<\/p>\n<p>Den er ikke bare en fin interi\u00f8rdetalj for barnerommet, men fungerer ogs\u00e5 i \u00f8vrige deler av hjemmet. I tillegg gj\u00f8r man en liten innsats for jorden, da OYOY donerer penger til WWF for hver solgte matte, penger som g\u00e5r uavkortet til \u00e5 redde isbj\u00f8rnene.&nbsp;<\/p>\n<p><strong>M\u00e5l<\/strong>: 120 cm i diameter.&nbsp;<\/p>\n<p><strong>Materiale<\/strong>: 80% ull, 20% bomull&nbsp;<\/p>\n<p>St\u00f8vsug regelmessig uten b\u00f8rste. <span>T\u00f8rk flekken forsiktig med lunkent vann og s\u00e5pe.&nbsp;<\/span>Sug opp rester med en t\u00f8rr mikrofiberduk.<br \/><span>Ved dypere rengj\u00f8ring anbefales profesjonell planvask.<\/span><\/p>\n","protected":false},"excerpt":{"rendered":"<p>En finere teppe til barnerommet&nbsp;enn dette er vanskelig \u00e5 finne. I likhet med jorden, er lekematta rund og inneholder hele verdenskartet med alle sine kontinenter. .&nbsp; Den er ikke bare en fin interi\u00f8rdetalj for barnerommet, men fungerer ogs\u00e5 i \u00f8vrige deler av hjemmet. I tillegg gj\u00f8r man en liten innsats for jorden, da OYOY donerer [&hellip;]<\/p>\n","protected":false},"featured_media":19765,"comment_status":"closed","ping_status":"open","template":"","meta":{"_acf_changed":false},"product_brand":[129],"product_cat":[130,135],"product_tag":[],"class_list":{"0":"post-19763","1":"product","2":"type-product","3":"status-publish","4":"has-post-thumbnail","6":"product_brand-oyoy","7":"product_cat-oyoy","8":"product_cat-tepper","10":"first","11":"outofstock","12":"taxable","13":"shipping-taxable","14":"purchasable","15":"product-type-simple"},"acf":[],"yoast_head":"<!-- This site is optimized with the Yoast SEO Premium plugin v25.8 (Yoast SEO v27.2) - https:\/\/yoast.com\/product\/yoast-seo-premium-wordpress\/ -->\n<title>Oyoy, the world barneteppe 120 cm - Babylove Norska<\/title>\n<meta name=\"robots\" content=\"noindex, follow, max-snippet:-1, max-image-preview:large, max-video-preview:-1\" \/>\n<meta property=\"og:locale\" content=\"nb_NO\" \/>\n<meta property=\"og:type\" content=\"article\" \/>\n<meta property=\"og:title\" content=\"Oyoy, the world barneteppe 120 cm\" \/>\n<meta property=\"og:description\" content=\"En finere teppe til barnerommet&nbsp;enn dette er vanskelig \u00e5 finne. I likhet med jorden, er lekematta rund og inneholder hele verdenskartet med alle sine kontinenter. .&nbsp; Den er ikke bare en fin interi\u00f8rdetalj for barnerommet, men fungerer ogs\u00e5 i \u00f8vrige deler av hjemmet. I tillegg gj\u00f8r man en liten innsats for jorden, da OYOY donerer [&hellip;]\" \/>\n<meta property=\"og:url\" content=\"https:\/\/babylove.se\/no\/produkt\/oyoy-the-world-barneteppe-120-cm\/\" \/>\n<meta property=\"og:site_name\" content=\"Babylove Norska\" \/>\n<meta property=\"article:modified_time\" content=\"2026-04-08T08:35:06+00:00\" \/>\n<meta property=\"og:image\" content=\"https:\/\/babylove.se\/no\/wp-content\/uploads\/sites\/3\/2025\/07\/5f7c2ad899ffb.jpeg\" \/>\n\t<meta property=\"og:image:width\" content=\"750\" \/>\n\t<meta property=\"og:image:height\" content=\"750\" \/>\n\t<meta property=\"og:image:type\" content=\"image\/jpeg\" \/>\n<meta name=\"twitter:card\" content=\"summary_large_image\" \/>\n<meta name=\"twitter:label1\" content=\"Price\" \/>\n\t<meta name=\"twitter:data1\" content=\"1 999,00&nbsp;&#107;&#114;\" \/>\n\t<meta name=\"twitter:label2\" content=\"Availability\" \/>\n\t<meta name=\"twitter:data2\" content=\"Out of stock\" \/>\n<script type=\"application\/ld+json\" class=\"yoast-schema-graph\">{\"@context\":\"https:\/\/schema.org\",\"@graph\":[{\"@type\":\"WebPage\",\"@id\":\"https:\/\/babylove.se\/no\/produkt\/oyoy-the-world-barneteppe-120-cm\/\",\"url\":\"https:\/\/babylove.se\/no\/produkt\/oyoy-the-world-barneteppe-120-cm\/\",\"name\":\"Oyoy, the world barneteppe 120 cm - Babylove Norska\",\"isPartOf\":{\"@id\":\"https:\/\/babylove.se\/no\/#website\"},\"primaryImageOfPage\":{\"@id\":\"https:\/\/babylove.se\/no\/produkt\/oyoy-the-world-barneteppe-120-cm\/#primaryimage\"},\"image\":{\"@id\":\"https:\/\/babylove.se\/no\/produkt\/oyoy-the-world-barneteppe-120-cm\/#primaryimage\"},\"thumbnailUrl\":\"https:\/\/babylove.se\/no\/wp-content\/uploads\/sites\/3\/2025\/07\/5f7c2ad899ffb.jpeg\",\"datePublished\":\"2025-07-18T21:28:44+00:00\",\"dateModified\":\"2026-04-08T08:35:06+00:00\",\"breadcrumb\":{\"@id\":\"https:\/\/babylove.se\/no\/produkt\/oyoy-the-world-barneteppe-120-cm\/#breadcrumb\"},\"inLanguage\":\"nb-NO\",\"potentialAction\":[{\"@type\":\"ReadAction\",\"target\":[\"https:\/\/babylove.se\/no\/produkt\/oyoy-the-world-barneteppe-120-cm\/\"]}]},{\"@type\":\"ImageObject\",\"inLanguage\":\"nb-NO\",\"@id\":\"https:\/\/babylove.se\/no\/produkt\/oyoy-the-world-barneteppe-120-cm\/#primaryimage\",\"url\":\"https:\/\/babylove.se\/no\/wp-content\/uploads\/sites\/3\/2025\/07\/5f7c2ad899ffb.jpeg\",\"contentUrl\":\"https:\/\/babylove.se\/no\/wp-content\/uploads\/sites\/3\/2025\/07\/5f7c2ad899ffb.jpeg\",\"width\":750,\"height\":750},{\"@type\":\"BreadcrumbList\",\"@id\":\"https:\/\/babylove.se\/no\/produkt\/oyoy-the-world-barneteppe-120-cm\/#breadcrumb\",\"itemListElement\":[{\"@type\":\"ListItem\",\"position\":1,\"name\":\"Hem\",\"item\":\"https:\/\/babylove.se\/no\/\"},{\"@type\":\"ListItem\",\"position\":2,\"name\":\"Butik\",\"item\":\"https:\/\/babylove.se\/no\/butik\/\"},{\"@type\":\"ListItem\",\"position\":3,\"name\":\"Oyoy, the world barneteppe 120 cm\"}]},{\"@type\":\"WebSite\",\"@id\":\"https:\/\/babylove.se\/no\/#website\",\"url\":\"https:\/\/babylove.se\/no\/\",\"name\":\"Babylove Norska\",\"description\":\"\",\"potentialAction\":[{\"@type\":\"SearchAction\",\"target\":{\"@type\":\"EntryPoint\",\"urlTemplate\":\"https:\/\/babylove.se\/no\/?s={search_term_string}\"},\"query-input\":{\"@type\":\"PropertyValueSpecification\",\"valueRequired\":true,\"valueName\":\"search_term_string\"}}],\"inLanguage\":\"nb-NO\"}]}<\/script>\n<meta property=\"product:brand\" content=\"Oyoy\" \/>\n<meta property=\"product:price:amount\" content=\"1999.00\" \/>\n<meta property=\"product:price:currency\" content=\"SEK\" \/>\n<meta property=\"og:availability\" content=\"out of stock\" \/>\n<meta property=\"product:availability\" content=\"out of stock\" \/>\n<meta property=\"product:retailer_item_id\" content=\"M1045\" \/>\n<meta property=\"product:condition\" content=\"new\" \/>\n<!-- \/ Yoast SEO Premium plugin. -->","yoast_head_json":{"title":"Oyoy, the world barneteppe 120 cm - Babylove Norska","robots":{"index":"noindex","follow":"follow","max-snippet":"max-snippet:-1","max-image-preview":"max-image-preview:large","max-video-preview":"max-video-preview:-1"},"og_locale":"nb_NO","og_type":"article","og_title":"Oyoy, the world barneteppe 120 cm","og_description":"En finere teppe til barnerommet&nbsp;enn dette er vanskelig \u00e5 finne. I likhet med jorden, er lekematta rund og inneholder hele verdenskartet med alle sine kontinenter. .&nbsp; Den er ikke bare en fin interi\u00f8rdetalj for barnerommet, men fungerer ogs\u00e5 i \u00f8vrige deler av hjemmet. I tillegg gj\u00f8r man en liten innsats for jorden, da OYOY donerer [&hellip;]","og_url":"https:\/\/babylove.se\/no\/produkt\/oyoy-the-world-barneteppe-120-cm\/","og_site_name":"Babylove Norska","article_modified_time":"2026-04-08T08:35:06+00:00","og_image":[{"width":750,"height":750,"url":"https:\/\/babylove.se\/no\/wp-content\/uploads\/sites\/3\/2025\/07\/5f7c2ad899ffb.jpeg","type":"image\/jpeg"}],"twitter_card":"summary_large_image","twitter_misc":{"Price":"1 999,00&nbsp;&#107;&#114;","Availability":"Out of stock"},"schema":{"@context":"https:\/\/schema.org","@graph":[{"@type":"WebPage","@id":"https:\/\/babylove.se\/no\/produkt\/oyoy-the-world-barneteppe-120-cm\/","url":"https:\/\/babylove.se\/no\/produkt\/oyoy-the-world-barneteppe-120-cm\/","name":"Oyoy, the world barneteppe 120 cm - Babylove Norska","isPartOf":{"@id":"https:\/\/babylove.se\/no\/#website"},"primaryImageOfPage":{"@id":"https:\/\/babylove.se\/no\/produkt\/oyoy-the-world-barneteppe-120-cm\/#primaryimage"},"image":{"@id":"https:\/\/babylove.se\/no\/produkt\/oyoy-the-world-barneteppe-120-cm\/#primaryimage"},"thumbnailUrl":"https:\/\/babylove.se\/no\/wp-content\/uploads\/sites\/3\/2025\/07\/5f7c2ad899ffb.jpeg","datePublished":"2025-07-18T21:28:44+00:00","dateModified":"2026-04-08T08:35:06+00:00","breadcrumb":{"@id":"https:\/\/babylove.se\/no\/produkt\/oyoy-the-world-barneteppe-120-cm\/#breadcrumb"},"inLanguage":"nb-NO","potentialAction":[{"@type":"ReadAction","target":["https:\/\/babylove.se\/no\/produkt\/oyoy-the-world-barneteppe-120-cm\/"]}]},{"@type":"ImageObject","inLanguage":"nb-NO","@id":"https:\/\/babylove.se\/no\/produkt\/oyoy-the-world-barneteppe-120-cm\/#primaryimage","url":"https:\/\/babylove.se\/no\/wp-content\/uploads\/sites\/3\/2025\/07\/5f7c2ad899ffb.jpeg","contentUrl":"https:\/\/babylove.se\/no\/wp-content\/uploads\/sites\/3\/2025\/07\/5f7c2ad899ffb.jpeg","width":750,"height":750},{"@type":"BreadcrumbList","@id":"https:\/\/babylove.se\/no\/produkt\/oyoy-the-world-barneteppe-120-cm\/#breadcrumb","itemListElement":[{"@type":"ListItem","position":1,"name":"Hem","item":"https:\/\/babylove.se\/no\/"},{"@type":"ListItem","position":2,"name":"Butik","item":"https:\/\/babylove.se\/no\/butik\/"},{"@type":"ListItem","position":3,"name":"Oyoy, the world barneteppe 120 cm"}]},{"@type":"WebSite","@id":"https:\/\/babylove.se\/no\/#website","url":"https:\/\/babylove.se\/no\/","name":"Babylove Norska","description":"","potentialAction":[{"@type":"SearchAction","target":{"@type":"EntryPoint","urlTemplate":"https:\/\/babylove.se\/no\/?s={search_term_string}"},"query-input":{"@type":"PropertyValueSpecification","valueRequired":true,"valueName":"search_term_string"}}],"inLanguage":"nb-NO"}]},"product_brand":"Oyoy","product_price_amount":"1999.00","product_price_currency":"SEK","og_availability":"out of stock","product_availability":"out of stock","product_retailer_item_id":"M1045","product_condition":"new"},"_links":{"self":[{"href":"https:\/\/babylove.se\/no\/wp-json\/wp\/v2\/product\/19763","targetHints":{"allow":["GET"]}}],"collection":[{"href":"https:\/\/babylove.se\/no\/wp-json\/wp\/v2\/product"}],"about":[{"href":"https:\/\/babylove.se\/no\/wp-json\/wp\/v2\/types\/product"}],"replies":[{"embeddable":true,"href":"https:\/\/babylove.se\/no\/wp-json\/wp\/v2\/comments?post=19763"}],"wp:featuredmedia":[{"embeddable":true,"href":"https:\/\/babylove.se\/no\/wp-json\/wp\/v2\/media\/19765"}],"wp:attachment":[{"href":"https:\/\/babylove.se\/no\/wp-json\/wp\/v2\/media?parent=19763"}],"wp:term":[{"taxonomy":"product_brand","embeddable":true,"href":"https:\/\/babylove.se\/no\/wp-json\/wp\/v2\/product_brand?post=19763"},{"taxonomy":"product_cat","embeddable":true,"href":"https:\/\/babylove.se\/no\/wp-json\/wp\/v2\/product_cat?post=19763"},{"taxonomy":"product_tag","embeddable":true,"href":"https:\/\/babylove.se\/no\/wp-json\/wp\/v2\/product_tag?post=19763"}],"curies":[{"name":"wp","href":"https:\/\/api.w.org\/{rel}","templated":true}]}}