{"id":19821,"date":"2025-07-18T22:29:15","date_gmt":"2025-07-18T21:29:15","guid":{"rendered":"https:\/\/babylove.se\/produkt\/lekhus-med-skrivbord\/"},"modified":"2026-04-08T09:35:15","modified_gmt":"2026-04-08T08:35:15","slug":"lekhus-med-skrivebord","status":"publish","type":"product","link":"https:\/\/babylove.se\/no\/produkt\/lekhus-med-skrivebord\/","title":{"rendered":"Lekhus med skrivebord"},"content":{"rendered":"<p>My Mini Home er eksperter p\u00e5 \u00e5 skape vakre barnm\u00f8bler med flere bruksomr\u00e5der.<\/p>\n<p>Dette fine trehuset kan brukes som en liten hytte, skrivebord og bokhylle.<br \/>Et sentralt m\u00f8bel som l\u00f8fter ethvert barnerom, der kreativiteten kan flyte fritt!<\/p>\n<p>Laget for h\u00e5nd av kryssfiner fra sertifiserte skogsomr\u00e5der og malt i milj\u00f8vennlige giftfrie farger.&nbsp;<\/p>\n<p><strong>Info:&nbsp;<\/strong><\/p>\n<ul>\n<li>Fargevalg: hvit, lysebl\u00e5, lilla, mint, vanilje, pudderrosa, perlegr\u00e5, beige og natur<\/li>\n<li>Produsert for h\u00e5nd i Europa<\/li>\n<li>CE-sertifisert<\/li>\n<\/ul>\n<p><strong>M\u00e5l:<\/strong><\/p>\n<ul>\n<li><span>H\u00f8yde total:&nbsp;<\/span>77 cm<\/li>\n<li>H\u00f8yde skrivebord: 52 cm<\/li>\n<li>Bredde: 84 cm<\/li>\n<li>Dybde: 71 cm<\/li>\n<\/ul>\n<p><em>Obs! Spesialtilvirket vare, angrerett gjelder ikke.<\/em><\/p>\n","protected":false},"excerpt":{"rendered":"<p>My Mini Home er eksperter p\u00e5 \u00e5 skape vakre barnm\u00f8bler med flere bruksomr\u00e5der. Dette fine trehuset kan brukes som en liten hytte, skrivebord og bokhylle.Et sentralt m\u00f8bel som l\u00f8fter ethvert barnerom, der kreativiteten kan flyte fritt! Laget for h\u00e5nd av kryssfiner fra sertifiserte skogsomr\u00e5der og malt i milj\u00f8vennlige giftfrie farger.&nbsp; Info:&nbsp; Fargevalg: hvit, lysebl\u00e5, lilla, [&hellip;]<\/p>\n","protected":false},"featured_media":19823,"comment_status":"closed","ping_status":"open","template":"","meta":{"_acf_changed":false},"product_brand":[826],"product_cat":[147,89,85,275,827,359],"product_tag":[1689],"class_list":{"0":"post-19821","1":"product","2":"type-product","3":"status-publish","4":"has-post-thumbnail","6":"product_brand-my-mini-home","7":"product_cat-back-to-school","8":"product_cat-dukkehus","9":"product_cat-bord","10":"product_cat-tipitalt-lektalt","11":"product_cat-my-mini-home","12":"product_cat-skrivebord","13":"product_tag-bestillingsvaror","14":"pa_farg-beige","15":"pa_farg-vit","16":"pa_farg-lila","17":"pa_farg-ljusbla","18":"pa_farg-mint","19":"pa_farg-natur","20":"pa_farg-parlgra","21":"pa_farg-puderrosa","22":"pa_farg-vanilj","24":"first","25":"instock","26":"taxable","27":"shipping-taxable","28":"purchasable","29":"product-type-variable"},"acf":[],"yoast_head":"<!-- This site is optimized with the Yoast SEO Premium plugin v25.8 (Yoast SEO v27.2) - https:\/\/yoast.com\/product\/yoast-seo-premium-wordpress\/ -->\n<title>Lekhus med skrivebord - Babylove Norska<\/title>\n<meta name=\"robots\" content=\"noindex, follow, max-snippet:-1, max-image-preview:large, max-video-preview:-1\" \/>\n<meta property=\"og:locale\" content=\"nb_NO\" \/>\n<meta property=\"og:type\" content=\"article\" \/>\n<meta property=\"og:title\" content=\"Lekhus med skrivebord\" \/>\n<meta property=\"og:description\" content=\"My Mini Home er eksperter p\u00e5 \u00e5 skape vakre barnm\u00f8bler med flere bruksomr\u00e5der. Dette fine trehuset kan brukes som en liten hytte, skrivebord og bokhylle.Et sentralt m\u00f8bel som l\u00f8fter ethvert barnerom, der kreativiteten kan flyte fritt! Laget for h\u00e5nd av kryssfiner fra sertifiserte skogsomr\u00e5der og malt i milj\u00f8vennlige giftfrie farger.&nbsp; Info:&nbsp; Fargevalg: hvit, lysebl\u00e5, lilla, [&hellip;]\" \/>\n<meta property=\"og:url\" content=\"https:\/\/babylove.se\/no\/produkt\/lekhus-med-skrivebord\/\" \/>\n<meta property=\"og:site_name\" content=\"Babylove Norska\" \/>\n<meta property=\"article:modified_time\" content=\"2026-04-08T08:35:15+00:00\" \/>\n<meta property=\"og:image\" content=\"https:\/\/babylove.se\/no\/wp-content\/uploads\/sites\/3\/2025\/07\/5f7ded0a8721d.png\" \/>\n\t<meta property=\"og:image:width\" content=\"750\" \/>\n\t<meta property=\"og:image:height\" content=\"731\" \/>\n\t<meta property=\"og:image:type\" content=\"image\/png\" \/>\n<meta name=\"twitter:card\" content=\"summary_large_image\" \/>\n<meta name=\"twitter:label1\" content=\"Availability\" \/>\n\t<meta name=\"twitter:data1\" content=\"In stock\" \/>\n<script type=\"application\/ld+json\" class=\"yoast-schema-graph\">{\"@context\":\"https:\/\/schema.org\",\"@graph\":[{\"@type\":\"WebPage\",\"@id\":\"https:\/\/babylove.se\/no\/produkt\/lekhus-med-skrivebord\/\",\"url\":\"https:\/\/babylove.se\/no\/produkt\/lekhus-med-skrivebord\/\",\"name\":\"Lekhus med skrivebord - Babylove Norska\",\"isPartOf\":{\"@id\":\"https:\/\/babylove.se\/no\/#website\"},\"primaryImageOfPage\":{\"@id\":\"https:\/\/babylove.se\/no\/produkt\/lekhus-med-skrivebord\/#primaryimage\"},\"image\":{\"@id\":\"https:\/\/babylove.se\/no\/produkt\/lekhus-med-skrivebord\/#primaryimage\"},\"thumbnailUrl\":\"https:\/\/babylove.se\/no\/wp-content\/uploads\/sites\/3\/2025\/07\/5f7ded0a8721d.png\",\"datePublished\":\"2025-07-18T21:29:15+00:00\",\"dateModified\":\"2026-04-08T08:35:15+00:00\",\"breadcrumb\":{\"@id\":\"https:\/\/babylove.se\/no\/produkt\/lekhus-med-skrivebord\/#breadcrumb\"},\"inLanguage\":\"nb-NO\",\"potentialAction\":[{\"@type\":\"ReadAction\",\"target\":[\"https:\/\/babylove.se\/no\/produkt\/lekhus-med-skrivebord\/\"]}]},{\"@type\":\"ImageObject\",\"inLanguage\":\"nb-NO\",\"@id\":\"https:\/\/babylove.se\/no\/produkt\/lekhus-med-skrivebord\/#primaryimage\",\"url\":\"https:\/\/babylove.se\/no\/wp-content\/uploads\/sites\/3\/2025\/07\/5f7ded0a8721d.png\",\"contentUrl\":\"https:\/\/babylove.se\/no\/wp-content\/uploads\/sites\/3\/2025\/07\/5f7ded0a8721d.png\",\"width\":750,\"height\":731},{\"@type\":\"BreadcrumbList\",\"@id\":\"https:\/\/babylove.se\/no\/produkt\/lekhus-med-skrivebord\/#breadcrumb\",\"itemListElement\":[{\"@type\":\"ListItem\",\"position\":1,\"name\":\"Hem\",\"item\":\"https:\/\/babylove.se\/no\/\"},{\"@type\":\"ListItem\",\"position\":2,\"name\":\"Butik\",\"item\":\"https:\/\/babylove.se\/no\/butik\/\"},{\"@type\":\"ListItem\",\"position\":3,\"name\":\"Lekhus med skrivebord\"}]},{\"@type\":\"WebSite\",\"@id\":\"https:\/\/babylove.se\/no\/#website\",\"url\":\"https:\/\/babylove.se\/no\/\",\"name\":\"Babylove Norska\",\"description\":\"\",\"potentialAction\":[{\"@type\":\"SearchAction\",\"target\":{\"@type\":\"EntryPoint\",\"urlTemplate\":\"https:\/\/babylove.se\/no\/?s={search_term_string}\"},\"query-input\":{\"@type\":\"PropertyValueSpecification\",\"valueRequired\":true,\"valueName\":\"search_term_string\"}}],\"inLanguage\":\"nb-NO\"}]}<\/script>\n<meta property=\"product:brand\" content=\"My mini home\" \/>\n<meta property=\"og:availability\" content=\"instock\" \/>\n<meta property=\"product:availability\" content=\"instock\" \/>\n<meta property=\"product:retailer_item_id\" content=\"Lekhus med skrivbord-Vit\" \/>\n<meta property=\"product:condition\" content=\"new\" \/>\n<!-- \/ Yoast SEO Premium plugin. -->","yoast_head_json":{"title":"Lekhus med skrivebord - Babylove Norska","robots":{"index":"noindex","follow":"follow","max-snippet":"max-snippet:-1","max-image-preview":"max-image-preview:large","max-video-preview":"max-video-preview:-1"},"og_locale":"nb_NO","og_type":"article","og_title":"Lekhus med skrivebord","og_description":"My Mini Home er eksperter p\u00e5 \u00e5 skape vakre barnm\u00f8bler med flere bruksomr\u00e5der. Dette fine trehuset kan brukes som en liten hytte, skrivebord og bokhylle.Et sentralt m\u00f8bel som l\u00f8fter ethvert barnerom, der kreativiteten kan flyte fritt! Laget for h\u00e5nd av kryssfiner fra sertifiserte skogsomr\u00e5der og malt i milj\u00f8vennlige giftfrie farger.&nbsp; Info:&nbsp; Fargevalg: hvit, lysebl\u00e5, lilla, [&hellip;]","og_url":"https:\/\/babylove.se\/no\/produkt\/lekhus-med-skrivebord\/","og_site_name":"Babylove Norska","article_modified_time":"2026-04-08T08:35:15+00:00","og_image":[{"width":750,"height":731,"url":"https:\/\/babylove.se\/no\/wp-content\/uploads\/sites\/3\/2025\/07\/5f7ded0a8721d.png","type":"image\/png"}],"twitter_card":"summary_large_image","twitter_misc":{"Availability":"In stock"},"schema":{"@context":"https:\/\/schema.org","@graph":[{"@type":"WebPage","@id":"https:\/\/babylove.se\/no\/produkt\/lekhus-med-skrivebord\/","url":"https:\/\/babylove.se\/no\/produkt\/lekhus-med-skrivebord\/","name":"Lekhus med skrivebord - Babylove Norska","isPartOf":{"@id":"https:\/\/babylove.se\/no\/#website"},"primaryImageOfPage":{"@id":"https:\/\/babylove.se\/no\/produkt\/lekhus-med-skrivebord\/#primaryimage"},"image":{"@id":"https:\/\/babylove.se\/no\/produkt\/lekhus-med-skrivebord\/#primaryimage"},"thumbnailUrl":"https:\/\/babylove.se\/no\/wp-content\/uploads\/sites\/3\/2025\/07\/5f7ded0a8721d.png","datePublished":"2025-07-18T21:29:15+00:00","dateModified":"2026-04-08T08:35:15+00:00","breadcrumb":{"@id":"https:\/\/babylove.se\/no\/produkt\/lekhus-med-skrivebord\/#breadcrumb"},"inLanguage":"nb-NO","potentialAction":[{"@type":"ReadAction","target":["https:\/\/babylove.se\/no\/produkt\/lekhus-med-skrivebord\/"]}]},{"@type":"ImageObject","inLanguage":"nb-NO","@id":"https:\/\/babylove.se\/no\/produkt\/lekhus-med-skrivebord\/#primaryimage","url":"https:\/\/babylove.se\/no\/wp-content\/uploads\/sites\/3\/2025\/07\/5f7ded0a8721d.png","contentUrl":"https:\/\/babylove.se\/no\/wp-content\/uploads\/sites\/3\/2025\/07\/5f7ded0a8721d.png","width":750,"height":731},{"@type":"BreadcrumbList","@id":"https:\/\/babylove.se\/no\/produkt\/lekhus-med-skrivebord\/#breadcrumb","itemListElement":[{"@type":"ListItem","position":1,"name":"Hem","item":"https:\/\/babylove.se\/no\/"},{"@type":"ListItem","position":2,"name":"Butik","item":"https:\/\/babylove.se\/no\/butik\/"},{"@type":"ListItem","position":3,"name":"Lekhus med skrivebord"}]},{"@type":"WebSite","@id":"https:\/\/babylove.se\/no\/#website","url":"https:\/\/babylove.se\/no\/","name":"Babylove Norska","description":"","potentialAction":[{"@type":"SearchAction","target":{"@type":"EntryPoint","urlTemplate":"https:\/\/babylove.se\/no\/?s={search_term_string}"},"query-input":{"@type":"PropertyValueSpecification","valueRequired":true,"valueName":"search_term_string"}}],"inLanguage":"nb-NO"}]},"product_brand":"My mini home","og_availability":"instock","product_availability":"instock","product_retailer_item_id":"Lekhus med skrivbord-Vit","product_condition":"new"},"_links":{"self":[{"href":"https:\/\/babylove.se\/no\/wp-json\/wp\/v2\/product\/19821","targetHints":{"allow":["GET"]}}],"collection":[{"href":"https:\/\/babylove.se\/no\/wp-json\/wp\/v2\/product"}],"about":[{"href":"https:\/\/babylove.se\/no\/wp-json\/wp\/v2\/types\/product"}],"replies":[{"embeddable":true,"href":"https:\/\/babylove.se\/no\/wp-json\/wp\/v2\/comments?post=19821"}],"wp:featuredmedia":[{"embeddable":true,"href":"https:\/\/babylove.se\/no\/wp-json\/wp\/v2\/media\/19823"}],"wp:attachment":[{"href":"https:\/\/babylove.se\/no\/wp-json\/wp\/v2\/media?parent=19821"}],"wp:term":[{"taxonomy":"product_brand","embeddable":true,"href":"https:\/\/babylove.se\/no\/wp-json\/wp\/v2\/product_brand?post=19821"},{"taxonomy":"product_cat","embeddable":true,"href":"https:\/\/babylove.se\/no\/wp-json\/wp\/v2\/product_cat?post=19821"},{"taxonomy":"product_tag","embeddable":true,"href":"https:\/\/babylove.se\/no\/wp-json\/wp\/v2\/product_tag?post=19821"}],"curies":[{"name":"wp","href":"https:\/\/api.w.org\/{rel}","templated":true}]}}