{"id":1992,"date":"2025-07-18T20:05:41","date_gmt":"2025-07-18T19:05:41","guid":{"rendered":"https:\/\/babylove.se\/produkt\/forvaringskorg-hokuspokus-oyoy\/"},"modified":"2026-04-08T07:47:22","modified_gmt":"2026-04-08T06:47:22","slug":"forvaringskurv-hokuspokus-oyoy","status":"publish","type":"product","link":"https:\/\/babylove.se\/no\/produkt\/forvaringskurv-hokuspokus-oyoy\/","title":{"rendered":"Oppbevaringskurv HokusPokus OYOY"},"content":{"rendered":"<p>Stor oppbevaringskurv HokusPokus fra OYOY. En vanntett og fin kurv fra danske OYOY, kan brukes b\u00e5de utend\u00f8rs og innend\u00f8rs. Kurven passer til nesten alle typer oppbevaring som for eksempel smykker, leker eller viktige dokumenter. En meget holdbar og praktisk kurv i et vakkert design.&nbsp;<\/p>\n<p>Farge: Svart\/Hvit\/Gr\u00e5\/Lysgr\u00e5\/Rosa.&nbsp;<\/p>\n<p><strong>M\u00e5l<\/strong>: Bredde 30 cm, H\u00f8yde 54 cm og Dybde 30 cm.&nbsp;<\/p>\n<p>Materialet er 100 % polyester. Meget enkelt \u00e5 holde ren ved hjelp av en lett fuktig klut.<\/p>\n<p>Designer: <a href=\"https:\/\/babylove.se\/varumarken\/oyoy\"><u>OYOY<\/u><\/a><\/p>\n","protected":false},"excerpt":{"rendered":"<p>Stor oppbevaringskurv HokusPokus fra OYOY. En vanntett og fin kurv fra danske OYOY, kan brukes b\u00e5de utend\u00f8rs og innend\u00f8rs. Kurven passer til nesten alle typer oppbevaring som for eksempel smykker, leker eller viktige dokumenter. En meget holdbar og praktisk kurv i et vakkert design.&nbsp; Farge: Svart\/Hvit\/Gr\u00e5\/Lysgr\u00e5\/Rosa.&nbsp; M\u00e5l: Bredde 30 cm, H\u00f8yde 54 cm og Dybde [&hellip;]<\/p>\n","protected":false},"featured_media":1994,"comment_status":"closed","ping_status":"open","template":"","meta":{"_acf_changed":false},"product_brand":[129],"product_cat":[26,25,125,43,130],"product_tag":[],"class_list":{"0":"post-1992","1":"product","2":"type-product","3":"status-publish","4":"has-post-thumbnail","6":"product_brand-oyoy","7":"product_cat-kjop-produkter-som-ikke-bare-er-for-gutter","8":"product_cat-ikke-bare-jenter","9":"product_cat-boho","10":"product_cat-oppbevaringskurver","11":"product_cat-oyoy","13":"first","14":"outofstock","15":"taxable","16":"shipping-taxable","17":"purchasable","18":"product-type-simple"},"acf":[],"yoast_head":"<!-- This site is optimized with the Yoast SEO Premium plugin v25.8 (Yoast SEO v27.2) - https:\/\/yoast.com\/product\/yoast-seo-premium-wordpress\/ -->\n<title>Oppbevaringskurv HokusPokus OYOY - Babylove Norska<\/title>\n<meta name=\"description\" content=\"En vattent\u00e5lig och fin korg fr\u00e5n danska OYOY, kan anv\u00e4ndas s\u00e5v\u00e4l utomhus som innomhus - skickas inom 24 timmar - 14 dagars \u00f6ppet k\u00f6p-\" \/>\n<meta name=\"robots\" content=\"noindex, follow, max-snippet:-1, max-image-preview:large, max-video-preview:-1\" \/>\n<meta property=\"og:locale\" content=\"nb_NO\" \/>\n<meta property=\"og:type\" content=\"article\" \/>\n<meta property=\"og:title\" content=\"Oppbevaringskurv HokusPokus OYOY\" \/>\n<meta property=\"og:description\" content=\"En vattent\u00e5lig och fin korg fr\u00e5n danska OYOY, kan anv\u00e4ndas s\u00e5v\u00e4l utomhus som innomhus - skickas inom 24 timmar - 14 dagars \u00f6ppet k\u00f6p-\" \/>\n<meta property=\"og:url\" content=\"https:\/\/babylove.se\/no\/produkt\/forvaringskurv-hokuspokus-oyoy\/\" \/>\n<meta property=\"og:site_name\" content=\"Babylove Norska\" \/>\n<meta property=\"article:modified_time\" content=\"2026-04-08T06:47:22+00:00\" \/>\n<meta property=\"og:image\" content=\"https:\/\/babylove.se\/no\/wp-content\/uploads\/sites\/3\/2025\/07\/58583f3e5e819.jpeg\" \/>\n\t<meta property=\"og:image:width\" content=\"750\" \/>\n\t<meta property=\"og:image:height\" content=\"687\" \/>\n\t<meta property=\"og:image:type\" content=\"image\/jpeg\" \/>\n<meta name=\"twitter:card\" content=\"summary_large_image\" \/>\n<meta name=\"twitter:label1\" content=\"Price\" \/>\n\t<meta name=\"twitter:data1\" content=\"129,00&nbsp;&#107;&#114;\" \/>\n\t<meta name=\"twitter:label2\" content=\"Availability\" \/>\n\t<meta name=\"twitter:data2\" content=\"Out of stock\" \/>\n<script type=\"application\/ld+json\" class=\"yoast-schema-graph\">{\"@context\":\"https:\/\/schema.org\",\"@graph\":[{\"@type\":\"WebPage\",\"@id\":\"https:\/\/babylove.se\/no\/produkt\/forvaringskurv-hokuspokus-oyoy\/\",\"url\":\"https:\/\/babylove.se\/no\/produkt\/forvaringskurv-hokuspokus-oyoy\/\",\"name\":\"Oppbevaringskurv HokusPokus OYOY - Babylove Norska\",\"isPartOf\":{\"@id\":\"https:\/\/babylove.se\/no\/#website\"},\"primaryImageOfPage\":{\"@id\":\"https:\/\/babylove.se\/no\/produkt\/forvaringskurv-hokuspokus-oyoy\/#primaryimage\"},\"image\":{\"@id\":\"https:\/\/babylove.se\/no\/produkt\/forvaringskurv-hokuspokus-oyoy\/#primaryimage\"},\"thumbnailUrl\":\"https:\/\/babylove.se\/no\/wp-content\/uploads\/sites\/3\/2025\/07\/58583f3e5e819.jpeg\",\"datePublished\":\"2025-07-18T19:05:41+00:00\",\"dateModified\":\"2026-04-08T06:47:22+00:00\",\"description\":\"En vattent\u00e5lig och fin korg fr\u00e5n danska OYOY, kan anv\u00e4ndas s\u00e5v\u00e4l utomhus som innomhus - skickas inom 24 timmar - 14 dagars \u00f6ppet k\u00f6p-\",\"breadcrumb\":{\"@id\":\"https:\/\/babylove.se\/no\/produkt\/forvaringskurv-hokuspokus-oyoy\/#breadcrumb\"},\"inLanguage\":\"nb-NO\",\"potentialAction\":[{\"@type\":\"ReadAction\",\"target\":[\"https:\/\/babylove.se\/no\/produkt\/forvaringskurv-hokuspokus-oyoy\/\"]}]},{\"@type\":\"ImageObject\",\"inLanguage\":\"nb-NO\",\"@id\":\"https:\/\/babylove.se\/no\/produkt\/forvaringskurv-hokuspokus-oyoy\/#primaryimage\",\"url\":\"https:\/\/babylove.se\/no\/wp-content\/uploads\/sites\/3\/2025\/07\/58583f3e5e819.jpeg\",\"contentUrl\":\"https:\/\/babylove.se\/no\/wp-content\/uploads\/sites\/3\/2025\/07\/58583f3e5e819.jpeg\",\"width\":750,\"height\":687},{\"@type\":\"BreadcrumbList\",\"@id\":\"https:\/\/babylove.se\/no\/produkt\/forvaringskurv-hokuspokus-oyoy\/#breadcrumb\",\"itemListElement\":[{\"@type\":\"ListItem\",\"position\":1,\"name\":\"Hem\",\"item\":\"https:\/\/babylove.se\/no\/\"},{\"@type\":\"ListItem\",\"position\":2,\"name\":\"Butik\",\"item\":\"https:\/\/babylove.se\/no\/butik\/\"},{\"@type\":\"ListItem\",\"position\":3,\"name\":\"Oppbevaringskurv HokusPokus OYOY\"}]},{\"@type\":\"WebSite\",\"@id\":\"https:\/\/babylove.se\/no\/#website\",\"url\":\"https:\/\/babylove.se\/no\/\",\"name\":\"Babylove Norska\",\"description\":\"\",\"potentialAction\":[{\"@type\":\"SearchAction\",\"target\":{\"@type\":\"EntryPoint\",\"urlTemplate\":\"https:\/\/babylove.se\/no\/?s={search_term_string}\"},\"query-input\":{\"@type\":\"PropertyValueSpecification\",\"valueRequired\":true,\"valueName\":\"search_term_string\"}}],\"inLanguage\":\"nb-NO\"}]}<\/script>\n<meta property=\"product:brand\" content=\"Oyoy\" \/>\n<meta property=\"product:price:amount\" content=\"129.00\" \/>\n<meta property=\"product:price:currency\" content=\"SEK\" \/>\n<meta property=\"og:availability\" content=\"out of stock\" \/>\n<meta property=\"product:availability\" content=\"out of stock\" \/>\n<meta property=\"product:retailer_item_id\" content=\"861\" \/>\n<meta property=\"product:condition\" content=\"new\" \/>\n<!-- \/ Yoast SEO Premium plugin. -->","yoast_head_json":{"title":"Oppbevaringskurv HokusPokus OYOY - Babylove Norska","description":"En vattent\u00e5lig och fin korg fr\u00e5n danska OYOY, kan anv\u00e4ndas s\u00e5v\u00e4l utomhus som innomhus - skickas inom 24 timmar - 14 dagars \u00f6ppet k\u00f6p-","robots":{"index":"noindex","follow":"follow","max-snippet":"max-snippet:-1","max-image-preview":"max-image-preview:large","max-video-preview":"max-video-preview:-1"},"og_locale":"nb_NO","og_type":"article","og_title":"Oppbevaringskurv HokusPokus OYOY","og_description":"En vattent\u00e5lig och fin korg fr\u00e5n danska OYOY, kan anv\u00e4ndas s\u00e5v\u00e4l utomhus som innomhus - skickas inom 24 timmar - 14 dagars \u00f6ppet k\u00f6p-","og_url":"https:\/\/babylove.se\/no\/produkt\/forvaringskurv-hokuspokus-oyoy\/","og_site_name":"Babylove Norska","article_modified_time":"2026-04-08T06:47:22+00:00","og_image":[{"width":750,"height":687,"url":"https:\/\/babylove.se\/no\/wp-content\/uploads\/sites\/3\/2025\/07\/58583f3e5e819.jpeg","type":"image\/jpeg"}],"twitter_card":"summary_large_image","twitter_misc":{"Price":"129,00&nbsp;&#107;&#114;","Availability":"Out of stock"},"schema":{"@context":"https:\/\/schema.org","@graph":[{"@type":"WebPage","@id":"https:\/\/babylove.se\/no\/produkt\/forvaringskurv-hokuspokus-oyoy\/","url":"https:\/\/babylove.se\/no\/produkt\/forvaringskurv-hokuspokus-oyoy\/","name":"Oppbevaringskurv HokusPokus OYOY - Babylove Norska","isPartOf":{"@id":"https:\/\/babylove.se\/no\/#website"},"primaryImageOfPage":{"@id":"https:\/\/babylove.se\/no\/produkt\/forvaringskurv-hokuspokus-oyoy\/#primaryimage"},"image":{"@id":"https:\/\/babylove.se\/no\/produkt\/forvaringskurv-hokuspokus-oyoy\/#primaryimage"},"thumbnailUrl":"https:\/\/babylove.se\/no\/wp-content\/uploads\/sites\/3\/2025\/07\/58583f3e5e819.jpeg","datePublished":"2025-07-18T19:05:41+00:00","dateModified":"2026-04-08T06:47:22+00:00","description":"En vattent\u00e5lig och fin korg fr\u00e5n danska OYOY, kan anv\u00e4ndas s\u00e5v\u00e4l utomhus som innomhus - skickas inom 24 timmar - 14 dagars \u00f6ppet k\u00f6p-","breadcrumb":{"@id":"https:\/\/babylove.se\/no\/produkt\/forvaringskurv-hokuspokus-oyoy\/#breadcrumb"},"inLanguage":"nb-NO","potentialAction":[{"@type":"ReadAction","target":["https:\/\/babylove.se\/no\/produkt\/forvaringskurv-hokuspokus-oyoy\/"]}]},{"@type":"ImageObject","inLanguage":"nb-NO","@id":"https:\/\/babylove.se\/no\/produkt\/forvaringskurv-hokuspokus-oyoy\/#primaryimage","url":"https:\/\/babylove.se\/no\/wp-content\/uploads\/sites\/3\/2025\/07\/58583f3e5e819.jpeg","contentUrl":"https:\/\/babylove.se\/no\/wp-content\/uploads\/sites\/3\/2025\/07\/58583f3e5e819.jpeg","width":750,"height":687},{"@type":"BreadcrumbList","@id":"https:\/\/babylove.se\/no\/produkt\/forvaringskurv-hokuspokus-oyoy\/#breadcrumb","itemListElement":[{"@type":"ListItem","position":1,"name":"Hem","item":"https:\/\/babylove.se\/no\/"},{"@type":"ListItem","position":2,"name":"Butik","item":"https:\/\/babylove.se\/no\/butik\/"},{"@type":"ListItem","position":3,"name":"Oppbevaringskurv HokusPokus OYOY"}]},{"@type":"WebSite","@id":"https:\/\/babylove.se\/no\/#website","url":"https:\/\/babylove.se\/no\/","name":"Babylove Norska","description":"","potentialAction":[{"@type":"SearchAction","target":{"@type":"EntryPoint","urlTemplate":"https:\/\/babylove.se\/no\/?s={search_term_string}"},"query-input":{"@type":"PropertyValueSpecification","valueRequired":true,"valueName":"search_term_string"}}],"inLanguage":"nb-NO"}]},"product_brand":"Oyoy","product_price_amount":"129.00","product_price_currency":"SEK","og_availability":"out of stock","product_availability":"out of stock","product_retailer_item_id":"861","product_condition":"new"},"_links":{"self":[{"href":"https:\/\/babylove.se\/no\/wp-json\/wp\/v2\/product\/1992","targetHints":{"allow":["GET"]}}],"collection":[{"href":"https:\/\/babylove.se\/no\/wp-json\/wp\/v2\/product"}],"about":[{"href":"https:\/\/babylove.se\/no\/wp-json\/wp\/v2\/types\/product"}],"replies":[{"embeddable":true,"href":"https:\/\/babylove.se\/no\/wp-json\/wp\/v2\/comments?post=1992"}],"wp:featuredmedia":[{"embeddable":true,"href":"https:\/\/babylove.se\/no\/wp-json\/wp\/v2\/media\/1994"}],"wp:attachment":[{"href":"https:\/\/babylove.se\/no\/wp-json\/wp\/v2\/media?parent=1992"}],"wp:term":[{"taxonomy":"product_brand","embeddable":true,"href":"https:\/\/babylove.se\/no\/wp-json\/wp\/v2\/product_brand?post=1992"},{"taxonomy":"product_cat","embeddable":true,"href":"https:\/\/babylove.se\/no\/wp-json\/wp\/v2\/product_cat?post=1992"},{"taxonomy":"product_tag","embeddable":true,"href":"https:\/\/babylove.se\/no\/wp-json\/wp\/v2\/product_tag?post=1992"}],"curies":[{"name":"wp","href":"https:\/\/api.w.org\/{rel}","templated":true}]}}