{"id":19954,"date":"2025-07-18T22:30:12","date_gmt":"2025-07-18T21:30:12","guid":{"rendered":"https:\/\/babylove.se\/produkt\/my-mini-garage\/"},"modified":"2026-04-08T09:35:46","modified_gmt":"2026-04-08T08:35:46","slug":"mitt-mini-garasje","status":"publish","type":"product","link":"https:\/\/babylove.se\/no\/produkt\/mitt-mini-garasje\/","title":{"rendered":"Mitt mini garasje"},"content":{"rendered":"<p>Brum Brum!<\/p>\n<p>F\u00e5 ting gir bilentusiasten s\u00e5 mye glede som et parkeringshus!<br \/>Dette h\u00e5ndlagde tregarageset fra My Mini Home, rommer mange muligheter for alle typer kj\u00f8ret\u00f8y, til og med helikoptre!<\/p>\n<p>En komplett pakke med garasje, en personbil, en racingbil, en buss, en brannbil og et helikopter.<\/p>\n<p>Laget uten spillvirke fra den sertifiserte kryssfiner og kan variere litt i nyanse.<\/p>\n<p><strong>Info:&nbsp;<\/strong><\/p>\n<ul>\n<li>Fargevalg: natur, natur\/r\u00f8d og natur\/pastell.&nbsp;<\/li>\n<li>Produsert for h\u00e5nd i Europa<\/li>\n<li>CE-sertifisert<\/li>\n<\/ul>\n<p><strong>M\u00e5l<\/strong>:<\/p>\n<ul>\n<li>Bredde: 51 cm<\/li>\n<li>H\u00f8yde: 40 cm<\/li>\n<li>Dybde: 47 cm<\/li>\n<\/ul>\n<p><em>Obs! Spesialtilvirket vare, angrerett gjelder ikke.<\/em><\/p>\n","protected":false},"excerpt":{"rendered":"<p>Brum Brum! F\u00e5 ting gir bilentusiasten s\u00e5 mye glede som et parkeringshus!Dette h\u00e5ndlagde tregarageset fra My Mini Home, rommer mange muligheter for alle typer kj\u00f8ret\u00f8y, til og med helikoptre! En komplett pakke med garasje, en personbil, en racingbil, en buss, en brannbil og et helikopter. Laget uten spillvirke fra den sertifiserte kryssfiner og kan variere [&hellip;]<\/p>\n","protected":false},"featured_media":19956,"comment_status":"closed","ping_status":"open","template":"","meta":{"_acf_changed":false},"product_brand":[826],"product_cat":[137,72,827,112],"product_tag":[1689],"class_list":{"0":"post-19954","1":"product","2":"type-product","3":"status-publish","4":"has-post-thumbnail","6":"product_brand-my-mini-home","7":"product_cat-bilverden","8":"product_cat-julegaver","9":"product_cat-my-mini-home","10":"product_cat-treleker","11":"product_tag-bestillingsvaror","12":"pa_farg-natur","13":"pa_farg-natur-pastell","14":"pa_farg-natur-rod","16":"first","17":"instock","18":"taxable","19":"shipping-taxable","20":"purchasable","21":"product-type-variable"},"acf":[],"yoast_head":"<!-- This site is optimized with the Yoast SEO Premium plugin v25.8 (Yoast SEO v27.2) - https:\/\/yoast.com\/product\/yoast-seo-premium-wordpress\/ -->\n<title>Mitt mini garasje - Babylove Norska<\/title>\n<meta name=\"robots\" content=\"noindex, follow, max-snippet:-1, max-image-preview:large, max-video-preview:-1\" \/>\n<meta property=\"og:locale\" content=\"nb_NO\" \/>\n<meta property=\"og:type\" content=\"article\" \/>\n<meta property=\"og:title\" content=\"Mitt mini garasje\" \/>\n<meta property=\"og:description\" content=\"Brum Brum! F\u00e5 ting gir bilentusiasten s\u00e5 mye glede som et parkeringshus!Dette h\u00e5ndlagde tregarageset fra My Mini Home, rommer mange muligheter for alle typer kj\u00f8ret\u00f8y, til og med helikoptre! En komplett pakke med garasje, en personbil, en racingbil, en buss, en brannbil og et helikopter. Laget uten spillvirke fra den sertifiserte kryssfiner og kan variere [&hellip;]\" \/>\n<meta property=\"og:url\" content=\"https:\/\/babylove.se\/no\/produkt\/mitt-mini-garasje\/\" \/>\n<meta property=\"og:site_name\" content=\"Babylove Norska\" \/>\n<meta property=\"article:modified_time\" content=\"2026-04-08T08:35:46+00:00\" \/>\n<meta property=\"og:image\" content=\"https:\/\/babylove.se\/no\/wp-content\/uploads\/sites\/3\/2025\/07\/5f85f0b89522f.png\" \/>\n\t<meta property=\"og:image:width\" content=\"750\" \/>\n\t<meta property=\"og:image:height\" content=\"615\" \/>\n\t<meta property=\"og:image:type\" content=\"image\/png\" \/>\n<meta name=\"twitter:card\" content=\"summary_large_image\" \/>\n<meta name=\"twitter:label1\" content=\"Availability\" \/>\n\t<meta name=\"twitter:data1\" content=\"In stock\" \/>\n<script type=\"application\/ld+json\" class=\"yoast-schema-graph\">{\"@context\":\"https:\/\/schema.org\",\"@graph\":[{\"@type\":\"WebPage\",\"@id\":\"https:\/\/babylove.se\/no\/produkt\/mitt-mini-garasje\/\",\"url\":\"https:\/\/babylove.se\/no\/produkt\/mitt-mini-garasje\/\",\"name\":\"Mitt mini garasje - Babylove Norska\",\"isPartOf\":{\"@id\":\"https:\/\/babylove.se\/no\/#website\"},\"primaryImageOfPage\":{\"@id\":\"https:\/\/babylove.se\/no\/produkt\/mitt-mini-garasje\/#primaryimage\"},\"image\":{\"@id\":\"https:\/\/babylove.se\/no\/produkt\/mitt-mini-garasje\/#primaryimage\"},\"thumbnailUrl\":\"https:\/\/babylove.se\/no\/wp-content\/uploads\/sites\/3\/2025\/07\/5f85f0b89522f.png\",\"datePublished\":\"2025-07-18T21:30:12+00:00\",\"dateModified\":\"2026-04-08T08:35:46+00:00\",\"breadcrumb\":{\"@id\":\"https:\/\/babylove.se\/no\/produkt\/mitt-mini-garasje\/#breadcrumb\"},\"inLanguage\":\"nb-NO\",\"potentialAction\":[{\"@type\":\"ReadAction\",\"target\":[\"https:\/\/babylove.se\/no\/produkt\/mitt-mini-garasje\/\"]}]},{\"@type\":\"ImageObject\",\"inLanguage\":\"nb-NO\",\"@id\":\"https:\/\/babylove.se\/no\/produkt\/mitt-mini-garasje\/#primaryimage\",\"url\":\"https:\/\/babylove.se\/no\/wp-content\/uploads\/sites\/3\/2025\/07\/5f85f0b89522f.png\",\"contentUrl\":\"https:\/\/babylove.se\/no\/wp-content\/uploads\/sites\/3\/2025\/07\/5f85f0b89522f.png\",\"width\":750,\"height\":615},{\"@type\":\"BreadcrumbList\",\"@id\":\"https:\/\/babylove.se\/no\/produkt\/mitt-mini-garasje\/#breadcrumb\",\"itemListElement\":[{\"@type\":\"ListItem\",\"position\":1,\"name\":\"Hem\",\"item\":\"https:\/\/babylove.se\/no\/\"},{\"@type\":\"ListItem\",\"position\":2,\"name\":\"Butik\",\"item\":\"https:\/\/babylove.se\/no\/butik\/\"},{\"@type\":\"ListItem\",\"position\":3,\"name\":\"Mitt mini garasje\"}]},{\"@type\":\"WebSite\",\"@id\":\"https:\/\/babylove.se\/no\/#website\",\"url\":\"https:\/\/babylove.se\/no\/\",\"name\":\"Babylove Norska\",\"description\":\"\",\"potentialAction\":[{\"@type\":\"SearchAction\",\"target\":{\"@type\":\"EntryPoint\",\"urlTemplate\":\"https:\/\/babylove.se\/no\/?s={search_term_string}\"},\"query-input\":{\"@type\":\"PropertyValueSpecification\",\"valueRequired\":true,\"valueName\":\"search_term_string\"}}],\"inLanguage\":\"nb-NO\"}]}<\/script>\n<meta property=\"product:brand\" content=\"My mini home\" \/>\n<meta property=\"og:availability\" content=\"instock\" \/>\n<meta property=\"product:availability\" content=\"instock\" \/>\n<meta property=\"product:retailer_item_id\" content=\"Natur\" \/>\n<meta property=\"product:condition\" content=\"new\" \/>\n<!-- \/ Yoast SEO Premium plugin. -->","yoast_head_json":{"title":"Mitt mini garasje - Babylove Norska","robots":{"index":"noindex","follow":"follow","max-snippet":"max-snippet:-1","max-image-preview":"max-image-preview:large","max-video-preview":"max-video-preview:-1"},"og_locale":"nb_NO","og_type":"article","og_title":"Mitt mini garasje","og_description":"Brum Brum! F\u00e5 ting gir bilentusiasten s\u00e5 mye glede som et parkeringshus!Dette h\u00e5ndlagde tregarageset fra My Mini Home, rommer mange muligheter for alle typer kj\u00f8ret\u00f8y, til og med helikoptre! En komplett pakke med garasje, en personbil, en racingbil, en buss, en brannbil og et helikopter. Laget uten spillvirke fra den sertifiserte kryssfiner og kan variere [&hellip;]","og_url":"https:\/\/babylove.se\/no\/produkt\/mitt-mini-garasje\/","og_site_name":"Babylove Norska","article_modified_time":"2026-04-08T08:35:46+00:00","og_image":[{"width":750,"height":615,"url":"https:\/\/babylove.se\/no\/wp-content\/uploads\/sites\/3\/2025\/07\/5f85f0b89522f.png","type":"image\/png"}],"twitter_card":"summary_large_image","twitter_misc":{"Availability":"In stock"},"schema":{"@context":"https:\/\/schema.org","@graph":[{"@type":"WebPage","@id":"https:\/\/babylove.se\/no\/produkt\/mitt-mini-garasje\/","url":"https:\/\/babylove.se\/no\/produkt\/mitt-mini-garasje\/","name":"Mitt mini garasje - Babylove Norska","isPartOf":{"@id":"https:\/\/babylove.se\/no\/#website"},"primaryImageOfPage":{"@id":"https:\/\/babylove.se\/no\/produkt\/mitt-mini-garasje\/#primaryimage"},"image":{"@id":"https:\/\/babylove.se\/no\/produkt\/mitt-mini-garasje\/#primaryimage"},"thumbnailUrl":"https:\/\/babylove.se\/no\/wp-content\/uploads\/sites\/3\/2025\/07\/5f85f0b89522f.png","datePublished":"2025-07-18T21:30:12+00:00","dateModified":"2026-04-08T08:35:46+00:00","breadcrumb":{"@id":"https:\/\/babylove.se\/no\/produkt\/mitt-mini-garasje\/#breadcrumb"},"inLanguage":"nb-NO","potentialAction":[{"@type":"ReadAction","target":["https:\/\/babylove.se\/no\/produkt\/mitt-mini-garasje\/"]}]},{"@type":"ImageObject","inLanguage":"nb-NO","@id":"https:\/\/babylove.se\/no\/produkt\/mitt-mini-garasje\/#primaryimage","url":"https:\/\/babylove.se\/no\/wp-content\/uploads\/sites\/3\/2025\/07\/5f85f0b89522f.png","contentUrl":"https:\/\/babylove.se\/no\/wp-content\/uploads\/sites\/3\/2025\/07\/5f85f0b89522f.png","width":750,"height":615},{"@type":"BreadcrumbList","@id":"https:\/\/babylove.se\/no\/produkt\/mitt-mini-garasje\/#breadcrumb","itemListElement":[{"@type":"ListItem","position":1,"name":"Hem","item":"https:\/\/babylove.se\/no\/"},{"@type":"ListItem","position":2,"name":"Butik","item":"https:\/\/babylove.se\/no\/butik\/"},{"@type":"ListItem","position":3,"name":"Mitt mini garasje"}]},{"@type":"WebSite","@id":"https:\/\/babylove.se\/no\/#website","url":"https:\/\/babylove.se\/no\/","name":"Babylove Norska","description":"","potentialAction":[{"@type":"SearchAction","target":{"@type":"EntryPoint","urlTemplate":"https:\/\/babylove.se\/no\/?s={search_term_string}"},"query-input":{"@type":"PropertyValueSpecification","valueRequired":true,"valueName":"search_term_string"}}],"inLanguage":"nb-NO"}]},"product_brand":"My mini home","og_availability":"instock","product_availability":"instock","product_retailer_item_id":"Natur","product_condition":"new"},"_links":{"self":[{"href":"https:\/\/babylove.se\/no\/wp-json\/wp\/v2\/product\/19954","targetHints":{"allow":["GET"]}}],"collection":[{"href":"https:\/\/babylove.se\/no\/wp-json\/wp\/v2\/product"}],"about":[{"href":"https:\/\/babylove.se\/no\/wp-json\/wp\/v2\/types\/product"}],"replies":[{"embeddable":true,"href":"https:\/\/babylove.se\/no\/wp-json\/wp\/v2\/comments?post=19954"}],"wp:featuredmedia":[{"embeddable":true,"href":"https:\/\/babylove.se\/no\/wp-json\/wp\/v2\/media\/19956"}],"wp:attachment":[{"href":"https:\/\/babylove.se\/no\/wp-json\/wp\/v2\/media?parent=19954"}],"wp:term":[{"taxonomy":"product_brand","embeddable":true,"href":"https:\/\/babylove.se\/no\/wp-json\/wp\/v2\/product_brand?post=19954"},{"taxonomy":"product_cat","embeddable":true,"href":"https:\/\/babylove.se\/no\/wp-json\/wp\/v2\/product_cat?post=19954"},{"taxonomy":"product_tag","embeddable":true,"href":"https:\/\/babylove.se\/no\/wp-json\/wp\/v2\/product_tag?post=19954"}],"curies":[{"name":"wp","href":"https:\/\/api.w.org\/{rel}","templated":true}]}}