{"id":1997,"date":"2025-07-18T20:05:41","date_gmt":"2025-07-18T19:05:41","guid":{"rendered":"https:\/\/babylove.se\/produkt\/hokus-pokus-forvaringskorg-pase-svart-liten\/"},"modified":"2026-04-08T07:47:25","modified_gmt":"2026-04-08T06:47:25","slug":"hokus-pokus-oppbevaringskurv-pose-svart-liten","status":"publish","type":"product","link":"https:\/\/babylove.se\/no\/produkt\/hokus-pokus-oppbevaringskurv-pose-svart-liten\/","title":{"rendered":"Hokus Pokus oppbevaringskurv-pose svart liten"},"content":{"rendered":"<p>Liten oppbevaringskurv HokusPokus. En vanntett og fin kurv fra danske OYOY, kan brukes b\u00e5de utend\u00f8rs og innend\u00f8rs. Kurven passer til nesten alle typer oppbevaring som for eksempel smykker, leker eller viktige dokumenter. En meget holdbar og praktisk kurv i et vakkert design.&nbsp;<\/p>\n<p>Farge: Svart\/Hvit.&nbsp;<\/p>\n<p><strong>M\u00e5l<\/strong>: Bredde 20 cm, H\u00f8yde 28 cm og Dybde 20 cm.&nbsp;<\/p>\n<p>Materialet er 100 % polyester. Meget enkel \u00e5 holde ren ved hjelp av en lett fuktig klut.<\/p>\n<p>Designer: <a href=\"https:\/\/babylove.se\/varumarken\/oyoy\"><u>OYOY<\/u><\/a><\/p>\n","protected":false},"excerpt":{"rendered":"<p>Liten oppbevaringskurv HokusPokus. En vanntett og fin kurv fra danske OYOY, kan brukes b\u00e5de utend\u00f8rs og innend\u00f8rs. Kurven passer til nesten alle typer oppbevaring som for eksempel smykker, leker eller viktige dokumenter. En meget holdbar og praktisk kurv i et vakkert design.&nbsp; Farge: Svart\/Hvit.&nbsp; M\u00e5l: Bredde 20 cm, H\u00f8yde 28 cm og Dybde 20 cm.&nbsp; [&hellip;]<\/p>\n","protected":false},"featured_media":1999,"comment_status":"closed","ping_status":"open","template":"","meta":{"_acf_changed":false},"product_brand":[129],"product_cat":[28,26,25,125,43,130],"product_tag":[],"class_list":{"0":"post-1997","1":"product","2":"type-product","3":"status-publish","4":"has-post-thumbnail","6":"product_brand-oyoy","7":"product_cat-sorthvit","8":"product_cat-kjop-produkter-som-ikke-bare-er-for-gutter","9":"product_cat-ikke-bare-jenter","10":"product_cat-boho","11":"product_cat-oppbevaringskurver","12":"product_cat-oyoy","14":"first","15":"outofstock","16":"taxable","17":"shipping-taxable","18":"purchasable","19":"product-type-simple"},"acf":[],"yoast_head":"<!-- This site is optimized with the Yoast SEO Premium plugin v25.8 (Yoast SEO v27.2) - https:\/\/yoast.com\/product\/yoast-seo-premium-wordpress\/ -->\n<title>Hokus Pokus oppbevaringskurv-pose svart liten - Babylove Norska<\/title>\n<meta name=\"description\" content=\"En vattent\u00e5lig och fin korg fr\u00e5n danska OYOY, kan anv\u00e4ndas s\u00e5v\u00e4l utomhus som innomhus - skickas inom 24 timmar - 14 dagars \u00f6ppet k\u00f6p\" \/>\n<meta name=\"robots\" content=\"noindex, follow, max-snippet:-1, max-image-preview:large, max-video-preview:-1\" \/>\n<meta property=\"og:locale\" content=\"nb_NO\" \/>\n<meta property=\"og:type\" content=\"article\" \/>\n<meta property=\"og:title\" content=\"Hokus Pokus oppbevaringskurv-pose svart liten\" \/>\n<meta property=\"og:description\" content=\"En vattent\u00e5lig och fin korg fr\u00e5n danska OYOY, kan anv\u00e4ndas s\u00e5v\u00e4l utomhus som innomhus - skickas inom 24 timmar - 14 dagars \u00f6ppet k\u00f6p\" \/>\n<meta property=\"og:url\" content=\"https:\/\/babylove.se\/no\/produkt\/hokus-pokus-oppbevaringskurv-pose-svart-liten\/\" \/>\n<meta property=\"og:site_name\" content=\"Babylove Norska\" \/>\n<meta property=\"article:modified_time\" content=\"2026-04-08T06:47:25+00:00\" \/>\n<meta property=\"og:image\" content=\"https:\/\/babylove.se\/no\/wp-content\/uploads\/sites\/3\/2025\/07\/585855cb62d45.jpeg\" \/>\n\t<meta property=\"og:image:width\" content=\"750\" \/>\n\t<meta property=\"og:image:height\" content=\"750\" \/>\n\t<meta property=\"og:image:type\" content=\"image\/jpeg\" \/>\n<meta name=\"twitter:card\" content=\"summary_large_image\" \/>\n<meta name=\"twitter:label1\" content=\"Price\" \/>\n\t<meta name=\"twitter:data1\" content=\"69,00&nbsp;&#107;&#114;\" \/>\n\t<meta name=\"twitter:label2\" content=\"Availability\" \/>\n\t<meta name=\"twitter:data2\" content=\"Out of stock\" \/>\n<script type=\"application\/ld+json\" class=\"yoast-schema-graph\">{\"@context\":\"https:\/\/schema.org\",\"@graph\":[{\"@type\":\"WebPage\",\"@id\":\"https:\/\/babylove.se\/no\/produkt\/hokus-pokus-oppbevaringskurv-pose-svart-liten\/\",\"url\":\"https:\/\/babylove.se\/no\/produkt\/hokus-pokus-oppbevaringskurv-pose-svart-liten\/\",\"name\":\"Hokus Pokus oppbevaringskurv-pose svart liten - Babylove Norska\",\"isPartOf\":{\"@id\":\"https:\/\/babylove.se\/no\/#website\"},\"primaryImageOfPage\":{\"@id\":\"https:\/\/babylove.se\/no\/produkt\/hokus-pokus-oppbevaringskurv-pose-svart-liten\/#primaryimage\"},\"image\":{\"@id\":\"https:\/\/babylove.se\/no\/produkt\/hokus-pokus-oppbevaringskurv-pose-svart-liten\/#primaryimage\"},\"thumbnailUrl\":\"https:\/\/babylove.se\/no\/wp-content\/uploads\/sites\/3\/2025\/07\/585855cb62d45.jpeg\",\"datePublished\":\"2025-07-18T19:05:41+00:00\",\"dateModified\":\"2026-04-08T06:47:25+00:00\",\"description\":\"En vattent\u00e5lig och fin korg fr\u00e5n danska OYOY, kan anv\u00e4ndas s\u00e5v\u00e4l utomhus som innomhus - skickas inom 24 timmar - 14 dagars \u00f6ppet k\u00f6p\",\"breadcrumb\":{\"@id\":\"https:\/\/babylove.se\/no\/produkt\/hokus-pokus-oppbevaringskurv-pose-svart-liten\/#breadcrumb\"},\"inLanguage\":\"nb-NO\",\"potentialAction\":[{\"@type\":\"ReadAction\",\"target\":[\"https:\/\/babylove.se\/no\/produkt\/hokus-pokus-oppbevaringskurv-pose-svart-liten\/\"]}]},{\"@type\":\"ImageObject\",\"inLanguage\":\"nb-NO\",\"@id\":\"https:\/\/babylove.se\/no\/produkt\/hokus-pokus-oppbevaringskurv-pose-svart-liten\/#primaryimage\",\"url\":\"https:\/\/babylove.se\/no\/wp-content\/uploads\/sites\/3\/2025\/07\/585855cb62d45.jpeg\",\"contentUrl\":\"https:\/\/babylove.se\/no\/wp-content\/uploads\/sites\/3\/2025\/07\/585855cb62d45.jpeg\",\"width\":750,\"height\":750},{\"@type\":\"BreadcrumbList\",\"@id\":\"https:\/\/babylove.se\/no\/produkt\/hokus-pokus-oppbevaringskurv-pose-svart-liten\/#breadcrumb\",\"itemListElement\":[{\"@type\":\"ListItem\",\"position\":1,\"name\":\"Hem\",\"item\":\"https:\/\/babylove.se\/no\/\"},{\"@type\":\"ListItem\",\"position\":2,\"name\":\"Butik\",\"item\":\"https:\/\/babylove.se\/no\/butik\/\"},{\"@type\":\"ListItem\",\"position\":3,\"name\":\"Hokus Pokus oppbevaringskurv-pose svart liten\"}]},{\"@type\":\"WebSite\",\"@id\":\"https:\/\/babylove.se\/no\/#website\",\"url\":\"https:\/\/babylove.se\/no\/\",\"name\":\"Babylove Norska\",\"description\":\"\",\"potentialAction\":[{\"@type\":\"SearchAction\",\"target\":{\"@type\":\"EntryPoint\",\"urlTemplate\":\"https:\/\/babylove.se\/no\/?s={search_term_string}\"},\"query-input\":{\"@type\":\"PropertyValueSpecification\",\"valueRequired\":true,\"valueName\":\"search_term_string\"}}],\"inLanguage\":\"nb-NO\"}]}<\/script>\n<meta property=\"product:brand\" content=\"Oyoy\" \/>\n<meta property=\"product:price:amount\" content=\"69.00\" \/>\n<meta property=\"product:price:currency\" content=\"SEK\" \/>\n<meta property=\"og:availability\" content=\"out of stock\" \/>\n<meta property=\"product:availability\" content=\"out of stock\" \/>\n<meta property=\"product:retailer_item_id\" content=\"862\" \/>\n<meta property=\"product:condition\" content=\"new\" \/>\n<!-- \/ Yoast SEO Premium plugin. -->","yoast_head_json":{"title":"Hokus Pokus oppbevaringskurv-pose svart liten - Babylove Norska","description":"En vattent\u00e5lig och fin korg fr\u00e5n danska OYOY, kan anv\u00e4ndas s\u00e5v\u00e4l utomhus som innomhus - skickas inom 24 timmar - 14 dagars \u00f6ppet k\u00f6p","robots":{"index":"noindex","follow":"follow","max-snippet":"max-snippet:-1","max-image-preview":"max-image-preview:large","max-video-preview":"max-video-preview:-1"},"og_locale":"nb_NO","og_type":"article","og_title":"Hokus Pokus oppbevaringskurv-pose svart liten","og_description":"En vattent\u00e5lig och fin korg fr\u00e5n danska OYOY, kan anv\u00e4ndas s\u00e5v\u00e4l utomhus som innomhus - skickas inom 24 timmar - 14 dagars \u00f6ppet k\u00f6p","og_url":"https:\/\/babylove.se\/no\/produkt\/hokus-pokus-oppbevaringskurv-pose-svart-liten\/","og_site_name":"Babylove Norska","article_modified_time":"2026-04-08T06:47:25+00:00","og_image":[{"width":750,"height":750,"url":"https:\/\/babylove.se\/no\/wp-content\/uploads\/sites\/3\/2025\/07\/585855cb62d45.jpeg","type":"image\/jpeg"}],"twitter_card":"summary_large_image","twitter_misc":{"Price":"69,00&nbsp;&#107;&#114;","Availability":"Out of stock"},"schema":{"@context":"https:\/\/schema.org","@graph":[{"@type":"WebPage","@id":"https:\/\/babylove.se\/no\/produkt\/hokus-pokus-oppbevaringskurv-pose-svart-liten\/","url":"https:\/\/babylove.se\/no\/produkt\/hokus-pokus-oppbevaringskurv-pose-svart-liten\/","name":"Hokus Pokus oppbevaringskurv-pose svart liten - Babylove Norska","isPartOf":{"@id":"https:\/\/babylove.se\/no\/#website"},"primaryImageOfPage":{"@id":"https:\/\/babylove.se\/no\/produkt\/hokus-pokus-oppbevaringskurv-pose-svart-liten\/#primaryimage"},"image":{"@id":"https:\/\/babylove.se\/no\/produkt\/hokus-pokus-oppbevaringskurv-pose-svart-liten\/#primaryimage"},"thumbnailUrl":"https:\/\/babylove.se\/no\/wp-content\/uploads\/sites\/3\/2025\/07\/585855cb62d45.jpeg","datePublished":"2025-07-18T19:05:41+00:00","dateModified":"2026-04-08T06:47:25+00:00","description":"En vattent\u00e5lig och fin korg fr\u00e5n danska OYOY, kan anv\u00e4ndas s\u00e5v\u00e4l utomhus som innomhus - skickas inom 24 timmar - 14 dagars \u00f6ppet k\u00f6p","breadcrumb":{"@id":"https:\/\/babylove.se\/no\/produkt\/hokus-pokus-oppbevaringskurv-pose-svart-liten\/#breadcrumb"},"inLanguage":"nb-NO","potentialAction":[{"@type":"ReadAction","target":["https:\/\/babylove.se\/no\/produkt\/hokus-pokus-oppbevaringskurv-pose-svart-liten\/"]}]},{"@type":"ImageObject","inLanguage":"nb-NO","@id":"https:\/\/babylove.se\/no\/produkt\/hokus-pokus-oppbevaringskurv-pose-svart-liten\/#primaryimage","url":"https:\/\/babylove.se\/no\/wp-content\/uploads\/sites\/3\/2025\/07\/585855cb62d45.jpeg","contentUrl":"https:\/\/babylove.se\/no\/wp-content\/uploads\/sites\/3\/2025\/07\/585855cb62d45.jpeg","width":750,"height":750},{"@type":"BreadcrumbList","@id":"https:\/\/babylove.se\/no\/produkt\/hokus-pokus-oppbevaringskurv-pose-svart-liten\/#breadcrumb","itemListElement":[{"@type":"ListItem","position":1,"name":"Hem","item":"https:\/\/babylove.se\/no\/"},{"@type":"ListItem","position":2,"name":"Butik","item":"https:\/\/babylove.se\/no\/butik\/"},{"@type":"ListItem","position":3,"name":"Hokus Pokus oppbevaringskurv-pose svart liten"}]},{"@type":"WebSite","@id":"https:\/\/babylove.se\/no\/#website","url":"https:\/\/babylove.se\/no\/","name":"Babylove Norska","description":"","potentialAction":[{"@type":"SearchAction","target":{"@type":"EntryPoint","urlTemplate":"https:\/\/babylove.se\/no\/?s={search_term_string}"},"query-input":{"@type":"PropertyValueSpecification","valueRequired":true,"valueName":"search_term_string"}}],"inLanguage":"nb-NO"}]},"product_brand":"Oyoy","product_price_amount":"69.00","product_price_currency":"SEK","og_availability":"out of stock","product_availability":"out of stock","product_retailer_item_id":"862","product_condition":"new"},"_links":{"self":[{"href":"https:\/\/babylove.se\/no\/wp-json\/wp\/v2\/product\/1997","targetHints":{"allow":["GET"]}}],"collection":[{"href":"https:\/\/babylove.se\/no\/wp-json\/wp\/v2\/product"}],"about":[{"href":"https:\/\/babylove.se\/no\/wp-json\/wp\/v2\/types\/product"}],"replies":[{"embeddable":true,"href":"https:\/\/babylove.se\/no\/wp-json\/wp\/v2\/comments?post=1997"}],"wp:featuredmedia":[{"embeddable":true,"href":"https:\/\/babylove.se\/no\/wp-json\/wp\/v2\/media\/1999"}],"wp:attachment":[{"href":"https:\/\/babylove.se\/no\/wp-json\/wp\/v2\/media?parent=1997"}],"wp:term":[{"taxonomy":"product_brand","embeddable":true,"href":"https:\/\/babylove.se\/no\/wp-json\/wp\/v2\/product_brand?post=1997"},{"taxonomy":"product_cat","embeddable":true,"href":"https:\/\/babylove.se\/no\/wp-json\/wp\/v2\/product_cat?post=1997"},{"taxonomy":"product_tag","embeddable":true,"href":"https:\/\/babylove.se\/no\/wp-json\/wp\/v2\/product_tag?post=1997"}],"curies":[{"name":"wp","href":"https:\/\/api.w.org\/{rel}","templated":true}]}}