{"id":19970,"date":"2025-07-18T22:30:58","date_gmt":"2025-07-18T21:30:58","guid":{"rendered":"https:\/\/babylove.se\/produkt\/house-3-in-1-dockhus-bokhylla-avskarmare\/"},"modified":"2026-04-08T09:35:49","modified_gmt":"2026-04-08T08:35:49","slug":"hus-3-i-1-dukkehus-bokhylle-avskjermer","status":"publish","type":"product","link":"https:\/\/babylove.se\/no\/produkt\/hus-3-i-1-dukkehus-bokhylle-avskjermer\/","title":{"rendered":"Hus 3 i 1, dukkehus, bokhylle, avskjerming"},"content":{"rendered":"<p>Abra kadarbra sim salabim!<\/p>\n<p>Dette magiske 3-i-1 huset fra My mini Home er den perfekte detaljen i barnerommet.<\/p>\n<p>Med noen enkle steg, helt uten verkt\u00f8y, kan det brukes som et dukkehus, en bokhylle eller avdelende skjerm.<br \/>Et unikt produkt med mange bruksomr\u00e5der som kan brukes i mange \u00e5r i takt med at barnets interesser endres.<\/p>\n<p>Laget for h\u00e5nd av kryssfin\u00e9r fra sertifiserte skogomr\u00e5der og malt i milj\u00f8vennlige, giftfrie farger.&nbsp;<\/p>\n<p><strong>Info:&nbsp;<\/strong><\/p>\n<ul>\n<li>Fargevalg: hvit, lysbl\u00e5, lilla, mint, vanilje, pudderrosa, perlegr\u00e5, beige og natur.<\/li>\n<li>Produsert for h\u00e5nd i Europa<\/li>\n<li>CE-sertifisert<\/li>\n<\/ul>\n<p>M\u00e5l:<\/p>\n<ul>\n<li>Bredde: 56 cm<\/li>\n<li>H\u00f8yde: 59 cm<\/li>\n<li>Dybde: 28 cm.<\/li>\n<\/ul>\n<p>Obs! Spesialtilvirket vare, angrerett gjelder ikke.<\/p>\n","protected":false},"excerpt":{"rendered":"<p>Abra kadarbra sim salabim! Dette magiske 3-i-1 huset fra My mini Home er den perfekte detaljen i barnerommet. Med noen enkle steg, helt uten verkt\u00f8y, kan det brukes som et dukkehus, en bokhylle eller avdelende skjerm.Et unikt produkt med mange bruksomr\u00e5der som kan brukes i mange \u00e5r i takt med at barnets interesser endres. Laget [&hellip;]<\/p>\n","protected":false},"featured_media":19972,"comment_status":"closed","ping_status":"open","template":"","meta":{"_acf_changed":false},"product_brand":[826],"product_cat":[89,87,827,43],"product_tag":[1689],"class_list":{"0":"post-19970","1":"product","2":"type-product","3":"status-publish","4":"has-post-thumbnail","6":"product_brand-my-mini-home","7":"product_cat-dukkehus","8":"product_cat-hyller","9":"product_cat-my-mini-home","10":"product_cat-oppbevaringskurver","11":"product_tag-bestillingsvaror","13":"first","14":"instock","15":"taxable","16":"shipping-taxable","17":"purchasable","18":"product-type-simple"},"acf":[],"yoast_head":"<!-- This site is optimized with the Yoast SEO Premium plugin v25.8 (Yoast SEO v27.2) - https:\/\/yoast.com\/product\/yoast-seo-premium-wordpress\/ -->\n<title>Hus 3 i 1, dukkehus, bokhylle, avskjerming - Babylove Norska<\/title>\n<meta name=\"robots\" content=\"noindex, follow, max-snippet:-1, max-image-preview:large, max-video-preview:-1\" \/>\n<meta property=\"og:locale\" content=\"nb_NO\" \/>\n<meta property=\"og:type\" content=\"article\" \/>\n<meta property=\"og:title\" content=\"Hus 3 i 1, dukkehus, bokhylle, avskjerming\" \/>\n<meta property=\"og:description\" content=\"Abra kadarbra sim salabim! Dette magiske 3-i-1 huset fra My mini Home er den perfekte detaljen i barnerommet. Med noen enkle steg, helt uten verkt\u00f8y, kan det brukes som et dukkehus, en bokhylle eller avdelende skjerm.Et unikt produkt med mange bruksomr\u00e5der som kan brukes i mange \u00e5r i takt med at barnets interesser endres. Laget [&hellip;]\" \/>\n<meta property=\"og:url\" content=\"https:\/\/babylove.se\/no\/produkt\/hus-3-i-1-dukkehus-bokhylle-avskjermer\/\" \/>\n<meta property=\"og:site_name\" content=\"Babylove Norska\" \/>\n<meta property=\"article:modified_time\" content=\"2026-04-08T08:35:49+00:00\" \/>\n<meta property=\"og:image\" content=\"https:\/\/babylove.se\/no\/wp-content\/uploads\/sites\/3\/2025\/07\/5f85f14fb2ab5.png\" \/>\n\t<meta property=\"og:image:width\" content=\"750\" \/>\n\t<meta property=\"og:image:height\" content=\"705\" \/>\n\t<meta property=\"og:image:type\" content=\"image\/png\" \/>\n<meta name=\"twitter:card\" content=\"summary_large_image\" \/>\n<meta name=\"twitter:label1\" content=\"Price\" \/>\n\t<meta name=\"twitter:data1\" content=\"2 699,00&nbsp;&#107;&#114;\" \/>\n\t<meta name=\"twitter:label2\" content=\"Availability\" \/>\n\t<meta name=\"twitter:data2\" content=\"In stock\" \/>\n<script type=\"application\/ld+json\" class=\"yoast-schema-graph\">{\"@context\":\"https:\/\/schema.org\",\"@graph\":[{\"@type\":\"WebPage\",\"@id\":\"https:\/\/babylove.se\/no\/produkt\/hus-3-i-1-dukkehus-bokhylle-avskjermer\/\",\"url\":\"https:\/\/babylove.se\/no\/produkt\/hus-3-i-1-dukkehus-bokhylle-avskjermer\/\",\"name\":\"Hus 3 i 1, dukkehus, bokhylle, avskjerming - Babylove Norska\",\"isPartOf\":{\"@id\":\"https:\/\/babylove.se\/no\/#website\"},\"primaryImageOfPage\":{\"@id\":\"https:\/\/babylove.se\/no\/produkt\/hus-3-i-1-dukkehus-bokhylle-avskjermer\/#primaryimage\"},\"image\":{\"@id\":\"https:\/\/babylove.se\/no\/produkt\/hus-3-i-1-dukkehus-bokhylle-avskjermer\/#primaryimage\"},\"thumbnailUrl\":\"https:\/\/babylove.se\/no\/wp-content\/uploads\/sites\/3\/2025\/07\/5f85f14fb2ab5.png\",\"datePublished\":\"2025-07-18T21:30:58+00:00\",\"dateModified\":\"2026-04-08T08:35:49+00:00\",\"breadcrumb\":{\"@id\":\"https:\/\/babylove.se\/no\/produkt\/hus-3-i-1-dukkehus-bokhylle-avskjermer\/#breadcrumb\"},\"inLanguage\":\"nb-NO\",\"potentialAction\":[{\"@type\":\"ReadAction\",\"target\":[\"https:\/\/babylove.se\/no\/produkt\/hus-3-i-1-dukkehus-bokhylle-avskjermer\/\"]}]},{\"@type\":\"ImageObject\",\"inLanguage\":\"nb-NO\",\"@id\":\"https:\/\/babylove.se\/no\/produkt\/hus-3-i-1-dukkehus-bokhylle-avskjermer\/#primaryimage\",\"url\":\"https:\/\/babylove.se\/no\/wp-content\/uploads\/sites\/3\/2025\/07\/5f85f14fb2ab5.png\",\"contentUrl\":\"https:\/\/babylove.se\/no\/wp-content\/uploads\/sites\/3\/2025\/07\/5f85f14fb2ab5.png\",\"width\":750,\"height\":705},{\"@type\":\"BreadcrumbList\",\"@id\":\"https:\/\/babylove.se\/no\/produkt\/hus-3-i-1-dukkehus-bokhylle-avskjermer\/#breadcrumb\",\"itemListElement\":[{\"@type\":\"ListItem\",\"position\":1,\"name\":\"Hem\",\"item\":\"https:\/\/babylove.se\/no\/\"},{\"@type\":\"ListItem\",\"position\":2,\"name\":\"Butik\",\"item\":\"https:\/\/babylove.se\/no\/butik\/\"},{\"@type\":\"ListItem\",\"position\":3,\"name\":\"Hus 3 i 1, dukkehus, bokhylle, avskjerming\"}]},{\"@type\":\"WebSite\",\"@id\":\"https:\/\/babylove.se\/no\/#website\",\"url\":\"https:\/\/babylove.se\/no\/\",\"name\":\"Babylove Norska\",\"description\":\"\",\"potentialAction\":[{\"@type\":\"SearchAction\",\"target\":{\"@type\":\"EntryPoint\",\"urlTemplate\":\"https:\/\/babylove.se\/no\/?s={search_term_string}\"},\"query-input\":{\"@type\":\"PropertyValueSpecification\",\"valueRequired\":true,\"valueName\":\"search_term_string\"}}],\"inLanguage\":\"nb-NO\"}]}<\/script>\n<meta property=\"product:brand\" content=\"My mini home\" \/>\n<meta property=\"product:price:amount\" content=\"2699.00\" \/>\n<meta property=\"product:price:currency\" content=\"SEK\" \/>\n<meta property=\"og:availability\" content=\"instock\" \/>\n<meta property=\"product:availability\" content=\"instock\" \/>\n<meta property=\"product:retailer_item_id\" content=\"3543\" \/>\n<meta property=\"product:condition\" content=\"new\" \/>\n<!-- \/ Yoast SEO Premium plugin. -->","yoast_head_json":{"title":"Hus 3 i 1, dukkehus, bokhylle, avskjerming - Babylove Norska","robots":{"index":"noindex","follow":"follow","max-snippet":"max-snippet:-1","max-image-preview":"max-image-preview:large","max-video-preview":"max-video-preview:-1"},"og_locale":"nb_NO","og_type":"article","og_title":"Hus 3 i 1, dukkehus, bokhylle, avskjerming","og_description":"Abra kadarbra sim salabim! Dette magiske 3-i-1 huset fra My mini Home er den perfekte detaljen i barnerommet. Med noen enkle steg, helt uten verkt\u00f8y, kan det brukes som et dukkehus, en bokhylle eller avdelende skjerm.Et unikt produkt med mange bruksomr\u00e5der som kan brukes i mange \u00e5r i takt med at barnets interesser endres. Laget [&hellip;]","og_url":"https:\/\/babylove.se\/no\/produkt\/hus-3-i-1-dukkehus-bokhylle-avskjermer\/","og_site_name":"Babylove Norska","article_modified_time":"2026-04-08T08:35:49+00:00","og_image":[{"width":750,"height":705,"url":"https:\/\/babylove.se\/no\/wp-content\/uploads\/sites\/3\/2025\/07\/5f85f14fb2ab5.png","type":"image\/png"}],"twitter_card":"summary_large_image","twitter_misc":{"Price":"2 699,00&nbsp;&#107;&#114;","Availability":"In stock"},"schema":{"@context":"https:\/\/schema.org","@graph":[{"@type":"WebPage","@id":"https:\/\/babylove.se\/no\/produkt\/hus-3-i-1-dukkehus-bokhylle-avskjermer\/","url":"https:\/\/babylove.se\/no\/produkt\/hus-3-i-1-dukkehus-bokhylle-avskjermer\/","name":"Hus 3 i 1, dukkehus, bokhylle, avskjerming - Babylove Norska","isPartOf":{"@id":"https:\/\/babylove.se\/no\/#website"},"primaryImageOfPage":{"@id":"https:\/\/babylove.se\/no\/produkt\/hus-3-i-1-dukkehus-bokhylle-avskjermer\/#primaryimage"},"image":{"@id":"https:\/\/babylove.se\/no\/produkt\/hus-3-i-1-dukkehus-bokhylle-avskjermer\/#primaryimage"},"thumbnailUrl":"https:\/\/babylove.se\/no\/wp-content\/uploads\/sites\/3\/2025\/07\/5f85f14fb2ab5.png","datePublished":"2025-07-18T21:30:58+00:00","dateModified":"2026-04-08T08:35:49+00:00","breadcrumb":{"@id":"https:\/\/babylove.se\/no\/produkt\/hus-3-i-1-dukkehus-bokhylle-avskjermer\/#breadcrumb"},"inLanguage":"nb-NO","potentialAction":[{"@type":"ReadAction","target":["https:\/\/babylove.se\/no\/produkt\/hus-3-i-1-dukkehus-bokhylle-avskjermer\/"]}]},{"@type":"ImageObject","inLanguage":"nb-NO","@id":"https:\/\/babylove.se\/no\/produkt\/hus-3-i-1-dukkehus-bokhylle-avskjermer\/#primaryimage","url":"https:\/\/babylove.se\/no\/wp-content\/uploads\/sites\/3\/2025\/07\/5f85f14fb2ab5.png","contentUrl":"https:\/\/babylove.se\/no\/wp-content\/uploads\/sites\/3\/2025\/07\/5f85f14fb2ab5.png","width":750,"height":705},{"@type":"BreadcrumbList","@id":"https:\/\/babylove.se\/no\/produkt\/hus-3-i-1-dukkehus-bokhylle-avskjermer\/#breadcrumb","itemListElement":[{"@type":"ListItem","position":1,"name":"Hem","item":"https:\/\/babylove.se\/no\/"},{"@type":"ListItem","position":2,"name":"Butik","item":"https:\/\/babylove.se\/no\/butik\/"},{"@type":"ListItem","position":3,"name":"Hus 3 i 1, dukkehus, bokhylle, avskjerming"}]},{"@type":"WebSite","@id":"https:\/\/babylove.se\/no\/#website","url":"https:\/\/babylove.se\/no\/","name":"Babylove Norska","description":"","potentialAction":[{"@type":"SearchAction","target":{"@type":"EntryPoint","urlTemplate":"https:\/\/babylove.se\/no\/?s={search_term_string}"},"query-input":{"@type":"PropertyValueSpecification","valueRequired":true,"valueName":"search_term_string"}}],"inLanguage":"nb-NO"}]},"product_brand":"My mini home","product_price_amount":"2699.00","product_price_currency":"SEK","og_availability":"instock","product_availability":"instock","product_retailer_item_id":"3543","product_condition":"new"},"_links":{"self":[{"href":"https:\/\/babylove.se\/no\/wp-json\/wp\/v2\/product\/19970","targetHints":{"allow":["GET"]}}],"collection":[{"href":"https:\/\/babylove.se\/no\/wp-json\/wp\/v2\/product"}],"about":[{"href":"https:\/\/babylove.se\/no\/wp-json\/wp\/v2\/types\/product"}],"replies":[{"embeddable":true,"href":"https:\/\/babylove.se\/no\/wp-json\/wp\/v2\/comments?post=19970"}],"wp:featuredmedia":[{"embeddable":true,"href":"https:\/\/babylove.se\/no\/wp-json\/wp\/v2\/media\/19972"}],"wp:attachment":[{"href":"https:\/\/babylove.se\/no\/wp-json\/wp\/v2\/media?parent=19970"}],"wp:term":[{"taxonomy":"product_brand","embeddable":true,"href":"https:\/\/babylove.se\/no\/wp-json\/wp\/v2\/product_brand?post=19970"},{"taxonomy":"product_cat","embeddable":true,"href":"https:\/\/babylove.se\/no\/wp-json\/wp\/v2\/product_cat?post=19970"},{"taxonomy":"product_tag","embeddable":true,"href":"https:\/\/babylove.se\/no\/wp-json\/wp\/v2\/product_tag?post=19970"}],"curies":[{"name":"wp","href":"https:\/\/api.w.org\/{rel}","templated":true}]}}