{"id":20120,"date":"2025-07-18T22:32:22","date_gmt":"2025-07-18T21:32:22","guid":{"rendered":"https:\/\/babylove.se\/produkt\/bordslampa-till-barnrummet-brun-sammet\/"},"modified":"2026-04-08T09:36:35","modified_gmt":"2026-04-08T08:36:35","slug":"bordlampe-til-barnerommet-brun-floyel","status":"publish","type":"product","link":"https:\/\/babylove.se\/no\/produkt\/bordlampe-til-barnerommet-brun-floyel\/","title":{"rendered":"Lamps&#038;Company, Bordlampe til barnerommet, brun fl\u00f8yel"},"content":{"rendered":"<p>En fantastisk brun bordlampe til barnerommet med en fin trefot.&nbsp;<\/p>\n<p>Bordlampen er laget i b\u00f8ketre og tekstilet p\u00e5 lampeskjermen er laget i 100 % fl\u00f8yelsbomull og fungerer utmerket sammen med andre produkter fra samme kolleksjon.<\/p>\n<p>Bordlampen har fin brun farge og vil gi barnerommet en spesiell sjarm.<\/p>\n<p><strong>M\u00e5l<\/strong>: Lampeskjerm diameter 25 cm, Lampeskjermh\u00f8yde 20 cm. Lampeholder h\u00f8yde 35 cm, diameter 13 cm. Totalt er hele lampens h\u00f8yde 55 cm.<\/p>\n<p>Designer:<span>&nbsp;<\/span><a href=\"https:\/\/babylove.se\/varumarken\/lamps-and-co\">Lamps&amp;Company<\/a><\/p>\n","protected":false},"excerpt":{"rendered":"<p>En fantastisk brun bordlampe til barnerommet med en fin trefot.&nbsp; Bordlampen er laget i b\u00f8ketre og tekstilet p\u00e5 lampeskjermen er laget i 100 % fl\u00f8yelsbomull og fungerer utmerket sammen med andre produkter fra samme kolleksjon. Bordlampen har fin brun farge og vil gi barnerommet en spesiell sjarm. M\u00e5l: Lampeskjerm diameter 25 cm, Lampeskjermh\u00f8yde 20 cm. [&hellip;]<\/p>\n","protected":false},"featured_media":20122,"comment_status":"closed","ping_status":"open","template":"","meta":{"_acf_changed":false},"product_brand":[30],"product_cat":[32,31,34],"product_tag":[1689],"class_list":{"0":"post-20120","1":"product","2":"type-product","3":"status-publish","4":"has-post-thumbnail","6":"product_brand-lamps-co","7":"product_cat-bordlamper","8":"product_cat-lamper","9":"product_cat-lamps-and-co","10":"product_tag-bestillingsvaror","12":"first","13":"instock","14":"taxable","15":"shipping-taxable","16":"purchasable","17":"product-type-simple"},"acf":[],"yoast_head":"<!-- This site is optimized with the Yoast SEO Premium plugin v25.8 (Yoast SEO v27.2) - https:\/\/yoast.com\/product\/yoast-seo-premium-wordpress\/ -->\n<title>Lamps&amp;Company, Bordlampe til barnerommet, brun fl\u00f8yel - Babylove Norska<\/title>\n<meta name=\"robots\" content=\"noindex, follow, max-snippet:-1, max-image-preview:large, max-video-preview:-1\" \/>\n<meta property=\"og:locale\" content=\"nb_NO\" \/>\n<meta property=\"og:type\" content=\"article\" \/>\n<meta property=\"og:title\" content=\"Lamps&amp;Company, Bordlampe til barnerommet, brun fl\u00f8yel\" \/>\n<meta property=\"og:description\" content=\"En fantastisk brun bordlampe til barnerommet med en fin trefot.&nbsp; Bordlampen er laget i b\u00f8ketre og tekstilet p\u00e5 lampeskjermen er laget i 100 % fl\u00f8yelsbomull og fungerer utmerket sammen med andre produkter fra samme kolleksjon. Bordlampen har fin brun farge og vil gi barnerommet en spesiell sjarm. M\u00e5l: Lampeskjerm diameter 25 cm, Lampeskjermh\u00f8yde 20 cm. [&hellip;]\" \/>\n<meta property=\"og:url\" content=\"https:\/\/babylove.se\/no\/produkt\/bordlampe-til-barnerommet-brun-floyel\/\" \/>\n<meta property=\"og:site_name\" content=\"Babylove Norska\" \/>\n<meta property=\"article:modified_time\" content=\"2026-04-08T08:36:35+00:00\" \/>\n<meta property=\"og:image\" content=\"https:\/\/babylove.se\/no\/wp-content\/uploads\/sites\/3\/2025\/07\/5f86b0e91e05b.png\" \/>\n\t<meta property=\"og:image:width\" content=\"660\" \/>\n\t<meta property=\"og:image:height\" content=\"750\" \/>\n\t<meta property=\"og:image:type\" content=\"image\/png\" \/>\n<meta name=\"twitter:card\" content=\"summary_large_image\" \/>\n<meta name=\"twitter:label1\" content=\"Price\" \/>\n\t<meta name=\"twitter:data1\" content=\"1 699,00&nbsp;&#107;&#114;\" \/>\n\t<meta name=\"twitter:label2\" content=\"Availability\" \/>\n\t<meta name=\"twitter:data2\" content=\"In stock\" \/>\n<script type=\"application\/ld+json\" class=\"yoast-schema-graph\">{\"@context\":\"https:\/\/schema.org\",\"@graph\":[{\"@type\":\"WebPage\",\"@id\":\"https:\/\/babylove.se\/no\/produkt\/bordlampe-til-barnerommet-brun-floyel\/\",\"url\":\"https:\/\/babylove.se\/no\/produkt\/bordlampe-til-barnerommet-brun-floyel\/\",\"name\":\"Lamps&Company, Bordlampe til barnerommet, brun fl\u00f8yel - Babylove Norska\",\"isPartOf\":{\"@id\":\"https:\/\/babylove.se\/no\/#website\"},\"primaryImageOfPage\":{\"@id\":\"https:\/\/babylove.se\/no\/produkt\/bordlampe-til-barnerommet-brun-floyel\/#primaryimage\"},\"image\":{\"@id\":\"https:\/\/babylove.se\/no\/produkt\/bordlampe-til-barnerommet-brun-floyel\/#primaryimage\"},\"thumbnailUrl\":\"https:\/\/babylove.se\/no\/wp-content\/uploads\/sites\/3\/2025\/07\/5f86b0e91e05b.png\",\"datePublished\":\"2025-07-18T21:32:22+00:00\",\"dateModified\":\"2026-04-08T08:36:35+00:00\",\"breadcrumb\":{\"@id\":\"https:\/\/babylove.se\/no\/produkt\/bordlampe-til-barnerommet-brun-floyel\/#breadcrumb\"},\"inLanguage\":\"nb-NO\",\"potentialAction\":[{\"@type\":\"ReadAction\",\"target\":[\"https:\/\/babylove.se\/no\/produkt\/bordlampe-til-barnerommet-brun-floyel\/\"]}]},{\"@type\":\"ImageObject\",\"inLanguage\":\"nb-NO\",\"@id\":\"https:\/\/babylove.se\/no\/produkt\/bordlampe-til-barnerommet-brun-floyel\/#primaryimage\",\"url\":\"https:\/\/babylove.se\/no\/wp-content\/uploads\/sites\/3\/2025\/07\/5f86b0e91e05b.png\",\"contentUrl\":\"https:\/\/babylove.se\/no\/wp-content\/uploads\/sites\/3\/2025\/07\/5f86b0e91e05b.png\",\"width\":660,\"height\":750},{\"@type\":\"BreadcrumbList\",\"@id\":\"https:\/\/babylove.se\/no\/produkt\/bordlampe-til-barnerommet-brun-floyel\/#breadcrumb\",\"itemListElement\":[{\"@type\":\"ListItem\",\"position\":1,\"name\":\"Hem\",\"item\":\"https:\/\/babylove.se\/no\/\"},{\"@type\":\"ListItem\",\"position\":2,\"name\":\"Butik\",\"item\":\"https:\/\/babylove.se\/no\/butik\/\"},{\"@type\":\"ListItem\",\"position\":3,\"name\":\"Lamps&#038;Company, Bordlampe til barnerommet, brun fl\u00f8yel\"}]},{\"@type\":\"WebSite\",\"@id\":\"https:\/\/babylove.se\/no\/#website\",\"url\":\"https:\/\/babylove.se\/no\/\",\"name\":\"Babylove Norska\",\"description\":\"\",\"potentialAction\":[{\"@type\":\"SearchAction\",\"target\":{\"@type\":\"EntryPoint\",\"urlTemplate\":\"https:\/\/babylove.se\/no\/?s={search_term_string}\"},\"query-input\":{\"@type\":\"PropertyValueSpecification\",\"valueRequired\":true,\"valueName\":\"search_term_string\"}}],\"inLanguage\":\"nb-NO\"}]}<\/script>\n<meta property=\"product:brand\" content=\"Lamps &amp; Co\" \/>\n<meta property=\"product:price:amount\" content=\"1699.00\" \/>\n<meta property=\"product:price:currency\" content=\"SEK\" \/>\n<meta property=\"og:availability\" content=\"instock\" \/>\n<meta property=\"product:availability\" content=\"instock\" \/>\n<meta property=\"product:retailer_item_id\" content=\"ALE_61\" \/>\n<meta property=\"product:condition\" content=\"new\" \/>\n<!-- \/ Yoast SEO Premium plugin. -->","yoast_head_json":{"title":"Lamps&Company, Bordlampe til barnerommet, brun fl\u00f8yel - Babylove Norska","robots":{"index":"noindex","follow":"follow","max-snippet":"max-snippet:-1","max-image-preview":"max-image-preview:large","max-video-preview":"max-video-preview:-1"},"og_locale":"nb_NO","og_type":"article","og_title":"Lamps&Company, Bordlampe til barnerommet, brun fl\u00f8yel","og_description":"En fantastisk brun bordlampe til barnerommet med en fin trefot.&nbsp; Bordlampen er laget i b\u00f8ketre og tekstilet p\u00e5 lampeskjermen er laget i 100 % fl\u00f8yelsbomull og fungerer utmerket sammen med andre produkter fra samme kolleksjon. Bordlampen har fin brun farge og vil gi barnerommet en spesiell sjarm. M\u00e5l: Lampeskjerm diameter 25 cm, Lampeskjermh\u00f8yde 20 cm. [&hellip;]","og_url":"https:\/\/babylove.se\/no\/produkt\/bordlampe-til-barnerommet-brun-floyel\/","og_site_name":"Babylove Norska","article_modified_time":"2026-04-08T08:36:35+00:00","og_image":[{"width":660,"height":750,"url":"https:\/\/babylove.se\/no\/wp-content\/uploads\/sites\/3\/2025\/07\/5f86b0e91e05b.png","type":"image\/png"}],"twitter_card":"summary_large_image","twitter_misc":{"Price":"1 699,00&nbsp;&#107;&#114;","Availability":"In stock"},"schema":{"@context":"https:\/\/schema.org","@graph":[{"@type":"WebPage","@id":"https:\/\/babylove.se\/no\/produkt\/bordlampe-til-barnerommet-brun-floyel\/","url":"https:\/\/babylove.se\/no\/produkt\/bordlampe-til-barnerommet-brun-floyel\/","name":"Lamps&Company, Bordlampe til barnerommet, brun fl\u00f8yel - Babylove Norska","isPartOf":{"@id":"https:\/\/babylove.se\/no\/#website"},"primaryImageOfPage":{"@id":"https:\/\/babylove.se\/no\/produkt\/bordlampe-til-barnerommet-brun-floyel\/#primaryimage"},"image":{"@id":"https:\/\/babylove.se\/no\/produkt\/bordlampe-til-barnerommet-brun-floyel\/#primaryimage"},"thumbnailUrl":"https:\/\/babylove.se\/no\/wp-content\/uploads\/sites\/3\/2025\/07\/5f86b0e91e05b.png","datePublished":"2025-07-18T21:32:22+00:00","dateModified":"2026-04-08T08:36:35+00:00","breadcrumb":{"@id":"https:\/\/babylove.se\/no\/produkt\/bordlampe-til-barnerommet-brun-floyel\/#breadcrumb"},"inLanguage":"nb-NO","potentialAction":[{"@type":"ReadAction","target":["https:\/\/babylove.se\/no\/produkt\/bordlampe-til-barnerommet-brun-floyel\/"]}]},{"@type":"ImageObject","inLanguage":"nb-NO","@id":"https:\/\/babylove.se\/no\/produkt\/bordlampe-til-barnerommet-brun-floyel\/#primaryimage","url":"https:\/\/babylove.se\/no\/wp-content\/uploads\/sites\/3\/2025\/07\/5f86b0e91e05b.png","contentUrl":"https:\/\/babylove.se\/no\/wp-content\/uploads\/sites\/3\/2025\/07\/5f86b0e91e05b.png","width":660,"height":750},{"@type":"BreadcrumbList","@id":"https:\/\/babylove.se\/no\/produkt\/bordlampe-til-barnerommet-brun-floyel\/#breadcrumb","itemListElement":[{"@type":"ListItem","position":1,"name":"Hem","item":"https:\/\/babylove.se\/no\/"},{"@type":"ListItem","position":2,"name":"Butik","item":"https:\/\/babylove.se\/no\/butik\/"},{"@type":"ListItem","position":3,"name":"Lamps&#038;Company, Bordlampe til barnerommet, brun fl\u00f8yel"}]},{"@type":"WebSite","@id":"https:\/\/babylove.se\/no\/#website","url":"https:\/\/babylove.se\/no\/","name":"Babylove Norska","description":"","potentialAction":[{"@type":"SearchAction","target":{"@type":"EntryPoint","urlTemplate":"https:\/\/babylove.se\/no\/?s={search_term_string}"},"query-input":{"@type":"PropertyValueSpecification","valueRequired":true,"valueName":"search_term_string"}}],"inLanguage":"nb-NO"}]},"product_brand":"Lamps &amp; Co","product_price_amount":"1699.00","product_price_currency":"SEK","og_availability":"instock","product_availability":"instock","product_retailer_item_id":"ALE_61","product_condition":"new"},"_links":{"self":[{"href":"https:\/\/babylove.se\/no\/wp-json\/wp\/v2\/product\/20120","targetHints":{"allow":["GET"]}}],"collection":[{"href":"https:\/\/babylove.se\/no\/wp-json\/wp\/v2\/product"}],"about":[{"href":"https:\/\/babylove.se\/no\/wp-json\/wp\/v2\/types\/product"}],"replies":[{"embeddable":true,"href":"https:\/\/babylove.se\/no\/wp-json\/wp\/v2\/comments?post=20120"}],"wp:featuredmedia":[{"embeddable":true,"href":"https:\/\/babylove.se\/no\/wp-json\/wp\/v2\/media\/20122"}],"wp:attachment":[{"href":"https:\/\/babylove.se\/no\/wp-json\/wp\/v2\/media?parent=20120"}],"wp:term":[{"taxonomy":"product_brand","embeddable":true,"href":"https:\/\/babylove.se\/no\/wp-json\/wp\/v2\/product_brand?post=20120"},{"taxonomy":"product_cat","embeddable":true,"href":"https:\/\/babylove.se\/no\/wp-json\/wp\/v2\/product_cat?post=20120"},{"taxonomy":"product_tag","embeddable":true,"href":"https:\/\/babylove.se\/no\/wp-json\/wp\/v2\/product_tag?post=20120"}],"curies":[{"name":"wp","href":"https:\/\/api.w.org\/{rel}","templated":true}]}}