{"id":20199,"date":"2025-07-18T22:32:59","date_gmt":"2025-07-18T21:32:59","guid":{"rendered":"https:\/\/babylove.se\/produkt\/kids-concept-leksak-dino-pa-hjul\/"},"modified":"2026-04-08T09:37:11","modified_gmt":"2026-04-08T08:37:11","slug":"kids-concept-leksak-dino-pa-hjul","status":"publish","type":"product","link":"https:\/\/babylove.se\/no\/produkt\/kids-concept-leksak-dino-pa-hjul\/","title":{"rendered":"Kid&#8217;s Concept, leke Dino p\u00e5 hjul"},"content":{"rendered":"<p>En av de mest popul\u00e6re gavene du kan tenke deg, fungerer som d\u00e5psgave, bursdagsgave, julegave eller ved babyshower. Uansett s\u00e5 kommer denne fine treleken til \u00e5 bli sv\u00e6rt popul\u00e6r hos det lille barnet. Hvorfor? Kombinasjonen av den s\u00f8te dinosauren og det faktum at de g\u00e5r p\u00e5 sm\u00e5 hjul og man kan kj\u00f8re rundt den, der er det vinnende konseptet. En virkelig &#8220;must have&#8221; produkt synes vi.&nbsp;<\/p>\n<p>M\u00e5l: 14x7x13,5 cm&nbsp;<\/p>\n<p>Designer:<a href=\"https:\/\/babylove.se\/varumarken\/kids-concept\"><u>&nbsp;Kids Concept<\/u><\/a><\/p>\n","protected":false},"excerpt":{"rendered":"<p>En av de mest popul\u00e6re gavene du kan tenke deg, fungerer som d\u00e5psgave, bursdagsgave, julegave eller ved babyshower. Uansett s\u00e5 kommer denne fine treleken til \u00e5 bli sv\u00e6rt popul\u00e6r hos det lille barnet. Hvorfor? Kombinasjonen av den s\u00f8te dinosauren og det faktum at de g\u00e5r p\u00e5 sm\u00e5 hjul og man kan kj\u00f8re rundt den, der [&hellip;]<\/p>\n","protected":false},"featured_media":20201,"comment_status":"closed","ping_status":"open","template":"","meta":{"_acf_changed":false},"product_brand":[320],"product_cat":[72,321,68,112],"product_tag":[],"class_list":{"0":"post-20199","1":"product","2":"type-product","3":"status-publish","4":"has-post-thumbnail","6":"product_brand-kids-concept","7":"product_cat-julegaver","8":"product_cat-kids-concept","9":"product_cat-leker","10":"product_cat-treleker","12":"first","13":"outofstock","14":"taxable","15":"shipping-taxable","16":"purchasable","17":"product-type-simple"},"acf":[],"yoast_head":"<!-- This site is optimized with the Yoast SEO Premium plugin v25.8 (Yoast SEO v27.2) - https:\/\/yoast.com\/product\/yoast-seo-premium-wordpress\/ -->\n<title>Kid&#039;s Concept, leke Dino p\u00e5 hjul - Babylove Norska<\/title>\n<meta name=\"robots\" content=\"noindex, follow, max-snippet:-1, max-image-preview:large, max-video-preview:-1\" \/>\n<meta property=\"og:locale\" content=\"nb_NO\" \/>\n<meta property=\"og:type\" content=\"article\" \/>\n<meta property=\"og:title\" content=\"Kid&#039;s Concept, leke Dino p\u00e5 hjul\" \/>\n<meta property=\"og:description\" content=\"En av de mest popul\u00e6re gavene du kan tenke deg, fungerer som d\u00e5psgave, bursdagsgave, julegave eller ved babyshower. Uansett s\u00e5 kommer denne fine treleken til \u00e5 bli sv\u00e6rt popul\u00e6r hos det lille barnet. Hvorfor? Kombinasjonen av den s\u00f8te dinosauren og det faktum at de g\u00e5r p\u00e5 sm\u00e5 hjul og man kan kj\u00f8re rundt den, der [&hellip;]\" \/>\n<meta property=\"og:url\" content=\"https:\/\/babylove.se\/no\/produkt\/kids-concept-leksak-dino-pa-hjul\/\" \/>\n<meta property=\"og:site_name\" content=\"Babylove Norska\" \/>\n<meta property=\"article:modified_time\" content=\"2026-04-08T08:37:11+00:00\" \/>\n<meta property=\"og:image\" content=\"https:\/\/babylove.se\/no\/wp-content\/uploads\/sites\/3\/2025\/07\/5f8700301be11.jpeg\" \/>\n\t<meta property=\"og:image:width\" content=\"750\" \/>\n\t<meta property=\"og:image:height\" content=\"750\" \/>\n\t<meta property=\"og:image:type\" content=\"image\/jpeg\" \/>\n<meta name=\"twitter:card\" content=\"summary_large_image\" \/>\n<meta name=\"twitter:label1\" content=\"Price\" \/>\n\t<meta name=\"twitter:data1\" content=\"199,00&nbsp;&#107;&#114;\" \/>\n\t<meta name=\"twitter:label2\" content=\"Availability\" \/>\n\t<meta name=\"twitter:data2\" content=\"Out of stock\" \/>\n<script type=\"application\/ld+json\" class=\"yoast-schema-graph\">{\"@context\":\"https:\/\/schema.org\",\"@graph\":[{\"@type\":\"WebPage\",\"@id\":\"https:\/\/babylove.se\/no\/produkt\/kids-concept-leksak-dino-pa-hjul\/\",\"url\":\"https:\/\/babylove.se\/no\/produkt\/kids-concept-leksak-dino-pa-hjul\/\",\"name\":\"Kid's Concept, leke Dino p\u00e5 hjul - Babylove Norska\",\"isPartOf\":{\"@id\":\"https:\/\/babylove.se\/no\/#website\"},\"primaryImageOfPage\":{\"@id\":\"https:\/\/babylove.se\/no\/produkt\/kids-concept-leksak-dino-pa-hjul\/#primaryimage\"},\"image\":{\"@id\":\"https:\/\/babylove.se\/no\/produkt\/kids-concept-leksak-dino-pa-hjul\/#primaryimage\"},\"thumbnailUrl\":\"https:\/\/babylove.se\/no\/wp-content\/uploads\/sites\/3\/2025\/07\/5f8700301be11.jpeg\",\"datePublished\":\"2025-07-18T21:32:59+00:00\",\"dateModified\":\"2026-04-08T08:37:11+00:00\",\"breadcrumb\":{\"@id\":\"https:\/\/babylove.se\/no\/produkt\/kids-concept-leksak-dino-pa-hjul\/#breadcrumb\"},\"inLanguage\":\"nb-NO\",\"potentialAction\":[{\"@type\":\"ReadAction\",\"target\":[\"https:\/\/babylove.se\/no\/produkt\/kids-concept-leksak-dino-pa-hjul\/\"]}]},{\"@type\":\"ImageObject\",\"inLanguage\":\"nb-NO\",\"@id\":\"https:\/\/babylove.se\/no\/produkt\/kids-concept-leksak-dino-pa-hjul\/#primaryimage\",\"url\":\"https:\/\/babylove.se\/no\/wp-content\/uploads\/sites\/3\/2025\/07\/5f8700301be11.jpeg\",\"contentUrl\":\"https:\/\/babylove.se\/no\/wp-content\/uploads\/sites\/3\/2025\/07\/5f8700301be11.jpeg\",\"width\":750,\"height\":750},{\"@type\":\"BreadcrumbList\",\"@id\":\"https:\/\/babylove.se\/no\/produkt\/kids-concept-leksak-dino-pa-hjul\/#breadcrumb\",\"itemListElement\":[{\"@type\":\"ListItem\",\"position\":1,\"name\":\"Hem\",\"item\":\"https:\/\/babylove.se\/no\/\"},{\"@type\":\"ListItem\",\"position\":2,\"name\":\"Butik\",\"item\":\"https:\/\/babylove.se\/no\/butik\/\"},{\"@type\":\"ListItem\",\"position\":3,\"name\":\"Kid&#8217;s Concept, leke Dino p\u00e5 hjul\"}]},{\"@type\":\"WebSite\",\"@id\":\"https:\/\/babylove.se\/no\/#website\",\"url\":\"https:\/\/babylove.se\/no\/\",\"name\":\"Babylove Norska\",\"description\":\"\",\"potentialAction\":[{\"@type\":\"SearchAction\",\"target\":{\"@type\":\"EntryPoint\",\"urlTemplate\":\"https:\/\/babylove.se\/no\/?s={search_term_string}\"},\"query-input\":{\"@type\":\"PropertyValueSpecification\",\"valueRequired\":true,\"valueName\":\"search_term_string\"}}],\"inLanguage\":\"nb-NO\"}]}<\/script>\n<meta property=\"product:brand\" content=\"Kids Concept\" \/>\n<meta property=\"product:price:amount\" content=\"199.00\" \/>\n<meta property=\"product:price:currency\" content=\"SEK\" \/>\n<meta property=\"og:availability\" content=\"out of stock\" \/>\n<meta property=\"product:availability\" content=\"out of stock\" \/>\n<meta property=\"product:retailer_item_id\" content=\"1000504\" \/>\n<meta property=\"product:condition\" content=\"new\" \/>\n<!-- \/ Yoast SEO Premium plugin. -->","yoast_head_json":{"title":"Kid's Concept, leke Dino p\u00e5 hjul - Babylove Norska","robots":{"index":"noindex","follow":"follow","max-snippet":"max-snippet:-1","max-image-preview":"max-image-preview:large","max-video-preview":"max-video-preview:-1"},"og_locale":"nb_NO","og_type":"article","og_title":"Kid's Concept, leke Dino p\u00e5 hjul","og_description":"En av de mest popul\u00e6re gavene du kan tenke deg, fungerer som d\u00e5psgave, bursdagsgave, julegave eller ved babyshower. Uansett s\u00e5 kommer denne fine treleken til \u00e5 bli sv\u00e6rt popul\u00e6r hos det lille barnet. Hvorfor? Kombinasjonen av den s\u00f8te dinosauren og det faktum at de g\u00e5r p\u00e5 sm\u00e5 hjul og man kan kj\u00f8re rundt den, der [&hellip;]","og_url":"https:\/\/babylove.se\/no\/produkt\/kids-concept-leksak-dino-pa-hjul\/","og_site_name":"Babylove Norska","article_modified_time":"2026-04-08T08:37:11+00:00","og_image":[{"width":750,"height":750,"url":"https:\/\/babylove.se\/no\/wp-content\/uploads\/sites\/3\/2025\/07\/5f8700301be11.jpeg","type":"image\/jpeg"}],"twitter_card":"summary_large_image","twitter_misc":{"Price":"199,00&nbsp;&#107;&#114;","Availability":"Out of stock"},"schema":{"@context":"https:\/\/schema.org","@graph":[{"@type":"WebPage","@id":"https:\/\/babylove.se\/no\/produkt\/kids-concept-leksak-dino-pa-hjul\/","url":"https:\/\/babylove.se\/no\/produkt\/kids-concept-leksak-dino-pa-hjul\/","name":"Kid's Concept, leke Dino p\u00e5 hjul - Babylove Norska","isPartOf":{"@id":"https:\/\/babylove.se\/no\/#website"},"primaryImageOfPage":{"@id":"https:\/\/babylove.se\/no\/produkt\/kids-concept-leksak-dino-pa-hjul\/#primaryimage"},"image":{"@id":"https:\/\/babylove.se\/no\/produkt\/kids-concept-leksak-dino-pa-hjul\/#primaryimage"},"thumbnailUrl":"https:\/\/babylove.se\/no\/wp-content\/uploads\/sites\/3\/2025\/07\/5f8700301be11.jpeg","datePublished":"2025-07-18T21:32:59+00:00","dateModified":"2026-04-08T08:37:11+00:00","breadcrumb":{"@id":"https:\/\/babylove.se\/no\/produkt\/kids-concept-leksak-dino-pa-hjul\/#breadcrumb"},"inLanguage":"nb-NO","potentialAction":[{"@type":"ReadAction","target":["https:\/\/babylove.se\/no\/produkt\/kids-concept-leksak-dino-pa-hjul\/"]}]},{"@type":"ImageObject","inLanguage":"nb-NO","@id":"https:\/\/babylove.se\/no\/produkt\/kids-concept-leksak-dino-pa-hjul\/#primaryimage","url":"https:\/\/babylove.se\/no\/wp-content\/uploads\/sites\/3\/2025\/07\/5f8700301be11.jpeg","contentUrl":"https:\/\/babylove.se\/no\/wp-content\/uploads\/sites\/3\/2025\/07\/5f8700301be11.jpeg","width":750,"height":750},{"@type":"BreadcrumbList","@id":"https:\/\/babylove.se\/no\/produkt\/kids-concept-leksak-dino-pa-hjul\/#breadcrumb","itemListElement":[{"@type":"ListItem","position":1,"name":"Hem","item":"https:\/\/babylove.se\/no\/"},{"@type":"ListItem","position":2,"name":"Butik","item":"https:\/\/babylove.se\/no\/butik\/"},{"@type":"ListItem","position":3,"name":"Kid&#8217;s Concept, leke Dino p\u00e5 hjul"}]},{"@type":"WebSite","@id":"https:\/\/babylove.se\/no\/#website","url":"https:\/\/babylove.se\/no\/","name":"Babylove Norska","description":"","potentialAction":[{"@type":"SearchAction","target":{"@type":"EntryPoint","urlTemplate":"https:\/\/babylove.se\/no\/?s={search_term_string}"},"query-input":{"@type":"PropertyValueSpecification","valueRequired":true,"valueName":"search_term_string"}}],"inLanguage":"nb-NO"}]},"product_brand":"Kids Concept","product_price_amount":"199.00","product_price_currency":"SEK","og_availability":"out of stock","product_availability":"out of stock","product_retailer_item_id":"1000504","product_condition":"new"},"_links":{"self":[{"href":"https:\/\/babylove.se\/no\/wp-json\/wp\/v2\/product\/20199","targetHints":{"allow":["GET"]}}],"collection":[{"href":"https:\/\/babylove.se\/no\/wp-json\/wp\/v2\/product"}],"about":[{"href":"https:\/\/babylove.se\/no\/wp-json\/wp\/v2\/types\/product"}],"replies":[{"embeddable":true,"href":"https:\/\/babylove.se\/no\/wp-json\/wp\/v2\/comments?post=20199"}],"wp:featuredmedia":[{"embeddable":true,"href":"https:\/\/babylove.se\/no\/wp-json\/wp\/v2\/media\/20201"}],"wp:attachment":[{"href":"https:\/\/babylove.se\/no\/wp-json\/wp\/v2\/media?parent=20199"}],"wp:term":[{"taxonomy":"product_brand","embeddable":true,"href":"https:\/\/babylove.se\/no\/wp-json\/wp\/v2\/product_brand?post=20199"},{"taxonomy":"product_cat","embeddable":true,"href":"https:\/\/babylove.se\/no\/wp-json\/wp\/v2\/product_cat?post=20199"},{"taxonomy":"product_tag","embeddable":true,"href":"https:\/\/babylove.se\/no\/wp-json\/wp\/v2\/product_tag?post=20199"}],"curies":[{"name":"wp","href":"https:\/\/api.w.org\/{rel}","templated":true}]}}