{"id":20212,"date":"2025-07-18T22:33:21","date_gmt":"2025-07-18T21:33:21","guid":{"rendered":"https:\/\/babylove.se\/produkt\/liewood-termos-vattenflaska-panda-dove-blue\/"},"modified":"2026-04-08T09:37:20","modified_gmt":"2026-04-08T08:37:20","slug":"liewood-termos-vannflaske-panda-due-bla","status":"publish","type":"product","link":"https:\/\/babylove.se\/no\/produkt\/liewood-termos-vannflaske-panda-due-bla\/","title":{"rendered":"Liewood, Termos Vannflaske Panda due bl\u00e5"},"content":{"rendered":"<p>Denne sv\u00e6rt smarte og funksjonelle vannflasken kommer til \u00e5 ha mange bruksomr\u00e5der. Den rommer 375 ml og holder v\u00e6sken varm i opptil 12 timer eller kald i opptil 24 timer, avhengig av hva du heller i.<br \/>\nMed f\u00f8lger dels et vanlig lokk, men ogs\u00e5 et s\u00e5kalt sportlokk, med praktisk pip som man feller opp enkelt. Sportlokket er selvf\u00f8lgelig helt BPA-fritt. Begge lokkene har praktiske h\u00e5ndtak som gj\u00f8r at du kan feste den p\u00e5 barnevognen eller p\u00e5 stelleveska. De er ogs\u00e5 helt tette s\u00e5 v\u00e6sken holder seg der den skal. <\/p>\n<p>Vannflasken er laget av utvalgt st\u00e5l med klassifiseringen 18\/8 som er et supert\u00e5lig materiale. Det som skapes holder ikke belegg p\u00e5 innsiden som kan havne i v\u00e6sken og gi smak. <\/p>\n<p>Du rengj\u00f8r termosen enkelt ved \u00e5 vaske for h\u00e5nd, helst med en flaskeb\u00f8rste. Fargen som er brukt til vannflasken er holdbar og vannbasert, og innenfor alle EU-forskrifter for barnesikkerhet. <\/p>\n<p>M\u00e5l : 375 ml <\/p>\n<p>Designer: <a href=\"https:\/\/babylove.se\/varumarken\/liewood\"><u>Liewood<\/u><\/a><\/p>\n","protected":false},"excerpt":{"rendered":"<p>Denne sv\u00e6rt smarte og funksjonelle vannflasken kommer til \u00e5 ha mange bruksomr\u00e5der. Den rommer 375 ml og holder v\u00e6sken varm i opptil 12 timer eller kald i opptil 24 timer, avhengig av hva du heller i. Med f\u00f8lger dels et vanlig lokk, men ogs\u00e5 et s\u00e5kalt sportlokk, med praktisk pip som man feller opp enkelt. [&hellip;]<\/p>\n","protected":false},"featured_media":20214,"comment_status":"closed","ping_status":"closed","template":"","meta":{"_acf_changed":false},"product_brand":[282],"product_cat":[283,358],"product_tag":[],"class_list":{"0":"post-20212","1":"product","2":"type-product","3":"status-publish","4":"has-post-thumbnail","6":"product_brand-liewood","7":"product_cat-liewood","8":"product_cat-termos-og-vannflasker","10":"first","11":"outofstock","12":"taxable","13":"shipping-taxable","14":"purchasable","15":"product-type-simple"},"acf":[],"yoast_head":"<!-- This site is optimized with the Yoast SEO Premium plugin v25.8 (Yoast SEO v27.2) - https:\/\/yoast.com\/product\/yoast-seo-premium-wordpress\/ -->\n<title>Liewood, Termos Vannflaske Panda due bl\u00e5 - Babylove Norska<\/title>\n<meta name=\"robots\" content=\"noindex, follow, max-snippet:-1, max-image-preview:large, max-video-preview:-1\" \/>\n<meta property=\"og:locale\" content=\"nb_NO\" \/>\n<meta property=\"og:type\" content=\"article\" \/>\n<meta property=\"og:title\" content=\"Liewood, Termos Vannflaske Panda due bl\u00e5\" \/>\n<meta property=\"og:description\" content=\"Denne sv\u00e6rt smarte og funksjonelle vannflasken kommer til \u00e5 ha mange bruksomr\u00e5der. Den rommer 375 ml og holder v\u00e6sken varm i opptil 12 timer eller kald i opptil 24 timer, avhengig av hva du heller i. Med f\u00f8lger dels et vanlig lokk, men ogs\u00e5 et s\u00e5kalt sportlokk, med praktisk pip som man feller opp enkelt. [&hellip;]\" \/>\n<meta property=\"og:url\" content=\"https:\/\/babylove.se\/no\/produkt\/liewood-termos-vannflaske-panda-due-bla\/\" \/>\n<meta property=\"og:site_name\" content=\"Babylove Norska\" \/>\n<meta property=\"article:modified_time\" content=\"2026-04-08T08:37:20+00:00\" \/>\n<meta property=\"og:image\" content=\"https:\/\/babylove.se\/no\/wp-content\/uploads\/sites\/3\/2025\/07\/5f88301e56df6.jpeg\" \/>\n\t<meta property=\"og:image:width\" content=\"700\" \/>\n\t<meta property=\"og:image:height\" content=\"700\" \/>\n\t<meta property=\"og:image:type\" content=\"image\/jpeg\" \/>\n<meta name=\"twitter:card\" content=\"summary_large_image\" \/>\n<meta name=\"twitter:label1\" content=\"Price\" \/>\n\t<meta name=\"twitter:data1\" content=\"269,00&nbsp;&#107;&#114;\" \/>\n\t<meta name=\"twitter:label2\" content=\"Availability\" \/>\n\t<meta name=\"twitter:data2\" content=\"Out of stock\" \/>\n<script type=\"application\/ld+json\" class=\"yoast-schema-graph\">{\"@context\":\"https:\/\/schema.org\",\"@graph\":[{\"@type\":\"WebPage\",\"@id\":\"https:\/\/babylove.se\/no\/produkt\/liewood-termos-vannflaske-panda-due-bla\/\",\"url\":\"https:\/\/babylove.se\/no\/produkt\/liewood-termos-vannflaske-panda-due-bla\/\",\"name\":\"Liewood, Termos Vannflaske Panda due bl\u00e5 - Babylove Norska\",\"isPartOf\":{\"@id\":\"https:\/\/babylove.se\/no\/#website\"},\"primaryImageOfPage\":{\"@id\":\"https:\/\/babylove.se\/no\/produkt\/liewood-termos-vannflaske-panda-due-bla\/#primaryimage\"},\"image\":{\"@id\":\"https:\/\/babylove.se\/no\/produkt\/liewood-termos-vannflaske-panda-due-bla\/#primaryimage\"},\"thumbnailUrl\":\"https:\/\/babylove.se\/no\/wp-content\/uploads\/sites\/3\/2025\/07\/5f88301e56df6.jpeg\",\"datePublished\":\"2025-07-18T21:33:21+00:00\",\"dateModified\":\"2026-04-08T08:37:20+00:00\",\"breadcrumb\":{\"@id\":\"https:\/\/babylove.se\/no\/produkt\/liewood-termos-vannflaske-panda-due-bla\/#breadcrumb\"},\"inLanguage\":\"nb-NO\",\"potentialAction\":[{\"@type\":\"ReadAction\",\"target\":[\"https:\/\/babylove.se\/no\/produkt\/liewood-termos-vannflaske-panda-due-bla\/\"]}]},{\"@type\":\"ImageObject\",\"inLanguage\":\"nb-NO\",\"@id\":\"https:\/\/babylove.se\/no\/produkt\/liewood-termos-vannflaske-panda-due-bla\/#primaryimage\",\"url\":\"https:\/\/babylove.se\/no\/wp-content\/uploads\/sites\/3\/2025\/07\/5f88301e56df6.jpeg\",\"contentUrl\":\"https:\/\/babylove.se\/no\/wp-content\/uploads\/sites\/3\/2025\/07\/5f88301e56df6.jpeg\",\"width\":700,\"height\":700},{\"@type\":\"BreadcrumbList\",\"@id\":\"https:\/\/babylove.se\/no\/produkt\/liewood-termos-vannflaske-panda-due-bla\/#breadcrumb\",\"itemListElement\":[{\"@type\":\"ListItem\",\"position\":1,\"name\":\"Hem\",\"item\":\"https:\/\/babylove.se\/no\/\"},{\"@type\":\"ListItem\",\"position\":2,\"name\":\"Butik\",\"item\":\"https:\/\/babylove.se\/no\/butik\/\"},{\"@type\":\"ListItem\",\"position\":3,\"name\":\"Liewood, Termos Vannflaske Panda due bl\u00e5\"}]},{\"@type\":\"WebSite\",\"@id\":\"https:\/\/babylove.se\/no\/#website\",\"url\":\"https:\/\/babylove.se\/no\/\",\"name\":\"Babylove Norska\",\"description\":\"\",\"potentialAction\":[{\"@type\":\"SearchAction\",\"target\":{\"@type\":\"EntryPoint\",\"urlTemplate\":\"https:\/\/babylove.se\/no\/?s={search_term_string}\"},\"query-input\":{\"@type\":\"PropertyValueSpecification\",\"valueRequired\":true,\"valueName\":\"search_term_string\"}}],\"inLanguage\":\"nb-NO\"}]}<\/script>\n<meta property=\"product:brand\" content=\"Liewood\" \/>\n<meta property=\"product:price:amount\" content=\"269.00\" \/>\n<meta property=\"product:price:currency\" content=\"SEK\" \/>\n<meta property=\"og:availability\" content=\"out of stock\" \/>\n<meta property=\"product:availability\" content=\"out of stock\" \/>\n<meta property=\"product:retailer_item_id\" content=\"LW130726932\" \/>\n<meta property=\"product:condition\" content=\"new\" \/>\n<!-- \/ Yoast SEO Premium plugin. -->","yoast_head_json":{"title":"Liewood, Termos Vannflaske Panda due bl\u00e5 - Babylove Norska","robots":{"index":"noindex","follow":"follow","max-snippet":"max-snippet:-1","max-image-preview":"max-image-preview:large","max-video-preview":"max-video-preview:-1"},"og_locale":"nb_NO","og_type":"article","og_title":"Liewood, Termos Vannflaske Panda due bl\u00e5","og_description":"Denne sv\u00e6rt smarte og funksjonelle vannflasken kommer til \u00e5 ha mange bruksomr\u00e5der. Den rommer 375 ml og holder v\u00e6sken varm i opptil 12 timer eller kald i opptil 24 timer, avhengig av hva du heller i. Med f\u00f8lger dels et vanlig lokk, men ogs\u00e5 et s\u00e5kalt sportlokk, med praktisk pip som man feller opp enkelt. [&hellip;]","og_url":"https:\/\/babylove.se\/no\/produkt\/liewood-termos-vannflaske-panda-due-bla\/","og_site_name":"Babylove Norska","article_modified_time":"2026-04-08T08:37:20+00:00","og_image":[{"width":700,"height":700,"url":"https:\/\/babylove.se\/no\/wp-content\/uploads\/sites\/3\/2025\/07\/5f88301e56df6.jpeg","type":"image\/jpeg"}],"twitter_card":"summary_large_image","twitter_misc":{"Price":"269,00&nbsp;&#107;&#114;","Availability":"Out of stock"},"schema":{"@context":"https:\/\/schema.org","@graph":[{"@type":"WebPage","@id":"https:\/\/babylove.se\/no\/produkt\/liewood-termos-vannflaske-panda-due-bla\/","url":"https:\/\/babylove.se\/no\/produkt\/liewood-termos-vannflaske-panda-due-bla\/","name":"Liewood, Termos Vannflaske Panda due bl\u00e5 - Babylove Norska","isPartOf":{"@id":"https:\/\/babylove.se\/no\/#website"},"primaryImageOfPage":{"@id":"https:\/\/babylove.se\/no\/produkt\/liewood-termos-vannflaske-panda-due-bla\/#primaryimage"},"image":{"@id":"https:\/\/babylove.se\/no\/produkt\/liewood-termos-vannflaske-panda-due-bla\/#primaryimage"},"thumbnailUrl":"https:\/\/babylove.se\/no\/wp-content\/uploads\/sites\/3\/2025\/07\/5f88301e56df6.jpeg","datePublished":"2025-07-18T21:33:21+00:00","dateModified":"2026-04-08T08:37:20+00:00","breadcrumb":{"@id":"https:\/\/babylove.se\/no\/produkt\/liewood-termos-vannflaske-panda-due-bla\/#breadcrumb"},"inLanguage":"nb-NO","potentialAction":[{"@type":"ReadAction","target":["https:\/\/babylove.se\/no\/produkt\/liewood-termos-vannflaske-panda-due-bla\/"]}]},{"@type":"ImageObject","inLanguage":"nb-NO","@id":"https:\/\/babylove.se\/no\/produkt\/liewood-termos-vannflaske-panda-due-bla\/#primaryimage","url":"https:\/\/babylove.se\/no\/wp-content\/uploads\/sites\/3\/2025\/07\/5f88301e56df6.jpeg","contentUrl":"https:\/\/babylove.se\/no\/wp-content\/uploads\/sites\/3\/2025\/07\/5f88301e56df6.jpeg","width":700,"height":700},{"@type":"BreadcrumbList","@id":"https:\/\/babylove.se\/no\/produkt\/liewood-termos-vannflaske-panda-due-bla\/#breadcrumb","itemListElement":[{"@type":"ListItem","position":1,"name":"Hem","item":"https:\/\/babylove.se\/no\/"},{"@type":"ListItem","position":2,"name":"Butik","item":"https:\/\/babylove.se\/no\/butik\/"},{"@type":"ListItem","position":3,"name":"Liewood, Termos Vannflaske Panda due bl\u00e5"}]},{"@type":"WebSite","@id":"https:\/\/babylove.se\/no\/#website","url":"https:\/\/babylove.se\/no\/","name":"Babylove Norska","description":"","potentialAction":[{"@type":"SearchAction","target":{"@type":"EntryPoint","urlTemplate":"https:\/\/babylove.se\/no\/?s={search_term_string}"},"query-input":{"@type":"PropertyValueSpecification","valueRequired":true,"valueName":"search_term_string"}}],"inLanguage":"nb-NO"}]},"product_brand":"Liewood","product_price_amount":"269.00","product_price_currency":"SEK","og_availability":"out of stock","product_availability":"out of stock","product_retailer_item_id":"LW130726932","product_condition":"new"},"_links":{"self":[{"href":"https:\/\/babylove.se\/no\/wp-json\/wp\/v2\/product\/20212","targetHints":{"allow":["GET"]}}],"collection":[{"href":"https:\/\/babylove.se\/no\/wp-json\/wp\/v2\/product"}],"about":[{"href":"https:\/\/babylove.se\/no\/wp-json\/wp\/v2\/types\/product"}],"replies":[{"embeddable":true,"href":"https:\/\/babylove.se\/no\/wp-json\/wp\/v2\/comments?post=20212"}],"wp:featuredmedia":[{"embeddable":true,"href":"https:\/\/babylove.se\/no\/wp-json\/wp\/v2\/media\/20214"}],"wp:attachment":[{"href":"https:\/\/babylove.se\/no\/wp-json\/wp\/v2\/media?parent=20212"}],"wp:term":[{"taxonomy":"product_brand","embeddable":true,"href":"https:\/\/babylove.se\/no\/wp-json\/wp\/v2\/product_brand?post=20212"},{"taxonomy":"product_cat","embeddable":true,"href":"https:\/\/babylove.se\/no\/wp-json\/wp\/v2\/product_cat?post=20212"},{"taxonomy":"product_tag","embeddable":true,"href":"https:\/\/babylove.se\/no\/wp-json\/wp\/v2\/product_tag?post=20212"}],"curies":[{"name":"wp","href":"https:\/\/api.w.org\/{rel}","templated":true}]}}