{"id":20223,"date":"2025-07-18T22:33:21","date_gmt":"2025-07-18T21:33:21","guid":{"rendered":"https:\/\/babylove.se\/produkt\/liewood-sorteringslada-midas-puzzle-box-dino-mix\/"},"modified":"2026-05-11T12:59:52","modified_gmt":"2026-05-11T11:59:52","slug":"liewood-sorteringsboks-midas-puslespill-boks-dino-mix","status":"publish","type":"product","link":"https:\/\/babylove.se\/no\/produkt\/liewood-sorteringsboks-midas-puslespill-boks-dino-mix\/","title":{"rendered":"Liewood, sorteringsboks, midas puzzle box dino mix"},"content":{"rendered":"<p>Denne fantastiske sorteringsboksen fra Liewood er b\u00e5de t\u00f8ff og morsom \u00e5 leke med. Garantert masse glede og latter for barnet ditt samtidig som det utvikler og stimulerer kreativiteten. Trekubene og boksen er solide og av h\u00f8y kvalitet, noe som gir dem lang levetid. <\/p>\n<p>En ekte klassiker, verdsatt av generasjoner og kommer garantert til \u00e5 skape mange \u00f8yeblikk av glede for barnet ditt. <\/p>\n<p>M\u00e5l: 8 stk. kuber cirka 5&#215;5 cm, boks cirka 30x10x15 cm <\/p>\n<p>Designer: <a href=\"https:\/\/babylove.se\/varumarken\/liewood\"><u>Liewood<\/u><\/a> <\/p>\n<p>Materiale: Tre<\/p>\n","protected":false},"excerpt":{"rendered":"<p>Denne fantastiske sorteringsboksen fra Liewood er b\u00e5de t\u00f8ff og morsom \u00e5 leke med. Garantert masse glede og latter for barnet ditt samtidig som det utvikler og stimulerer kreativiteten. Trekubene og boksen er solide og av h\u00f8y kvalitet, noe som gir dem lang levetid. En ekte klassiker, verdsatt av generasjoner og kommer garantert til \u00e5 skape [&hellip;]<\/p>\n","protected":false},"featured_media":20225,"comment_status":"closed","ping_status":"closed","template":"","meta":{"_acf_changed":false},"product_brand":[282],"product_cat":[70,68,283,247,112],"product_tag":[],"class_list":{"0":"post-20223","1":"product","2":"type-product","3":"status-publish","4":"has-post-thumbnail","6":"product_brand-liewood","7":"product_cat-gaver","8":"product_cat-leker","9":"product_cat-liewood","10":"product_cat-traklossar-barn","11":"product_cat-treleker","13":"first","14":"outofstock","15":"taxable","16":"shipping-taxable","17":"purchasable","18":"product-type-simple"},"acf":[],"yoast_head":"<!-- This site is optimized with the Yoast SEO Premium plugin v25.8 (Yoast SEO v27.2) - https:\/\/yoast.com\/product\/yoast-seo-premium-wordpress\/ -->\n<title>Liewood, sorteringsboks, midas puzzle box dino mix - Babylove Norska<\/title>\n<meta name=\"robots\" content=\"noindex, follow, max-snippet:-1, max-image-preview:large, max-video-preview:-1\" \/>\n<meta property=\"og:locale\" content=\"nb_NO\" \/>\n<meta property=\"og:type\" content=\"article\" \/>\n<meta property=\"og:title\" content=\"Liewood, sorteringsboks, midas puzzle box dino mix\" \/>\n<meta property=\"og:description\" content=\"Denne fantastiske sorteringsboksen fra Liewood er b\u00e5de t\u00f8ff og morsom \u00e5 leke med. Garantert masse glede og latter for barnet ditt samtidig som det utvikler og stimulerer kreativiteten. Trekubene og boksen er solide og av h\u00f8y kvalitet, noe som gir dem lang levetid. En ekte klassiker, verdsatt av generasjoner og kommer garantert til \u00e5 skape [&hellip;]\" \/>\n<meta property=\"og:url\" content=\"https:\/\/babylove.se\/no\/produkt\/liewood-sorteringsboks-midas-puslespill-boks-dino-mix\/\" \/>\n<meta property=\"og:site_name\" content=\"Babylove Norska\" \/>\n<meta property=\"article:modified_time\" content=\"2026-05-11T11:59:52+00:00\" \/>\n<meta property=\"og:image\" content=\"https:\/\/babylove.se\/no\/wp-content\/uploads\/sites\/3\/2025\/07\/5f8832af458c2.jpeg\" \/>\n\t<meta property=\"og:image:width\" content=\"750\" \/>\n\t<meta property=\"og:image:height\" content=\"750\" \/>\n\t<meta property=\"og:image:type\" content=\"image\/jpeg\" \/>\n<meta name=\"twitter:card\" content=\"summary_large_image\" \/>\n<meta name=\"twitter:label1\" content=\"Price\" \/>\n\t<meta name=\"twitter:data1\" content=\"559,00&nbsp;&#107;&#114;\" \/>\n\t<meta name=\"twitter:label2\" content=\"Availability\" \/>\n\t<meta name=\"twitter:data2\" content=\"Out of stock\" \/>\n<script type=\"application\/ld+json\" class=\"yoast-schema-graph\">{\"@context\":\"https:\/\/schema.org\",\"@graph\":[{\"@type\":\"WebPage\",\"@id\":\"https:\/\/babylove.se\/no\/produkt\/liewood-sorteringsboks-midas-puslespill-boks-dino-mix\/\",\"url\":\"https:\/\/babylove.se\/no\/produkt\/liewood-sorteringsboks-midas-puslespill-boks-dino-mix\/\",\"name\":\"Liewood, sorteringsboks, midas puzzle box dino mix - Babylove Norska\",\"isPartOf\":{\"@id\":\"https:\/\/babylove.se\/no\/#website\"},\"primaryImageOfPage\":{\"@id\":\"https:\/\/babylove.se\/no\/produkt\/liewood-sorteringsboks-midas-puslespill-boks-dino-mix\/#primaryimage\"},\"image\":{\"@id\":\"https:\/\/babylove.se\/no\/produkt\/liewood-sorteringsboks-midas-puslespill-boks-dino-mix\/#primaryimage\"},\"thumbnailUrl\":\"https:\/\/babylove.se\/no\/wp-content\/uploads\/sites\/3\/2025\/07\/5f8832af458c2.jpeg\",\"datePublished\":\"2025-07-18T21:33:21+00:00\",\"dateModified\":\"2026-05-11T11:59:52+00:00\",\"breadcrumb\":{\"@id\":\"https:\/\/babylove.se\/no\/produkt\/liewood-sorteringsboks-midas-puslespill-boks-dino-mix\/#breadcrumb\"},\"inLanguage\":\"nb-NO\",\"potentialAction\":[{\"@type\":\"ReadAction\",\"target\":[\"https:\/\/babylove.se\/no\/produkt\/liewood-sorteringsboks-midas-puslespill-boks-dino-mix\/\"]}]},{\"@type\":\"ImageObject\",\"inLanguage\":\"nb-NO\",\"@id\":\"https:\/\/babylove.se\/no\/produkt\/liewood-sorteringsboks-midas-puslespill-boks-dino-mix\/#primaryimage\",\"url\":\"https:\/\/babylove.se\/no\/wp-content\/uploads\/sites\/3\/2025\/07\/5f8832af458c2.jpeg\",\"contentUrl\":\"https:\/\/babylove.se\/no\/wp-content\/uploads\/sites\/3\/2025\/07\/5f8832af458c2.jpeg\",\"width\":750,\"height\":750},{\"@type\":\"BreadcrumbList\",\"@id\":\"https:\/\/babylove.se\/no\/produkt\/liewood-sorteringsboks-midas-puslespill-boks-dino-mix\/#breadcrumb\",\"itemListElement\":[{\"@type\":\"ListItem\",\"position\":1,\"name\":\"Hem\",\"item\":\"https:\/\/babylove.se\/no\/\"},{\"@type\":\"ListItem\",\"position\":2,\"name\":\"Butik\",\"item\":\"https:\/\/babylove.se\/no\/butik\/\"},{\"@type\":\"ListItem\",\"position\":3,\"name\":\"Liewood, sorteringsboks, midas puzzle box dino mix\"}]},{\"@type\":\"WebSite\",\"@id\":\"https:\/\/babylove.se\/no\/#website\",\"url\":\"https:\/\/babylove.se\/no\/\",\"name\":\"Babylove Norska\",\"description\":\"\",\"potentialAction\":[{\"@type\":\"SearchAction\",\"target\":{\"@type\":\"EntryPoint\",\"urlTemplate\":\"https:\/\/babylove.se\/no\/?s={search_term_string}\"},\"query-input\":{\"@type\":\"PropertyValueSpecification\",\"valueRequired\":true,\"valueName\":\"search_term_string\"}}],\"inLanguage\":\"nb-NO\"}]}<\/script>\n<meta property=\"product:brand\" content=\"Liewood\" \/>\n<meta property=\"product:price:amount\" content=\"559.00\" \/>\n<meta property=\"product:price:currency\" content=\"NOK\" \/>\n<meta property=\"og:availability\" content=\"out of stock\" \/>\n<meta property=\"product:availability\" content=\"out of stock\" \/>\n<meta property=\"product:retailer_item_id\" content=\"LW130630240\" \/>\n<meta property=\"product:condition\" content=\"new\" \/>\n<!-- \/ Yoast SEO Premium plugin. -->","yoast_head_json":{"title":"Liewood, sorteringsboks, midas puzzle box dino mix - Babylove Norska","robots":{"index":"noindex","follow":"follow","max-snippet":"max-snippet:-1","max-image-preview":"max-image-preview:large","max-video-preview":"max-video-preview:-1"},"og_locale":"nb_NO","og_type":"article","og_title":"Liewood, sorteringsboks, midas puzzle box dino mix","og_description":"Denne fantastiske sorteringsboksen fra Liewood er b\u00e5de t\u00f8ff og morsom \u00e5 leke med. Garantert masse glede og latter for barnet ditt samtidig som det utvikler og stimulerer kreativiteten. Trekubene og boksen er solide og av h\u00f8y kvalitet, noe som gir dem lang levetid. En ekte klassiker, verdsatt av generasjoner og kommer garantert til \u00e5 skape [&hellip;]","og_url":"https:\/\/babylove.se\/no\/produkt\/liewood-sorteringsboks-midas-puslespill-boks-dino-mix\/","og_site_name":"Babylove Norska","article_modified_time":"2026-05-11T11:59:52+00:00","og_image":[{"width":750,"height":750,"url":"https:\/\/babylove.se\/no\/wp-content\/uploads\/sites\/3\/2025\/07\/5f8832af458c2.jpeg","type":"image\/jpeg"}],"twitter_card":"summary_large_image","twitter_misc":{"Price":"559,00&nbsp;&#107;&#114;","Availability":"Out of stock"},"schema":{"@context":"https:\/\/schema.org","@graph":[{"@type":"WebPage","@id":"https:\/\/babylove.se\/no\/produkt\/liewood-sorteringsboks-midas-puslespill-boks-dino-mix\/","url":"https:\/\/babylove.se\/no\/produkt\/liewood-sorteringsboks-midas-puslespill-boks-dino-mix\/","name":"Liewood, sorteringsboks, midas puzzle box dino mix - Babylove Norska","isPartOf":{"@id":"https:\/\/babylove.se\/no\/#website"},"primaryImageOfPage":{"@id":"https:\/\/babylove.se\/no\/produkt\/liewood-sorteringsboks-midas-puslespill-boks-dino-mix\/#primaryimage"},"image":{"@id":"https:\/\/babylove.se\/no\/produkt\/liewood-sorteringsboks-midas-puslespill-boks-dino-mix\/#primaryimage"},"thumbnailUrl":"https:\/\/babylove.se\/no\/wp-content\/uploads\/sites\/3\/2025\/07\/5f8832af458c2.jpeg","datePublished":"2025-07-18T21:33:21+00:00","dateModified":"2026-05-11T11:59:52+00:00","breadcrumb":{"@id":"https:\/\/babylove.se\/no\/produkt\/liewood-sorteringsboks-midas-puslespill-boks-dino-mix\/#breadcrumb"},"inLanguage":"nb-NO","potentialAction":[{"@type":"ReadAction","target":["https:\/\/babylove.se\/no\/produkt\/liewood-sorteringsboks-midas-puslespill-boks-dino-mix\/"]}]},{"@type":"ImageObject","inLanguage":"nb-NO","@id":"https:\/\/babylove.se\/no\/produkt\/liewood-sorteringsboks-midas-puslespill-boks-dino-mix\/#primaryimage","url":"https:\/\/babylove.se\/no\/wp-content\/uploads\/sites\/3\/2025\/07\/5f8832af458c2.jpeg","contentUrl":"https:\/\/babylove.se\/no\/wp-content\/uploads\/sites\/3\/2025\/07\/5f8832af458c2.jpeg","width":750,"height":750},{"@type":"BreadcrumbList","@id":"https:\/\/babylove.se\/no\/produkt\/liewood-sorteringsboks-midas-puslespill-boks-dino-mix\/#breadcrumb","itemListElement":[{"@type":"ListItem","position":1,"name":"Hem","item":"https:\/\/babylove.se\/no\/"},{"@type":"ListItem","position":2,"name":"Butik","item":"https:\/\/babylove.se\/no\/butik\/"},{"@type":"ListItem","position":3,"name":"Liewood, sorteringsboks, midas puzzle box dino mix"}]},{"@type":"WebSite","@id":"https:\/\/babylove.se\/no\/#website","url":"https:\/\/babylove.se\/no\/","name":"Babylove Norska","description":"","potentialAction":[{"@type":"SearchAction","target":{"@type":"EntryPoint","urlTemplate":"https:\/\/babylove.se\/no\/?s={search_term_string}"},"query-input":{"@type":"PropertyValueSpecification","valueRequired":true,"valueName":"search_term_string"}}],"inLanguage":"nb-NO"}]},"product_brand":"Liewood","product_price_amount":"559.00","product_price_currency":"NOK","og_availability":"out of stock","product_availability":"out of stock","product_retailer_item_id":"LW130630240","product_condition":"new"},"_links":{"self":[{"href":"https:\/\/babylove.se\/no\/wp-json\/wp\/v2\/product\/20223","targetHints":{"allow":["GET"]}}],"collection":[{"href":"https:\/\/babylove.se\/no\/wp-json\/wp\/v2\/product"}],"about":[{"href":"https:\/\/babylove.se\/no\/wp-json\/wp\/v2\/types\/product"}],"replies":[{"embeddable":true,"href":"https:\/\/babylove.se\/no\/wp-json\/wp\/v2\/comments?post=20223"}],"wp:featuredmedia":[{"embeddable":true,"href":"https:\/\/babylove.se\/no\/wp-json\/wp\/v2\/media\/20225"}],"wp:attachment":[{"href":"https:\/\/babylove.se\/no\/wp-json\/wp\/v2\/media?parent=20223"}],"wp:term":[{"taxonomy":"product_brand","embeddable":true,"href":"https:\/\/babylove.se\/no\/wp-json\/wp\/v2\/product_brand?post=20223"},{"taxonomy":"product_cat","embeddable":true,"href":"https:\/\/babylove.se\/no\/wp-json\/wp\/v2\/product_cat?post=20223"},{"taxonomy":"product_tag","embeddable":true,"href":"https:\/\/babylove.se\/no\/wp-json\/wp\/v2\/product_tag?post=20223"}],"curies":[{"name":"wp","href":"https:\/\/api.w.org\/{rel}","templated":true}]}}