{"id":20240,"date":"2025-07-18T22:33:21","date_gmt":"2025-07-18T21:33:21","guid":{"rendered":"https:\/\/babylove.se\/produkt\/natur-hussang-junior-80x160\/"},"modified":"2026-04-08T09:37:38","modified_gmt":"2026-04-08T08:37:38","slug":"natur-hussang-junior-80x160","status":"publish","type":"product","link":"https:\/\/babylove.se\/no\/produkt\/natur-hussang-junior-80x160\/","title":{"rendered":"Natur husseng junior 80&#215;160"},"content":{"rendered":"<p>En optimal kombinasjon av en lekeplass og soveplass i form av denne vakre og h\u00e5ndbyggede husseng. Denne juniorseng har sider med en god h\u00f8yde, slik at barnet ditt sover trygt og sikkert. Den eneste \u00e5pningen finnes ved fotenden slik at barnet ditt kan klatre inn og ut selv uten problemer.&nbsp;<\/p>\n<p>Denne husseng f\u00e5r en solklar plass p\u00e5 barnerommet, og barnet ditt kommer til \u00e5 finne p\u00e5 masse lek i den, hvorfor ikke raskt forvandle den til en koselig hytte \u00e5 v\u00e6re i?<\/p>\n<p><span><strong>M\u00e5l<\/strong>:&nbsp;<\/span><\/p>\n<ul>\n<li><span>Sengem\u00e5l: 80&#215;160 cm&nbsp;<\/span><\/li>\n<li><span>Totalt m\u00e5l: 90&#215;168 cm. H\u00f8yde: 150 cm<\/span><\/li>\n<li><span>Sidevern h\u00f8yde : 32 cm. S<\/span>engeh\u00f8yde: 16 cm&nbsp;<\/li>\n<li>Ribbbunn inkludert<\/li>\n<li>Oppbevaringskasse m\u00e5l: 50&#215;160 cm &#8211; som tilsvarer litt over <em>halvparten<\/em> av sengens bredde.&nbsp;<\/li>\n<li>\n<p>H\u00f8yden til der taket begynner er 92 cm<\/p>\n<\/li>\n<\/ul>\n<p>Materiale: H\u00e5ndlaget av massivt tre<\/p>\n<p>Madrass: du kan velge en tilpasset 80&#215;160 cm skummadrass, 8 cm tykk. OEKO-TEX sertifisert.<\/p>\n<p>Obs. Seng er h\u00e5ndlaget av tre som betyr at hvert eksemplar er unikt. Trestruktur synes og gir seng en egen karakter.<\/p>\n<p><em>OBS! Dette er en seng produsert og tilpasset for barn. Seng leveres umontert og b\u00f8r settes sammen i rommet den skal brukes i.<\/em><\/p>\n","protected":false},"excerpt":{"rendered":"<p>En optimal kombinasjon av en lekeplass og soveplass i form av denne vakre og h\u00e5ndbyggede husseng. Denne juniorseng har sider med en god h\u00f8yde, slik at barnet ditt sover trygt og sikkert. Den eneste \u00e5pningen finnes ved fotenden slik at barnet ditt kan klatre inn og ut selv uten problemer.&nbsp; Denne husseng f\u00e5r en solklar [&hellip;]<\/p>\n","protected":false},"featured_media":20242,"comment_status":"closed","ping_status":"closed","template":"","meta":{"_acf_changed":false},"product_brand":[755],"product_cat":[756,217,1704],"product_tag":[1689],"class_list":{"0":"post-20240","1":"product","2":"type-product","3":"status-publish","4":"has-post-thumbnail","6":"product_brand-dipino","7":"product_cat-dp","8":"product_cat-sengesanger","9":"product_cat-reasangar","10":"product_tag-bestillingsvaror","11":"pa_tillbehor-med-forvaringslada","12":"pa_tillbehor-med-madrass","13":"pa_tillbehor-med-madrass-och-forvaringslada","14":"pa_tillbehor-utan","16":"first","17":"instock","18":"taxable","19":"shipping-taxable","20":"purchasable","21":"product-type-variable"},"acf":[],"yoast_head":"<!-- This site is optimized with the Yoast SEO Premium plugin v25.8 (Yoast SEO v27.2) - https:\/\/yoast.com\/product\/yoast-seo-premium-wordpress\/ -->\n<title>Natur husseng junior 80x160 - Babylove Norska<\/title>\n<meta name=\"robots\" content=\"noindex, follow, max-snippet:-1, max-image-preview:large, max-video-preview:-1\" \/>\n<meta property=\"og:locale\" content=\"nb_NO\" \/>\n<meta property=\"og:type\" content=\"article\" \/>\n<meta property=\"og:title\" content=\"Natur husseng junior 80x160\" \/>\n<meta property=\"og:description\" content=\"En optimal kombinasjon av en lekeplass og soveplass i form av denne vakre og h\u00e5ndbyggede husseng. Denne juniorseng har sider med en god h\u00f8yde, slik at barnet ditt sover trygt og sikkert. Den eneste \u00e5pningen finnes ved fotenden slik at barnet ditt kan klatre inn og ut selv uten problemer.&nbsp; Denne husseng f\u00e5r en solklar [&hellip;]\" \/>\n<meta property=\"og:url\" content=\"https:\/\/babylove.se\/no\/produkt\/natur-hussang-junior-80x160\/\" \/>\n<meta property=\"og:site_name\" content=\"Babylove Norska\" \/>\n<meta property=\"article:modified_time\" content=\"2026-04-08T08:37:38+00:00\" \/>\n<meta property=\"og:image\" content=\"https:\/\/babylove.se\/no\/wp-content\/uploads\/sites\/3\/2025\/07\/608284b950269.jpeg\" \/>\n\t<meta property=\"og:image:width\" content=\"750\" \/>\n\t<meta property=\"og:image:height\" content=\"750\" \/>\n\t<meta property=\"og:image:type\" content=\"image\/jpeg\" \/>\n<meta name=\"twitter:card\" content=\"summary_large_image\" \/>\n<meta name=\"twitter:label1\" content=\"Availability\" \/>\n\t<meta name=\"twitter:data1\" content=\"In stock\" \/>\n<script type=\"application\/ld+json\" class=\"yoast-schema-graph\">{\"@context\":\"https:\/\/schema.org\",\"@graph\":[{\"@type\":\"WebPage\",\"@id\":\"https:\/\/babylove.se\/no\/produkt\/natur-hussang-junior-80x160\/\",\"url\":\"https:\/\/babylove.se\/no\/produkt\/natur-hussang-junior-80x160\/\",\"name\":\"Natur husseng junior 80x160 - Babylove Norska\",\"isPartOf\":{\"@id\":\"https:\/\/babylove.se\/no\/#website\"},\"primaryImageOfPage\":{\"@id\":\"https:\/\/babylove.se\/no\/produkt\/natur-hussang-junior-80x160\/#primaryimage\"},\"image\":{\"@id\":\"https:\/\/babylove.se\/no\/produkt\/natur-hussang-junior-80x160\/#primaryimage\"},\"thumbnailUrl\":\"https:\/\/babylove.se\/no\/wp-content\/uploads\/sites\/3\/2025\/07\/608284b950269.jpeg\",\"datePublished\":\"2025-07-18T21:33:21+00:00\",\"dateModified\":\"2026-04-08T08:37:38+00:00\",\"breadcrumb\":{\"@id\":\"https:\/\/babylove.se\/no\/produkt\/natur-hussang-junior-80x160\/#breadcrumb\"},\"inLanguage\":\"nb-NO\",\"potentialAction\":[{\"@type\":\"ReadAction\",\"target\":[\"https:\/\/babylove.se\/no\/produkt\/natur-hussang-junior-80x160\/\"]}]},{\"@type\":\"ImageObject\",\"inLanguage\":\"nb-NO\",\"@id\":\"https:\/\/babylove.se\/no\/produkt\/natur-hussang-junior-80x160\/#primaryimage\",\"url\":\"https:\/\/babylove.se\/no\/wp-content\/uploads\/sites\/3\/2025\/07\/608284b950269.jpeg\",\"contentUrl\":\"https:\/\/babylove.se\/no\/wp-content\/uploads\/sites\/3\/2025\/07\/608284b950269.jpeg\",\"width\":750,\"height\":750},{\"@type\":\"BreadcrumbList\",\"@id\":\"https:\/\/babylove.se\/no\/produkt\/natur-hussang-junior-80x160\/#breadcrumb\",\"itemListElement\":[{\"@type\":\"ListItem\",\"position\":1,\"name\":\"Hem\",\"item\":\"https:\/\/babylove.se\/no\/\"},{\"@type\":\"ListItem\",\"position\":2,\"name\":\"Butik\",\"item\":\"https:\/\/babylove.se\/no\/butik\/\"},{\"@type\":\"ListItem\",\"position\":3,\"name\":\"Natur husseng junior 80&#215;160\"}]},{\"@type\":\"WebSite\",\"@id\":\"https:\/\/babylove.se\/no\/#website\",\"url\":\"https:\/\/babylove.se\/no\/\",\"name\":\"Babylove Norska\",\"description\":\"\",\"potentialAction\":[{\"@type\":\"SearchAction\",\"target\":{\"@type\":\"EntryPoint\",\"urlTemplate\":\"https:\/\/babylove.se\/no\/?s={search_term_string}\"},\"query-input\":{\"@type\":\"PropertyValueSpecification\",\"valueRequired\":true,\"valueName\":\"search_term_string\"}}],\"inLanguage\":\"nb-NO\"}]}<\/script>\n<meta property=\"product:brand\" content=\"DIPINO\" \/>\n<meta property=\"og:availability\" content=\"instock\" \/>\n<meta property=\"product:availability\" content=\"instock\" \/>\n<meta property=\"product:retailer_item_id\" content=\"utan\" \/>\n<meta property=\"product:condition\" content=\"new\" \/>\n<!-- \/ Yoast SEO Premium plugin. -->","yoast_head_json":{"title":"Natur husseng junior 80x160 - Babylove Norska","robots":{"index":"noindex","follow":"follow","max-snippet":"max-snippet:-1","max-image-preview":"max-image-preview:large","max-video-preview":"max-video-preview:-1"},"og_locale":"nb_NO","og_type":"article","og_title":"Natur husseng junior 80x160","og_description":"En optimal kombinasjon av en lekeplass og soveplass i form av denne vakre og h\u00e5ndbyggede husseng. Denne juniorseng har sider med en god h\u00f8yde, slik at barnet ditt sover trygt og sikkert. Den eneste \u00e5pningen finnes ved fotenden slik at barnet ditt kan klatre inn og ut selv uten problemer.&nbsp; Denne husseng f\u00e5r en solklar [&hellip;]","og_url":"https:\/\/babylove.se\/no\/produkt\/natur-hussang-junior-80x160\/","og_site_name":"Babylove Norska","article_modified_time":"2026-04-08T08:37:38+00:00","og_image":[{"width":750,"height":750,"url":"https:\/\/babylove.se\/no\/wp-content\/uploads\/sites\/3\/2025\/07\/608284b950269.jpeg","type":"image\/jpeg"}],"twitter_card":"summary_large_image","twitter_misc":{"Availability":"In stock"},"schema":{"@context":"https:\/\/schema.org","@graph":[{"@type":"WebPage","@id":"https:\/\/babylove.se\/no\/produkt\/natur-hussang-junior-80x160\/","url":"https:\/\/babylove.se\/no\/produkt\/natur-hussang-junior-80x160\/","name":"Natur husseng junior 80x160 - Babylove Norska","isPartOf":{"@id":"https:\/\/babylove.se\/no\/#website"},"primaryImageOfPage":{"@id":"https:\/\/babylove.se\/no\/produkt\/natur-hussang-junior-80x160\/#primaryimage"},"image":{"@id":"https:\/\/babylove.se\/no\/produkt\/natur-hussang-junior-80x160\/#primaryimage"},"thumbnailUrl":"https:\/\/babylove.se\/no\/wp-content\/uploads\/sites\/3\/2025\/07\/608284b950269.jpeg","datePublished":"2025-07-18T21:33:21+00:00","dateModified":"2026-04-08T08:37:38+00:00","breadcrumb":{"@id":"https:\/\/babylove.se\/no\/produkt\/natur-hussang-junior-80x160\/#breadcrumb"},"inLanguage":"nb-NO","potentialAction":[{"@type":"ReadAction","target":["https:\/\/babylove.se\/no\/produkt\/natur-hussang-junior-80x160\/"]}]},{"@type":"ImageObject","inLanguage":"nb-NO","@id":"https:\/\/babylove.se\/no\/produkt\/natur-hussang-junior-80x160\/#primaryimage","url":"https:\/\/babylove.se\/no\/wp-content\/uploads\/sites\/3\/2025\/07\/608284b950269.jpeg","contentUrl":"https:\/\/babylove.se\/no\/wp-content\/uploads\/sites\/3\/2025\/07\/608284b950269.jpeg","width":750,"height":750},{"@type":"BreadcrumbList","@id":"https:\/\/babylove.se\/no\/produkt\/natur-hussang-junior-80x160\/#breadcrumb","itemListElement":[{"@type":"ListItem","position":1,"name":"Hem","item":"https:\/\/babylove.se\/no\/"},{"@type":"ListItem","position":2,"name":"Butik","item":"https:\/\/babylove.se\/no\/butik\/"},{"@type":"ListItem","position":3,"name":"Natur husseng junior 80&#215;160"}]},{"@type":"WebSite","@id":"https:\/\/babylove.se\/no\/#website","url":"https:\/\/babylove.se\/no\/","name":"Babylove Norska","description":"","potentialAction":[{"@type":"SearchAction","target":{"@type":"EntryPoint","urlTemplate":"https:\/\/babylove.se\/no\/?s={search_term_string}"},"query-input":{"@type":"PropertyValueSpecification","valueRequired":true,"valueName":"search_term_string"}}],"inLanguage":"nb-NO"}]},"product_brand":"DIPINO","og_availability":"instock","product_availability":"instock","product_retailer_item_id":"utan","product_condition":"new"},"_links":{"self":[{"href":"https:\/\/babylove.se\/no\/wp-json\/wp\/v2\/product\/20240","targetHints":{"allow":["GET"]}}],"collection":[{"href":"https:\/\/babylove.se\/no\/wp-json\/wp\/v2\/product"}],"about":[{"href":"https:\/\/babylove.se\/no\/wp-json\/wp\/v2\/types\/product"}],"replies":[{"embeddable":true,"href":"https:\/\/babylove.se\/no\/wp-json\/wp\/v2\/comments?post=20240"}],"wp:featuredmedia":[{"embeddable":true,"href":"https:\/\/babylove.se\/no\/wp-json\/wp\/v2\/media\/20242"}],"wp:attachment":[{"href":"https:\/\/babylove.se\/no\/wp-json\/wp\/v2\/media?parent=20240"}],"wp:term":[{"taxonomy":"product_brand","embeddable":true,"href":"https:\/\/babylove.se\/no\/wp-json\/wp\/v2\/product_brand?post=20240"},{"taxonomy":"product_cat","embeddable":true,"href":"https:\/\/babylove.se\/no\/wp-json\/wp\/v2\/product_cat?post=20240"},{"taxonomy":"product_tag","embeddable":true,"href":"https:\/\/babylove.se\/no\/wp-json\/wp\/v2\/product_tag?post=20240"}],"curies":[{"name":"wp","href":"https:\/\/api.w.org\/{rel}","templated":true}]}}