{"id":20260,"date":"2025-07-18T22:33:49","date_gmt":"2025-07-18T21:33:49","guid":{"rendered":"https:\/\/babylove.se\/produkt\/jabadabado-forvaringsbank-vit\/"},"modified":"2026-04-08T09:37:41","modified_gmt":"2026-04-08T08:37:41","slug":"jabadabado-oppbevaringsbank-hvit","status":"publish","type":"product","link":"https:\/\/babylove.se\/no\/produkt\/jabadabado-oppbevaringsbank-hvit\/","title":{"rendered":"Jabadabado, oppbevaringsbenk hvit"},"content":{"rendered":"<p>En smart kombinasjon av oppbevaring og mini-benk fra svenske Jabadabado, helt tilpasset barnerommet. Et optimalt m\u00f8bel \u00e5 innrede med.<span lang=\"en\"><span title=\"Charakteryzuje si? r\u00f3wnie? du?? odporno?ci? na ?cieranie. \"><br \/><\/span><\/span><\/p>\n<p><span lang=\"en\"><span title=\"Przywi?zana jest w dw\u00f3ch miejscach do siedziska co uniemo?liwi jej zsuwanie si? przy otwieraniu kufra. \">Oppbevaringen under er romslig, og det f\u00e5r plass flere ting enn du tror, perfekt for \u00e5 hjelpe barnet med \u00e5 holde orden i rommet sitt.<\/span><\/span><\/p>\n<p>M\u00e5l: 56 x 33 x 56 cm&nbsp;<\/p>\n<p><span lang=\"en\"><span title=\"Przywi?zana jest w dw\u00f3ch miejscach do siedziska co uniemo?liwi jej zsuwanie si? przy otwieraniu kufra. \">Designer:&nbsp;<\/span><\/span><a href=\"https:\/\/babylove.se\/varumarken\/jabadabado\"><span lang=\"en\"><span title=\"Przywi?zana jest w dw\u00f3ch miejscach do siedziska co uniemo?liwi jej zsuwanie si? przy otwieraniu kufra. \">Jabadabado<\/span><\/span><\/a><\/p>\n","protected":false},"excerpt":{"rendered":"<p>En smart kombinasjon av oppbevaring og mini-benk fra svenske Jabadabado, helt tilpasset barnerommet. Et optimalt m\u00f8bel \u00e5 innrede med. Oppbevaringen under er romslig, og det f\u00e5r plass flere ting enn du tror, perfekt for \u00e5 hjelpe barnet med \u00e5 holde orden i rommet sitt. M\u00e5l: 56 x 33 x 56 cm&nbsp; Designer:&nbsp;Jabadabado<\/p>\n","protected":false},"featured_media":20262,"comment_status":"closed","ping_status":"open","template":"","meta":{"_acf_changed":false},"product_brand":[273],"product_cat":[274,814,43],"product_tag":[],"class_list":{"0":"post-20260","1":"product","2":"type-product","3":"status-publish","4":"has-post-thumbnail","6":"product_brand-jabadabado","7":"product_cat-jabadabado","8":"product_cat-oppbevaringsbenker","9":"product_cat-oppbevaringskurver","11":"first","12":"outofstock","13":"taxable","14":"shipping-taxable","15":"purchasable","16":"product-type-simple"},"acf":[],"yoast_head":"<!-- This site is optimized with the Yoast SEO Premium plugin v25.8 (Yoast SEO v27.2) - https:\/\/yoast.com\/product\/yoast-seo-premium-wordpress\/ -->\n<title>Jabadabado, oppbevaringsbenk hvit - Babylove Norska<\/title>\n<meta name=\"robots\" content=\"noindex, follow, max-snippet:-1, max-image-preview:large, max-video-preview:-1\" \/>\n<meta property=\"og:locale\" content=\"nb_NO\" \/>\n<meta property=\"og:type\" content=\"article\" \/>\n<meta property=\"og:title\" content=\"Jabadabado, oppbevaringsbenk hvit\" \/>\n<meta property=\"og:description\" content=\"En smart kombinasjon av oppbevaring og mini-benk fra svenske Jabadabado, helt tilpasset barnerommet. Et optimalt m\u00f8bel \u00e5 innrede med. Oppbevaringen under er romslig, og det f\u00e5r plass flere ting enn du tror, perfekt for \u00e5 hjelpe barnet med \u00e5 holde orden i rommet sitt. M\u00e5l: 56 x 33 x 56 cm&nbsp; Designer:&nbsp;Jabadabado\" \/>\n<meta property=\"og:url\" content=\"https:\/\/babylove.se\/no\/produkt\/jabadabado-oppbevaringsbank-hvit\/\" \/>\n<meta property=\"og:site_name\" content=\"Babylove Norska\" \/>\n<meta property=\"article:modified_time\" content=\"2026-04-08T08:37:41+00:00\" \/>\n<meta property=\"og:image\" content=\"https:\/\/babylove.se\/no\/wp-content\/uploads\/sites\/3\/2025\/07\/5f8ed9aa0f35d.jpeg\" \/>\n\t<meta property=\"og:image:width\" content=\"750\" \/>\n\t<meta property=\"og:image:height\" content=\"750\" \/>\n\t<meta property=\"og:image:type\" content=\"image\/jpeg\" \/>\n<meta name=\"twitter:card\" content=\"summary_large_image\" \/>\n<meta name=\"twitter:label1\" content=\"Price\" \/>\n\t<meta name=\"twitter:data1\" content=\"899,00&nbsp;&#107;&#114;\" \/>\n\t<meta name=\"twitter:label2\" content=\"Availability\" \/>\n\t<meta name=\"twitter:data2\" content=\"Out of stock\" \/>\n<script type=\"application\/ld+json\" class=\"yoast-schema-graph\">{\"@context\":\"https:\/\/schema.org\",\"@graph\":[{\"@type\":\"WebPage\",\"@id\":\"https:\/\/babylove.se\/no\/produkt\/jabadabado-oppbevaringsbank-hvit\/\",\"url\":\"https:\/\/babylove.se\/no\/produkt\/jabadabado-oppbevaringsbank-hvit\/\",\"name\":\"Jabadabado, oppbevaringsbenk hvit - Babylove Norska\",\"isPartOf\":{\"@id\":\"https:\/\/babylove.se\/no\/#website\"},\"primaryImageOfPage\":{\"@id\":\"https:\/\/babylove.se\/no\/produkt\/jabadabado-oppbevaringsbank-hvit\/#primaryimage\"},\"image\":{\"@id\":\"https:\/\/babylove.se\/no\/produkt\/jabadabado-oppbevaringsbank-hvit\/#primaryimage\"},\"thumbnailUrl\":\"https:\/\/babylove.se\/no\/wp-content\/uploads\/sites\/3\/2025\/07\/5f8ed9aa0f35d.jpeg\",\"datePublished\":\"2025-07-18T21:33:49+00:00\",\"dateModified\":\"2026-04-08T08:37:41+00:00\",\"breadcrumb\":{\"@id\":\"https:\/\/babylove.se\/no\/produkt\/jabadabado-oppbevaringsbank-hvit\/#breadcrumb\"},\"inLanguage\":\"nb-NO\",\"potentialAction\":[{\"@type\":\"ReadAction\",\"target\":[\"https:\/\/babylove.se\/no\/produkt\/jabadabado-oppbevaringsbank-hvit\/\"]}]},{\"@type\":\"ImageObject\",\"inLanguage\":\"nb-NO\",\"@id\":\"https:\/\/babylove.se\/no\/produkt\/jabadabado-oppbevaringsbank-hvit\/#primaryimage\",\"url\":\"https:\/\/babylove.se\/no\/wp-content\/uploads\/sites\/3\/2025\/07\/5f8ed9aa0f35d.jpeg\",\"contentUrl\":\"https:\/\/babylove.se\/no\/wp-content\/uploads\/sites\/3\/2025\/07\/5f8ed9aa0f35d.jpeg\",\"width\":750,\"height\":750},{\"@type\":\"BreadcrumbList\",\"@id\":\"https:\/\/babylove.se\/no\/produkt\/jabadabado-oppbevaringsbank-hvit\/#breadcrumb\",\"itemListElement\":[{\"@type\":\"ListItem\",\"position\":1,\"name\":\"Hem\",\"item\":\"https:\/\/babylove.se\/no\/\"},{\"@type\":\"ListItem\",\"position\":2,\"name\":\"Butik\",\"item\":\"https:\/\/babylove.se\/no\/butik\/\"},{\"@type\":\"ListItem\",\"position\":3,\"name\":\"Jabadabado, oppbevaringsbenk hvit\"}]},{\"@type\":\"WebSite\",\"@id\":\"https:\/\/babylove.se\/no\/#website\",\"url\":\"https:\/\/babylove.se\/no\/\",\"name\":\"Babylove Norska\",\"description\":\"\",\"potentialAction\":[{\"@type\":\"SearchAction\",\"target\":{\"@type\":\"EntryPoint\",\"urlTemplate\":\"https:\/\/babylove.se\/no\/?s={search_term_string}\"},\"query-input\":{\"@type\":\"PropertyValueSpecification\",\"valueRequired\":true,\"valueName\":\"search_term_string\"}}],\"inLanguage\":\"nb-NO\"}]}<\/script>\n<meta property=\"product:brand\" content=\"JaBaDaBaDo\" \/>\n<meta property=\"product:price:amount\" content=\"899.00\" \/>\n<meta property=\"product:price:currency\" content=\"SEK\" \/>\n<meta property=\"og:availability\" content=\"out of stock\" \/>\n<meta property=\"product:availability\" content=\"out of stock\" \/>\n<meta property=\"product:retailer_item_id\" content=\"H13200\" \/>\n<meta property=\"product:condition\" content=\"new\" \/>\n<!-- \/ Yoast SEO Premium plugin. -->","yoast_head_json":{"title":"Jabadabado, oppbevaringsbenk hvit - Babylove Norska","robots":{"index":"noindex","follow":"follow","max-snippet":"max-snippet:-1","max-image-preview":"max-image-preview:large","max-video-preview":"max-video-preview:-1"},"og_locale":"nb_NO","og_type":"article","og_title":"Jabadabado, oppbevaringsbenk hvit","og_description":"En smart kombinasjon av oppbevaring og mini-benk fra svenske Jabadabado, helt tilpasset barnerommet. Et optimalt m\u00f8bel \u00e5 innrede med. Oppbevaringen under er romslig, og det f\u00e5r plass flere ting enn du tror, perfekt for \u00e5 hjelpe barnet med \u00e5 holde orden i rommet sitt. M\u00e5l: 56 x 33 x 56 cm&nbsp; Designer:&nbsp;Jabadabado","og_url":"https:\/\/babylove.se\/no\/produkt\/jabadabado-oppbevaringsbank-hvit\/","og_site_name":"Babylove Norska","article_modified_time":"2026-04-08T08:37:41+00:00","og_image":[{"width":750,"height":750,"url":"https:\/\/babylove.se\/no\/wp-content\/uploads\/sites\/3\/2025\/07\/5f8ed9aa0f35d.jpeg","type":"image\/jpeg"}],"twitter_card":"summary_large_image","twitter_misc":{"Price":"899,00&nbsp;&#107;&#114;","Availability":"Out of stock"},"schema":{"@context":"https:\/\/schema.org","@graph":[{"@type":"WebPage","@id":"https:\/\/babylove.se\/no\/produkt\/jabadabado-oppbevaringsbank-hvit\/","url":"https:\/\/babylove.se\/no\/produkt\/jabadabado-oppbevaringsbank-hvit\/","name":"Jabadabado, oppbevaringsbenk hvit - Babylove Norska","isPartOf":{"@id":"https:\/\/babylove.se\/no\/#website"},"primaryImageOfPage":{"@id":"https:\/\/babylove.se\/no\/produkt\/jabadabado-oppbevaringsbank-hvit\/#primaryimage"},"image":{"@id":"https:\/\/babylove.se\/no\/produkt\/jabadabado-oppbevaringsbank-hvit\/#primaryimage"},"thumbnailUrl":"https:\/\/babylove.se\/no\/wp-content\/uploads\/sites\/3\/2025\/07\/5f8ed9aa0f35d.jpeg","datePublished":"2025-07-18T21:33:49+00:00","dateModified":"2026-04-08T08:37:41+00:00","breadcrumb":{"@id":"https:\/\/babylove.se\/no\/produkt\/jabadabado-oppbevaringsbank-hvit\/#breadcrumb"},"inLanguage":"nb-NO","potentialAction":[{"@type":"ReadAction","target":["https:\/\/babylove.se\/no\/produkt\/jabadabado-oppbevaringsbank-hvit\/"]}]},{"@type":"ImageObject","inLanguage":"nb-NO","@id":"https:\/\/babylove.se\/no\/produkt\/jabadabado-oppbevaringsbank-hvit\/#primaryimage","url":"https:\/\/babylove.se\/no\/wp-content\/uploads\/sites\/3\/2025\/07\/5f8ed9aa0f35d.jpeg","contentUrl":"https:\/\/babylove.se\/no\/wp-content\/uploads\/sites\/3\/2025\/07\/5f8ed9aa0f35d.jpeg","width":750,"height":750},{"@type":"BreadcrumbList","@id":"https:\/\/babylove.se\/no\/produkt\/jabadabado-oppbevaringsbank-hvit\/#breadcrumb","itemListElement":[{"@type":"ListItem","position":1,"name":"Hem","item":"https:\/\/babylove.se\/no\/"},{"@type":"ListItem","position":2,"name":"Butik","item":"https:\/\/babylove.se\/no\/butik\/"},{"@type":"ListItem","position":3,"name":"Jabadabado, oppbevaringsbenk hvit"}]},{"@type":"WebSite","@id":"https:\/\/babylove.se\/no\/#website","url":"https:\/\/babylove.se\/no\/","name":"Babylove Norska","description":"","potentialAction":[{"@type":"SearchAction","target":{"@type":"EntryPoint","urlTemplate":"https:\/\/babylove.se\/no\/?s={search_term_string}"},"query-input":{"@type":"PropertyValueSpecification","valueRequired":true,"valueName":"search_term_string"}}],"inLanguage":"nb-NO"}]},"product_brand":"JaBaDaBaDo","product_price_amount":"899.00","product_price_currency":"SEK","og_availability":"out of stock","product_availability":"out of stock","product_retailer_item_id":"H13200","product_condition":"new"},"_links":{"self":[{"href":"https:\/\/babylove.se\/no\/wp-json\/wp\/v2\/product\/20260","targetHints":{"allow":["GET"]}}],"collection":[{"href":"https:\/\/babylove.se\/no\/wp-json\/wp\/v2\/product"}],"about":[{"href":"https:\/\/babylove.se\/no\/wp-json\/wp\/v2\/types\/product"}],"replies":[{"embeddable":true,"href":"https:\/\/babylove.se\/no\/wp-json\/wp\/v2\/comments?post=20260"}],"wp:featuredmedia":[{"embeddable":true,"href":"https:\/\/babylove.se\/no\/wp-json\/wp\/v2\/media\/20262"}],"wp:attachment":[{"href":"https:\/\/babylove.se\/no\/wp-json\/wp\/v2\/media?parent=20260"}],"wp:term":[{"taxonomy":"product_brand","embeddable":true,"href":"https:\/\/babylove.se\/no\/wp-json\/wp\/v2\/product_brand?post=20260"},{"taxonomy":"product_cat","embeddable":true,"href":"https:\/\/babylove.se\/no\/wp-json\/wp\/v2\/product_cat?post=20260"},{"taxonomy":"product_tag","embeddable":true,"href":"https:\/\/babylove.se\/no\/wp-json\/wp\/v2\/product_tag?post=20260"}],"curies":[{"name":"wp","href":"https:\/\/api.w.org\/{rel}","templated":true}]}}