{"id":20275,"date":"2025-07-18T22:33:49","date_gmt":"2025-07-18T21:33:49","guid":{"rendered":"https:\/\/babylove.se\/produkt\/luftballong-dusty-rose-10-cm-filibabba\/"},"modified":"2026-04-08T09:37:50","modified_gmt":"2026-04-08T08:37:50","slug":"luftballong-dusty-rose-10-cm-filibabba","status":"publish","type":"product","link":"https:\/\/babylove.se\/no\/produkt\/luftballong-dusty-rose-10-cm-filibabba\/","title":{"rendered":"Luftballong Dusty Rose, 10 cm, Filibabba"},"content":{"rendered":"<p>Vakker rosa luftballong fra danske Filibabba for \u00e5 dekorere barnerommet. L\u00f8ft barneroms-innredningen din med dette fantastiske produktet og velg din egen favoritt ut fra mange fine farger. \\nLuftballongen leveres i en vakker oppbevaringsboks med et unikt h\u00e5ndskissert luftballongtrykk. Med luftballongen f\u00e5r du en nylontr\u00e5d som du kan henge den p\u00e5. Ballongen har en liten krok hvor du knyter tr\u00e5den p\u00e5. Gjerne behold den unike boksen til \u00e5 oppbevare leker, lego eller puslespill i. \\n \\n<strong>Farge:<\/strong> Rosa \\n \\n<strong>M\u00e5l<\/strong>: 10 cm diameter \\n \\n<strong>Materiale: <\/strong>Papmache og 100 % bomull \\n \\nDesigner: <a href=\"https:\/\/babylove.se\/varumarken\/filibaba\"><u>Filibabba<\/u><\/a><\/p>\n","protected":false},"excerpt":{"rendered":"<p>Vakker rosa luftballong fra danske Filibabba for \u00e5 dekorere barnerommet. L\u00f8ft barneroms-innredningen din med dette fantastiske produktet og velg din egen favoritt ut fra mange fine farger. \\nLuftballongen leveres i en vakker oppbevaringsboks med et unikt h\u00e5ndskissert luftballongtrykk. Med luftballongen f\u00e5r du en nylontr\u00e5d som du kan henge den p\u00e5. Ballongen har en liten krok [&hellip;]<\/p>\n","protected":false},"featured_media":20277,"comment_status":"closed","ping_status":"closed","template":"","meta":{"_acf_changed":false},"product_brand":[249],"product_cat":[138,250,25,29],"product_tag":[],"class_list":{"0":"post-20275","1":"product","2":"type-product","3":"status-publish","4":"has-post-thumbnail","6":"product_brand-filibabba","7":"product_cat-ballonger","8":"product_cat-filibabba","9":"product_cat-ikke-bare-jenter","10":"product_cat-veggdekorasjoner","12":"first","13":"instock","14":"taxable","15":"shipping-taxable","16":"purchasable","17":"product-type-simple"},"acf":[],"yoast_head":"<!-- This site is optimized with the Yoast SEO Premium plugin v25.8 (Yoast SEO v27.2) - https:\/\/yoast.com\/product\/yoast-seo-premium-wordpress\/ -->\n<title>Luftballong Dusty Rose, 10 cm, Filibabba - Babylove Norska<\/title>\n<meta name=\"description\" content=\"Luftballong Rosa, 20 cm, Filibabba - skickas inom 24 timmar !\u00a0Inspirerande och vackra luftballonger f\u00f6r att dekorera barnrummet - k\u00f6p h\u00e4r-\" \/>\n<meta name=\"robots\" content=\"noindex, follow, max-snippet:-1, max-image-preview:large, max-video-preview:-1\" \/>\n<meta property=\"og:locale\" content=\"nb_NO\" \/>\n<meta property=\"og:type\" content=\"article\" \/>\n<meta property=\"og:title\" content=\"Luftballong Dusty Rose, 10 cm, Filibabba\" \/>\n<meta property=\"og:description\" content=\"Luftballong Rosa, 20 cm, Filibabba - skickas inom 24 timmar !\u00a0Inspirerande och vackra luftballonger f\u00f6r att dekorera barnrummet - k\u00f6p h\u00e4r-\" \/>\n<meta property=\"og:url\" content=\"https:\/\/babylove.se\/no\/produkt\/luftballong-dusty-rose-10-cm-filibabba\/\" \/>\n<meta property=\"og:site_name\" content=\"Babylove Norska\" \/>\n<meta property=\"article:modified_time\" content=\"2026-04-08T08:37:50+00:00\" \/>\n<meta property=\"og:image\" content=\"https:\/\/babylove.se\/no\/wp-content\/uploads\/sites\/3\/2025\/07\/16032856755e736ed1f4207.jpeg\" \/>\n\t<meta property=\"og:image:width\" content=\"600\" \/>\n\t<meta property=\"og:image:height\" content=\"600\" \/>\n\t<meta property=\"og:image:type\" content=\"image\/jpeg\" \/>\n<meta name=\"twitter:card\" content=\"summary_large_image\" \/>\n<meta name=\"twitter:label1\" content=\"Price\" \/>\n\t<meta name=\"twitter:data1\" content=\"249,00&nbsp;&#107;&#114;\" \/>\n\t<meta name=\"twitter:label2\" content=\"Availability\" \/>\n\t<meta name=\"twitter:data2\" content=\"In stock\" \/>\n<script type=\"application\/ld+json\" class=\"yoast-schema-graph\">{\"@context\":\"https:\/\/schema.org\",\"@graph\":[{\"@type\":\"WebPage\",\"@id\":\"https:\/\/babylove.se\/no\/produkt\/luftballong-dusty-rose-10-cm-filibabba\/\",\"url\":\"https:\/\/babylove.se\/no\/produkt\/luftballong-dusty-rose-10-cm-filibabba\/\",\"name\":\"Luftballong Dusty Rose, 10 cm, Filibabba - Babylove Norska\",\"isPartOf\":{\"@id\":\"https:\/\/babylove.se\/no\/#website\"},\"primaryImageOfPage\":{\"@id\":\"https:\/\/babylove.se\/no\/produkt\/luftballong-dusty-rose-10-cm-filibabba\/#primaryimage\"},\"image\":{\"@id\":\"https:\/\/babylove.se\/no\/produkt\/luftballong-dusty-rose-10-cm-filibabba\/#primaryimage\"},\"thumbnailUrl\":\"https:\/\/babylove.se\/no\/wp-content\/uploads\/sites\/3\/2025\/07\/16032856755e736ed1f4207.jpeg\",\"datePublished\":\"2025-07-18T21:33:49+00:00\",\"dateModified\":\"2026-04-08T08:37:50+00:00\",\"description\":\"Luftballong Rosa, 20 cm, Filibabba - skickas inom 24 timmar !\u00a0Inspirerande och vackra luftballonger f\u00f6r att dekorera barnrummet - k\u00f6p h\u00e4r-\",\"breadcrumb\":{\"@id\":\"https:\/\/babylove.se\/no\/produkt\/luftballong-dusty-rose-10-cm-filibabba\/#breadcrumb\"},\"inLanguage\":\"nb-NO\",\"potentialAction\":[{\"@type\":\"ReadAction\",\"target\":[\"https:\/\/babylove.se\/no\/produkt\/luftballong-dusty-rose-10-cm-filibabba\/\"]}]},{\"@type\":\"ImageObject\",\"inLanguage\":\"nb-NO\",\"@id\":\"https:\/\/babylove.se\/no\/produkt\/luftballong-dusty-rose-10-cm-filibabba\/#primaryimage\",\"url\":\"https:\/\/babylove.se\/no\/wp-content\/uploads\/sites\/3\/2025\/07\/16032856755e736ed1f4207.jpeg\",\"contentUrl\":\"https:\/\/babylove.se\/no\/wp-content\/uploads\/sites\/3\/2025\/07\/16032856755e736ed1f4207.jpeg\",\"width\":600,\"height\":600},{\"@type\":\"BreadcrumbList\",\"@id\":\"https:\/\/babylove.se\/no\/produkt\/luftballong-dusty-rose-10-cm-filibabba\/#breadcrumb\",\"itemListElement\":[{\"@type\":\"ListItem\",\"position\":1,\"name\":\"Hem\",\"item\":\"https:\/\/babylove.se\/no\/\"},{\"@type\":\"ListItem\",\"position\":2,\"name\":\"Butik\",\"item\":\"https:\/\/babylove.se\/no\/butik\/\"},{\"@type\":\"ListItem\",\"position\":3,\"name\":\"Luftballong Dusty Rose, 10 cm, Filibabba\"}]},{\"@type\":\"WebSite\",\"@id\":\"https:\/\/babylove.se\/no\/#website\",\"url\":\"https:\/\/babylove.se\/no\/\",\"name\":\"Babylove Norska\",\"description\":\"\",\"potentialAction\":[{\"@type\":\"SearchAction\",\"target\":{\"@type\":\"EntryPoint\",\"urlTemplate\":\"https:\/\/babylove.se\/no\/?s={search_term_string}\"},\"query-input\":{\"@type\":\"PropertyValueSpecification\",\"valueRequired\":true,\"valueName\":\"search_term_string\"}}],\"inLanguage\":\"nb-NO\"}]}<\/script>\n<meta property=\"product:brand\" content=\"Filibabba\" \/>\n<meta property=\"product:price:amount\" content=\"249.00\" \/>\n<meta property=\"product:price:currency\" content=\"SEK\" \/>\n<meta property=\"og:availability\" content=\"instock\" \/>\n<meta property=\"product:availability\" content=\"instock\" \/>\n<meta property=\"product:retailer_item_id\" content=\"FI-10D046\" \/>\n<meta property=\"product:condition\" content=\"new\" \/>\n<!-- \/ Yoast SEO Premium plugin. -->","yoast_head_json":{"title":"Luftballong Dusty Rose, 10 cm, Filibabba - Babylove Norska","description":"Luftballong Rosa, 20 cm, Filibabba - skickas inom 24 timmar !\u00a0Inspirerande och vackra luftballonger f\u00f6r att dekorera barnrummet - k\u00f6p h\u00e4r-","robots":{"index":"noindex","follow":"follow","max-snippet":"max-snippet:-1","max-image-preview":"max-image-preview:large","max-video-preview":"max-video-preview:-1"},"og_locale":"nb_NO","og_type":"article","og_title":"Luftballong Dusty Rose, 10 cm, Filibabba","og_description":"Luftballong Rosa, 20 cm, Filibabba - skickas inom 24 timmar !\u00a0Inspirerande och vackra luftballonger f\u00f6r att dekorera barnrummet - k\u00f6p h\u00e4r-","og_url":"https:\/\/babylove.se\/no\/produkt\/luftballong-dusty-rose-10-cm-filibabba\/","og_site_name":"Babylove Norska","article_modified_time":"2026-04-08T08:37:50+00:00","og_image":[{"width":600,"height":600,"url":"https:\/\/babylove.se\/no\/wp-content\/uploads\/sites\/3\/2025\/07\/16032856755e736ed1f4207.jpeg","type":"image\/jpeg"}],"twitter_card":"summary_large_image","twitter_misc":{"Price":"249,00&nbsp;&#107;&#114;","Availability":"In stock"},"schema":{"@context":"https:\/\/schema.org","@graph":[{"@type":"WebPage","@id":"https:\/\/babylove.se\/no\/produkt\/luftballong-dusty-rose-10-cm-filibabba\/","url":"https:\/\/babylove.se\/no\/produkt\/luftballong-dusty-rose-10-cm-filibabba\/","name":"Luftballong Dusty Rose, 10 cm, Filibabba - Babylove Norska","isPartOf":{"@id":"https:\/\/babylove.se\/no\/#website"},"primaryImageOfPage":{"@id":"https:\/\/babylove.se\/no\/produkt\/luftballong-dusty-rose-10-cm-filibabba\/#primaryimage"},"image":{"@id":"https:\/\/babylove.se\/no\/produkt\/luftballong-dusty-rose-10-cm-filibabba\/#primaryimage"},"thumbnailUrl":"https:\/\/babylove.se\/no\/wp-content\/uploads\/sites\/3\/2025\/07\/16032856755e736ed1f4207.jpeg","datePublished":"2025-07-18T21:33:49+00:00","dateModified":"2026-04-08T08:37:50+00:00","description":"Luftballong Rosa, 20 cm, Filibabba - skickas inom 24 timmar !\u00a0Inspirerande och vackra luftballonger f\u00f6r att dekorera barnrummet - k\u00f6p h\u00e4r-","breadcrumb":{"@id":"https:\/\/babylove.se\/no\/produkt\/luftballong-dusty-rose-10-cm-filibabba\/#breadcrumb"},"inLanguage":"nb-NO","potentialAction":[{"@type":"ReadAction","target":["https:\/\/babylove.se\/no\/produkt\/luftballong-dusty-rose-10-cm-filibabba\/"]}]},{"@type":"ImageObject","inLanguage":"nb-NO","@id":"https:\/\/babylove.se\/no\/produkt\/luftballong-dusty-rose-10-cm-filibabba\/#primaryimage","url":"https:\/\/babylove.se\/no\/wp-content\/uploads\/sites\/3\/2025\/07\/16032856755e736ed1f4207.jpeg","contentUrl":"https:\/\/babylove.se\/no\/wp-content\/uploads\/sites\/3\/2025\/07\/16032856755e736ed1f4207.jpeg","width":600,"height":600},{"@type":"BreadcrumbList","@id":"https:\/\/babylove.se\/no\/produkt\/luftballong-dusty-rose-10-cm-filibabba\/#breadcrumb","itemListElement":[{"@type":"ListItem","position":1,"name":"Hem","item":"https:\/\/babylove.se\/no\/"},{"@type":"ListItem","position":2,"name":"Butik","item":"https:\/\/babylove.se\/no\/butik\/"},{"@type":"ListItem","position":3,"name":"Luftballong Dusty Rose, 10 cm, Filibabba"}]},{"@type":"WebSite","@id":"https:\/\/babylove.se\/no\/#website","url":"https:\/\/babylove.se\/no\/","name":"Babylove Norska","description":"","potentialAction":[{"@type":"SearchAction","target":{"@type":"EntryPoint","urlTemplate":"https:\/\/babylove.se\/no\/?s={search_term_string}"},"query-input":{"@type":"PropertyValueSpecification","valueRequired":true,"valueName":"search_term_string"}}],"inLanguage":"nb-NO"}]},"product_brand":"Filibabba","product_price_amount":"249.00","product_price_currency":"SEK","og_availability":"instock","product_availability":"instock","product_retailer_item_id":"FI-10D046","product_condition":"new"},"_links":{"self":[{"href":"https:\/\/babylove.se\/no\/wp-json\/wp\/v2\/product\/20275","targetHints":{"allow":["GET"]}}],"collection":[{"href":"https:\/\/babylove.se\/no\/wp-json\/wp\/v2\/product"}],"about":[{"href":"https:\/\/babylove.se\/no\/wp-json\/wp\/v2\/types\/product"}],"replies":[{"embeddable":true,"href":"https:\/\/babylove.se\/no\/wp-json\/wp\/v2\/comments?post=20275"}],"wp:featuredmedia":[{"embeddable":true,"href":"https:\/\/babylove.se\/no\/wp-json\/wp\/v2\/media\/20277"}],"wp:attachment":[{"href":"https:\/\/babylove.se\/no\/wp-json\/wp\/v2\/media?parent=20275"}],"wp:term":[{"taxonomy":"product_brand","embeddable":true,"href":"https:\/\/babylove.se\/no\/wp-json\/wp\/v2\/product_brand?post=20275"},{"taxonomy":"product_cat","embeddable":true,"href":"https:\/\/babylove.se\/no\/wp-json\/wp\/v2\/product_cat?post=20275"},{"taxonomy":"product_tag","embeddable":true,"href":"https:\/\/babylove.se\/no\/wp-json\/wp\/v2\/product_tag?post=20275"}],"curies":[{"name":"wp","href":"https:\/\/api.w.org\/{rel}","templated":true}]}}