{"id":20318,"date":"2025-07-18T22:34:15","date_gmt":"2025-07-18T21:34:15","guid":{"rendered":"https:\/\/babylove.se\/produkt\/jollein-dra-pa-lakan-spjalsang-120x60-ash-green\/"},"modified":"2026-04-08T09:38:10","modified_gmt":"2026-04-08T08:38:10","slug":"jollein-dra-pa-laken-sprinkelseng-120x60-ash-green","status":"publish","type":"product","link":"https:\/\/babylove.se\/no\/produkt\/jollein-dra-pa-laken-sprinkelseng-120x60-ash-green\/","title":{"rendered":"Jollein, strekklaken barneseng 120&#215;60, ash green"},"content":{"rendered":"<p>Et smart og fint strikklaken tilpasset spjelsenger eller barnesenger med madrassm\u00e5l 120&#215;60 cm. Stoffet er laget av fleksibel OEKO-Tex bomulls-jersey og er produsert av Jollein med hensyn til alle sikkerhetsforskrifter og regler, alt for barnets komfort uten \u00e5 g\u00e5 p\u00e5 kompromiss med sikkerheten. Et superbra laken rett og slett.&nbsp;<\/p>\n<p><strong>M\u00e5l<\/strong>:&nbsp;<\/p>\n<ul>\n<li>120&#215;60 cm &nbsp;(passer til madrasser mellom 60-70 cm bredde og 120-140 cm lang)<\/li>\n<\/ul>\n<p>Materiale: OEKO-Tex sertifisert bomulls-jersey&nbsp;<\/p>\n<p>Designer: <a href=\"https:\/\/babylove.se\/varumarken\/jollein\">Jollein<\/a><\/p>\n","protected":false},"excerpt":{"rendered":"<p>Et smart og fint strikklaken tilpasset spjelsenger eller barnesenger med madrassm\u00e5l 120&#215;60 cm. Stoffet er laget av fleksibel OEKO-Tex bomulls-jersey og er produsert av Jollein med hensyn til alle sikkerhetsforskrifter og regler, alt for barnets komfort uten \u00e5 g\u00e5 p\u00e5 kompromiss med sikkerheten. Et superbra laken rett og slett.&nbsp; M\u00e5l:&nbsp; 120&#215;60 cm &nbsp;(passer til madrasser [&hellip;]<\/p>\n","protected":false},"featured_media":20320,"comment_status":"closed","ping_status":"open","template":"","meta":{"_acf_changed":false},"product_brand":[810],"product_cat":[39,811,40],"product_tag":[],"class_list":{"0":"post-20318","1":"product","2":"type-product","3":"status-publish","4":"has-post-thumbnail","6":"product_brand-jollein","7":"product_cat-barnesangklaer","8":"product_cat-jollein","9":"product_cat-soverom-barn","11":"first","12":"outofstock","13":"taxable","14":"shipping-taxable","15":"purchasable","16":"product-type-simple"},"acf":[],"yoast_head":"<!-- This site is optimized with the Yoast SEO Premium plugin v25.8 (Yoast SEO v27.2) - https:\/\/yoast.com\/product\/yoast-seo-premium-wordpress\/ -->\n<title>Jollein, strekklaken barneseng 120x60, ash green - Babylove Norska<\/title>\n<meta name=\"robots\" content=\"noindex, follow, max-snippet:-1, max-image-preview:large, max-video-preview:-1\" \/>\n<meta property=\"og:locale\" content=\"nb_NO\" \/>\n<meta property=\"og:type\" content=\"article\" \/>\n<meta property=\"og:title\" content=\"Jollein, strekklaken barneseng 120x60, ash green\" \/>\n<meta property=\"og:description\" content=\"Et smart og fint strikklaken tilpasset spjelsenger eller barnesenger med madrassm\u00e5l 120&#215;60 cm. Stoffet er laget av fleksibel OEKO-Tex bomulls-jersey og er produsert av Jollein med hensyn til alle sikkerhetsforskrifter og regler, alt for barnets komfort uten \u00e5 g\u00e5 p\u00e5 kompromiss med sikkerheten. Et superbra laken rett og slett.&nbsp; M\u00e5l:&nbsp; 120&#215;60 cm &nbsp;(passer til madrasser [&hellip;]\" \/>\n<meta property=\"og:url\" content=\"https:\/\/babylove.se\/no\/produkt\/jollein-dra-pa-laken-sprinkelseng-120x60-ash-green\/\" \/>\n<meta property=\"og:site_name\" content=\"Babylove Norska\" \/>\n<meta property=\"article:modified_time\" content=\"2026-04-08T08:38:10+00:00\" \/>\n<meta property=\"og:image\" content=\"https:\/\/babylove.se\/no\/wp-content\/uploads\/sites\/3\/2025\/07\/6151bc8916876.jpeg\" \/>\n\t<meta property=\"og:image:width\" content=\"600\" \/>\n\t<meta property=\"og:image:height\" content=\"450\" \/>\n\t<meta property=\"og:image:type\" content=\"image\/jpeg\" \/>\n<meta name=\"twitter:card\" content=\"summary_large_image\" \/>\n<meta name=\"twitter:label1\" content=\"Price\" \/>\n\t<meta name=\"twitter:data1\" content=\"129,00&nbsp;&#107;&#114;\" \/>\n\t<meta name=\"twitter:label2\" content=\"Availability\" \/>\n\t<meta name=\"twitter:data2\" content=\"Out of stock\" \/>\n<script type=\"application\/ld+json\" class=\"yoast-schema-graph\">{\"@context\":\"https:\/\/schema.org\",\"@graph\":[{\"@type\":\"WebPage\",\"@id\":\"https:\/\/babylove.se\/no\/produkt\/jollein-dra-pa-laken-sprinkelseng-120x60-ash-green\/\",\"url\":\"https:\/\/babylove.se\/no\/produkt\/jollein-dra-pa-laken-sprinkelseng-120x60-ash-green\/\",\"name\":\"Jollein, strekklaken barneseng 120x60, ash green - Babylove Norska\",\"isPartOf\":{\"@id\":\"https:\/\/babylove.se\/no\/#website\"},\"primaryImageOfPage\":{\"@id\":\"https:\/\/babylove.se\/no\/produkt\/jollein-dra-pa-laken-sprinkelseng-120x60-ash-green\/#primaryimage\"},\"image\":{\"@id\":\"https:\/\/babylove.se\/no\/produkt\/jollein-dra-pa-laken-sprinkelseng-120x60-ash-green\/#primaryimage\"},\"thumbnailUrl\":\"https:\/\/babylove.se\/no\/wp-content\/uploads\/sites\/3\/2025\/07\/6151bc8916876.jpeg\",\"datePublished\":\"2025-07-18T21:34:15+00:00\",\"dateModified\":\"2026-04-08T08:38:10+00:00\",\"breadcrumb\":{\"@id\":\"https:\/\/babylove.se\/no\/produkt\/jollein-dra-pa-laken-sprinkelseng-120x60-ash-green\/#breadcrumb\"},\"inLanguage\":\"nb-NO\",\"potentialAction\":[{\"@type\":\"ReadAction\",\"target\":[\"https:\/\/babylove.se\/no\/produkt\/jollein-dra-pa-laken-sprinkelseng-120x60-ash-green\/\"]}]},{\"@type\":\"ImageObject\",\"inLanguage\":\"nb-NO\",\"@id\":\"https:\/\/babylove.se\/no\/produkt\/jollein-dra-pa-laken-sprinkelseng-120x60-ash-green\/#primaryimage\",\"url\":\"https:\/\/babylove.se\/no\/wp-content\/uploads\/sites\/3\/2025\/07\/6151bc8916876.jpeg\",\"contentUrl\":\"https:\/\/babylove.se\/no\/wp-content\/uploads\/sites\/3\/2025\/07\/6151bc8916876.jpeg\",\"width\":600,\"height\":450},{\"@type\":\"BreadcrumbList\",\"@id\":\"https:\/\/babylove.se\/no\/produkt\/jollein-dra-pa-laken-sprinkelseng-120x60-ash-green\/#breadcrumb\",\"itemListElement\":[{\"@type\":\"ListItem\",\"position\":1,\"name\":\"Hem\",\"item\":\"https:\/\/babylove.se\/no\/\"},{\"@type\":\"ListItem\",\"position\":2,\"name\":\"Butik\",\"item\":\"https:\/\/babylove.se\/no\/butik\/\"},{\"@type\":\"ListItem\",\"position\":3,\"name\":\"Jollein, strekklaken barneseng 120&#215;60, ash green\"}]},{\"@type\":\"WebSite\",\"@id\":\"https:\/\/babylove.se\/no\/#website\",\"url\":\"https:\/\/babylove.se\/no\/\",\"name\":\"Babylove Norska\",\"description\":\"\",\"potentialAction\":[{\"@type\":\"SearchAction\",\"target\":{\"@type\":\"EntryPoint\",\"urlTemplate\":\"https:\/\/babylove.se\/no\/?s={search_term_string}\"},\"query-input\":{\"@type\":\"PropertyValueSpecification\",\"valueRequired\":true,\"valueName\":\"search_term_string\"}}],\"inLanguage\":\"nb-NO\"}]}<\/script>\n<meta property=\"product:brand\" content=\"Jollein\" \/>\n<meta property=\"product:price:amount\" content=\"129.00\" \/>\n<meta property=\"product:price:currency\" content=\"SEK\" \/>\n<meta property=\"og:availability\" content=\"out of stock\" \/>\n<meta property=\"product:availability\" content=\"out of stock\" \/>\n<meta property=\"product:retailer_item_id\" content=\"511-507-00095\" \/>\n<meta property=\"product:condition\" content=\"new\" \/>\n<!-- \/ Yoast SEO Premium plugin. -->","yoast_head_json":{"title":"Jollein, strekklaken barneseng 120x60, ash green - Babylove Norska","robots":{"index":"noindex","follow":"follow","max-snippet":"max-snippet:-1","max-image-preview":"max-image-preview:large","max-video-preview":"max-video-preview:-1"},"og_locale":"nb_NO","og_type":"article","og_title":"Jollein, strekklaken barneseng 120x60, ash green","og_description":"Et smart og fint strikklaken tilpasset spjelsenger eller barnesenger med madrassm\u00e5l 120&#215;60 cm. Stoffet er laget av fleksibel OEKO-Tex bomulls-jersey og er produsert av Jollein med hensyn til alle sikkerhetsforskrifter og regler, alt for barnets komfort uten \u00e5 g\u00e5 p\u00e5 kompromiss med sikkerheten. Et superbra laken rett og slett.&nbsp; M\u00e5l:&nbsp; 120&#215;60 cm &nbsp;(passer til madrasser [&hellip;]","og_url":"https:\/\/babylove.se\/no\/produkt\/jollein-dra-pa-laken-sprinkelseng-120x60-ash-green\/","og_site_name":"Babylove Norska","article_modified_time":"2026-04-08T08:38:10+00:00","og_image":[{"width":600,"height":450,"url":"https:\/\/babylove.se\/no\/wp-content\/uploads\/sites\/3\/2025\/07\/6151bc8916876.jpeg","type":"image\/jpeg"}],"twitter_card":"summary_large_image","twitter_misc":{"Price":"129,00&nbsp;&#107;&#114;","Availability":"Out of stock"},"schema":{"@context":"https:\/\/schema.org","@graph":[{"@type":"WebPage","@id":"https:\/\/babylove.se\/no\/produkt\/jollein-dra-pa-laken-sprinkelseng-120x60-ash-green\/","url":"https:\/\/babylove.se\/no\/produkt\/jollein-dra-pa-laken-sprinkelseng-120x60-ash-green\/","name":"Jollein, strekklaken barneseng 120x60, ash green - Babylove Norska","isPartOf":{"@id":"https:\/\/babylove.se\/no\/#website"},"primaryImageOfPage":{"@id":"https:\/\/babylove.se\/no\/produkt\/jollein-dra-pa-laken-sprinkelseng-120x60-ash-green\/#primaryimage"},"image":{"@id":"https:\/\/babylove.se\/no\/produkt\/jollein-dra-pa-laken-sprinkelseng-120x60-ash-green\/#primaryimage"},"thumbnailUrl":"https:\/\/babylove.se\/no\/wp-content\/uploads\/sites\/3\/2025\/07\/6151bc8916876.jpeg","datePublished":"2025-07-18T21:34:15+00:00","dateModified":"2026-04-08T08:38:10+00:00","breadcrumb":{"@id":"https:\/\/babylove.se\/no\/produkt\/jollein-dra-pa-laken-sprinkelseng-120x60-ash-green\/#breadcrumb"},"inLanguage":"nb-NO","potentialAction":[{"@type":"ReadAction","target":["https:\/\/babylove.se\/no\/produkt\/jollein-dra-pa-laken-sprinkelseng-120x60-ash-green\/"]}]},{"@type":"ImageObject","inLanguage":"nb-NO","@id":"https:\/\/babylove.se\/no\/produkt\/jollein-dra-pa-laken-sprinkelseng-120x60-ash-green\/#primaryimage","url":"https:\/\/babylove.se\/no\/wp-content\/uploads\/sites\/3\/2025\/07\/6151bc8916876.jpeg","contentUrl":"https:\/\/babylove.se\/no\/wp-content\/uploads\/sites\/3\/2025\/07\/6151bc8916876.jpeg","width":600,"height":450},{"@type":"BreadcrumbList","@id":"https:\/\/babylove.se\/no\/produkt\/jollein-dra-pa-laken-sprinkelseng-120x60-ash-green\/#breadcrumb","itemListElement":[{"@type":"ListItem","position":1,"name":"Hem","item":"https:\/\/babylove.se\/no\/"},{"@type":"ListItem","position":2,"name":"Butik","item":"https:\/\/babylove.se\/no\/butik\/"},{"@type":"ListItem","position":3,"name":"Jollein, strekklaken barneseng 120&#215;60, ash green"}]},{"@type":"WebSite","@id":"https:\/\/babylove.se\/no\/#website","url":"https:\/\/babylove.se\/no\/","name":"Babylove Norska","description":"","potentialAction":[{"@type":"SearchAction","target":{"@type":"EntryPoint","urlTemplate":"https:\/\/babylove.se\/no\/?s={search_term_string}"},"query-input":{"@type":"PropertyValueSpecification","valueRequired":true,"valueName":"search_term_string"}}],"inLanguage":"nb-NO"}]},"product_brand":"Jollein","product_price_amount":"129.00","product_price_currency":"SEK","og_availability":"out of stock","product_availability":"out of stock","product_retailer_item_id":"511-507-00095","product_condition":"new"},"_links":{"self":[{"href":"https:\/\/babylove.se\/no\/wp-json\/wp\/v2\/product\/20318","targetHints":{"allow":["GET"]}}],"collection":[{"href":"https:\/\/babylove.se\/no\/wp-json\/wp\/v2\/product"}],"about":[{"href":"https:\/\/babylove.se\/no\/wp-json\/wp\/v2\/types\/product"}],"replies":[{"embeddable":true,"href":"https:\/\/babylove.se\/no\/wp-json\/wp\/v2\/comments?post=20318"}],"wp:featuredmedia":[{"embeddable":true,"href":"https:\/\/babylove.se\/no\/wp-json\/wp\/v2\/media\/20320"}],"wp:attachment":[{"href":"https:\/\/babylove.se\/no\/wp-json\/wp\/v2\/media?parent=20318"}],"wp:term":[{"taxonomy":"product_brand","embeddable":true,"href":"https:\/\/babylove.se\/no\/wp-json\/wp\/v2\/product_brand?post=20318"},{"taxonomy":"product_cat","embeddable":true,"href":"https:\/\/babylove.se\/no\/wp-json\/wp\/v2\/product_cat?post=20318"},{"taxonomy":"product_tag","embeddable":true,"href":"https:\/\/babylove.se\/no\/wp-json\/wp\/v2\/product_tag?post=20318"}],"curies":[{"name":"wp","href":"https:\/\/api.w.org\/{rel}","templated":true}]}}