{"id":2032,"date":"2025-07-18T20:05:41","date_gmt":"2025-07-18T19:05:41","guid":{"rendered":"https:\/\/babylove.se\/produkt\/spegel-anglavingar-till-barnrummet\/"},"modified":"2026-04-08T07:47:42","modified_gmt":"2026-04-08T06:47:42","slug":"speil-englesvinger-til-barnerommet","status":"publish","type":"product","link":"https:\/\/babylove.se\/no\/produkt\/speil-englesvinger-til-barnerommet\/","title":{"rendered":"Speil Englevinger til barnerommet"},"content":{"rendered":"<p>Superfint barnespeil i form av englevinger. En fantastisk dekorasjon til barnerommet og en fin innredningsdetalj. Enkelt \u00e5 henge opp p\u00e5 veggen ved hjelp av metallkroken.&nbsp;<\/p>\n<p>I tillegg et lettvektsspeil som gj\u00f8r det smidig og trygt i barnerommet.&nbsp;<\/p>\n<p><strong>M\u00e5l<\/strong>: 36 x 38 cm.<\/p>\n<p>Materiale: 100 &nbsp;% Akryl<\/p>\n<p>Produsert i EU.<\/p>\n","protected":false},"excerpt":{"rendered":"<p>Superfint barnespeil i form av englevinger. En fantastisk dekorasjon til barnerommet og en fin innredningsdetalj. Enkelt \u00e5 henge opp p\u00e5 veggen ved hjelp av metallkroken.&nbsp; I tillegg et lettvektsspeil som gj\u00f8r det smidig og trygt i barnerommet.&nbsp; M\u00e5l: 36 x 38 cm. Materiale: 100 &nbsp;% Akryl Produsert i EU.<\/p>\n","protected":false},"featured_media":2034,"comment_status":"closed","ping_status":"open","template":"","meta":{"_acf_changed":false},"product_brand":[22],"product_cat":[84,102,103],"product_tag":[],"class_list":{"0":"post-2032","1":"product","2":"type-product","3":"status-publish","4":"has-post-thumbnail","6":"product_brand-babylove","7":"product_cat-babylove","8":"product_cat-barnspeil","9":"product_cat-barnspeil-fra-149-kr-babylove","11":"first","12":"instock","13":"taxable","14":"shipping-taxable","15":"purchasable","16":"product-type-simple"},"acf":[],"yoast_head":"<!-- This site is optimized with the Yoast SEO Premium plugin v25.8 (Yoast SEO v27.2) - https:\/\/yoast.com\/product\/yoast-seo-premium-wordpress\/ -->\n<title>Speil Englevinger til barnerommet - Babylove Norska<\/title>\n<meta name=\"description\" content=\"En vacker dekortation i barnrummet gjord i akryl som d\u00e4rf\u00f6r \u00e4r l\u00e4ttviktig och kross\u00e4ker - 14 dagars \u00f6ppet k\u00f6p - Fri frakt \u00f6ver 999 kr - K\u00f6p den h\u00e4r!r !\" \/>\n<meta name=\"robots\" content=\"noindex, follow, max-snippet:-1, max-image-preview:large, max-video-preview:-1\" \/>\n<meta property=\"og:locale\" content=\"nb_NO\" \/>\n<meta property=\"og:type\" content=\"article\" \/>\n<meta property=\"og:title\" content=\"Speil Englevinger til barnerommet\" \/>\n<meta property=\"og:description\" content=\"En vacker dekortation i barnrummet gjord i akryl som d\u00e4rf\u00f6r \u00e4r l\u00e4ttviktig och kross\u00e4ker - 14 dagars \u00f6ppet k\u00f6p - Fri frakt \u00f6ver 999 kr - K\u00f6p den h\u00e4r!r !\" \/>\n<meta property=\"og:url\" content=\"https:\/\/babylove.se\/no\/produkt\/speil-englesvinger-til-barnerommet\/\" \/>\n<meta property=\"og:site_name\" content=\"Babylove Norska\" \/>\n<meta property=\"article:modified_time\" content=\"2026-04-08T06:47:42+00:00\" \/>\n<meta property=\"og:image\" content=\"https:\/\/babylove.se\/no\/wp-content\/uploads\/sites\/3\/2025\/07\/5d6433deb7f97.jpeg\" \/>\n\t<meta property=\"og:image:width\" content=\"750\" \/>\n\t<meta property=\"og:image:height\" content=\"750\" \/>\n\t<meta property=\"og:image:type\" content=\"image\/jpeg\" \/>\n<meta name=\"twitter:card\" content=\"summary_large_image\" \/>\n<meta name=\"twitter:label1\" content=\"Price\" \/>\n\t<meta name=\"twitter:data1\" content=\"249,00&nbsp;&#107;&#114;\" \/>\n\t<meta name=\"twitter:label2\" content=\"Availability\" \/>\n\t<meta name=\"twitter:data2\" content=\"In stock\" \/>\n<script type=\"application\/ld+json\" class=\"yoast-schema-graph\">{\"@context\":\"https:\/\/schema.org\",\"@graph\":[{\"@type\":\"WebPage\",\"@id\":\"https:\/\/babylove.se\/no\/produkt\/speil-englesvinger-til-barnerommet\/\",\"url\":\"https:\/\/babylove.se\/no\/produkt\/speil-englesvinger-til-barnerommet\/\",\"name\":\"Speil Englevinger til barnerommet - Babylove Norska\",\"isPartOf\":{\"@id\":\"https:\/\/babylove.se\/no\/#website\"},\"primaryImageOfPage\":{\"@id\":\"https:\/\/babylove.se\/no\/produkt\/speil-englesvinger-til-barnerommet\/#primaryimage\"},\"image\":{\"@id\":\"https:\/\/babylove.se\/no\/produkt\/speil-englesvinger-til-barnerommet\/#primaryimage\"},\"thumbnailUrl\":\"https:\/\/babylove.se\/no\/wp-content\/uploads\/sites\/3\/2025\/07\/5d6433deb7f97.jpeg\",\"datePublished\":\"2025-07-18T19:05:41+00:00\",\"dateModified\":\"2026-04-08T06:47:42+00:00\",\"description\":\"En vacker dekortation i barnrummet gjord i akryl som d\u00e4rf\u00f6r \u00e4r l\u00e4ttviktig och kross\u00e4ker - 14 dagars \u00f6ppet k\u00f6p - Fri frakt \u00f6ver 999 kr - K\u00f6p den h\u00e4r!r !\",\"breadcrumb\":{\"@id\":\"https:\/\/babylove.se\/no\/produkt\/speil-englesvinger-til-barnerommet\/#breadcrumb\"},\"inLanguage\":\"nb-NO\",\"potentialAction\":[{\"@type\":\"ReadAction\",\"target\":[\"https:\/\/babylove.se\/no\/produkt\/speil-englesvinger-til-barnerommet\/\"]}]},{\"@type\":\"ImageObject\",\"inLanguage\":\"nb-NO\",\"@id\":\"https:\/\/babylove.se\/no\/produkt\/speil-englesvinger-til-barnerommet\/#primaryimage\",\"url\":\"https:\/\/babylove.se\/no\/wp-content\/uploads\/sites\/3\/2025\/07\/5d6433deb7f97.jpeg\",\"contentUrl\":\"https:\/\/babylove.se\/no\/wp-content\/uploads\/sites\/3\/2025\/07\/5d6433deb7f97.jpeg\",\"width\":750,\"height\":750},{\"@type\":\"BreadcrumbList\",\"@id\":\"https:\/\/babylove.se\/no\/produkt\/speil-englesvinger-til-barnerommet\/#breadcrumb\",\"itemListElement\":[{\"@type\":\"ListItem\",\"position\":1,\"name\":\"Hem\",\"item\":\"https:\/\/babylove.se\/no\/\"},{\"@type\":\"ListItem\",\"position\":2,\"name\":\"Butik\",\"item\":\"https:\/\/babylove.se\/no\/butik\/\"},{\"@type\":\"ListItem\",\"position\":3,\"name\":\"Speil Englevinger til barnerommet\"}]},{\"@type\":\"WebSite\",\"@id\":\"https:\/\/babylove.se\/no\/#website\",\"url\":\"https:\/\/babylove.se\/no\/\",\"name\":\"Babylove Norska\",\"description\":\"\",\"potentialAction\":[{\"@type\":\"SearchAction\",\"target\":{\"@type\":\"EntryPoint\",\"urlTemplate\":\"https:\/\/babylove.se\/no\/?s={search_term_string}\"},\"query-input\":{\"@type\":\"PropertyValueSpecification\",\"valueRequired\":true,\"valueName\":\"search_term_string\"}}],\"inLanguage\":\"nb-NO\"}]}<\/script>\n<meta property=\"product:brand\" content=\"Babylove\" \/>\n<meta property=\"product:price:amount\" content=\"249.00\" \/>\n<meta property=\"product:price:currency\" content=\"SEK\" \/>\n<meta property=\"og:availability\" content=\"instock\" \/>\n<meta property=\"product:availability\" content=\"instock\" \/>\n<meta property=\"product:retailer_item_id\" content=\"SPE00009996\" \/>\n<meta property=\"product:condition\" content=\"new\" \/>\n<!-- \/ Yoast SEO Premium plugin. -->","yoast_head_json":{"title":"Speil Englevinger til barnerommet - Babylove Norska","description":"En vacker dekortation i barnrummet gjord i akryl som d\u00e4rf\u00f6r \u00e4r l\u00e4ttviktig och kross\u00e4ker - 14 dagars \u00f6ppet k\u00f6p - Fri frakt \u00f6ver 999 kr - K\u00f6p den h\u00e4r!r !","robots":{"index":"noindex","follow":"follow","max-snippet":"max-snippet:-1","max-image-preview":"max-image-preview:large","max-video-preview":"max-video-preview:-1"},"og_locale":"nb_NO","og_type":"article","og_title":"Speil Englevinger til barnerommet","og_description":"En vacker dekortation i barnrummet gjord i akryl som d\u00e4rf\u00f6r \u00e4r l\u00e4ttviktig och kross\u00e4ker - 14 dagars \u00f6ppet k\u00f6p - Fri frakt \u00f6ver 999 kr - K\u00f6p den h\u00e4r!r !","og_url":"https:\/\/babylove.se\/no\/produkt\/speil-englesvinger-til-barnerommet\/","og_site_name":"Babylove Norska","article_modified_time":"2026-04-08T06:47:42+00:00","og_image":[{"width":750,"height":750,"url":"https:\/\/babylove.se\/no\/wp-content\/uploads\/sites\/3\/2025\/07\/5d6433deb7f97.jpeg","type":"image\/jpeg"}],"twitter_card":"summary_large_image","twitter_misc":{"Price":"249,00&nbsp;&#107;&#114;","Availability":"In stock"},"schema":{"@context":"https:\/\/schema.org","@graph":[{"@type":"WebPage","@id":"https:\/\/babylove.se\/no\/produkt\/speil-englesvinger-til-barnerommet\/","url":"https:\/\/babylove.se\/no\/produkt\/speil-englesvinger-til-barnerommet\/","name":"Speil Englevinger til barnerommet - Babylove Norska","isPartOf":{"@id":"https:\/\/babylove.se\/no\/#website"},"primaryImageOfPage":{"@id":"https:\/\/babylove.se\/no\/produkt\/speil-englesvinger-til-barnerommet\/#primaryimage"},"image":{"@id":"https:\/\/babylove.se\/no\/produkt\/speil-englesvinger-til-barnerommet\/#primaryimage"},"thumbnailUrl":"https:\/\/babylove.se\/no\/wp-content\/uploads\/sites\/3\/2025\/07\/5d6433deb7f97.jpeg","datePublished":"2025-07-18T19:05:41+00:00","dateModified":"2026-04-08T06:47:42+00:00","description":"En vacker dekortation i barnrummet gjord i akryl som d\u00e4rf\u00f6r \u00e4r l\u00e4ttviktig och kross\u00e4ker - 14 dagars \u00f6ppet k\u00f6p - Fri frakt \u00f6ver 999 kr - K\u00f6p den h\u00e4r!r !","breadcrumb":{"@id":"https:\/\/babylove.se\/no\/produkt\/speil-englesvinger-til-barnerommet\/#breadcrumb"},"inLanguage":"nb-NO","potentialAction":[{"@type":"ReadAction","target":["https:\/\/babylove.se\/no\/produkt\/speil-englesvinger-til-barnerommet\/"]}]},{"@type":"ImageObject","inLanguage":"nb-NO","@id":"https:\/\/babylove.se\/no\/produkt\/speil-englesvinger-til-barnerommet\/#primaryimage","url":"https:\/\/babylove.se\/no\/wp-content\/uploads\/sites\/3\/2025\/07\/5d6433deb7f97.jpeg","contentUrl":"https:\/\/babylove.se\/no\/wp-content\/uploads\/sites\/3\/2025\/07\/5d6433deb7f97.jpeg","width":750,"height":750},{"@type":"BreadcrumbList","@id":"https:\/\/babylove.se\/no\/produkt\/speil-englesvinger-til-barnerommet\/#breadcrumb","itemListElement":[{"@type":"ListItem","position":1,"name":"Hem","item":"https:\/\/babylove.se\/no\/"},{"@type":"ListItem","position":2,"name":"Butik","item":"https:\/\/babylove.se\/no\/butik\/"},{"@type":"ListItem","position":3,"name":"Speil Englevinger til barnerommet"}]},{"@type":"WebSite","@id":"https:\/\/babylove.se\/no\/#website","url":"https:\/\/babylove.se\/no\/","name":"Babylove Norska","description":"","potentialAction":[{"@type":"SearchAction","target":{"@type":"EntryPoint","urlTemplate":"https:\/\/babylove.se\/no\/?s={search_term_string}"},"query-input":{"@type":"PropertyValueSpecification","valueRequired":true,"valueName":"search_term_string"}}],"inLanguage":"nb-NO"}]},"product_brand":"Babylove","product_price_amount":"249.00","product_price_currency":"SEK","og_availability":"instock","product_availability":"instock","product_retailer_item_id":"SPE00009996","product_condition":"new"},"_links":{"self":[{"href":"https:\/\/babylove.se\/no\/wp-json\/wp\/v2\/product\/2032","targetHints":{"allow":["GET"]}}],"collection":[{"href":"https:\/\/babylove.se\/no\/wp-json\/wp\/v2\/product"}],"about":[{"href":"https:\/\/babylove.se\/no\/wp-json\/wp\/v2\/types\/product"}],"replies":[{"embeddable":true,"href":"https:\/\/babylove.se\/no\/wp-json\/wp\/v2\/comments?post=2032"}],"wp:featuredmedia":[{"embeddable":true,"href":"https:\/\/babylove.se\/no\/wp-json\/wp\/v2\/media\/2034"}],"wp:attachment":[{"href":"https:\/\/babylove.se\/no\/wp-json\/wp\/v2\/media?parent=2032"}],"wp:term":[{"taxonomy":"product_brand","embeddable":true,"href":"https:\/\/babylove.se\/no\/wp-json\/wp\/v2\/product_brand?post=2032"},{"taxonomy":"product_cat","embeddable":true,"href":"https:\/\/babylove.se\/no\/wp-json\/wp\/v2\/product_cat?post=2032"},{"taxonomy":"product_tag","embeddable":true,"href":"https:\/\/babylove.se\/no\/wp-json\/wp\/v2\/product_tag?post=2032"}],"curies":[{"name":"wp","href":"https:\/\/api.w.org\/{rel}","templated":true}]}}