{"id":20328,"date":"2025-07-18T22:34:15","date_gmt":"2025-07-18T21:34:15","guid":{"rendered":"https:\/\/babylove.se\/produkt\/jollein-muslinfilt-70x70-cm-bloom-3-pack\/"},"modified":"2026-04-08T09:38:16","modified_gmt":"2026-04-08T08:38:16","slug":"jollein-muslinfilt-70x70-cm-bloom-3-pack","status":"publish","type":"product","link":"https:\/\/babylove.se\/no\/produkt\/jollein-muslinfilt-70x70-cm-bloom-3-pack\/","title":{"rendered":"Jollein, muslinfilt 70&#215;70 cm , Bloom 3-pakk"},"content":{"rendered":"<p>Oppskriften for det perfekte koseklut? Ved \u00e5 kombinere myke bomullsfibre og bambus, skaper man det optimale koseklut. Fargevalgene er barnesikre og teppet er deilig koselig \u00e5 ha n\u00e6r seg. B\u00e5de barnet og foreldrene kommer til \u00e5 elske disse magiske koseklutene. <\/p>\n<p>Materiale: 60 % bomull og 40 % bambus. <\/p>\n<p>M\u00e5l: 70 x 70 centimeter. Kommer i sett med tre koseklut. <\/p>\n<p>T\u00e5ler maskinvask i opptil 40 grader.<\/p>\n","protected":false},"excerpt":{"rendered":"<p>Oppskriften for det perfekte koseklut? Ved \u00e5 kombinere myke bomullsfibre og bambus, skaper man det optimale koseklut. Fargevalgene er barnesikre og teppet er deilig koselig \u00e5 ha n\u00e6r seg. B\u00e5de barnet og foreldrene kommer til \u00e5 elske disse magiske koseklutene. Materiale: 60 % bomull og 40 % bambus. M\u00e5l: 70 x 70 centimeter. Kommer i [&hellip;]<\/p>\n","protected":false},"featured_media":20330,"comment_status":"closed","ping_status":"closed","template":"","meta":{"_acf_changed":false},"product_brand":[810],"product_cat":[42,811,49,294],"product_tag":[],"class_list":{"0":"post-20328","1":"product","2":"type-product","3":"status-publish","4":"has-post-thumbnail","6":"product_brand-jollein","7":"product_cat-babyteppe","8":"product_cat-jollein","9":"product_cat-snutetepper","10":"product_cat-vaskekluter","12":"first","13":"outofstock","14":"taxable","15":"shipping-taxable","16":"purchasable","17":"product-type-simple"},"acf":[],"yoast_head":"<!-- This site is optimized with the Yoast SEO Premium plugin v25.8 (Yoast SEO v27.2) - https:\/\/yoast.com\/product\/yoast-seo-premium-wordpress\/ -->\n<title>Jollein, muslinfilt 70x70 cm , Bloom 3-pakk - Babylove Norska<\/title>\n<meta name=\"robots\" content=\"noindex, follow, max-snippet:-1, max-image-preview:large, max-video-preview:-1\" \/>\n<meta property=\"og:locale\" content=\"nb_NO\" \/>\n<meta property=\"og:type\" content=\"article\" \/>\n<meta property=\"og:title\" content=\"Jollein, muslinfilt 70x70 cm , Bloom 3-pakk\" \/>\n<meta property=\"og:description\" content=\"Oppskriften for det perfekte koseklut? Ved \u00e5 kombinere myke bomullsfibre og bambus, skaper man det optimale koseklut. Fargevalgene er barnesikre og teppet er deilig koselig \u00e5 ha n\u00e6r seg. B\u00e5de barnet og foreldrene kommer til \u00e5 elske disse magiske koseklutene. Materiale: 60 % bomull og 40 % bambus. M\u00e5l: 70 x 70 centimeter. Kommer i [&hellip;]\" \/>\n<meta property=\"og:url\" content=\"https:\/\/babylove.se\/no\/produkt\/jollein-muslinfilt-70x70-cm-bloom-3-pack\/\" \/>\n<meta property=\"og:site_name\" content=\"Babylove Norska\" \/>\n<meta property=\"article:modified_time\" content=\"2026-04-08T08:38:16+00:00\" \/>\n<meta property=\"og:image\" content=\"https:\/\/babylove.se\/no\/wp-content\/uploads\/sites\/3\/2025\/07\/5f9095b5654bc.png\" \/>\n\t<meta property=\"og:image:width\" content=\"750\" \/>\n\t<meta property=\"og:image:height\" content=\"703\" \/>\n\t<meta property=\"og:image:type\" content=\"image\/png\" \/>\n<meta name=\"twitter:card\" content=\"summary_large_image\" \/>\n<meta name=\"twitter:label1\" content=\"Price\" \/>\n\t<meta name=\"twitter:data1\" content=\"159,00&nbsp;&#107;&#114;\" \/>\n\t<meta name=\"twitter:label2\" content=\"Availability\" \/>\n\t<meta name=\"twitter:data2\" content=\"Out of stock\" \/>\n<script type=\"application\/ld+json\" class=\"yoast-schema-graph\">{\"@context\":\"https:\/\/schema.org\",\"@graph\":[{\"@type\":\"WebPage\",\"@id\":\"https:\/\/babylove.se\/no\/produkt\/jollein-muslinfilt-70x70-cm-bloom-3-pack\/\",\"url\":\"https:\/\/babylove.se\/no\/produkt\/jollein-muslinfilt-70x70-cm-bloom-3-pack\/\",\"name\":\"Jollein, muslinfilt 70x70 cm , Bloom 3-pakk - Babylove Norska\",\"isPartOf\":{\"@id\":\"https:\/\/babylove.se\/no\/#website\"},\"primaryImageOfPage\":{\"@id\":\"https:\/\/babylove.se\/no\/produkt\/jollein-muslinfilt-70x70-cm-bloom-3-pack\/#primaryimage\"},\"image\":{\"@id\":\"https:\/\/babylove.se\/no\/produkt\/jollein-muslinfilt-70x70-cm-bloom-3-pack\/#primaryimage\"},\"thumbnailUrl\":\"https:\/\/babylove.se\/no\/wp-content\/uploads\/sites\/3\/2025\/07\/5f9095b5654bc.png\",\"datePublished\":\"2025-07-18T21:34:15+00:00\",\"dateModified\":\"2026-04-08T08:38:16+00:00\",\"breadcrumb\":{\"@id\":\"https:\/\/babylove.se\/no\/produkt\/jollein-muslinfilt-70x70-cm-bloom-3-pack\/#breadcrumb\"},\"inLanguage\":\"nb-NO\",\"potentialAction\":[{\"@type\":\"ReadAction\",\"target\":[\"https:\/\/babylove.se\/no\/produkt\/jollein-muslinfilt-70x70-cm-bloom-3-pack\/\"]}]},{\"@type\":\"ImageObject\",\"inLanguage\":\"nb-NO\",\"@id\":\"https:\/\/babylove.se\/no\/produkt\/jollein-muslinfilt-70x70-cm-bloom-3-pack\/#primaryimage\",\"url\":\"https:\/\/babylove.se\/no\/wp-content\/uploads\/sites\/3\/2025\/07\/5f9095b5654bc.png\",\"contentUrl\":\"https:\/\/babylove.se\/no\/wp-content\/uploads\/sites\/3\/2025\/07\/5f9095b5654bc.png\",\"width\":750,\"height\":703},{\"@type\":\"BreadcrumbList\",\"@id\":\"https:\/\/babylove.se\/no\/produkt\/jollein-muslinfilt-70x70-cm-bloom-3-pack\/#breadcrumb\",\"itemListElement\":[{\"@type\":\"ListItem\",\"position\":1,\"name\":\"Hem\",\"item\":\"https:\/\/babylove.se\/no\/\"},{\"@type\":\"ListItem\",\"position\":2,\"name\":\"Butik\",\"item\":\"https:\/\/babylove.se\/no\/butik\/\"},{\"@type\":\"ListItem\",\"position\":3,\"name\":\"Jollein, muslinfilt 70&#215;70 cm , Bloom 3-pakk\"}]},{\"@type\":\"WebSite\",\"@id\":\"https:\/\/babylove.se\/no\/#website\",\"url\":\"https:\/\/babylove.se\/no\/\",\"name\":\"Babylove Norska\",\"description\":\"\",\"potentialAction\":[{\"@type\":\"SearchAction\",\"target\":{\"@type\":\"EntryPoint\",\"urlTemplate\":\"https:\/\/babylove.se\/no\/?s={search_term_string}\"},\"query-input\":{\"@type\":\"PropertyValueSpecification\",\"valueRequired\":true,\"valueName\":\"search_term_string\"}}],\"inLanguage\":\"nb-NO\"}]}<\/script>\n<meta property=\"product:brand\" content=\"Jollein\" \/>\n<meta property=\"product:price:amount\" content=\"159.00\" \/>\n<meta property=\"product:price:currency\" content=\"SEK\" \/>\n<meta property=\"og:availability\" content=\"out of stock\" \/>\n<meta property=\"product:availability\" content=\"out of stock\" \/>\n<meta property=\"product:retailer_item_id\" content=\"535-855-65348\" \/>\n<meta property=\"product:condition\" content=\"new\" \/>\n<!-- \/ Yoast SEO Premium plugin. -->","yoast_head_json":{"title":"Jollein, muslinfilt 70x70 cm , Bloom 3-pakk - Babylove Norska","robots":{"index":"noindex","follow":"follow","max-snippet":"max-snippet:-1","max-image-preview":"max-image-preview:large","max-video-preview":"max-video-preview:-1"},"og_locale":"nb_NO","og_type":"article","og_title":"Jollein, muslinfilt 70x70 cm , Bloom 3-pakk","og_description":"Oppskriften for det perfekte koseklut? Ved \u00e5 kombinere myke bomullsfibre og bambus, skaper man det optimale koseklut. Fargevalgene er barnesikre og teppet er deilig koselig \u00e5 ha n\u00e6r seg. B\u00e5de barnet og foreldrene kommer til \u00e5 elske disse magiske koseklutene. Materiale: 60 % bomull og 40 % bambus. M\u00e5l: 70 x 70 centimeter. Kommer i [&hellip;]","og_url":"https:\/\/babylove.se\/no\/produkt\/jollein-muslinfilt-70x70-cm-bloom-3-pack\/","og_site_name":"Babylove Norska","article_modified_time":"2026-04-08T08:38:16+00:00","og_image":[{"width":750,"height":703,"url":"https:\/\/babylove.se\/no\/wp-content\/uploads\/sites\/3\/2025\/07\/5f9095b5654bc.png","type":"image\/png"}],"twitter_card":"summary_large_image","twitter_misc":{"Price":"159,00&nbsp;&#107;&#114;","Availability":"Out of stock"},"schema":{"@context":"https:\/\/schema.org","@graph":[{"@type":"WebPage","@id":"https:\/\/babylove.se\/no\/produkt\/jollein-muslinfilt-70x70-cm-bloom-3-pack\/","url":"https:\/\/babylove.se\/no\/produkt\/jollein-muslinfilt-70x70-cm-bloom-3-pack\/","name":"Jollein, muslinfilt 70x70 cm , Bloom 3-pakk - Babylove Norska","isPartOf":{"@id":"https:\/\/babylove.se\/no\/#website"},"primaryImageOfPage":{"@id":"https:\/\/babylove.se\/no\/produkt\/jollein-muslinfilt-70x70-cm-bloom-3-pack\/#primaryimage"},"image":{"@id":"https:\/\/babylove.se\/no\/produkt\/jollein-muslinfilt-70x70-cm-bloom-3-pack\/#primaryimage"},"thumbnailUrl":"https:\/\/babylove.se\/no\/wp-content\/uploads\/sites\/3\/2025\/07\/5f9095b5654bc.png","datePublished":"2025-07-18T21:34:15+00:00","dateModified":"2026-04-08T08:38:16+00:00","breadcrumb":{"@id":"https:\/\/babylove.se\/no\/produkt\/jollein-muslinfilt-70x70-cm-bloom-3-pack\/#breadcrumb"},"inLanguage":"nb-NO","potentialAction":[{"@type":"ReadAction","target":["https:\/\/babylove.se\/no\/produkt\/jollein-muslinfilt-70x70-cm-bloom-3-pack\/"]}]},{"@type":"ImageObject","inLanguage":"nb-NO","@id":"https:\/\/babylove.se\/no\/produkt\/jollein-muslinfilt-70x70-cm-bloom-3-pack\/#primaryimage","url":"https:\/\/babylove.se\/no\/wp-content\/uploads\/sites\/3\/2025\/07\/5f9095b5654bc.png","contentUrl":"https:\/\/babylove.se\/no\/wp-content\/uploads\/sites\/3\/2025\/07\/5f9095b5654bc.png","width":750,"height":703},{"@type":"BreadcrumbList","@id":"https:\/\/babylove.se\/no\/produkt\/jollein-muslinfilt-70x70-cm-bloom-3-pack\/#breadcrumb","itemListElement":[{"@type":"ListItem","position":1,"name":"Hem","item":"https:\/\/babylove.se\/no\/"},{"@type":"ListItem","position":2,"name":"Butik","item":"https:\/\/babylove.se\/no\/butik\/"},{"@type":"ListItem","position":3,"name":"Jollein, muslinfilt 70&#215;70 cm , Bloom 3-pakk"}]},{"@type":"WebSite","@id":"https:\/\/babylove.se\/no\/#website","url":"https:\/\/babylove.se\/no\/","name":"Babylove Norska","description":"","potentialAction":[{"@type":"SearchAction","target":{"@type":"EntryPoint","urlTemplate":"https:\/\/babylove.se\/no\/?s={search_term_string}"},"query-input":{"@type":"PropertyValueSpecification","valueRequired":true,"valueName":"search_term_string"}}],"inLanguage":"nb-NO"}]},"product_brand":"Jollein","product_price_amount":"159.00","product_price_currency":"SEK","og_availability":"out of stock","product_availability":"out of stock","product_retailer_item_id":"535-855-65348","product_condition":"new"},"_links":{"self":[{"href":"https:\/\/babylove.se\/no\/wp-json\/wp\/v2\/product\/20328","targetHints":{"allow":["GET"]}}],"collection":[{"href":"https:\/\/babylove.se\/no\/wp-json\/wp\/v2\/product"}],"about":[{"href":"https:\/\/babylove.se\/no\/wp-json\/wp\/v2\/types\/product"}],"replies":[{"embeddable":true,"href":"https:\/\/babylove.se\/no\/wp-json\/wp\/v2\/comments?post=20328"}],"wp:featuredmedia":[{"embeddable":true,"href":"https:\/\/babylove.se\/no\/wp-json\/wp\/v2\/media\/20330"}],"wp:attachment":[{"href":"https:\/\/babylove.se\/no\/wp-json\/wp\/v2\/media?parent=20328"}],"wp:term":[{"taxonomy":"product_brand","embeddable":true,"href":"https:\/\/babylove.se\/no\/wp-json\/wp\/v2\/product_brand?post=20328"},{"taxonomy":"product_cat","embeddable":true,"href":"https:\/\/babylove.se\/no\/wp-json\/wp\/v2\/product_cat?post=20328"},{"taxonomy":"product_tag","embeddable":true,"href":"https:\/\/babylove.se\/no\/wp-json\/wp\/v2\/product_tag?post=20328"}],"curies":[{"name":"wp","href":"https:\/\/api.w.org\/{rel}","templated":true}]}}