{"id":20351,"date":"2025-07-18T22:34:15","date_gmt":"2025-07-18T21:34:15","guid":{"rendered":"https:\/\/babylove.se\/produkt\/jollein-forvaringskorg-rainbow-grey\/"},"modified":"2026-04-08T09:38:31","modified_gmt":"2026-04-08T08:38:31","slug":"jollein-oppbevaringskurv-rainbow-grey","status":"publish","type":"product","link":"https:\/\/babylove.se\/no\/produkt\/jollein-oppbevaringskurv-rainbow-grey\/","title":{"rendered":"Jollein, oppbevaringskurv rainbow grey"},"content":{"rendered":"<p>En s\u00f8t gr\u00e5 oppbevaringskurv fra Jollein. Innsiden av oppbevaringskurven er foret med polyester som er lett \u00e5 rengj\u00f8re. Med den smarte, voksede innsiden p\u00e5 oppbevaringskurven vil den ikke miste formen selv om den er tom. Med en smart oppbevaringskurv gj\u00f8r du det lettere for barnet \u00e5 enkelt ta fram (og rydde bort) sine forskjellige ting.<\/p>\n<p>Materiale: Yttermaterialet er i deilig, Oeko-Tex Standard 100-sertifisert \u00f8kologisk bomull.&nbsp;<\/p>\n<p>M\u00e5l: 16&#215;18 cm diameter<\/p>\n<p>Designer: <a href=\"https:\/\/babylove.se\/varumarken\/jollein\">Jollein&nbsp;<\/a><\/p>\n","protected":false},"excerpt":{"rendered":"<p>En s\u00f8t gr\u00e5 oppbevaringskurv fra Jollein. Innsiden av oppbevaringskurven er foret med polyester som er lett \u00e5 rengj\u00f8re. Med den smarte, voksede innsiden p\u00e5 oppbevaringskurven vil den ikke miste formen selv om den er tom. Med en smart oppbevaringskurv gj\u00f8r du det lettere for barnet \u00e5 enkelt ta fram (og rydde bort) sine forskjellige ting. [&hellip;]<\/p>\n","protected":false},"featured_media":20353,"comment_status":"closed","ping_status":"open","template":"","meta":{"_acf_changed":false},"product_brand":[810],"product_cat":[811,43],"product_tag":[],"class_list":{"0":"post-20351","1":"product","2":"type-product","3":"status-publish","4":"has-post-thumbnail","6":"product_brand-jollein","7":"product_cat-jollein","8":"product_cat-oppbevaringskurver","10":"first","11":"outofstock","12":"taxable","13":"shipping-taxable","14":"purchasable","15":"product-type-simple"},"acf":[],"yoast_head":"<!-- This site is optimized with the Yoast SEO Premium plugin v25.8 (Yoast SEO v27.2) - https:\/\/yoast.com\/product\/yoast-seo-premium-wordpress\/ -->\n<title>Jollein, oppbevaringskurv rainbow grey - Babylove Norska<\/title>\n<meta name=\"robots\" content=\"noindex, follow, max-snippet:-1, max-image-preview:large, max-video-preview:-1\" \/>\n<meta property=\"og:locale\" content=\"nb_NO\" \/>\n<meta property=\"og:type\" content=\"article\" \/>\n<meta property=\"og:title\" content=\"Jollein, oppbevaringskurv rainbow grey\" \/>\n<meta property=\"og:description\" content=\"En s\u00f8t gr\u00e5 oppbevaringskurv fra Jollein. Innsiden av oppbevaringskurven er foret med polyester som er lett \u00e5 rengj\u00f8re. Med den smarte, voksede innsiden p\u00e5 oppbevaringskurven vil den ikke miste formen selv om den er tom. Med en smart oppbevaringskurv gj\u00f8r du det lettere for barnet \u00e5 enkelt ta fram (og rydde bort) sine forskjellige ting. [&hellip;]\" \/>\n<meta property=\"og:url\" content=\"https:\/\/babylove.se\/no\/produkt\/jollein-oppbevaringskurv-rainbow-grey\/\" \/>\n<meta property=\"og:site_name\" content=\"Babylove Norska\" \/>\n<meta property=\"article:modified_time\" content=\"2026-04-08T08:38:31+00:00\" \/>\n<meta property=\"og:image\" content=\"https:\/\/babylove.se\/no\/wp-content\/uploads\/sites\/3\/2025\/07\/5f9099e6e426b.png\" \/>\n\t<meta property=\"og:image:width\" content=\"750\" \/>\n\t<meta property=\"og:image:height\" content=\"665\" \/>\n\t<meta property=\"og:image:type\" content=\"image\/png\" \/>\n<meta name=\"twitter:card\" content=\"summary_large_image\" \/>\n<meta name=\"twitter:label1\" content=\"Price\" \/>\n\t<meta name=\"twitter:data1\" content=\"159,00&nbsp;&#107;&#114;\" \/>\n\t<meta name=\"twitter:label2\" content=\"Availability\" \/>\n\t<meta name=\"twitter:data2\" content=\"Out of stock\" \/>\n<script type=\"application\/ld+json\" class=\"yoast-schema-graph\">{\"@context\":\"https:\/\/schema.org\",\"@graph\":[{\"@type\":\"WebPage\",\"@id\":\"https:\/\/babylove.se\/no\/produkt\/jollein-oppbevaringskurv-rainbow-grey\/\",\"url\":\"https:\/\/babylove.se\/no\/produkt\/jollein-oppbevaringskurv-rainbow-grey\/\",\"name\":\"Jollein, oppbevaringskurv rainbow grey - Babylove Norska\",\"isPartOf\":{\"@id\":\"https:\/\/babylove.se\/no\/#website\"},\"primaryImageOfPage\":{\"@id\":\"https:\/\/babylove.se\/no\/produkt\/jollein-oppbevaringskurv-rainbow-grey\/#primaryimage\"},\"image\":{\"@id\":\"https:\/\/babylove.se\/no\/produkt\/jollein-oppbevaringskurv-rainbow-grey\/#primaryimage\"},\"thumbnailUrl\":\"https:\/\/babylove.se\/no\/wp-content\/uploads\/sites\/3\/2025\/07\/5f9099e6e426b.png\",\"datePublished\":\"2025-07-18T21:34:15+00:00\",\"dateModified\":\"2026-04-08T08:38:31+00:00\",\"breadcrumb\":{\"@id\":\"https:\/\/babylove.se\/no\/produkt\/jollein-oppbevaringskurv-rainbow-grey\/#breadcrumb\"},\"inLanguage\":\"nb-NO\",\"potentialAction\":[{\"@type\":\"ReadAction\",\"target\":[\"https:\/\/babylove.se\/no\/produkt\/jollein-oppbevaringskurv-rainbow-grey\/\"]}]},{\"@type\":\"ImageObject\",\"inLanguage\":\"nb-NO\",\"@id\":\"https:\/\/babylove.se\/no\/produkt\/jollein-oppbevaringskurv-rainbow-grey\/#primaryimage\",\"url\":\"https:\/\/babylove.se\/no\/wp-content\/uploads\/sites\/3\/2025\/07\/5f9099e6e426b.png\",\"contentUrl\":\"https:\/\/babylove.se\/no\/wp-content\/uploads\/sites\/3\/2025\/07\/5f9099e6e426b.png\",\"width\":750,\"height\":665},{\"@type\":\"BreadcrumbList\",\"@id\":\"https:\/\/babylove.se\/no\/produkt\/jollein-oppbevaringskurv-rainbow-grey\/#breadcrumb\",\"itemListElement\":[{\"@type\":\"ListItem\",\"position\":1,\"name\":\"Hem\",\"item\":\"https:\/\/babylove.se\/no\/\"},{\"@type\":\"ListItem\",\"position\":2,\"name\":\"Butik\",\"item\":\"https:\/\/babylove.se\/no\/butik\/\"},{\"@type\":\"ListItem\",\"position\":3,\"name\":\"Jollein, oppbevaringskurv rainbow grey\"}]},{\"@type\":\"WebSite\",\"@id\":\"https:\/\/babylove.se\/no\/#website\",\"url\":\"https:\/\/babylove.se\/no\/\",\"name\":\"Babylove Norska\",\"description\":\"\",\"potentialAction\":[{\"@type\":\"SearchAction\",\"target\":{\"@type\":\"EntryPoint\",\"urlTemplate\":\"https:\/\/babylove.se\/no\/?s={search_term_string}\"},\"query-input\":{\"@type\":\"PropertyValueSpecification\",\"valueRequired\":true,\"valueName\":\"search_term_string\"}}],\"inLanguage\":\"nb-NO\"}]}<\/script>\n<meta property=\"product:brand\" content=\"Jollein\" \/>\n<meta property=\"product:price:amount\" content=\"159.00\" \/>\n<meta property=\"product:price:currency\" content=\"SEK\" \/>\n<meta property=\"og:availability\" content=\"out of stock\" \/>\n<meta property=\"product:availability\" content=\"out of stock\" \/>\n<meta property=\"product:retailer_item_id\" content=\"580-001-65290\" \/>\n<meta property=\"product:condition\" content=\"new\" \/>\n<!-- \/ Yoast SEO Premium plugin. -->","yoast_head_json":{"title":"Jollein, oppbevaringskurv rainbow grey - Babylove Norska","robots":{"index":"noindex","follow":"follow","max-snippet":"max-snippet:-1","max-image-preview":"max-image-preview:large","max-video-preview":"max-video-preview:-1"},"og_locale":"nb_NO","og_type":"article","og_title":"Jollein, oppbevaringskurv rainbow grey","og_description":"En s\u00f8t gr\u00e5 oppbevaringskurv fra Jollein. Innsiden av oppbevaringskurven er foret med polyester som er lett \u00e5 rengj\u00f8re. Med den smarte, voksede innsiden p\u00e5 oppbevaringskurven vil den ikke miste formen selv om den er tom. Med en smart oppbevaringskurv gj\u00f8r du det lettere for barnet \u00e5 enkelt ta fram (og rydde bort) sine forskjellige ting. [&hellip;]","og_url":"https:\/\/babylove.se\/no\/produkt\/jollein-oppbevaringskurv-rainbow-grey\/","og_site_name":"Babylove Norska","article_modified_time":"2026-04-08T08:38:31+00:00","og_image":[{"width":750,"height":665,"url":"https:\/\/babylove.se\/no\/wp-content\/uploads\/sites\/3\/2025\/07\/5f9099e6e426b.png","type":"image\/png"}],"twitter_card":"summary_large_image","twitter_misc":{"Price":"159,00&nbsp;&#107;&#114;","Availability":"Out of stock"},"schema":{"@context":"https:\/\/schema.org","@graph":[{"@type":"WebPage","@id":"https:\/\/babylove.se\/no\/produkt\/jollein-oppbevaringskurv-rainbow-grey\/","url":"https:\/\/babylove.se\/no\/produkt\/jollein-oppbevaringskurv-rainbow-grey\/","name":"Jollein, oppbevaringskurv rainbow grey - Babylove Norska","isPartOf":{"@id":"https:\/\/babylove.se\/no\/#website"},"primaryImageOfPage":{"@id":"https:\/\/babylove.se\/no\/produkt\/jollein-oppbevaringskurv-rainbow-grey\/#primaryimage"},"image":{"@id":"https:\/\/babylove.se\/no\/produkt\/jollein-oppbevaringskurv-rainbow-grey\/#primaryimage"},"thumbnailUrl":"https:\/\/babylove.se\/no\/wp-content\/uploads\/sites\/3\/2025\/07\/5f9099e6e426b.png","datePublished":"2025-07-18T21:34:15+00:00","dateModified":"2026-04-08T08:38:31+00:00","breadcrumb":{"@id":"https:\/\/babylove.se\/no\/produkt\/jollein-oppbevaringskurv-rainbow-grey\/#breadcrumb"},"inLanguage":"nb-NO","potentialAction":[{"@type":"ReadAction","target":["https:\/\/babylove.se\/no\/produkt\/jollein-oppbevaringskurv-rainbow-grey\/"]}]},{"@type":"ImageObject","inLanguage":"nb-NO","@id":"https:\/\/babylove.se\/no\/produkt\/jollein-oppbevaringskurv-rainbow-grey\/#primaryimage","url":"https:\/\/babylove.se\/no\/wp-content\/uploads\/sites\/3\/2025\/07\/5f9099e6e426b.png","contentUrl":"https:\/\/babylove.se\/no\/wp-content\/uploads\/sites\/3\/2025\/07\/5f9099e6e426b.png","width":750,"height":665},{"@type":"BreadcrumbList","@id":"https:\/\/babylove.se\/no\/produkt\/jollein-oppbevaringskurv-rainbow-grey\/#breadcrumb","itemListElement":[{"@type":"ListItem","position":1,"name":"Hem","item":"https:\/\/babylove.se\/no\/"},{"@type":"ListItem","position":2,"name":"Butik","item":"https:\/\/babylove.se\/no\/butik\/"},{"@type":"ListItem","position":3,"name":"Jollein, oppbevaringskurv rainbow grey"}]},{"@type":"WebSite","@id":"https:\/\/babylove.se\/no\/#website","url":"https:\/\/babylove.se\/no\/","name":"Babylove Norska","description":"","potentialAction":[{"@type":"SearchAction","target":{"@type":"EntryPoint","urlTemplate":"https:\/\/babylove.se\/no\/?s={search_term_string}"},"query-input":{"@type":"PropertyValueSpecification","valueRequired":true,"valueName":"search_term_string"}}],"inLanguage":"nb-NO"}]},"product_brand":"Jollein","product_price_amount":"159.00","product_price_currency":"SEK","og_availability":"out of stock","product_availability":"out of stock","product_retailer_item_id":"580-001-65290","product_condition":"new"},"_links":{"self":[{"href":"https:\/\/babylove.se\/no\/wp-json\/wp\/v2\/product\/20351","targetHints":{"allow":["GET"]}}],"collection":[{"href":"https:\/\/babylove.se\/no\/wp-json\/wp\/v2\/product"}],"about":[{"href":"https:\/\/babylove.se\/no\/wp-json\/wp\/v2\/types\/product"}],"replies":[{"embeddable":true,"href":"https:\/\/babylove.se\/no\/wp-json\/wp\/v2\/comments?post=20351"}],"wp:featuredmedia":[{"embeddable":true,"href":"https:\/\/babylove.se\/no\/wp-json\/wp\/v2\/media\/20353"}],"wp:attachment":[{"href":"https:\/\/babylove.se\/no\/wp-json\/wp\/v2\/media?parent=20351"}],"wp:term":[{"taxonomy":"product_brand","embeddable":true,"href":"https:\/\/babylove.se\/no\/wp-json\/wp\/v2\/product_brand?post=20351"},{"taxonomy":"product_cat","embeddable":true,"href":"https:\/\/babylove.se\/no\/wp-json\/wp\/v2\/product_cat?post=20351"},{"taxonomy":"product_tag","embeddable":true,"href":"https:\/\/babylove.se\/no\/wp-json\/wp\/v2\/product_tag?post=20351"}],"curies":[{"name":"wp","href":"https:\/\/api.w.org\/{rel}","templated":true}]}}