{"id":20356,"date":"2025-07-18T22:34:40","date_gmt":"2025-07-18T21:34:40","guid":{"rendered":"https:\/\/babylove.se\/produkt\/hussang-tipi-juniorsang-till-barnrummet-80x160\/"},"modified":"2026-04-08T09:38:34","modified_gmt":"2026-04-08T08:38:34","slug":"hussang-tipi-juniorseng-til-barnerommet-80x160","status":"publish","type":"product","link":"https:\/\/babylove.se\/no\/produkt\/hussang-tipi-juniorseng-til-barnerommet-80x160\/","title":{"rendered":"Husseng tipi Moa, juniorseng til barnerommet"},"content":{"rendered":"<p>Velkommen til v\u00e5r fantastiske tipiseng Moa! <\/p>\n<p>Med sitt nette design med inspirasjon fra et tipiintet,<br \/>\ner denne barnesengen et sikkert kort for de aller fleste barnerom og stiler. <\/p>\n<p><strong>Tilvalg:<\/strong> <\/p>\n<ul>\n<li>Farge: velg mellom natur (ubehandlet), lakkert, hvit og gr\u00e5<\/li>\n<li>Ekstra h\u00f8ye ben: 19 cm (standardh\u00f8yde 10 cm)<\/li>\n<\/ul>\n<p><strong>Info:<\/strong> <\/p>\n<ul>\n<li>Ribbbunn inng\u00e5r<\/li>\n<li>Madrass inng\u00e5r ikke, men ta gjerne en titt p\u00e5 v\u00e5rt store madrassutvalg. Vi anbefaler en skummadrass med tykkelse p\u00e5 minst 12 cm.<\/li>\n<li>Maks belastning: 100 kg<\/li>\n<\/ul>\n<p><strong>M\u00e5l:<\/strong> <\/p>\n<ul>\n<li>M\u00e5lene er oppgitt i madrassst\u00f8rrelse. Legg til 9 cm p\u00e5 bredde+lengde for total dimensjon p\u00e5 sengens m\u00e5l.<\/li>\n<\/ul>\n<p>Sengene kommer fra v\u00e5r fabrikk i Europa som har h\u00f8ye kvalitetskrav og kontrollerer hvert steg fra det at t\u00f8mmeret kommer inn i fabrikken til at et ferdig produkt forlater. <\/p>\n<p><em>Dette er en seng tilvirket og tilpasset for barn<\/em>. <em>Sengen leveres umontert og b\u00f8r settes sammen i rommet den skal brukes i.<\/em><\/p>\n","protected":false},"excerpt":{"rendered":"<p>Velkommen til v\u00e5r fantastiske tipiseng Moa! Med sitt nette design med inspirasjon fra et tipiintet, er denne barnesengen et sikkert kort for de aller fleste barnerom og stiler. Tilvalg: Farge: velg mellom natur (ubehandlet), lakkert, hvit og gr\u00e5 Ekstra h\u00f8ye ben: 19 cm (standardh\u00f8yde 10 cm) Info: Ribbbunn inng\u00e5r Madrass inng\u00e5r ikke, men ta gjerne [&hellip;]<\/p>\n","protected":false},"featured_media":20358,"comment_status":"open","ping_status":"closed","template":"","meta":{"_acf_changed":false},"product_brand":[600],"product_cat":[602,217,269,601,40],"product_tag":[1689],"class_list":{"0":"post-20356","1":"product","2":"type-product","3":"status-publish","4":"has-post-thumbnail","6":"product_brand-luletto","7":"product_cat-babylove-lul","8":"product_cat-sengesanger","9":"product_cat-juniorsenger","10":"product_cat-baby","11":"product_cat-soverom-barn","12":"product_tag-bestillingsvaror","13":"pa_farg-gra","14":"pa_farg-vit","15":"pa_farg-lackad","16":"pa_farg-natur","17":"pa_storlek-100x190-cm","18":"pa_storlek-60x120-cm","19":"pa_storlek-80x140-cm","20":"pa_storlek-80x160-cm","21":"pa_storlek-80x180-cm","22":"pa_storlek-90x160-cm","23":"pa_storlek-90x180-cm","24":"pa_storlek-90x190-cm","26":"first","27":"instock","28":"taxable","29":"shipping-taxable","30":"purchasable","31":"product-type-variable"},"acf":[],"yoast_head":"<!-- This site is optimized with the Yoast SEO Premium plugin v25.8 (Yoast SEO v27.2) - https:\/\/yoast.com\/product\/yoast-seo-premium-wordpress\/ -->\n<title>Tipis\u00e4ng till barnrummet - K\u00f6p tipi s\u00e4ng h\u00e4r !<\/title>\n<meta name=\"description\" content=\"En underbart vacker barns\u00e4ng i ett fantastiskt utf\u00f6rande, inspirerad av tipit\u00e4lt. Klarna faktura &amp; Fri Frakt ! K\u00f6p den h\u00e4r ! V\u00e4lkommen till Babylove.se\" \/>\n<meta name=\"robots\" content=\"noindex, follow, max-snippet:-1, max-image-preview:large, max-video-preview:-1\" \/>\n<meta property=\"og:locale\" content=\"nb_NO\" \/>\n<meta property=\"og:type\" content=\"article\" \/>\n<meta property=\"og:title\" content=\"Husseng tipi Moa, juniorseng til barnerommet\" \/>\n<meta property=\"og:description\" content=\"En underbart vacker barns\u00e4ng i ett fantastiskt utf\u00f6rande, inspirerad av tipit\u00e4lt. Klarna faktura &amp; Fri Frakt ! K\u00f6p den h\u00e4r ! V\u00e4lkommen till Babylove.se\" \/>\n<meta property=\"og:url\" content=\"https:\/\/babylove.se\/no\/produkt\/hussang-tipi-juniorseng-til-barnerommet-80x160\/\" \/>\n<meta property=\"og:site_name\" content=\"Babylove Norska\" \/>\n<meta property=\"article:modified_time\" content=\"2026-04-08T08:38:34+00:00\" \/>\n<meta property=\"og:image\" content=\"https:\/\/babylove.se\/no\/wp-content\/uploads\/sites\/3\/2025\/07\/5f9820fcbb4ef.jpeg\" \/>\n\t<meta property=\"og:image:width\" content=\"750\" \/>\n\t<meta property=\"og:image:height\" content=\"750\" \/>\n\t<meta property=\"og:image:type\" content=\"image\/jpeg\" \/>\n<meta name=\"twitter:card\" content=\"summary_large_image\" \/>\n<meta name=\"twitter:label1\" content=\"Availability\" \/>\n\t<meta name=\"twitter:data1\" content=\"In stock\" \/>\n<script type=\"application\/ld+json\" class=\"yoast-schema-graph\">{\"@context\":\"https:\/\/schema.org\",\"@graph\":[{\"@type\":\"WebPage\",\"@id\":\"https:\/\/babylove.se\/no\/produkt\/hussang-tipi-juniorseng-til-barnerommet-80x160\/\",\"url\":\"https:\/\/babylove.se\/no\/produkt\/hussang-tipi-juniorseng-til-barnerommet-80x160\/\",\"name\":\"Tipis\u00e4ng till barnrummet - K\u00f6p tipi s\u00e4ng h\u00e4r !\",\"isPartOf\":{\"@id\":\"https:\/\/babylove.se\/no\/#website\"},\"primaryImageOfPage\":{\"@id\":\"https:\/\/babylove.se\/no\/produkt\/hussang-tipi-juniorseng-til-barnerommet-80x160\/#primaryimage\"},\"image\":{\"@id\":\"https:\/\/babylove.se\/no\/produkt\/hussang-tipi-juniorseng-til-barnerommet-80x160\/#primaryimage\"},\"thumbnailUrl\":\"https:\/\/babylove.se\/no\/wp-content\/uploads\/sites\/3\/2025\/07\/5f9820fcbb4ef.jpeg\",\"datePublished\":\"2025-07-18T21:34:40+00:00\",\"dateModified\":\"2026-04-08T08:38:34+00:00\",\"description\":\"En underbart vacker barns\u00e4ng i ett fantastiskt utf\u00f6rande, inspirerad av tipit\u00e4lt. Klarna faktura & Fri Frakt ! K\u00f6p den h\u00e4r ! V\u00e4lkommen till Babylove.se\",\"breadcrumb\":{\"@id\":\"https:\/\/babylove.se\/no\/produkt\/hussang-tipi-juniorseng-til-barnerommet-80x160\/#breadcrumb\"},\"inLanguage\":\"nb-NO\",\"potentialAction\":[{\"@type\":\"ReadAction\",\"target\":[\"https:\/\/babylove.se\/no\/produkt\/hussang-tipi-juniorseng-til-barnerommet-80x160\/\"]}]},{\"@type\":\"ImageObject\",\"inLanguage\":\"nb-NO\",\"@id\":\"https:\/\/babylove.se\/no\/produkt\/hussang-tipi-juniorseng-til-barnerommet-80x160\/#primaryimage\",\"url\":\"https:\/\/babylove.se\/no\/wp-content\/uploads\/sites\/3\/2025\/07\/5f9820fcbb4ef.jpeg\",\"contentUrl\":\"https:\/\/babylove.se\/no\/wp-content\/uploads\/sites\/3\/2025\/07\/5f9820fcbb4ef.jpeg\",\"width\":750,\"height\":750},{\"@type\":\"BreadcrumbList\",\"@id\":\"https:\/\/babylove.se\/no\/produkt\/hussang-tipi-juniorseng-til-barnerommet-80x160\/#breadcrumb\",\"itemListElement\":[{\"@type\":\"ListItem\",\"position\":1,\"name\":\"Hem\",\"item\":\"https:\/\/babylove.se\/no\/\"},{\"@type\":\"ListItem\",\"position\":2,\"name\":\"Butik\",\"item\":\"https:\/\/babylove.se\/no\/butik\/\"},{\"@type\":\"ListItem\",\"position\":3,\"name\":\"Husseng tipi Moa, juniorseng til barnerommet\"}]},{\"@type\":\"WebSite\",\"@id\":\"https:\/\/babylove.se\/no\/#website\",\"url\":\"https:\/\/babylove.se\/no\/\",\"name\":\"Babylove Norska\",\"description\":\"\",\"potentialAction\":[{\"@type\":\"SearchAction\",\"target\":{\"@type\":\"EntryPoint\",\"urlTemplate\":\"https:\/\/babylove.se\/no\/?s={search_term_string}\"},\"query-input\":{\"@type\":\"PropertyValueSpecification\",\"valueRequired\":true,\"valueName\":\"search_term_string\"}}],\"inLanguage\":\"nb-NO\"}]}<\/script>\n<meta property=\"product:brand\" content=\"Luletto\" \/>\n<meta property=\"og:availability\" content=\"instock\" \/>\n<meta property=\"product:availability\" content=\"instock\" \/>\n<meta property=\"product:retailer_item_id\" content=\"60x120-cm-Natur-Moa\" \/>\n<meta property=\"product:condition\" content=\"new\" \/>\n<!-- \/ Yoast SEO Premium plugin. -->","yoast_head_json":{"title":"Tipis\u00e4ng till barnrummet - K\u00f6p tipi s\u00e4ng h\u00e4r !","description":"En underbart vacker barns\u00e4ng i ett fantastiskt utf\u00f6rande, inspirerad av tipit\u00e4lt. Klarna faktura & Fri Frakt ! K\u00f6p den h\u00e4r ! V\u00e4lkommen till Babylove.se","robots":{"index":"noindex","follow":"follow","max-snippet":"max-snippet:-1","max-image-preview":"max-image-preview:large","max-video-preview":"max-video-preview:-1"},"og_locale":"nb_NO","og_type":"article","og_title":"Husseng tipi Moa, juniorseng til barnerommet","og_description":"En underbart vacker barns\u00e4ng i ett fantastiskt utf\u00f6rande, inspirerad av tipit\u00e4lt. Klarna faktura & Fri Frakt ! K\u00f6p den h\u00e4r ! V\u00e4lkommen till Babylove.se","og_url":"https:\/\/babylove.se\/no\/produkt\/hussang-tipi-juniorseng-til-barnerommet-80x160\/","og_site_name":"Babylove Norska","article_modified_time":"2026-04-08T08:38:34+00:00","og_image":[{"width":750,"height":750,"url":"https:\/\/babylove.se\/no\/wp-content\/uploads\/sites\/3\/2025\/07\/5f9820fcbb4ef.jpeg","type":"image\/jpeg"}],"twitter_card":"summary_large_image","twitter_misc":{"Availability":"In stock"},"schema":{"@context":"https:\/\/schema.org","@graph":[{"@type":"WebPage","@id":"https:\/\/babylove.se\/no\/produkt\/hussang-tipi-juniorseng-til-barnerommet-80x160\/","url":"https:\/\/babylove.se\/no\/produkt\/hussang-tipi-juniorseng-til-barnerommet-80x160\/","name":"Tipis\u00e4ng till barnrummet - K\u00f6p tipi s\u00e4ng h\u00e4r !","isPartOf":{"@id":"https:\/\/babylove.se\/no\/#website"},"primaryImageOfPage":{"@id":"https:\/\/babylove.se\/no\/produkt\/hussang-tipi-juniorseng-til-barnerommet-80x160\/#primaryimage"},"image":{"@id":"https:\/\/babylove.se\/no\/produkt\/hussang-tipi-juniorseng-til-barnerommet-80x160\/#primaryimage"},"thumbnailUrl":"https:\/\/babylove.se\/no\/wp-content\/uploads\/sites\/3\/2025\/07\/5f9820fcbb4ef.jpeg","datePublished":"2025-07-18T21:34:40+00:00","dateModified":"2026-04-08T08:38:34+00:00","description":"En underbart vacker barns\u00e4ng i ett fantastiskt utf\u00f6rande, inspirerad av tipit\u00e4lt. Klarna faktura & Fri Frakt ! K\u00f6p den h\u00e4r ! V\u00e4lkommen till Babylove.se","breadcrumb":{"@id":"https:\/\/babylove.se\/no\/produkt\/hussang-tipi-juniorseng-til-barnerommet-80x160\/#breadcrumb"},"inLanguage":"nb-NO","potentialAction":[{"@type":"ReadAction","target":["https:\/\/babylove.se\/no\/produkt\/hussang-tipi-juniorseng-til-barnerommet-80x160\/"]}]},{"@type":"ImageObject","inLanguage":"nb-NO","@id":"https:\/\/babylove.se\/no\/produkt\/hussang-tipi-juniorseng-til-barnerommet-80x160\/#primaryimage","url":"https:\/\/babylove.se\/no\/wp-content\/uploads\/sites\/3\/2025\/07\/5f9820fcbb4ef.jpeg","contentUrl":"https:\/\/babylove.se\/no\/wp-content\/uploads\/sites\/3\/2025\/07\/5f9820fcbb4ef.jpeg","width":750,"height":750},{"@type":"BreadcrumbList","@id":"https:\/\/babylove.se\/no\/produkt\/hussang-tipi-juniorseng-til-barnerommet-80x160\/#breadcrumb","itemListElement":[{"@type":"ListItem","position":1,"name":"Hem","item":"https:\/\/babylove.se\/no\/"},{"@type":"ListItem","position":2,"name":"Butik","item":"https:\/\/babylove.se\/no\/butik\/"},{"@type":"ListItem","position":3,"name":"Husseng tipi Moa, juniorseng til barnerommet"}]},{"@type":"WebSite","@id":"https:\/\/babylove.se\/no\/#website","url":"https:\/\/babylove.se\/no\/","name":"Babylove Norska","description":"","potentialAction":[{"@type":"SearchAction","target":{"@type":"EntryPoint","urlTemplate":"https:\/\/babylove.se\/no\/?s={search_term_string}"},"query-input":{"@type":"PropertyValueSpecification","valueRequired":true,"valueName":"search_term_string"}}],"inLanguage":"nb-NO"}]},"product_brand":"Luletto","og_availability":"instock","product_availability":"instock","product_retailer_item_id":"60x120-cm-Natur-Moa","product_condition":"new"},"_links":{"self":[{"href":"https:\/\/babylove.se\/no\/wp-json\/wp\/v2\/product\/20356","targetHints":{"allow":["GET"]}}],"collection":[{"href":"https:\/\/babylove.se\/no\/wp-json\/wp\/v2\/product"}],"about":[{"href":"https:\/\/babylove.se\/no\/wp-json\/wp\/v2\/types\/product"}],"replies":[{"embeddable":true,"href":"https:\/\/babylove.se\/no\/wp-json\/wp\/v2\/comments?post=20356"}],"wp:featuredmedia":[{"embeddable":true,"href":"https:\/\/babylove.se\/no\/wp-json\/wp\/v2\/media\/20358"}],"wp:attachment":[{"href":"https:\/\/babylove.se\/no\/wp-json\/wp\/v2\/media?parent=20356"}],"wp:term":[{"taxonomy":"product_brand","embeddable":true,"href":"https:\/\/babylove.se\/no\/wp-json\/wp\/v2\/product_brand?post=20356"},{"taxonomy":"product_cat","embeddable":true,"href":"https:\/\/babylove.se\/no\/wp-json\/wp\/v2\/product_cat?post=20356"},{"taxonomy":"product_tag","embeddable":true,"href":"https:\/\/babylove.se\/no\/wp-json\/wp\/v2\/product_tag?post=20356"}],"curies":[{"name":"wp","href":"https:\/\/api.w.org\/{rel}","templated":true}]}}