{"id":20398,"date":"2025-07-18T22:34:59","date_gmt":"2025-07-18T21:34:59","guid":{"rendered":"https:\/\/babylove.se\/produkt\/babylove-spjalsangsskydd-knutkudde-rosa\/"},"modified":"2026-04-08T09:38:41","modified_gmt":"2026-04-08T08:38:41","slug":"babylove-sengkantbeskyttelse-knutepute-rosa","status":"publish","type":"product","link":"https:\/\/babylove.se\/no\/produkt\/babylove-sengkantbeskyttelse-knutepute-rosa\/","title":{"rendered":"Babylove, Sengeteppe knutepute, rosa"},"content":{"rendered":"<p>Et meget fint og elegant sengevern utformet i en moderne variant som passer alle typer av barnerom og senger. Trenger ikke bare brukes som et sengevern, men fungerer ogs\u00e5 i vogna eller som et trygt f\u00f8lgeskap for barnet ditt n\u00e5r det skal sove. Dette sengevernet er laget av et mykt og elastisk bomullsstoff som ikke bare har en vakker design, men samtidig er meget komfortabelt for barnet ditt \u00e5 hvile hodet p\u00e5.<\/p>\n<p>Dette vernet er skapt med st\u00f8rste omhu og av h\u00f8yeste kvalitet, s\u00e5 at barnet ditt kommer til \u00e5 f\u00f8le seg fullt trygg.<\/p>\n<p>Materiale: Overtrekk av bomull med en fylling av polyester. OEKO-tex sertifisert. Kan vaskes i maskin 30 \u00b0C<\/p>\n<p>M\u00e5l: 320 cm x 25 cm.&nbsp;&nbsp;<\/p>\n","protected":false},"excerpt":{"rendered":"<p>Et meget fint og elegant sengevern utformet i en moderne variant som passer alle typer av barnerom og senger. Trenger ikke bare brukes som et sengevern, men fungerer ogs\u00e5 i vogna eller som et trygt f\u00f8lgeskap for barnet ditt n\u00e5r det skal sove. Dette sengevernet er laget av et mykt og elastisk bomullsstoff som ikke [&hellip;]<\/p>\n","protected":false},"featured_media":20400,"comment_status":"closed","ping_status":"open","template":"","meta":{"_acf_changed":false},"product_brand":[375],"product_cat":[376,108],"product_tag":[1689],"class_list":{"0":"post-20398","1":"product","2":"type-product","3":"status-publish","4":"has-post-thumbnail","6":"product_brand-pqp-ttm","7":"product_cat-pp","8":"product_cat-barnesengbeskyttelse","9":"product_tag-bestillingsvaror","11":"first","12":"instock","13":"taxable","14":"shipping-taxable","15":"purchasable","16":"product-type-simple"},"acf":[],"yoast_head":"<!-- This site is optimized with the Yoast SEO Premium plugin v25.8 (Yoast SEO v27.2) - https:\/\/yoast.com\/product\/yoast-seo-premium-wordpress\/ -->\n<title>Babylove, Sengeteppe knutepute, rosa - Babylove Norska<\/title>\n<meta name=\"robots\" content=\"noindex, follow, max-snippet:-1, max-image-preview:large, max-video-preview:-1\" \/>\n<meta property=\"og:locale\" content=\"nb_NO\" \/>\n<meta property=\"og:type\" content=\"article\" \/>\n<meta property=\"og:title\" content=\"Babylove, Sengeteppe knutepute, rosa\" \/>\n<meta property=\"og:description\" content=\"Et meget fint og elegant sengevern utformet i en moderne variant som passer alle typer av barnerom og senger. Trenger ikke bare brukes som et sengevern, men fungerer ogs\u00e5 i vogna eller som et trygt f\u00f8lgeskap for barnet ditt n\u00e5r det skal sove. Dette sengevernet er laget av et mykt og elastisk bomullsstoff som ikke [&hellip;]\" \/>\n<meta property=\"og:url\" content=\"https:\/\/babylove.se\/no\/produkt\/babylove-sengkantbeskyttelse-knutepute-rosa\/\" \/>\n<meta property=\"og:site_name\" content=\"Babylove Norska\" \/>\n<meta property=\"article:modified_time\" content=\"2026-04-08T08:38:41+00:00\" \/>\n<meta property=\"og:image\" content=\"https:\/\/babylove.se\/no\/wp-content\/uploads\/sites\/3\/2025\/07\/63109512d6b55.jpeg\" \/>\n\t<meta property=\"og:image:width\" content=\"800\" \/>\n\t<meta property=\"og:image:height\" content=\"800\" \/>\n\t<meta property=\"og:image:type\" content=\"image\/jpeg\" \/>\n<meta name=\"twitter:card\" content=\"summary_large_image\" \/>\n<meta name=\"twitter:label1\" content=\"Price\" \/>\n\t<meta name=\"twitter:data1\" content=\"1 399,00&nbsp;&#107;&#114;\" \/>\n\t<meta name=\"twitter:label2\" content=\"Availability\" \/>\n\t<meta name=\"twitter:data2\" content=\"In stock\" \/>\n<script type=\"application\/ld+json\" class=\"yoast-schema-graph\">{\"@context\":\"https:\/\/schema.org\",\"@graph\":[{\"@type\":\"WebPage\",\"@id\":\"https:\/\/babylove.se\/no\/produkt\/babylove-sengkantbeskyttelse-knutepute-rosa\/\",\"url\":\"https:\/\/babylove.se\/no\/produkt\/babylove-sengkantbeskyttelse-knutepute-rosa\/\",\"name\":\"Babylove, Sengeteppe knutepute, rosa - Babylove Norska\",\"isPartOf\":{\"@id\":\"https:\/\/babylove.se\/no\/#website\"},\"primaryImageOfPage\":{\"@id\":\"https:\/\/babylove.se\/no\/produkt\/babylove-sengkantbeskyttelse-knutepute-rosa\/#primaryimage\"},\"image\":{\"@id\":\"https:\/\/babylove.se\/no\/produkt\/babylove-sengkantbeskyttelse-knutepute-rosa\/#primaryimage\"},\"thumbnailUrl\":\"https:\/\/babylove.se\/no\/wp-content\/uploads\/sites\/3\/2025\/07\/63109512d6b55.jpeg\",\"datePublished\":\"2025-07-18T21:34:59+00:00\",\"dateModified\":\"2026-04-08T08:38:41+00:00\",\"breadcrumb\":{\"@id\":\"https:\/\/babylove.se\/no\/produkt\/babylove-sengkantbeskyttelse-knutepute-rosa\/#breadcrumb\"},\"inLanguage\":\"nb-NO\",\"potentialAction\":[{\"@type\":\"ReadAction\",\"target\":[\"https:\/\/babylove.se\/no\/produkt\/babylove-sengkantbeskyttelse-knutepute-rosa\/\"]}]},{\"@type\":\"ImageObject\",\"inLanguage\":\"nb-NO\",\"@id\":\"https:\/\/babylove.se\/no\/produkt\/babylove-sengkantbeskyttelse-knutepute-rosa\/#primaryimage\",\"url\":\"https:\/\/babylove.se\/no\/wp-content\/uploads\/sites\/3\/2025\/07\/63109512d6b55.jpeg\",\"contentUrl\":\"https:\/\/babylove.se\/no\/wp-content\/uploads\/sites\/3\/2025\/07\/63109512d6b55.jpeg\",\"width\":800,\"height\":800},{\"@type\":\"BreadcrumbList\",\"@id\":\"https:\/\/babylove.se\/no\/produkt\/babylove-sengkantbeskyttelse-knutepute-rosa\/#breadcrumb\",\"itemListElement\":[{\"@type\":\"ListItem\",\"position\":1,\"name\":\"Hem\",\"item\":\"https:\/\/babylove.se\/no\/\"},{\"@type\":\"ListItem\",\"position\":2,\"name\":\"Butik\",\"item\":\"https:\/\/babylove.se\/no\/butik\/\"},{\"@type\":\"ListItem\",\"position\":3,\"name\":\"Babylove, Sengeteppe knutepute, rosa\"}]},{\"@type\":\"WebSite\",\"@id\":\"https:\/\/babylove.se\/no\/#website\",\"url\":\"https:\/\/babylove.se\/no\/\",\"name\":\"Babylove Norska\",\"description\":\"\",\"potentialAction\":[{\"@type\":\"SearchAction\",\"target\":{\"@type\":\"EntryPoint\",\"urlTemplate\":\"https:\/\/babylove.se\/no\/?s={search_term_string}\"},\"query-input\":{\"@type\":\"PropertyValueSpecification\",\"valueRequired\":true,\"valueName\":\"search_term_string\"}}],\"inLanguage\":\"nb-NO\"}]}<\/script>\n<meta property=\"product:brand\" content=\"PQP\/TTM\" \/>\n<meta property=\"product:price:amount\" content=\"1399.00\" \/>\n<meta property=\"product:price:currency\" content=\"SEK\" \/>\n<meta property=\"og:availability\" content=\"instock\" \/>\n<meta property=\"product:availability\" content=\"instock\" \/>\n<meta property=\"product:retailer_item_id\" content=\"42610.8b\" \/>\n<meta property=\"product:condition\" content=\"new\" \/>\n<!-- \/ Yoast SEO Premium plugin. -->","yoast_head_json":{"title":"Babylove, Sengeteppe knutepute, rosa - Babylove Norska","robots":{"index":"noindex","follow":"follow","max-snippet":"max-snippet:-1","max-image-preview":"max-image-preview:large","max-video-preview":"max-video-preview:-1"},"og_locale":"nb_NO","og_type":"article","og_title":"Babylove, Sengeteppe knutepute, rosa","og_description":"Et meget fint og elegant sengevern utformet i en moderne variant som passer alle typer av barnerom og senger. Trenger ikke bare brukes som et sengevern, men fungerer ogs\u00e5 i vogna eller som et trygt f\u00f8lgeskap for barnet ditt n\u00e5r det skal sove. Dette sengevernet er laget av et mykt og elastisk bomullsstoff som ikke [&hellip;]","og_url":"https:\/\/babylove.se\/no\/produkt\/babylove-sengkantbeskyttelse-knutepute-rosa\/","og_site_name":"Babylove Norska","article_modified_time":"2026-04-08T08:38:41+00:00","og_image":[{"width":800,"height":800,"url":"https:\/\/babylove.se\/no\/wp-content\/uploads\/sites\/3\/2025\/07\/63109512d6b55.jpeg","type":"image\/jpeg"}],"twitter_card":"summary_large_image","twitter_misc":{"Price":"1 399,00&nbsp;&#107;&#114;","Availability":"In stock"},"schema":{"@context":"https:\/\/schema.org","@graph":[{"@type":"WebPage","@id":"https:\/\/babylove.se\/no\/produkt\/babylove-sengkantbeskyttelse-knutepute-rosa\/","url":"https:\/\/babylove.se\/no\/produkt\/babylove-sengkantbeskyttelse-knutepute-rosa\/","name":"Babylove, Sengeteppe knutepute, rosa - Babylove Norska","isPartOf":{"@id":"https:\/\/babylove.se\/no\/#website"},"primaryImageOfPage":{"@id":"https:\/\/babylove.se\/no\/produkt\/babylove-sengkantbeskyttelse-knutepute-rosa\/#primaryimage"},"image":{"@id":"https:\/\/babylove.se\/no\/produkt\/babylove-sengkantbeskyttelse-knutepute-rosa\/#primaryimage"},"thumbnailUrl":"https:\/\/babylove.se\/no\/wp-content\/uploads\/sites\/3\/2025\/07\/63109512d6b55.jpeg","datePublished":"2025-07-18T21:34:59+00:00","dateModified":"2026-04-08T08:38:41+00:00","breadcrumb":{"@id":"https:\/\/babylove.se\/no\/produkt\/babylove-sengkantbeskyttelse-knutepute-rosa\/#breadcrumb"},"inLanguage":"nb-NO","potentialAction":[{"@type":"ReadAction","target":["https:\/\/babylove.se\/no\/produkt\/babylove-sengkantbeskyttelse-knutepute-rosa\/"]}]},{"@type":"ImageObject","inLanguage":"nb-NO","@id":"https:\/\/babylove.se\/no\/produkt\/babylove-sengkantbeskyttelse-knutepute-rosa\/#primaryimage","url":"https:\/\/babylove.se\/no\/wp-content\/uploads\/sites\/3\/2025\/07\/63109512d6b55.jpeg","contentUrl":"https:\/\/babylove.se\/no\/wp-content\/uploads\/sites\/3\/2025\/07\/63109512d6b55.jpeg","width":800,"height":800},{"@type":"BreadcrumbList","@id":"https:\/\/babylove.se\/no\/produkt\/babylove-sengkantbeskyttelse-knutepute-rosa\/#breadcrumb","itemListElement":[{"@type":"ListItem","position":1,"name":"Hem","item":"https:\/\/babylove.se\/no\/"},{"@type":"ListItem","position":2,"name":"Butik","item":"https:\/\/babylove.se\/no\/butik\/"},{"@type":"ListItem","position":3,"name":"Babylove, Sengeteppe knutepute, rosa"}]},{"@type":"WebSite","@id":"https:\/\/babylove.se\/no\/#website","url":"https:\/\/babylove.se\/no\/","name":"Babylove Norska","description":"","potentialAction":[{"@type":"SearchAction","target":{"@type":"EntryPoint","urlTemplate":"https:\/\/babylove.se\/no\/?s={search_term_string}"},"query-input":{"@type":"PropertyValueSpecification","valueRequired":true,"valueName":"search_term_string"}}],"inLanguage":"nb-NO"}]},"product_brand":"PQP\/TTM","product_price_amount":"1399.00","product_price_currency":"SEK","og_availability":"instock","product_availability":"instock","product_retailer_item_id":"42610.8b","product_condition":"new"},"_links":{"self":[{"href":"https:\/\/babylove.se\/no\/wp-json\/wp\/v2\/product\/20398","targetHints":{"allow":["GET"]}}],"collection":[{"href":"https:\/\/babylove.se\/no\/wp-json\/wp\/v2\/product"}],"about":[{"href":"https:\/\/babylove.se\/no\/wp-json\/wp\/v2\/types\/product"}],"replies":[{"embeddable":true,"href":"https:\/\/babylove.se\/no\/wp-json\/wp\/v2\/comments?post=20398"}],"wp:featuredmedia":[{"embeddable":true,"href":"https:\/\/babylove.se\/no\/wp-json\/wp\/v2\/media\/20400"}],"wp:attachment":[{"href":"https:\/\/babylove.se\/no\/wp-json\/wp\/v2\/media?parent=20398"}],"wp:term":[{"taxonomy":"product_brand","embeddable":true,"href":"https:\/\/babylove.se\/no\/wp-json\/wp\/v2\/product_brand?post=20398"},{"taxonomy":"product_cat","embeddable":true,"href":"https:\/\/babylove.se\/no\/wp-json\/wp\/v2\/product_cat?post=20398"},{"taxonomy":"product_tag","embeddable":true,"href":"https:\/\/babylove.se\/no\/wp-json\/wp\/v2\/product_tag?post=20398"}],"curies":[{"name":"wp","href":"https:\/\/api.w.org\/{rel}","templated":true}]}}