{"id":20477,"date":"2025-07-18T22:35:24","date_gmt":"2025-07-18T21:35:24","guid":{"rendered":"https:\/\/babylove.se\/produkt\/liewood-cyrus-silikon-matset-3-delar-cat-dark-rose\/"},"modified":"2026-04-08T09:39:25","modified_gmt":"2026-04-08T08:39:25","slug":"liewood-cyrus-silikon-matsett-3-deler-cat-dark-rose","status":"publish","type":"product","link":"https:\/\/babylove.se\/no\/produkt\/liewood-cyrus-silikon-matsett-3-deler-cat-dark-rose\/","title":{"rendered":"Liewood, Cyrus silikon mattsett 3 deler, cat dark rose"},"content":{"rendered":"<p>Et vakkert, slitesterkt og nyttig matsett fra danske Liewood i tre deler. Med den fine tallerkenen, sk\u00e5len og koppen kommer du og ditt barn til \u00e5 forene nytte med glede. Liewoods velkjente dyremotiv er designen for matsettet og finnes med p\u00e5 alle deler. <\/p>\n<p><strong>M\u00e5l<\/strong>: Tallerken \u00d817 cm, Sk\u00e5l \u00d811,5 H4,5 cm og koppen \u00d86,5 H9 cm<br \/>\n<strong>Materiale<\/strong>: 100 % silikon fri fra BPA<br \/>\nT\u00e5ler \u00e5 vaskes i maskin <\/p>\n<p>Designer: <a href=\"https:\/\/babylove.se\/varumarken\/liewood\"><u>Liewood<\/u><\/a><\/p>\n","protected":false},"excerpt":{"rendered":"<p>Et vakkert, slitesterkt og nyttig matsett fra danske Liewood i tre deler. Med den fine tallerkenen, sk\u00e5len og koppen kommer du og ditt barn til \u00e5 forene nytte med glede. Liewoods velkjente dyremotiv er designen for matsettet og finnes med p\u00e5 alle deler. M\u00e5l: Tallerken \u00d817 cm, Sk\u00e5l \u00d811,5 H4,5 cm og koppen \u00d86,5 H9 [&hellip;]<\/p>\n","protected":false},"featured_media":20479,"comment_status":"closed","ping_status":"closed","template":"","meta":{"_acf_changed":false},"product_brand":[282],"product_cat":[92,283],"product_tag":[],"class_list":{"0":"post-20477","1":"product","2":"type-product","3":"status-publish","4":"has-post-thumbnail","6":"product_brand-liewood","7":"product_cat-barnbestikk-matsett","8":"product_cat-liewood","10":"first","11":"outofstock","12":"taxable","13":"shipping-taxable","14":"purchasable","15":"product-type-simple"},"acf":[],"yoast_head":"<!-- This site is optimized with the Yoast SEO Premium plugin v25.8 (Yoast SEO v27.2) - https:\/\/yoast.com\/product\/yoast-seo-premium-wordpress\/ -->\n<title>Liewood, Cyrus silikon mattsett 3 deler, cat dark rose - Babylove Norska<\/title>\n<meta name=\"robots\" content=\"noindex, follow, max-snippet:-1, max-image-preview:large, max-video-preview:-1\" \/>\n<meta property=\"og:locale\" content=\"nb_NO\" \/>\n<meta property=\"og:type\" content=\"article\" \/>\n<meta property=\"og:title\" content=\"Liewood, Cyrus silikon mattsett 3 deler, cat dark rose\" \/>\n<meta property=\"og:description\" content=\"Et vakkert, slitesterkt og nyttig matsett fra danske Liewood i tre deler. Med den fine tallerkenen, sk\u00e5len og koppen kommer du og ditt barn til \u00e5 forene nytte med glede. Liewoods velkjente dyremotiv er designen for matsettet og finnes med p\u00e5 alle deler. M\u00e5l: Tallerken \u00d817 cm, Sk\u00e5l \u00d811,5 H4,5 cm og koppen \u00d86,5 H9 [&hellip;]\" \/>\n<meta property=\"og:url\" content=\"https:\/\/babylove.se\/no\/produkt\/liewood-cyrus-silikon-matsett-3-deler-cat-dark-rose\/\" \/>\n<meta property=\"og:site_name\" content=\"Babylove Norska\" \/>\n<meta property=\"article:modified_time\" content=\"2026-04-08T08:39:25+00:00\" \/>\n<meta property=\"og:image\" content=\"https:\/\/babylove.se\/no\/wp-content\/uploads\/sites\/3\/2025\/07\/5f9abeae091b9.jpeg\" \/>\n\t<meta property=\"og:image:width\" content=\"750\" \/>\n\t<meta property=\"og:image:height\" content=\"650\" \/>\n\t<meta property=\"og:image:type\" content=\"image\/jpeg\" \/>\n<meta name=\"twitter:card\" content=\"summary_large_image\" \/>\n<meta name=\"twitter:label1\" content=\"Price\" \/>\n\t<meta name=\"twitter:data1\" content=\"299,00&nbsp;&#107;&#114;\" \/>\n\t<meta name=\"twitter:label2\" content=\"Availability\" \/>\n\t<meta name=\"twitter:data2\" content=\"Out of stock\" \/>\n<script type=\"application\/ld+json\" class=\"yoast-schema-graph\">{\"@context\":\"https:\/\/schema.org\",\"@graph\":[{\"@type\":\"WebPage\",\"@id\":\"https:\/\/babylove.se\/no\/produkt\/liewood-cyrus-silikon-matsett-3-deler-cat-dark-rose\/\",\"url\":\"https:\/\/babylove.se\/no\/produkt\/liewood-cyrus-silikon-matsett-3-deler-cat-dark-rose\/\",\"name\":\"Liewood, Cyrus silikon mattsett 3 deler, cat dark rose - Babylove Norska\",\"isPartOf\":{\"@id\":\"https:\/\/babylove.se\/no\/#website\"},\"primaryImageOfPage\":{\"@id\":\"https:\/\/babylove.se\/no\/produkt\/liewood-cyrus-silikon-matsett-3-deler-cat-dark-rose\/#primaryimage\"},\"image\":{\"@id\":\"https:\/\/babylove.se\/no\/produkt\/liewood-cyrus-silikon-matsett-3-deler-cat-dark-rose\/#primaryimage\"},\"thumbnailUrl\":\"https:\/\/babylove.se\/no\/wp-content\/uploads\/sites\/3\/2025\/07\/5f9abeae091b9.jpeg\",\"datePublished\":\"2025-07-18T21:35:24+00:00\",\"dateModified\":\"2026-04-08T08:39:25+00:00\",\"breadcrumb\":{\"@id\":\"https:\/\/babylove.se\/no\/produkt\/liewood-cyrus-silikon-matsett-3-deler-cat-dark-rose\/#breadcrumb\"},\"inLanguage\":\"nb-NO\",\"potentialAction\":[{\"@type\":\"ReadAction\",\"target\":[\"https:\/\/babylove.se\/no\/produkt\/liewood-cyrus-silikon-matsett-3-deler-cat-dark-rose\/\"]}]},{\"@type\":\"ImageObject\",\"inLanguage\":\"nb-NO\",\"@id\":\"https:\/\/babylove.se\/no\/produkt\/liewood-cyrus-silikon-matsett-3-deler-cat-dark-rose\/#primaryimage\",\"url\":\"https:\/\/babylove.se\/no\/wp-content\/uploads\/sites\/3\/2025\/07\/5f9abeae091b9.jpeg\",\"contentUrl\":\"https:\/\/babylove.se\/no\/wp-content\/uploads\/sites\/3\/2025\/07\/5f9abeae091b9.jpeg\",\"width\":750,\"height\":650},{\"@type\":\"BreadcrumbList\",\"@id\":\"https:\/\/babylove.se\/no\/produkt\/liewood-cyrus-silikon-matsett-3-deler-cat-dark-rose\/#breadcrumb\",\"itemListElement\":[{\"@type\":\"ListItem\",\"position\":1,\"name\":\"Hem\",\"item\":\"https:\/\/babylove.se\/no\/\"},{\"@type\":\"ListItem\",\"position\":2,\"name\":\"Butik\",\"item\":\"https:\/\/babylove.se\/no\/butik\/\"},{\"@type\":\"ListItem\",\"position\":3,\"name\":\"Liewood, Cyrus silikon mattsett 3 deler, cat dark rose\"}]},{\"@type\":\"WebSite\",\"@id\":\"https:\/\/babylove.se\/no\/#website\",\"url\":\"https:\/\/babylove.se\/no\/\",\"name\":\"Babylove Norska\",\"description\":\"\",\"potentialAction\":[{\"@type\":\"SearchAction\",\"target\":{\"@type\":\"EntryPoint\",\"urlTemplate\":\"https:\/\/babylove.se\/no\/?s={search_term_string}\"},\"query-input\":{\"@type\":\"PropertyValueSpecification\",\"valueRequired\":true,\"valueName\":\"search_term_string\"}}],\"inLanguage\":\"nb-NO\"}]}<\/script>\n<meta property=\"product:brand\" content=\"Liewood\" \/>\n<meta property=\"product:price:amount\" content=\"299.00\" \/>\n<meta property=\"product:price:currency\" content=\"SEK\" \/>\n<meta property=\"og:availability\" content=\"out of stock\" \/>\n<meta property=\"product:availability\" content=\"out of stock\" \/>\n<meta property=\"product:retailer_item_id\" content=\"LW130622252\" \/>\n<meta property=\"product:condition\" content=\"new\" \/>\n<!-- \/ Yoast SEO Premium plugin. -->","yoast_head_json":{"title":"Liewood, Cyrus silikon mattsett 3 deler, cat dark rose - Babylove Norska","robots":{"index":"noindex","follow":"follow","max-snippet":"max-snippet:-1","max-image-preview":"max-image-preview:large","max-video-preview":"max-video-preview:-1"},"og_locale":"nb_NO","og_type":"article","og_title":"Liewood, Cyrus silikon mattsett 3 deler, cat dark rose","og_description":"Et vakkert, slitesterkt og nyttig matsett fra danske Liewood i tre deler. Med den fine tallerkenen, sk\u00e5len og koppen kommer du og ditt barn til \u00e5 forene nytte med glede. Liewoods velkjente dyremotiv er designen for matsettet og finnes med p\u00e5 alle deler. M\u00e5l: Tallerken \u00d817 cm, Sk\u00e5l \u00d811,5 H4,5 cm og koppen \u00d86,5 H9 [&hellip;]","og_url":"https:\/\/babylove.se\/no\/produkt\/liewood-cyrus-silikon-matsett-3-deler-cat-dark-rose\/","og_site_name":"Babylove Norska","article_modified_time":"2026-04-08T08:39:25+00:00","og_image":[{"width":750,"height":650,"url":"https:\/\/babylove.se\/no\/wp-content\/uploads\/sites\/3\/2025\/07\/5f9abeae091b9.jpeg","type":"image\/jpeg"}],"twitter_card":"summary_large_image","twitter_misc":{"Price":"299,00&nbsp;&#107;&#114;","Availability":"Out of stock"},"schema":{"@context":"https:\/\/schema.org","@graph":[{"@type":"WebPage","@id":"https:\/\/babylove.se\/no\/produkt\/liewood-cyrus-silikon-matsett-3-deler-cat-dark-rose\/","url":"https:\/\/babylove.se\/no\/produkt\/liewood-cyrus-silikon-matsett-3-deler-cat-dark-rose\/","name":"Liewood, Cyrus silikon mattsett 3 deler, cat dark rose - Babylove Norska","isPartOf":{"@id":"https:\/\/babylove.se\/no\/#website"},"primaryImageOfPage":{"@id":"https:\/\/babylove.se\/no\/produkt\/liewood-cyrus-silikon-matsett-3-deler-cat-dark-rose\/#primaryimage"},"image":{"@id":"https:\/\/babylove.se\/no\/produkt\/liewood-cyrus-silikon-matsett-3-deler-cat-dark-rose\/#primaryimage"},"thumbnailUrl":"https:\/\/babylove.se\/no\/wp-content\/uploads\/sites\/3\/2025\/07\/5f9abeae091b9.jpeg","datePublished":"2025-07-18T21:35:24+00:00","dateModified":"2026-04-08T08:39:25+00:00","breadcrumb":{"@id":"https:\/\/babylove.se\/no\/produkt\/liewood-cyrus-silikon-matsett-3-deler-cat-dark-rose\/#breadcrumb"},"inLanguage":"nb-NO","potentialAction":[{"@type":"ReadAction","target":["https:\/\/babylove.se\/no\/produkt\/liewood-cyrus-silikon-matsett-3-deler-cat-dark-rose\/"]}]},{"@type":"ImageObject","inLanguage":"nb-NO","@id":"https:\/\/babylove.se\/no\/produkt\/liewood-cyrus-silikon-matsett-3-deler-cat-dark-rose\/#primaryimage","url":"https:\/\/babylove.se\/no\/wp-content\/uploads\/sites\/3\/2025\/07\/5f9abeae091b9.jpeg","contentUrl":"https:\/\/babylove.se\/no\/wp-content\/uploads\/sites\/3\/2025\/07\/5f9abeae091b9.jpeg","width":750,"height":650},{"@type":"BreadcrumbList","@id":"https:\/\/babylove.se\/no\/produkt\/liewood-cyrus-silikon-matsett-3-deler-cat-dark-rose\/#breadcrumb","itemListElement":[{"@type":"ListItem","position":1,"name":"Hem","item":"https:\/\/babylove.se\/no\/"},{"@type":"ListItem","position":2,"name":"Butik","item":"https:\/\/babylove.se\/no\/butik\/"},{"@type":"ListItem","position":3,"name":"Liewood, Cyrus silikon mattsett 3 deler, cat dark rose"}]},{"@type":"WebSite","@id":"https:\/\/babylove.se\/no\/#website","url":"https:\/\/babylove.se\/no\/","name":"Babylove Norska","description":"","potentialAction":[{"@type":"SearchAction","target":{"@type":"EntryPoint","urlTemplate":"https:\/\/babylove.se\/no\/?s={search_term_string}"},"query-input":{"@type":"PropertyValueSpecification","valueRequired":true,"valueName":"search_term_string"}}],"inLanguage":"nb-NO"}]},"product_brand":"Liewood","product_price_amount":"299.00","product_price_currency":"SEK","og_availability":"out of stock","product_availability":"out of stock","product_retailer_item_id":"LW130622252","product_condition":"new"},"_links":{"self":[{"href":"https:\/\/babylove.se\/no\/wp-json\/wp\/v2\/product\/20477","targetHints":{"allow":["GET"]}}],"collection":[{"href":"https:\/\/babylove.se\/no\/wp-json\/wp\/v2\/product"}],"about":[{"href":"https:\/\/babylove.se\/no\/wp-json\/wp\/v2\/types\/product"}],"replies":[{"embeddable":true,"href":"https:\/\/babylove.se\/no\/wp-json\/wp\/v2\/comments?post=20477"}],"wp:featuredmedia":[{"embeddable":true,"href":"https:\/\/babylove.se\/no\/wp-json\/wp\/v2\/media\/20479"}],"wp:attachment":[{"href":"https:\/\/babylove.se\/no\/wp-json\/wp\/v2\/media?parent=20477"}],"wp:term":[{"taxonomy":"product_brand","embeddable":true,"href":"https:\/\/babylove.se\/no\/wp-json\/wp\/v2\/product_brand?post=20477"},{"taxonomy":"product_cat","embeddable":true,"href":"https:\/\/babylove.se\/no\/wp-json\/wp\/v2\/product_cat?post=20477"},{"taxonomy":"product_tag","embeddable":true,"href":"https:\/\/babylove.se\/no\/wp-json\/wp\/v2\/product_tag?post=20477"}],"curies":[{"name":"wp","href":"https:\/\/api.w.org\/{rel}","templated":true}]}}