{"id":20544,"date":"2025-07-18T22:36:31","date_gmt":"2025-07-18T21:36:31","guid":{"rendered":"https:\/\/babylove.se\/produkt\/little-lights-mini-bokstavslampa\/"},"modified":"2026-04-08T09:39:33","modified_gmt":"2026-04-08T08:39:33","slug":"sma-lys-mini-bokstavlampe","status":"publish","type":"product","link":"https:\/\/babylove.se\/no\/produkt\/sma-lys-mini-bokstavlampe\/","title":{"rendered":"Little Lights, mini bokstavlampe"},"content":{"rendered":"<p>En fantastisk lampe til barnerommet som vil l\u00f8fte innredningen din samtidig som den fungerer som en perfekt nattlampe for barnet ditt. <\/p>\n<p>Laget av tre og h\u00e5ndmalt i barnesikre farger. Hver lampe lages for h\u00e5nd og p\u00e5 bestilling som gj\u00f8r hver lampe helt unik, samtidig som leveringstiden kan bli litt lengre. <\/p>\n<p>Belysningen i lampen best\u00e5r av sikre lysdioder som dessuten st\u00e5r for full holdbarhet og bruker lite energi. De er utvalgt med omhu for \u00e5 v\u00e6re milj\u00f8vennlige. Lampen drives av en vanlig stikkontakt og kan stilles inn til \u00e5 automatisk slukke etter 30, 60 eller 90 minutter. Forberedt for \u00e5 henges p\u00e5 veggen. <\/p>\n<p>Alt tre som lampen er bygget av kommer fra n\u00f8ye utvalgte skogsomr\u00e5der med b\u00e6rekraftig skogbruk. <\/p>\n<p><strong>Bokstavene finnes i alle bokstaver fra A til \u00c5. <\/strong> <\/p>\n<ul>\n<li>St\u00f8rrelse: Lampens st\u00f8rrelse avhenger av bokstaven, men de har en h\u00f8yde p\u00e5 omtrent 19 cm<\/li>\n<li>Materiale: massiv furu<\/li>\n<li>LED-lamper<\/li>\n<li>Timer (30, 60 og 90 minutter)<\/li>\n<li>Dimmer<\/li>\n<li>3,3W 230V AC EU PLUG<\/li>\n<li>Brenntid:. Ca. 100 000t<\/li>\n<li>Str\u00f8mforsyning: stikkontakt<\/li>\n<li>Bryter: omkoppleren p\u00e5 kabelen<\/li>\n<\/ul>\n<p>Tilgjengelige farger: natur, hvit, svart, pudderrosa, bl\u00e5, gr\u00e5 og pastellkorall. <\/p>\n<p>P\u00e5 alle Little Lights lamper gir vi 12 m\u00e5neders garanti p\u00e5 lampene. Etter det kan de trenge \u00e5 byttes og da m\u00e5 lampen \u00e5pnes forsiktig. Et sett med ekstralamper koster 159;- <\/p>\n<p>Designer: <a href=\"https:\/\/babylove.se\/varumarken\/little-lights-lampor\">Little Lights<\/a><\/p>\n","protected":false},"excerpt":{"rendered":"<p>En fantastisk lampe til barnerommet som vil l\u00f8fte innredningen din samtidig som den fungerer som en perfekt nattlampe for barnet ditt. Laget av tre og h\u00e5ndmalt i barnesikre farger. Hver lampe lages for h\u00e5nd og p\u00e5 bestilling som gj\u00f8r hver lampe helt unik, samtidig som leveringstiden kan bli litt lengre. Belysningen i lampen best\u00e5r av [&hellip;]<\/p>\n","protected":false},"featured_media":20546,"comment_status":"closed","ping_status":"closed","template":"","meta":{"_acf_changed":false},"product_brand":[207],"product_cat":[31,208,179],"product_tag":[1689,1710],"class_list":{"0":"post-20544","1":"product","2":"type-product","3":"status-publish","4":"has-post-thumbnail","6":"product_brand-little-lights","7":"product_cat-lamper","8":"product_cat-sma-lys-lamper","9":"product_cat-nattlamper","10":"product_tag-bestillingsvaror","11":"product_tag-littlelightsbokstav","12":"pa_farg-bla","13":"pa_farg-gra","14":"pa_farg-vit","15":"pa_farg-natur","16":"pa_farg-pastellkorall","17":"pa_farg-puderrosa","18":"pa_farg-svart","20":"first","21":"instock","22":"taxable","23":"shipping-taxable","24":"purchasable","25":"product-type-variable"},"acf":[],"yoast_head":"<!-- This site is optimized with the Yoast SEO Premium plugin v25.8 (Yoast SEO v27.2) - https:\/\/yoast.com\/product\/yoast-seo-premium-wordpress\/ -->\n<title>Little Lights, mini bokstavlampe - Babylove Norska<\/title>\n<meta name=\"robots\" content=\"noindex, follow, max-snippet:-1, max-image-preview:large, max-video-preview:-1\" \/>\n<meta property=\"og:locale\" content=\"nb_NO\" \/>\n<meta property=\"og:type\" content=\"article\" \/>\n<meta property=\"og:title\" content=\"Little Lights, mini bokstavlampe\" \/>\n<meta property=\"og:description\" content=\"En fantastisk lampe til barnerommet som vil l\u00f8fte innredningen din samtidig som den fungerer som en perfekt nattlampe for barnet ditt. Laget av tre og h\u00e5ndmalt i barnesikre farger. Hver lampe lages for h\u00e5nd og p\u00e5 bestilling som gj\u00f8r hver lampe helt unik, samtidig som leveringstiden kan bli litt lengre. Belysningen i lampen best\u00e5r av [&hellip;]\" \/>\n<meta property=\"og:url\" content=\"https:\/\/babylove.se\/no\/produkt\/sma-lys-mini-bokstavlampe\/\" \/>\n<meta property=\"og:site_name\" content=\"Babylove Norska\" \/>\n<meta property=\"article:modified_time\" content=\"2026-04-08T08:39:33+00:00\" \/>\n<meta property=\"og:image\" content=\"https:\/\/babylove.se\/no\/wp-content\/uploads\/sites\/3\/2025\/07\/644d4a0e79356.jpeg\" \/>\n\t<meta property=\"og:image:width\" content=\"1349\" \/>\n\t<meta property=\"og:image:height\" content=\"1491\" \/>\n\t<meta property=\"og:image:type\" content=\"image\/jpeg\" \/>\n<meta name=\"twitter:card\" content=\"summary_large_image\" \/>\n<meta name=\"twitter:label1\" content=\"Availability\" \/>\n\t<meta name=\"twitter:data1\" content=\"In stock\" \/>\n<script type=\"application\/ld+json\" class=\"yoast-schema-graph\">{\"@context\":\"https:\/\/schema.org\",\"@graph\":[{\"@type\":\"WebPage\",\"@id\":\"https:\/\/babylove.se\/no\/produkt\/sma-lys-mini-bokstavlampe\/\",\"url\":\"https:\/\/babylove.se\/no\/produkt\/sma-lys-mini-bokstavlampe\/\",\"name\":\"Little Lights, mini bokstavlampe - Babylove Norska\",\"isPartOf\":{\"@id\":\"https:\/\/babylove.se\/no\/#website\"},\"primaryImageOfPage\":{\"@id\":\"https:\/\/babylove.se\/no\/produkt\/sma-lys-mini-bokstavlampe\/#primaryimage\"},\"image\":{\"@id\":\"https:\/\/babylove.se\/no\/produkt\/sma-lys-mini-bokstavlampe\/#primaryimage\"},\"thumbnailUrl\":\"https:\/\/babylove.se\/no\/wp-content\/uploads\/sites\/3\/2025\/07\/644d4a0e79356.jpeg\",\"datePublished\":\"2025-07-18T21:36:31+00:00\",\"dateModified\":\"2026-04-08T08:39:33+00:00\",\"breadcrumb\":{\"@id\":\"https:\/\/babylove.se\/no\/produkt\/sma-lys-mini-bokstavlampe\/#breadcrumb\"},\"inLanguage\":\"nb-NO\",\"potentialAction\":[{\"@type\":\"ReadAction\",\"target\":[\"https:\/\/babylove.se\/no\/produkt\/sma-lys-mini-bokstavlampe\/\"]}]},{\"@type\":\"ImageObject\",\"inLanguage\":\"nb-NO\",\"@id\":\"https:\/\/babylove.se\/no\/produkt\/sma-lys-mini-bokstavlampe\/#primaryimage\",\"url\":\"https:\/\/babylove.se\/no\/wp-content\/uploads\/sites\/3\/2025\/07\/644d4a0e79356.jpeg\",\"contentUrl\":\"https:\/\/babylove.se\/no\/wp-content\/uploads\/sites\/3\/2025\/07\/644d4a0e79356.jpeg\",\"width\":1349,\"height\":1491},{\"@type\":\"BreadcrumbList\",\"@id\":\"https:\/\/babylove.se\/no\/produkt\/sma-lys-mini-bokstavlampe\/#breadcrumb\",\"itemListElement\":[{\"@type\":\"ListItem\",\"position\":1,\"name\":\"Hem\",\"item\":\"https:\/\/babylove.se\/no\/\"},{\"@type\":\"ListItem\",\"position\":2,\"name\":\"Butik\",\"item\":\"https:\/\/babylove.se\/no\/butik\/\"},{\"@type\":\"ListItem\",\"position\":3,\"name\":\"Little Lights, mini bokstavlampe\"}]},{\"@type\":\"WebSite\",\"@id\":\"https:\/\/babylove.se\/no\/#website\",\"url\":\"https:\/\/babylove.se\/no\/\",\"name\":\"Babylove Norska\",\"description\":\"\",\"potentialAction\":[{\"@type\":\"SearchAction\",\"target\":{\"@type\":\"EntryPoint\",\"urlTemplate\":\"https:\/\/babylove.se\/no\/?s={search_term_string}\"},\"query-input\":{\"@type\":\"PropertyValueSpecification\",\"valueRequired\":true,\"valueName\":\"search_term_string\"}}],\"inLanguage\":\"nb-NO\"}]}<\/script>\n<meta property=\"product:brand\" content=\"Little Lights\" \/>\n<meta property=\"og:availability\" content=\"instock\" \/>\n<meta property=\"product:availability\" content=\"instock\" \/>\n<meta property=\"product:retailer_item_id\" content=\"LL039-vit\" \/>\n<meta property=\"product:condition\" content=\"new\" \/>\n<!-- \/ Yoast SEO Premium plugin. -->","yoast_head_json":{"title":"Little Lights, mini bokstavlampe - Babylove Norska","robots":{"index":"noindex","follow":"follow","max-snippet":"max-snippet:-1","max-image-preview":"max-image-preview:large","max-video-preview":"max-video-preview:-1"},"og_locale":"nb_NO","og_type":"article","og_title":"Little Lights, mini bokstavlampe","og_description":"En fantastisk lampe til barnerommet som vil l\u00f8fte innredningen din samtidig som den fungerer som en perfekt nattlampe for barnet ditt. Laget av tre og h\u00e5ndmalt i barnesikre farger. Hver lampe lages for h\u00e5nd og p\u00e5 bestilling som gj\u00f8r hver lampe helt unik, samtidig som leveringstiden kan bli litt lengre. Belysningen i lampen best\u00e5r av [&hellip;]","og_url":"https:\/\/babylove.se\/no\/produkt\/sma-lys-mini-bokstavlampe\/","og_site_name":"Babylove Norska","article_modified_time":"2026-04-08T08:39:33+00:00","og_image":[{"width":1349,"height":1491,"url":"https:\/\/babylove.se\/no\/wp-content\/uploads\/sites\/3\/2025\/07\/644d4a0e79356.jpeg","type":"image\/jpeg"}],"twitter_card":"summary_large_image","twitter_misc":{"Availability":"In stock"},"schema":{"@context":"https:\/\/schema.org","@graph":[{"@type":"WebPage","@id":"https:\/\/babylove.se\/no\/produkt\/sma-lys-mini-bokstavlampe\/","url":"https:\/\/babylove.se\/no\/produkt\/sma-lys-mini-bokstavlampe\/","name":"Little Lights, mini bokstavlampe - Babylove Norska","isPartOf":{"@id":"https:\/\/babylove.se\/no\/#website"},"primaryImageOfPage":{"@id":"https:\/\/babylove.se\/no\/produkt\/sma-lys-mini-bokstavlampe\/#primaryimage"},"image":{"@id":"https:\/\/babylove.se\/no\/produkt\/sma-lys-mini-bokstavlampe\/#primaryimage"},"thumbnailUrl":"https:\/\/babylove.se\/no\/wp-content\/uploads\/sites\/3\/2025\/07\/644d4a0e79356.jpeg","datePublished":"2025-07-18T21:36:31+00:00","dateModified":"2026-04-08T08:39:33+00:00","breadcrumb":{"@id":"https:\/\/babylove.se\/no\/produkt\/sma-lys-mini-bokstavlampe\/#breadcrumb"},"inLanguage":"nb-NO","potentialAction":[{"@type":"ReadAction","target":["https:\/\/babylove.se\/no\/produkt\/sma-lys-mini-bokstavlampe\/"]}]},{"@type":"ImageObject","inLanguage":"nb-NO","@id":"https:\/\/babylove.se\/no\/produkt\/sma-lys-mini-bokstavlampe\/#primaryimage","url":"https:\/\/babylove.se\/no\/wp-content\/uploads\/sites\/3\/2025\/07\/644d4a0e79356.jpeg","contentUrl":"https:\/\/babylove.se\/no\/wp-content\/uploads\/sites\/3\/2025\/07\/644d4a0e79356.jpeg","width":1349,"height":1491},{"@type":"BreadcrumbList","@id":"https:\/\/babylove.se\/no\/produkt\/sma-lys-mini-bokstavlampe\/#breadcrumb","itemListElement":[{"@type":"ListItem","position":1,"name":"Hem","item":"https:\/\/babylove.se\/no\/"},{"@type":"ListItem","position":2,"name":"Butik","item":"https:\/\/babylove.se\/no\/butik\/"},{"@type":"ListItem","position":3,"name":"Little Lights, mini bokstavlampe"}]},{"@type":"WebSite","@id":"https:\/\/babylove.se\/no\/#website","url":"https:\/\/babylove.se\/no\/","name":"Babylove Norska","description":"","potentialAction":[{"@type":"SearchAction","target":{"@type":"EntryPoint","urlTemplate":"https:\/\/babylove.se\/no\/?s={search_term_string}"},"query-input":{"@type":"PropertyValueSpecification","valueRequired":true,"valueName":"search_term_string"}}],"inLanguage":"nb-NO"}]},"product_brand":"Little Lights","og_availability":"instock","product_availability":"instock","product_retailer_item_id":"LL039-vit","product_condition":"new"},"_links":{"self":[{"href":"https:\/\/babylove.se\/no\/wp-json\/wp\/v2\/product\/20544","targetHints":{"allow":["GET"]}}],"collection":[{"href":"https:\/\/babylove.se\/no\/wp-json\/wp\/v2\/product"}],"about":[{"href":"https:\/\/babylove.se\/no\/wp-json\/wp\/v2\/types\/product"}],"replies":[{"embeddable":true,"href":"https:\/\/babylove.se\/no\/wp-json\/wp\/v2\/comments?post=20544"}],"wp:featuredmedia":[{"embeddable":true,"href":"https:\/\/babylove.se\/no\/wp-json\/wp\/v2\/media\/20546"}],"wp:attachment":[{"href":"https:\/\/babylove.se\/no\/wp-json\/wp\/v2\/media?parent=20544"}],"wp:term":[{"taxonomy":"product_brand","embeddable":true,"href":"https:\/\/babylove.se\/no\/wp-json\/wp\/v2\/product_brand?post=20544"},{"taxonomy":"product_cat","embeddable":true,"href":"https:\/\/babylove.se\/no\/wp-json\/wp\/v2\/product_cat?post=20544"},{"taxonomy":"product_tag","embeddable":true,"href":"https:\/\/babylove.se\/no\/wp-json\/wp\/v2\/product_tag?post=20544"}],"curies":[{"name":"wp","href":"https:\/\/api.w.org\/{rel}","templated":true}]}}