{"id":20567,"date":"2025-07-18T22:36:47","date_gmt":"2025-07-18T21:36:47","guid":{"rendered":"https:\/\/babylove.se\/produkt\/wood-luck-skapgarderob-babushka\/"},"modified":"2026-04-08T09:39:40","modified_gmt":"2026-04-08T08:39:40","slug":"tre-lykke-skapgarderob-babushka","status":"publish","type":"product","link":"https:\/\/babylove.se\/no\/produkt\/tre-lykke-skapgarderob-babushka\/","title":{"rendered":"Wood Luck, Skap\/Garderobe\/Bokhylle Babushka"},"content":{"rendered":"<p>En riktig dr\u00f8m for barnerommet, det er skapet Babushka som er s\u00e5 vakkert at det ogs\u00e5 passer inn i foreldrenes soverom. Skapet er helt bygget for h\u00e5nd av MDF og det inng\u00e5r en masse sjarm og fine detaljer. Eller hva med de fine &nbsp;trebenene, og de vakre detaljene p\u00e5 skuffen.&nbsp;<\/p>\n<p>I bunnen finnes en fin og praktisk skuff for ekstra oppbevaring.<\/p>\n<p><strong>M\u00e5l:<\/strong><\/p>\n<ul>\n<li>H\u00f8yde 140 cm<\/li>\n<li>Bredde 84 cm<\/li>\n<li>Dybde 35 cm&nbsp;<\/li>\n<\/ul>\n<p><strong>Materiale<\/strong>: MDF<\/p>\n<p><strong>Farge<\/strong>: Olivengr\u00f8nn (RAL 7032)<\/p>\n<p>Skapet monteres enkelt sammen selv hjemme, og en god bruksanvisning f\u00f8lger selvf\u00f8lgelig med.<\/p>\n<p>Designer: <a href=\"https:\/\/babylove.se\/varumarken\/woodluck\">Woodluck<\/a><\/p>\n","protected":false},"excerpt":{"rendered":"<p>En riktig dr\u00f8m for barnerommet, det er skapet Babushka som er s\u00e5 vakkert at det ogs\u00e5 passer inn i foreldrenes soverom. Skapet er helt bygget for h\u00e5nd av MDF og det inng\u00e5r en masse sjarm og fine detaljer. Eller hva med de fine &nbsp;trebenene, og de vakre detaljene p\u00e5 skuffen.&nbsp; I bunnen finnes en fin [&hellip;]<\/p>\n","protected":false},"featured_media":20569,"comment_status":"closed","ping_status":"open","template":"","meta":{"_acf_changed":false},"product_brand":[596],"product_cat":[595,367,43,838,597],"product_tag":[1689],"class_list":{"0":"post-20567","1":"product","2":"type-product","3":"status-publish","4":"has-post-thumbnail","6":"product_brand-woodluck","7":"product_cat-garderobe","8":"product_cat-byra","9":"product_cat-oppbevaringskurver","10":"product_cat-skap","11":"product_cat-woodluck","12":"product_tag-bestillingsvaror","14":"first","15":"instock","16":"taxable","17":"shipping-taxable","18":"purchasable","19":"product-type-simple"},"acf":[],"yoast_head":"<!-- This site is optimized with the Yoast SEO Premium plugin v25.8 (Yoast SEO v27.2) - https:\/\/yoast.com\/product\/yoast-seo-premium-wordpress\/ -->\n<title>Wood Luck, Skap\/Garderobe\/Bokhylle Babushka - Babylove Norska<\/title>\n<meta name=\"robots\" content=\"noindex, follow, max-snippet:-1, max-image-preview:large, max-video-preview:-1\" \/>\n<meta property=\"og:locale\" content=\"nb_NO\" \/>\n<meta property=\"og:type\" content=\"article\" \/>\n<meta property=\"og:title\" content=\"Wood Luck, Skap\/Garderobe\/Bokhylle Babushka\" \/>\n<meta property=\"og:description\" content=\"En riktig dr\u00f8m for barnerommet, det er skapet Babushka som er s\u00e5 vakkert at det ogs\u00e5 passer inn i foreldrenes soverom. Skapet er helt bygget for h\u00e5nd av MDF og det inng\u00e5r en masse sjarm og fine detaljer. Eller hva med de fine &nbsp;trebenene, og de vakre detaljene p\u00e5 skuffen.&nbsp; I bunnen finnes en fin [&hellip;]\" \/>\n<meta property=\"og:url\" content=\"https:\/\/babylove.se\/no\/produkt\/tre-lykke-skapgarderob-babushka\/\" \/>\n<meta property=\"og:site_name\" content=\"Babylove Norska\" \/>\n<meta property=\"article:modified_time\" content=\"2026-04-08T08:39:40+00:00\" \/>\n<meta property=\"og:image\" content=\"https:\/\/babylove.se\/no\/wp-content\/uploads\/sites\/3\/2025\/07\/5fa24d49b3a99.png\" \/>\n\t<meta property=\"og:image:width\" content=\"750\" \/>\n\t<meta property=\"og:image:height\" content=\"747\" \/>\n\t<meta property=\"og:image:type\" content=\"image\/png\" \/>\n<meta name=\"twitter:card\" content=\"summary_large_image\" \/>\n<meta name=\"twitter:label1\" content=\"Price\" \/>\n\t<meta name=\"twitter:data1\" content=\"6 999,00&nbsp;&#107;&#114;\" \/>\n\t<meta name=\"twitter:label2\" content=\"Availability\" \/>\n\t<meta name=\"twitter:data2\" content=\"In stock\" \/>\n<script type=\"application\/ld+json\" class=\"yoast-schema-graph\">{\"@context\":\"https:\/\/schema.org\",\"@graph\":[{\"@type\":\"WebPage\",\"@id\":\"https:\/\/babylove.se\/no\/produkt\/tre-lykke-skapgarderob-babushka\/\",\"url\":\"https:\/\/babylove.se\/no\/produkt\/tre-lykke-skapgarderob-babushka\/\",\"name\":\"Wood Luck, Skap\/Garderobe\/Bokhylle Babushka - Babylove Norska\",\"isPartOf\":{\"@id\":\"https:\/\/babylove.se\/no\/#website\"},\"primaryImageOfPage\":{\"@id\":\"https:\/\/babylove.se\/no\/produkt\/tre-lykke-skapgarderob-babushka\/#primaryimage\"},\"image\":{\"@id\":\"https:\/\/babylove.se\/no\/produkt\/tre-lykke-skapgarderob-babushka\/#primaryimage\"},\"thumbnailUrl\":\"https:\/\/babylove.se\/no\/wp-content\/uploads\/sites\/3\/2025\/07\/5fa24d49b3a99.png\",\"datePublished\":\"2025-07-18T21:36:47+00:00\",\"dateModified\":\"2026-04-08T08:39:40+00:00\",\"breadcrumb\":{\"@id\":\"https:\/\/babylove.se\/no\/produkt\/tre-lykke-skapgarderob-babushka\/#breadcrumb\"},\"inLanguage\":\"nb-NO\",\"potentialAction\":[{\"@type\":\"ReadAction\",\"target\":[\"https:\/\/babylove.se\/no\/produkt\/tre-lykke-skapgarderob-babushka\/\"]}]},{\"@type\":\"ImageObject\",\"inLanguage\":\"nb-NO\",\"@id\":\"https:\/\/babylove.se\/no\/produkt\/tre-lykke-skapgarderob-babushka\/#primaryimage\",\"url\":\"https:\/\/babylove.se\/no\/wp-content\/uploads\/sites\/3\/2025\/07\/5fa24d49b3a99.png\",\"contentUrl\":\"https:\/\/babylove.se\/no\/wp-content\/uploads\/sites\/3\/2025\/07\/5fa24d49b3a99.png\",\"width\":750,\"height\":747},{\"@type\":\"BreadcrumbList\",\"@id\":\"https:\/\/babylove.se\/no\/produkt\/tre-lykke-skapgarderob-babushka\/#breadcrumb\",\"itemListElement\":[{\"@type\":\"ListItem\",\"position\":1,\"name\":\"Hem\",\"item\":\"https:\/\/babylove.se\/no\/\"},{\"@type\":\"ListItem\",\"position\":2,\"name\":\"Butik\",\"item\":\"https:\/\/babylove.se\/no\/butik\/\"},{\"@type\":\"ListItem\",\"position\":3,\"name\":\"Wood Luck, Skap\/Garderobe\/Bokhylle Babushka\"}]},{\"@type\":\"WebSite\",\"@id\":\"https:\/\/babylove.se\/no\/#website\",\"url\":\"https:\/\/babylove.se\/no\/\",\"name\":\"Babylove Norska\",\"description\":\"\",\"potentialAction\":[{\"@type\":\"SearchAction\",\"target\":{\"@type\":\"EntryPoint\",\"urlTemplate\":\"https:\/\/babylove.se\/no\/?s={search_term_string}\"},\"query-input\":{\"@type\":\"PropertyValueSpecification\",\"valueRequired\":true,\"valueName\":\"search_term_string\"}}],\"inLanguage\":\"nb-NO\"}]}<\/script>\n<meta property=\"product:brand\" content=\"Woodluck\" \/>\n<meta property=\"product:price:amount\" content=\"6999.00\" \/>\n<meta property=\"product:price:currency\" content=\"SEK\" \/>\n<meta property=\"og:availability\" content=\"instock\" \/>\n<meta property=\"product:availability\" content=\"instock\" \/>\n<meta property=\"product:retailer_item_id\" content=\"100.4\" \/>\n<meta property=\"product:condition\" content=\"new\" \/>\n<!-- \/ Yoast SEO Premium plugin. -->","yoast_head_json":{"title":"Wood Luck, Skap\/Garderobe\/Bokhylle Babushka - Babylove Norska","robots":{"index":"noindex","follow":"follow","max-snippet":"max-snippet:-1","max-image-preview":"max-image-preview:large","max-video-preview":"max-video-preview:-1"},"og_locale":"nb_NO","og_type":"article","og_title":"Wood Luck, Skap\/Garderobe\/Bokhylle Babushka","og_description":"En riktig dr\u00f8m for barnerommet, det er skapet Babushka som er s\u00e5 vakkert at det ogs\u00e5 passer inn i foreldrenes soverom. Skapet er helt bygget for h\u00e5nd av MDF og det inng\u00e5r en masse sjarm og fine detaljer. Eller hva med de fine &nbsp;trebenene, og de vakre detaljene p\u00e5 skuffen.&nbsp; I bunnen finnes en fin [&hellip;]","og_url":"https:\/\/babylove.se\/no\/produkt\/tre-lykke-skapgarderob-babushka\/","og_site_name":"Babylove Norska","article_modified_time":"2026-04-08T08:39:40+00:00","og_image":[{"width":750,"height":747,"url":"https:\/\/babylove.se\/no\/wp-content\/uploads\/sites\/3\/2025\/07\/5fa24d49b3a99.png","type":"image\/png"}],"twitter_card":"summary_large_image","twitter_misc":{"Price":"6 999,00&nbsp;&#107;&#114;","Availability":"In stock"},"schema":{"@context":"https:\/\/schema.org","@graph":[{"@type":"WebPage","@id":"https:\/\/babylove.se\/no\/produkt\/tre-lykke-skapgarderob-babushka\/","url":"https:\/\/babylove.se\/no\/produkt\/tre-lykke-skapgarderob-babushka\/","name":"Wood Luck, Skap\/Garderobe\/Bokhylle Babushka - Babylove Norska","isPartOf":{"@id":"https:\/\/babylove.se\/no\/#website"},"primaryImageOfPage":{"@id":"https:\/\/babylove.se\/no\/produkt\/tre-lykke-skapgarderob-babushka\/#primaryimage"},"image":{"@id":"https:\/\/babylove.se\/no\/produkt\/tre-lykke-skapgarderob-babushka\/#primaryimage"},"thumbnailUrl":"https:\/\/babylove.se\/no\/wp-content\/uploads\/sites\/3\/2025\/07\/5fa24d49b3a99.png","datePublished":"2025-07-18T21:36:47+00:00","dateModified":"2026-04-08T08:39:40+00:00","breadcrumb":{"@id":"https:\/\/babylove.se\/no\/produkt\/tre-lykke-skapgarderob-babushka\/#breadcrumb"},"inLanguage":"nb-NO","potentialAction":[{"@type":"ReadAction","target":["https:\/\/babylove.se\/no\/produkt\/tre-lykke-skapgarderob-babushka\/"]}]},{"@type":"ImageObject","inLanguage":"nb-NO","@id":"https:\/\/babylove.se\/no\/produkt\/tre-lykke-skapgarderob-babushka\/#primaryimage","url":"https:\/\/babylove.se\/no\/wp-content\/uploads\/sites\/3\/2025\/07\/5fa24d49b3a99.png","contentUrl":"https:\/\/babylove.se\/no\/wp-content\/uploads\/sites\/3\/2025\/07\/5fa24d49b3a99.png","width":750,"height":747},{"@type":"BreadcrumbList","@id":"https:\/\/babylove.se\/no\/produkt\/tre-lykke-skapgarderob-babushka\/#breadcrumb","itemListElement":[{"@type":"ListItem","position":1,"name":"Hem","item":"https:\/\/babylove.se\/no\/"},{"@type":"ListItem","position":2,"name":"Butik","item":"https:\/\/babylove.se\/no\/butik\/"},{"@type":"ListItem","position":3,"name":"Wood Luck, Skap\/Garderobe\/Bokhylle Babushka"}]},{"@type":"WebSite","@id":"https:\/\/babylove.se\/no\/#website","url":"https:\/\/babylove.se\/no\/","name":"Babylove Norska","description":"","potentialAction":[{"@type":"SearchAction","target":{"@type":"EntryPoint","urlTemplate":"https:\/\/babylove.se\/no\/?s={search_term_string}"},"query-input":{"@type":"PropertyValueSpecification","valueRequired":true,"valueName":"search_term_string"}}],"inLanguage":"nb-NO"}]},"product_brand":"Woodluck","product_price_amount":"6999.00","product_price_currency":"SEK","og_availability":"instock","product_availability":"instock","product_retailer_item_id":"100.4","product_condition":"new"},"_links":{"self":[{"href":"https:\/\/babylove.se\/no\/wp-json\/wp\/v2\/product\/20567","targetHints":{"allow":["GET"]}}],"collection":[{"href":"https:\/\/babylove.se\/no\/wp-json\/wp\/v2\/product"}],"about":[{"href":"https:\/\/babylove.se\/no\/wp-json\/wp\/v2\/types\/product"}],"replies":[{"embeddable":true,"href":"https:\/\/babylove.se\/no\/wp-json\/wp\/v2\/comments?post=20567"}],"wp:featuredmedia":[{"embeddable":true,"href":"https:\/\/babylove.se\/no\/wp-json\/wp\/v2\/media\/20569"}],"wp:attachment":[{"href":"https:\/\/babylove.se\/no\/wp-json\/wp\/v2\/media?parent=20567"}],"wp:term":[{"taxonomy":"product_brand","embeddable":true,"href":"https:\/\/babylove.se\/no\/wp-json\/wp\/v2\/product_brand?post=20567"},{"taxonomy":"product_cat","embeddable":true,"href":"https:\/\/babylove.se\/no\/wp-json\/wp\/v2\/product_cat?post=20567"},{"taxonomy":"product_tag","embeddable":true,"href":"https:\/\/babylove.se\/no\/wp-json\/wp\/v2\/product_tag?post=20567"}],"curies":[{"name":"wp","href":"https:\/\/api.w.org\/{rel}","templated":true}]}}