{"id":20671,"date":"2025-07-18T22:37:39","date_gmt":"2025-07-18T21:37:39","guid":{"rendered":"https:\/\/babylove.se\/produkt\/sebra-paket-sebra-sang-inklmd\/"},"modified":"2026-04-08T09:40:52","modified_gmt":"2026-04-08T08:40:52","slug":"sebra-pakke-sebra-seng-inkludert","status":"publish","type":"product","link":"https:\/\/babylove.se\/no\/produkt\/sebra-pakke-sebra-seng-inkludert\/","title":{"rendered":"Sebra, pakke Sebra hvit seng inkl.madras"},"content":{"rendered":"<p><strong>Pakke Sebra vekseseng Kili hvit + Sebras tilpassede madrass<\/strong><\/p>\n<p>Den tidl\u00f8se og klassiske hvite barneseng fra Sebra er det naturlige valget til barnerommet og kan arves av barn i flere generasjoner. En smart og praktisk seng som kan vokse sammen med ditt barn. Du justerer enkelt bunnen, og din seng blir til \u00f8nsket st\u00f8rrelse. Sidene kan lett tas bort.&nbsp;<\/p>\n<p>Sengen er sikkerhetstestet og laget av massiv b\u00f8ketr\u00e4. Den er malt helt i farger som er milj\u00f8- og helsevennlige. Helt giftfrie og gj\u00f8r at ditt barns milj\u00f8 i barnerommet blir tryggere og sikrere.<\/p>\n<p>Madrassen er forlengbar, noe som gj\u00f8r at den passer b\u00e5de til sprinkelseng og juniorseng. Madrassen kommer i to deler; 110&#215;70 cm og 40&#215;70 cm n\u00e5r det er tid til \u00e5 bruke den som juniorseng. Overtrekk er laget i \u00f8kologisk \u00f6ko-tex sertifisert bomull. Overtrekket er avtagbart og kan vaskes i 60 grader<\/p>\n<p><strong>M\u00e5l<\/strong>:&nbsp;<\/p>\n<ul>\n<li>babyseng: 115 x 75,8 cm<\/li>\n<li><span>juniorseng: 155 x 75,8 cm&nbsp;<\/span><\/li>\n<\/ul>\n<p><strong>Material<\/strong>: Spr\u00f8ytelakkert bj\u00f8rk (giftfri farge)<\/p>\n<p><strong>Madrass<\/strong> material: 100% bomull, \u00f6ko-tex sertifisert &nbsp;<\/p>\n<p>Designer: <a href=\"https:\/\/babylove.se\/varumarken\/sebra\">Sebra<\/a><\/p>\n<p>Hjemlevering er inkludert i prisen.<\/p>\n","protected":false},"excerpt":{"rendered":"<p>Pakke Sebra vekseseng Kili hvit + Sebras tilpassede madrass Den tidl\u00f8se og klassiske hvite barneseng fra Sebra er det naturlige valget til barnerommet og kan arves av barn i flere generasjoner. En smart og praktisk seng som kan vokse sammen med ditt barn. Du justerer enkelt bunnen, og din seng blir til \u00f8nsket st\u00f8rrelse. Sidene [&hellip;]<\/p>\n","protected":false},"featured_media":20673,"comment_status":"closed","ping_status":"open","template":"","meta":{"_acf_changed":false},"product_brand":[160],"product_cat":[279,161,40],"product_tag":[1689],"class_list":{"0":"post-20671","1":"product","2":"type-product","3":"status-publish","4":"has-post-thumbnail","6":"product_brand-sebra","7":"product_cat-spjlsngar","8":"product_cat-sebra","9":"product_cat-soverom-barn","10":"product_tag-bestillingsvaror","12":"first","13":"outofstock","14":"taxable","15":"shipping-taxable","16":"purchasable","17":"product-type-simple"},"acf":[],"yoast_head":"<!-- This site is optimized with the Yoast SEO Premium plugin v25.8 (Yoast SEO v27.2) - https:\/\/yoast.com\/product\/yoast-seo-premium-wordpress\/ -->\n<title>Sebra, pakke Sebra hvit seng inkl.madras - Babylove Norska<\/title>\n<meta name=\"robots\" content=\"noindex, follow, max-snippet:-1, max-image-preview:large, max-video-preview:-1\" \/>\n<meta property=\"og:locale\" content=\"nb_NO\" \/>\n<meta property=\"og:type\" content=\"article\" \/>\n<meta property=\"og:title\" content=\"Sebra, pakke Sebra hvit seng inkl.madras\" \/>\n<meta property=\"og:description\" content=\"Pakke Sebra vekseseng Kili hvit + Sebras tilpassede madrass Den tidl\u00f8se og klassiske hvite barneseng fra Sebra er det naturlige valget til barnerommet og kan arves av barn i flere generasjoner. En smart og praktisk seng som kan vokse sammen med ditt barn. Du justerer enkelt bunnen, og din seng blir til \u00f8nsket st\u00f8rrelse. Sidene [&hellip;]\" \/>\n<meta property=\"og:url\" content=\"https:\/\/babylove.se\/no\/produkt\/sebra-pakke-sebra-seng-inkludert\/\" \/>\n<meta property=\"og:site_name\" content=\"Babylove Norska\" \/>\n<meta property=\"article:modified_time\" content=\"2026-04-08T08:40:52+00:00\" \/>\n<meta property=\"og:image\" content=\"https:\/\/babylove.se\/no\/wp-content\/uploads\/sites\/3\/2025\/07\/5fa4513b78060.png\" \/>\n\t<meta property=\"og:image:width\" content=\"750\" \/>\n\t<meta property=\"og:image:height\" content=\"497\" \/>\n\t<meta property=\"og:image:type\" content=\"image\/png\" \/>\n<meta name=\"twitter:card\" content=\"summary_large_image\" \/>\n<meta name=\"twitter:label1\" content=\"Price\" \/>\n\t<meta name=\"twitter:data1\" content=\"12 995,00&nbsp;&#107;&#114;\" \/>\n\t<meta name=\"twitter:label2\" content=\"Availability\" \/>\n\t<meta name=\"twitter:data2\" content=\"Out of stock\" \/>\n<script type=\"application\/ld+json\" class=\"yoast-schema-graph\">{\"@context\":\"https:\/\/schema.org\",\"@graph\":[{\"@type\":\"WebPage\",\"@id\":\"https:\/\/babylove.se\/no\/produkt\/sebra-pakke-sebra-seng-inkludert\/\",\"url\":\"https:\/\/babylove.se\/no\/produkt\/sebra-pakke-sebra-seng-inkludert\/\",\"name\":\"Sebra, pakke Sebra hvit seng inkl.madras - Babylove Norska\",\"isPartOf\":{\"@id\":\"https:\/\/babylove.se\/no\/#website\"},\"primaryImageOfPage\":{\"@id\":\"https:\/\/babylove.se\/no\/produkt\/sebra-pakke-sebra-seng-inkludert\/#primaryimage\"},\"image\":{\"@id\":\"https:\/\/babylove.se\/no\/produkt\/sebra-pakke-sebra-seng-inkludert\/#primaryimage\"},\"thumbnailUrl\":\"https:\/\/babylove.se\/no\/wp-content\/uploads\/sites\/3\/2025\/07\/5fa4513b78060.png\",\"datePublished\":\"2025-07-18T21:37:39+00:00\",\"dateModified\":\"2026-04-08T08:40:52+00:00\",\"breadcrumb\":{\"@id\":\"https:\/\/babylove.se\/no\/produkt\/sebra-pakke-sebra-seng-inkludert\/#breadcrumb\"},\"inLanguage\":\"nb-NO\",\"potentialAction\":[{\"@type\":\"ReadAction\",\"target\":[\"https:\/\/babylove.se\/no\/produkt\/sebra-pakke-sebra-seng-inkludert\/\"]}]},{\"@type\":\"ImageObject\",\"inLanguage\":\"nb-NO\",\"@id\":\"https:\/\/babylove.se\/no\/produkt\/sebra-pakke-sebra-seng-inkludert\/#primaryimage\",\"url\":\"https:\/\/babylove.se\/no\/wp-content\/uploads\/sites\/3\/2025\/07\/5fa4513b78060.png\",\"contentUrl\":\"https:\/\/babylove.se\/no\/wp-content\/uploads\/sites\/3\/2025\/07\/5fa4513b78060.png\",\"width\":750,\"height\":497},{\"@type\":\"BreadcrumbList\",\"@id\":\"https:\/\/babylove.se\/no\/produkt\/sebra-pakke-sebra-seng-inkludert\/#breadcrumb\",\"itemListElement\":[{\"@type\":\"ListItem\",\"position\":1,\"name\":\"Hem\",\"item\":\"https:\/\/babylove.se\/no\/\"},{\"@type\":\"ListItem\",\"position\":2,\"name\":\"Butik\",\"item\":\"https:\/\/babylove.se\/no\/butik\/\"},{\"@type\":\"ListItem\",\"position\":3,\"name\":\"Sebra, pakke Sebra hvit seng inkl.madras\"}]},{\"@type\":\"WebSite\",\"@id\":\"https:\/\/babylove.se\/no\/#website\",\"url\":\"https:\/\/babylove.se\/no\/\",\"name\":\"Babylove Norska\",\"description\":\"\",\"potentialAction\":[{\"@type\":\"SearchAction\",\"target\":{\"@type\":\"EntryPoint\",\"urlTemplate\":\"https:\/\/babylove.se\/no\/?s={search_term_string}\"},\"query-input\":{\"@type\":\"PropertyValueSpecification\",\"valueRequired\":true,\"valueName\":\"search_term_string\"}}],\"inLanguage\":\"nb-NO\"}]}<\/script>\n<meta property=\"product:brand\" content=\"Sebra\" \/>\n<meta property=\"product:price:amount\" content=\"12995.00\" \/>\n<meta property=\"product:price:currency\" content=\"SEK\" \/>\n<meta property=\"og:availability\" content=\"out of stock\" \/>\n<meta property=\"product:availability\" content=\"out of stock\" \/>\n<meta property=\"product:retailer_item_id\" content=\"3677\" \/>\n<meta property=\"product:condition\" content=\"new\" \/>\n<!-- \/ Yoast SEO Premium plugin. -->","yoast_head_json":{"title":"Sebra, pakke Sebra hvit seng inkl.madras - Babylove Norska","robots":{"index":"noindex","follow":"follow","max-snippet":"max-snippet:-1","max-image-preview":"max-image-preview:large","max-video-preview":"max-video-preview:-1"},"og_locale":"nb_NO","og_type":"article","og_title":"Sebra, pakke Sebra hvit seng inkl.madras","og_description":"Pakke Sebra vekseseng Kili hvit + Sebras tilpassede madrass Den tidl\u00f8se og klassiske hvite barneseng fra Sebra er det naturlige valget til barnerommet og kan arves av barn i flere generasjoner. En smart og praktisk seng som kan vokse sammen med ditt barn. Du justerer enkelt bunnen, og din seng blir til \u00f8nsket st\u00f8rrelse. Sidene [&hellip;]","og_url":"https:\/\/babylove.se\/no\/produkt\/sebra-pakke-sebra-seng-inkludert\/","og_site_name":"Babylove Norska","article_modified_time":"2026-04-08T08:40:52+00:00","og_image":[{"width":750,"height":497,"url":"https:\/\/babylove.se\/no\/wp-content\/uploads\/sites\/3\/2025\/07\/5fa4513b78060.png","type":"image\/png"}],"twitter_card":"summary_large_image","twitter_misc":{"Price":"12 995,00&nbsp;&#107;&#114;","Availability":"Out of stock"},"schema":{"@context":"https:\/\/schema.org","@graph":[{"@type":"WebPage","@id":"https:\/\/babylove.se\/no\/produkt\/sebra-pakke-sebra-seng-inkludert\/","url":"https:\/\/babylove.se\/no\/produkt\/sebra-pakke-sebra-seng-inkludert\/","name":"Sebra, pakke Sebra hvit seng inkl.madras - Babylove Norska","isPartOf":{"@id":"https:\/\/babylove.se\/no\/#website"},"primaryImageOfPage":{"@id":"https:\/\/babylove.se\/no\/produkt\/sebra-pakke-sebra-seng-inkludert\/#primaryimage"},"image":{"@id":"https:\/\/babylove.se\/no\/produkt\/sebra-pakke-sebra-seng-inkludert\/#primaryimage"},"thumbnailUrl":"https:\/\/babylove.se\/no\/wp-content\/uploads\/sites\/3\/2025\/07\/5fa4513b78060.png","datePublished":"2025-07-18T21:37:39+00:00","dateModified":"2026-04-08T08:40:52+00:00","breadcrumb":{"@id":"https:\/\/babylove.se\/no\/produkt\/sebra-pakke-sebra-seng-inkludert\/#breadcrumb"},"inLanguage":"nb-NO","potentialAction":[{"@type":"ReadAction","target":["https:\/\/babylove.se\/no\/produkt\/sebra-pakke-sebra-seng-inkludert\/"]}]},{"@type":"ImageObject","inLanguage":"nb-NO","@id":"https:\/\/babylove.se\/no\/produkt\/sebra-pakke-sebra-seng-inkludert\/#primaryimage","url":"https:\/\/babylove.se\/no\/wp-content\/uploads\/sites\/3\/2025\/07\/5fa4513b78060.png","contentUrl":"https:\/\/babylove.se\/no\/wp-content\/uploads\/sites\/3\/2025\/07\/5fa4513b78060.png","width":750,"height":497},{"@type":"BreadcrumbList","@id":"https:\/\/babylove.se\/no\/produkt\/sebra-pakke-sebra-seng-inkludert\/#breadcrumb","itemListElement":[{"@type":"ListItem","position":1,"name":"Hem","item":"https:\/\/babylove.se\/no\/"},{"@type":"ListItem","position":2,"name":"Butik","item":"https:\/\/babylove.se\/no\/butik\/"},{"@type":"ListItem","position":3,"name":"Sebra, pakke Sebra hvit seng inkl.madras"}]},{"@type":"WebSite","@id":"https:\/\/babylove.se\/no\/#website","url":"https:\/\/babylove.se\/no\/","name":"Babylove Norska","description":"","potentialAction":[{"@type":"SearchAction","target":{"@type":"EntryPoint","urlTemplate":"https:\/\/babylove.se\/no\/?s={search_term_string}"},"query-input":{"@type":"PropertyValueSpecification","valueRequired":true,"valueName":"search_term_string"}}],"inLanguage":"nb-NO"}]},"product_brand":"Sebra","product_price_amount":"12995.00","product_price_currency":"SEK","og_availability":"out of stock","product_availability":"out of stock","product_retailer_item_id":"3677","product_condition":"new"},"_links":{"self":[{"href":"https:\/\/babylove.se\/no\/wp-json\/wp\/v2\/product\/20671","targetHints":{"allow":["GET"]}}],"collection":[{"href":"https:\/\/babylove.se\/no\/wp-json\/wp\/v2\/product"}],"about":[{"href":"https:\/\/babylove.se\/no\/wp-json\/wp\/v2\/types\/product"}],"replies":[{"embeddable":true,"href":"https:\/\/babylove.se\/no\/wp-json\/wp\/v2\/comments?post=20671"}],"wp:featuredmedia":[{"embeddable":true,"href":"https:\/\/babylove.se\/no\/wp-json\/wp\/v2\/media\/20673"}],"wp:attachment":[{"href":"https:\/\/babylove.se\/no\/wp-json\/wp\/v2\/media?parent=20671"}],"wp:term":[{"taxonomy":"product_brand","embeddable":true,"href":"https:\/\/babylove.se\/no\/wp-json\/wp\/v2\/product_brand?post=20671"},{"taxonomy":"product_cat","embeddable":true,"href":"https:\/\/babylove.se\/no\/wp-json\/wp\/v2\/product_cat?post=20671"},{"taxonomy":"product_tag","embeddable":true,"href":"https:\/\/babylove.se\/no\/wp-json\/wp\/v2\/product_tag?post=20671"}],"curies":[{"name":"wp","href":"https:\/\/api.w.org\/{rel}","templated":true}]}}