{"id":20692,"date":"2025-07-18T22:37:39","date_gmt":"2025-07-18T21:37:39","guid":{"rendered":"https:\/\/babylove.se\/produkt\/sebra-vit-enkel-garderob\/"},"modified":"2026-04-08T09:41:01","modified_gmt":"2026-04-08T08:41:01","slug":"sebra-hvit-enkel-garderobe","status":"publish","type":"product","link":"https:\/\/babylove.se\/no\/produkt\/sebra-hvit-enkel-garderobe\/","title":{"rendered":"Sebra, hvit enkel garderobe"},"content":{"rendered":"<p>Et elegant, stilrent og praktisk hvitt garderobe fra danske Sebra med enkeltd\u00f8r og avrundede hj\u00f8rner for ditt barns beste. Mye plass for kl\u00e6r med justerbare hylleplaner og praktisk klestang. Den store og smarte skuffen nederst rommer b\u00e5de kl\u00e6r og leker, et meget plassbesparende garderobe.&nbsp;<\/p>\n<p>Den klassiske stilen garanterer en lang levetid.<\/p>\n<p>M\u00e5l:B74 x H180 x D50 cm<\/p>\n<p>Materiale: Furu \/ MDF<\/p>\n<p>Designer: <a href=\"https:\/\/babylove.se\/varumarken\/sebra\">Sebra<\/a><\/p>\n<p>Hjemlevering inng\u00e5r i prisen.<\/p>\n","protected":false},"excerpt":{"rendered":"<p>Et elegant, stilrent og praktisk hvitt garderobe fra danske Sebra med enkeltd\u00f8r og avrundede hj\u00f8rner for ditt barns beste. Mye plass for kl\u00e6r med justerbare hylleplaner og praktisk klestang. Den store og smarte skuffen nederst rommer b\u00e5de kl\u00e6r og leker, et meget plassbesparende garderobe.&nbsp; Den klassiske stilen garanterer en lang levetid. M\u00e5l:B74 x H180 x [&hellip;]<\/p>\n","protected":false},"featured_media":20694,"comment_status":"closed","ping_status":"open","template":"","meta":{"_acf_changed":false},"product_brand":[],"product_cat":[595,161],"product_tag":[],"class_list":{"0":"post-20692","1":"product","2":"type-product","3":"status-publish","4":"has-post-thumbnail","6":"product_cat-garderobe","7":"product_cat-sebra","9":"first","10":"outofstock","11":"taxable","12":"shipping-taxable","13":"purchasable","14":"product-type-simple"},"acf":[],"yoast_head":"<!-- This site is optimized with the Yoast SEO Premium plugin v25.8 (Yoast SEO v27.2) - https:\/\/yoast.com\/product\/yoast-seo-premium-wordpress\/ -->\n<title>Sebra, hvit enkel garderobe - Babylove Norska<\/title>\n<meta name=\"robots\" content=\"noindex, follow, max-snippet:-1, max-image-preview:large, max-video-preview:-1\" \/>\n<meta property=\"og:locale\" content=\"nb_NO\" \/>\n<meta property=\"og:type\" content=\"article\" \/>\n<meta property=\"og:title\" content=\"Sebra, hvit enkel garderobe\" \/>\n<meta property=\"og:description\" content=\"Et elegant, stilrent og praktisk hvitt garderobe fra danske Sebra med enkeltd\u00f8r og avrundede hj\u00f8rner for ditt barns beste. Mye plass for kl\u00e6r med justerbare hylleplaner og praktisk klestang. Den store og smarte skuffen nederst rommer b\u00e5de kl\u00e6r og leker, et meget plassbesparende garderobe.&nbsp; Den klassiske stilen garanterer en lang levetid. M\u00e5l:B74 x H180 x [&hellip;]\" \/>\n<meta property=\"og:url\" content=\"https:\/\/babylove.se\/no\/produkt\/sebra-hvit-enkel-garderobe\/\" \/>\n<meta property=\"og:site_name\" content=\"Babylove Norska\" \/>\n<meta property=\"article:modified_time\" content=\"2026-04-08T08:41:01+00:00\" \/>\n<meta property=\"og:image\" content=\"https:\/\/babylove.se\/no\/wp-content\/uploads\/sites\/3\/2025\/07\/5fa457126a4e5.png\" \/>\n\t<meta property=\"og:image:width\" content=\"650\" \/>\n\t<meta property=\"og:image:height\" content=\"750\" \/>\n\t<meta property=\"og:image:type\" content=\"image\/png\" \/>\n<meta name=\"twitter:card\" content=\"summary_large_image\" \/>\n<meta name=\"twitter:label1\" content=\"Price\" \/>\n\t<meta name=\"twitter:data1\" content=\"7 995,00&nbsp;&#107;&#114;\" \/>\n\t<meta name=\"twitter:label2\" content=\"Availability\" \/>\n\t<meta name=\"twitter:data2\" content=\"Out of stock\" \/>\n<script type=\"application\/ld+json\" class=\"yoast-schema-graph\">{\"@context\":\"https:\/\/schema.org\",\"@graph\":[{\"@type\":\"WebPage\",\"@id\":\"https:\/\/babylove.se\/no\/produkt\/sebra-hvit-enkel-garderobe\/\",\"url\":\"https:\/\/babylove.se\/no\/produkt\/sebra-hvit-enkel-garderobe\/\",\"name\":\"Sebra, hvit enkel garderobe - Babylove Norska\",\"isPartOf\":{\"@id\":\"https:\/\/babylove.se\/no\/#website\"},\"primaryImageOfPage\":{\"@id\":\"https:\/\/babylove.se\/no\/produkt\/sebra-hvit-enkel-garderobe\/#primaryimage\"},\"image\":{\"@id\":\"https:\/\/babylove.se\/no\/produkt\/sebra-hvit-enkel-garderobe\/#primaryimage\"},\"thumbnailUrl\":\"https:\/\/babylove.se\/no\/wp-content\/uploads\/sites\/3\/2025\/07\/5fa457126a4e5.png\",\"datePublished\":\"2025-07-18T21:37:39+00:00\",\"dateModified\":\"2026-04-08T08:41:01+00:00\",\"breadcrumb\":{\"@id\":\"https:\/\/babylove.se\/no\/produkt\/sebra-hvit-enkel-garderobe\/#breadcrumb\"},\"inLanguage\":\"nb-NO\",\"potentialAction\":[{\"@type\":\"ReadAction\",\"target\":[\"https:\/\/babylove.se\/no\/produkt\/sebra-hvit-enkel-garderobe\/\"]}]},{\"@type\":\"ImageObject\",\"inLanguage\":\"nb-NO\",\"@id\":\"https:\/\/babylove.se\/no\/produkt\/sebra-hvit-enkel-garderobe\/#primaryimage\",\"url\":\"https:\/\/babylove.se\/no\/wp-content\/uploads\/sites\/3\/2025\/07\/5fa457126a4e5.png\",\"contentUrl\":\"https:\/\/babylove.se\/no\/wp-content\/uploads\/sites\/3\/2025\/07\/5fa457126a4e5.png\",\"width\":650,\"height\":750},{\"@type\":\"BreadcrumbList\",\"@id\":\"https:\/\/babylove.se\/no\/produkt\/sebra-hvit-enkel-garderobe\/#breadcrumb\",\"itemListElement\":[{\"@type\":\"ListItem\",\"position\":1,\"name\":\"Hem\",\"item\":\"https:\/\/babylove.se\/no\/\"},{\"@type\":\"ListItem\",\"position\":2,\"name\":\"Butik\",\"item\":\"https:\/\/babylove.se\/no\/butik\/\"},{\"@type\":\"ListItem\",\"position\":3,\"name\":\"Sebra, hvit enkel garderobe\"}]},{\"@type\":\"WebSite\",\"@id\":\"https:\/\/babylove.se\/no\/#website\",\"url\":\"https:\/\/babylove.se\/no\/\",\"name\":\"Babylove Norska\",\"description\":\"\",\"potentialAction\":[{\"@type\":\"SearchAction\",\"target\":{\"@type\":\"EntryPoint\",\"urlTemplate\":\"https:\/\/babylove.se\/no\/?s={search_term_string}\"},\"query-input\":{\"@type\":\"PropertyValueSpecification\",\"valueRequired\":true,\"valueName\":\"search_term_string\"}}],\"inLanguage\":\"nb-NO\"}]}<\/script>\n<meta property=\"product:price:amount\" content=\"7995.00\" \/>\n<meta property=\"product:price:currency\" content=\"SEK\" \/>\n<meta property=\"og:availability\" content=\"out of stock\" \/>\n<meta property=\"product:availability\" content=\"out of stock\" \/>\n<meta property=\"product:retailer_item_id\" content=\"200830024\" \/>\n<meta property=\"product:condition\" content=\"new\" \/>\n<!-- \/ Yoast SEO Premium plugin. -->","yoast_head_json":{"title":"Sebra, hvit enkel garderobe - Babylove Norska","robots":{"index":"noindex","follow":"follow","max-snippet":"max-snippet:-1","max-image-preview":"max-image-preview:large","max-video-preview":"max-video-preview:-1"},"og_locale":"nb_NO","og_type":"article","og_title":"Sebra, hvit enkel garderobe","og_description":"Et elegant, stilrent og praktisk hvitt garderobe fra danske Sebra med enkeltd\u00f8r og avrundede hj\u00f8rner for ditt barns beste. Mye plass for kl\u00e6r med justerbare hylleplaner og praktisk klestang. Den store og smarte skuffen nederst rommer b\u00e5de kl\u00e6r og leker, et meget plassbesparende garderobe.&nbsp; Den klassiske stilen garanterer en lang levetid. M\u00e5l:B74 x H180 x [&hellip;]","og_url":"https:\/\/babylove.se\/no\/produkt\/sebra-hvit-enkel-garderobe\/","og_site_name":"Babylove Norska","article_modified_time":"2026-04-08T08:41:01+00:00","og_image":[{"width":650,"height":750,"url":"https:\/\/babylove.se\/no\/wp-content\/uploads\/sites\/3\/2025\/07\/5fa457126a4e5.png","type":"image\/png"}],"twitter_card":"summary_large_image","twitter_misc":{"Price":"7 995,00&nbsp;&#107;&#114;","Availability":"Out of stock"},"schema":{"@context":"https:\/\/schema.org","@graph":[{"@type":"WebPage","@id":"https:\/\/babylove.se\/no\/produkt\/sebra-hvit-enkel-garderobe\/","url":"https:\/\/babylove.se\/no\/produkt\/sebra-hvit-enkel-garderobe\/","name":"Sebra, hvit enkel garderobe - Babylove Norska","isPartOf":{"@id":"https:\/\/babylove.se\/no\/#website"},"primaryImageOfPage":{"@id":"https:\/\/babylove.se\/no\/produkt\/sebra-hvit-enkel-garderobe\/#primaryimage"},"image":{"@id":"https:\/\/babylove.se\/no\/produkt\/sebra-hvit-enkel-garderobe\/#primaryimage"},"thumbnailUrl":"https:\/\/babylove.se\/no\/wp-content\/uploads\/sites\/3\/2025\/07\/5fa457126a4e5.png","datePublished":"2025-07-18T21:37:39+00:00","dateModified":"2026-04-08T08:41:01+00:00","breadcrumb":{"@id":"https:\/\/babylove.se\/no\/produkt\/sebra-hvit-enkel-garderobe\/#breadcrumb"},"inLanguage":"nb-NO","potentialAction":[{"@type":"ReadAction","target":["https:\/\/babylove.se\/no\/produkt\/sebra-hvit-enkel-garderobe\/"]}]},{"@type":"ImageObject","inLanguage":"nb-NO","@id":"https:\/\/babylove.se\/no\/produkt\/sebra-hvit-enkel-garderobe\/#primaryimage","url":"https:\/\/babylove.se\/no\/wp-content\/uploads\/sites\/3\/2025\/07\/5fa457126a4e5.png","contentUrl":"https:\/\/babylove.se\/no\/wp-content\/uploads\/sites\/3\/2025\/07\/5fa457126a4e5.png","width":650,"height":750},{"@type":"BreadcrumbList","@id":"https:\/\/babylove.se\/no\/produkt\/sebra-hvit-enkel-garderobe\/#breadcrumb","itemListElement":[{"@type":"ListItem","position":1,"name":"Hem","item":"https:\/\/babylove.se\/no\/"},{"@type":"ListItem","position":2,"name":"Butik","item":"https:\/\/babylove.se\/no\/butik\/"},{"@type":"ListItem","position":3,"name":"Sebra, hvit enkel garderobe"}]},{"@type":"WebSite","@id":"https:\/\/babylove.se\/no\/#website","url":"https:\/\/babylove.se\/no\/","name":"Babylove Norska","description":"","potentialAction":[{"@type":"SearchAction","target":{"@type":"EntryPoint","urlTemplate":"https:\/\/babylove.se\/no\/?s={search_term_string}"},"query-input":{"@type":"PropertyValueSpecification","valueRequired":true,"valueName":"search_term_string"}}],"inLanguage":"nb-NO"}]},"product_price_amount":"7995.00","product_price_currency":"SEK","og_availability":"out of stock","product_availability":"out of stock","product_retailer_item_id":"200830024","product_condition":"new"},"_links":{"self":[{"href":"https:\/\/babylove.se\/no\/wp-json\/wp\/v2\/product\/20692","targetHints":{"allow":["GET"]}}],"collection":[{"href":"https:\/\/babylove.se\/no\/wp-json\/wp\/v2\/product"}],"about":[{"href":"https:\/\/babylove.se\/no\/wp-json\/wp\/v2\/types\/product"}],"replies":[{"embeddable":true,"href":"https:\/\/babylove.se\/no\/wp-json\/wp\/v2\/comments?post=20692"}],"wp:featuredmedia":[{"embeddable":true,"href":"https:\/\/babylove.se\/no\/wp-json\/wp\/v2\/media\/20694"}],"wp:attachment":[{"href":"https:\/\/babylove.se\/no\/wp-json\/wp\/v2\/media?parent=20692"}],"wp:term":[{"taxonomy":"product_brand","embeddable":true,"href":"https:\/\/babylove.se\/no\/wp-json\/wp\/v2\/product_brand?post=20692"},{"taxonomy":"product_cat","embeddable":true,"href":"https:\/\/babylove.se\/no\/wp-json\/wp\/v2\/product_cat?post=20692"},{"taxonomy":"product_tag","embeddable":true,"href":"https:\/\/babylove.se\/no\/wp-json\/wp\/v2\/product_tag?post=20692"}],"curies":[{"name":"wp","href":"https:\/\/api.w.org\/{rel}","templated":true}]}}