{"id":20702,"date":"2025-07-18T22:37:39","date_gmt":"2025-07-18T21:37:39","guid":{"rendered":"https:\/\/babylove.se\/produkt\/liewood-winston-night-light-nattlampa-rabbit-dark-rose\/"},"modified":"2026-04-08T09:41:07","modified_gmt":"2026-04-08T08:41:07","slug":"liewood-winston-nattlys-nattlampe-kanin-mork-rosa","status":"publish","type":"product","link":"https:\/\/babylove.se\/no\/produkt\/liewood-winston-nattlys-nattlampe-kanin-mork-rosa\/","title":{"rendered":"Liewood, Winston Night Light nattlampe, Rabbit Dark Rose"},"content":{"rendered":"<p>S\u00f8t og myk nattlampe fra danske Liewood. Lampen er laget av silikon og er oppladbar, ledning f\u00f8lger med. Nattlampen verdsettes ogs\u00e5 for sitt design, da den er vakker \u00e5 se p\u00e5 selv n\u00e5r den ikke lyser.&nbsp;<\/p>\n<p>St\u00f8rrelse: H\u00f8yde 14 cm, Diameter 10,5<\/p>\n<p>Designer: <a href=\"https:\/\/babylove.se\/varumarken\/liewood\">Liewood<\/a><\/p>\n","protected":false},"excerpt":{"rendered":"<p>S\u00f8t og myk nattlampe fra danske Liewood. Lampen er laget av silikon og er oppladbar, ledning f\u00f8lger med. Nattlampen verdsettes ogs\u00e5 for sitt design, da den er vakker \u00e5 se p\u00e5 selv n\u00e5r den ikke lyser.&nbsp; St\u00f8rrelse: H\u00f8yde 14 cm, Diameter 10,5 Designer: Liewood<\/p>\n","protected":false},"featured_media":20704,"comment_status":"closed","ping_status":"open","template":"","meta":{"_acf_changed":false},"product_brand":[],"product_cat":[31,283,179],"product_tag":[],"class_list":{"0":"post-20702","1":"product","2":"type-product","3":"status-publish","4":"has-post-thumbnail","6":"product_cat-lamper","7":"product_cat-liewood","8":"product_cat-nattlamper","10":"first","11":"outofstock","12":"taxable","13":"shipping-taxable","14":"purchasable","15":"product-type-simple"},"acf":[],"yoast_head":"<!-- This site is optimized with the Yoast SEO Premium plugin v25.8 (Yoast SEO v27.2) - https:\/\/yoast.com\/product\/yoast-seo-premium-wordpress\/ -->\n<title>Liewood, Winston Night Light nattlampe, Rabbit Dark Rose - Babylove Norska<\/title>\n<meta name=\"robots\" content=\"noindex, follow, max-snippet:-1, max-image-preview:large, max-video-preview:-1\" \/>\n<meta property=\"og:locale\" content=\"nb_NO\" \/>\n<meta property=\"og:type\" content=\"article\" \/>\n<meta property=\"og:title\" content=\"Liewood, Winston Night Light nattlampe, Rabbit Dark Rose\" \/>\n<meta property=\"og:description\" content=\"S\u00f8t og myk nattlampe fra danske Liewood. Lampen er laget av silikon og er oppladbar, ledning f\u00f8lger med. Nattlampen verdsettes ogs\u00e5 for sitt design, da den er vakker \u00e5 se p\u00e5 selv n\u00e5r den ikke lyser.&nbsp; St\u00f8rrelse: H\u00f8yde 14 cm, Diameter 10,5 Designer: Liewood\" \/>\n<meta property=\"og:url\" content=\"https:\/\/babylove.se\/no\/produkt\/liewood-winston-nattlys-nattlampe-kanin-mork-rosa\/\" \/>\n<meta property=\"og:site_name\" content=\"Babylove Norska\" \/>\n<meta property=\"article:modified_time\" content=\"2026-04-08T08:41:07+00:00\" \/>\n<meta property=\"og:image\" content=\"https:\/\/babylove.se\/no\/wp-content\/uploads\/sites\/3\/2025\/07\/5fa536066c2bc.png\" \/>\n\t<meta property=\"og:image:width\" content=\"750\" \/>\n\t<meta property=\"og:image:height\" content=\"662\" \/>\n\t<meta property=\"og:image:type\" content=\"image\/png\" \/>\n<meta name=\"twitter:card\" content=\"summary_large_image\" \/>\n<meta name=\"twitter:label1\" content=\"Price\" \/>\n\t<meta name=\"twitter:data1\" content=\"399,00&nbsp;&#107;&#114;\" \/>\n\t<meta name=\"twitter:label2\" content=\"Availability\" \/>\n\t<meta name=\"twitter:data2\" content=\"Out of stock\" \/>\n<script type=\"application\/ld+json\" class=\"yoast-schema-graph\">{\"@context\":\"https:\/\/schema.org\",\"@graph\":[{\"@type\":\"WebPage\",\"@id\":\"https:\/\/babylove.se\/no\/produkt\/liewood-winston-nattlys-nattlampe-kanin-mork-rosa\/\",\"url\":\"https:\/\/babylove.se\/no\/produkt\/liewood-winston-nattlys-nattlampe-kanin-mork-rosa\/\",\"name\":\"Liewood, Winston Night Light nattlampe, Rabbit Dark Rose - Babylove Norska\",\"isPartOf\":{\"@id\":\"https:\/\/babylove.se\/no\/#website\"},\"primaryImageOfPage\":{\"@id\":\"https:\/\/babylove.se\/no\/produkt\/liewood-winston-nattlys-nattlampe-kanin-mork-rosa\/#primaryimage\"},\"image\":{\"@id\":\"https:\/\/babylove.se\/no\/produkt\/liewood-winston-nattlys-nattlampe-kanin-mork-rosa\/#primaryimage\"},\"thumbnailUrl\":\"https:\/\/babylove.se\/no\/wp-content\/uploads\/sites\/3\/2025\/07\/5fa536066c2bc.png\",\"datePublished\":\"2025-07-18T21:37:39+00:00\",\"dateModified\":\"2026-04-08T08:41:07+00:00\",\"breadcrumb\":{\"@id\":\"https:\/\/babylove.se\/no\/produkt\/liewood-winston-nattlys-nattlampe-kanin-mork-rosa\/#breadcrumb\"},\"inLanguage\":\"nb-NO\",\"potentialAction\":[{\"@type\":\"ReadAction\",\"target\":[\"https:\/\/babylove.se\/no\/produkt\/liewood-winston-nattlys-nattlampe-kanin-mork-rosa\/\"]}]},{\"@type\":\"ImageObject\",\"inLanguage\":\"nb-NO\",\"@id\":\"https:\/\/babylove.se\/no\/produkt\/liewood-winston-nattlys-nattlampe-kanin-mork-rosa\/#primaryimage\",\"url\":\"https:\/\/babylove.se\/no\/wp-content\/uploads\/sites\/3\/2025\/07\/5fa536066c2bc.png\",\"contentUrl\":\"https:\/\/babylove.se\/no\/wp-content\/uploads\/sites\/3\/2025\/07\/5fa536066c2bc.png\",\"width\":750,\"height\":662},{\"@type\":\"BreadcrumbList\",\"@id\":\"https:\/\/babylove.se\/no\/produkt\/liewood-winston-nattlys-nattlampe-kanin-mork-rosa\/#breadcrumb\",\"itemListElement\":[{\"@type\":\"ListItem\",\"position\":1,\"name\":\"Hem\",\"item\":\"https:\/\/babylove.se\/no\/\"},{\"@type\":\"ListItem\",\"position\":2,\"name\":\"Butik\",\"item\":\"https:\/\/babylove.se\/no\/butik\/\"},{\"@type\":\"ListItem\",\"position\":3,\"name\":\"Liewood, Winston Night Light nattlampe, Rabbit Dark Rose\"}]},{\"@type\":\"WebSite\",\"@id\":\"https:\/\/babylove.se\/no\/#website\",\"url\":\"https:\/\/babylove.se\/no\/\",\"name\":\"Babylove Norska\",\"description\":\"\",\"potentialAction\":[{\"@type\":\"SearchAction\",\"target\":{\"@type\":\"EntryPoint\",\"urlTemplate\":\"https:\/\/babylove.se\/no\/?s={search_term_string}\"},\"query-input\":{\"@type\":\"PropertyValueSpecification\",\"valueRequired\":true,\"valueName\":\"search_term_string\"}}],\"inLanguage\":\"nb-NO\"}]}<\/script>\n<meta property=\"product:price:amount\" content=\"399.00\" \/>\n<meta property=\"product:price:currency\" content=\"SEK\" \/>\n<meta property=\"og:availability\" content=\"out of stock\" \/>\n<meta property=\"product:availability\" content=\"out of stock\" \/>\n<meta property=\"product:retailer_item_id\" content=\"LW148012251\" \/>\n<meta property=\"product:condition\" content=\"new\" \/>\n<!-- \/ Yoast SEO Premium plugin. -->","yoast_head_json":{"title":"Liewood, Winston Night Light nattlampe, Rabbit Dark Rose - Babylove Norska","robots":{"index":"noindex","follow":"follow","max-snippet":"max-snippet:-1","max-image-preview":"max-image-preview:large","max-video-preview":"max-video-preview:-1"},"og_locale":"nb_NO","og_type":"article","og_title":"Liewood, Winston Night Light nattlampe, Rabbit Dark Rose","og_description":"S\u00f8t og myk nattlampe fra danske Liewood. Lampen er laget av silikon og er oppladbar, ledning f\u00f8lger med. Nattlampen verdsettes ogs\u00e5 for sitt design, da den er vakker \u00e5 se p\u00e5 selv n\u00e5r den ikke lyser.&nbsp; St\u00f8rrelse: H\u00f8yde 14 cm, Diameter 10,5 Designer: Liewood","og_url":"https:\/\/babylove.se\/no\/produkt\/liewood-winston-nattlys-nattlampe-kanin-mork-rosa\/","og_site_name":"Babylove Norska","article_modified_time":"2026-04-08T08:41:07+00:00","og_image":[{"width":750,"height":662,"url":"https:\/\/babylove.se\/no\/wp-content\/uploads\/sites\/3\/2025\/07\/5fa536066c2bc.png","type":"image\/png"}],"twitter_card":"summary_large_image","twitter_misc":{"Price":"399,00&nbsp;&#107;&#114;","Availability":"Out of stock"},"schema":{"@context":"https:\/\/schema.org","@graph":[{"@type":"WebPage","@id":"https:\/\/babylove.se\/no\/produkt\/liewood-winston-nattlys-nattlampe-kanin-mork-rosa\/","url":"https:\/\/babylove.se\/no\/produkt\/liewood-winston-nattlys-nattlampe-kanin-mork-rosa\/","name":"Liewood, Winston Night Light nattlampe, Rabbit Dark Rose - Babylove Norska","isPartOf":{"@id":"https:\/\/babylove.se\/no\/#website"},"primaryImageOfPage":{"@id":"https:\/\/babylove.se\/no\/produkt\/liewood-winston-nattlys-nattlampe-kanin-mork-rosa\/#primaryimage"},"image":{"@id":"https:\/\/babylove.se\/no\/produkt\/liewood-winston-nattlys-nattlampe-kanin-mork-rosa\/#primaryimage"},"thumbnailUrl":"https:\/\/babylove.se\/no\/wp-content\/uploads\/sites\/3\/2025\/07\/5fa536066c2bc.png","datePublished":"2025-07-18T21:37:39+00:00","dateModified":"2026-04-08T08:41:07+00:00","breadcrumb":{"@id":"https:\/\/babylove.se\/no\/produkt\/liewood-winston-nattlys-nattlampe-kanin-mork-rosa\/#breadcrumb"},"inLanguage":"nb-NO","potentialAction":[{"@type":"ReadAction","target":["https:\/\/babylove.se\/no\/produkt\/liewood-winston-nattlys-nattlampe-kanin-mork-rosa\/"]}]},{"@type":"ImageObject","inLanguage":"nb-NO","@id":"https:\/\/babylove.se\/no\/produkt\/liewood-winston-nattlys-nattlampe-kanin-mork-rosa\/#primaryimage","url":"https:\/\/babylove.se\/no\/wp-content\/uploads\/sites\/3\/2025\/07\/5fa536066c2bc.png","contentUrl":"https:\/\/babylove.se\/no\/wp-content\/uploads\/sites\/3\/2025\/07\/5fa536066c2bc.png","width":750,"height":662},{"@type":"BreadcrumbList","@id":"https:\/\/babylove.se\/no\/produkt\/liewood-winston-nattlys-nattlampe-kanin-mork-rosa\/#breadcrumb","itemListElement":[{"@type":"ListItem","position":1,"name":"Hem","item":"https:\/\/babylove.se\/no\/"},{"@type":"ListItem","position":2,"name":"Butik","item":"https:\/\/babylove.se\/no\/butik\/"},{"@type":"ListItem","position":3,"name":"Liewood, Winston Night Light nattlampe, Rabbit Dark Rose"}]},{"@type":"WebSite","@id":"https:\/\/babylove.se\/no\/#website","url":"https:\/\/babylove.se\/no\/","name":"Babylove Norska","description":"","potentialAction":[{"@type":"SearchAction","target":{"@type":"EntryPoint","urlTemplate":"https:\/\/babylove.se\/no\/?s={search_term_string}"},"query-input":{"@type":"PropertyValueSpecification","valueRequired":true,"valueName":"search_term_string"}}],"inLanguage":"nb-NO"}]},"product_price_amount":"399.00","product_price_currency":"SEK","og_availability":"out of stock","product_availability":"out of stock","product_retailer_item_id":"LW148012251","product_condition":"new"},"_links":{"self":[{"href":"https:\/\/babylove.se\/no\/wp-json\/wp\/v2\/product\/20702","targetHints":{"allow":["GET"]}}],"collection":[{"href":"https:\/\/babylove.se\/no\/wp-json\/wp\/v2\/product"}],"about":[{"href":"https:\/\/babylove.se\/no\/wp-json\/wp\/v2\/types\/product"}],"replies":[{"embeddable":true,"href":"https:\/\/babylove.se\/no\/wp-json\/wp\/v2\/comments?post=20702"}],"wp:featuredmedia":[{"embeddable":true,"href":"https:\/\/babylove.se\/no\/wp-json\/wp\/v2\/media\/20704"}],"wp:attachment":[{"href":"https:\/\/babylove.se\/no\/wp-json\/wp\/v2\/media?parent=20702"}],"wp:term":[{"taxonomy":"product_brand","embeddable":true,"href":"https:\/\/babylove.se\/no\/wp-json\/wp\/v2\/product_brand?post=20702"},{"taxonomy":"product_cat","embeddable":true,"href":"https:\/\/babylove.se\/no\/wp-json\/wp\/v2\/product_cat?post=20702"},{"taxonomy":"product_tag","embeddable":true,"href":"https:\/\/babylove.se\/no\/wp-json\/wp\/v2\/product_tag?post=20702"}],"curies":[{"name":"wp","href":"https:\/\/api.w.org\/{rel}","templated":true}]}}