{"id":20708,"date":"2025-07-18T22:37:39","date_gmt":"2025-07-18T21:37:39","guid":{"rendered":"https:\/\/babylove.se\/produkt\/liewood-line-snuttefilt-3-pack-yellow-mellow-mix\/"},"modified":"2026-04-08T09:41:13","modified_gmt":"2026-04-08T08:41:13","slug":"liewood-line-snuteteppe-3-pack-yellow-mellow-mix","status":"publish","type":"product","link":"https:\/\/babylove.se\/no\/produkt\/liewood-line-snuteteppe-3-pack-yellow-mellow-mix\/","title":{"rendered":"Liewood, Line smokefilt 3-pack, yellow mellow mix"},"content":{"rendered":"<p>En myk og s\u00f8t liten filt fra det danske selskapet Liewood som du vil kunne bruke til de fleste situasjoner. Bruk den som kosefilt, eller hvorfor ikke p\u00e5 skulderen din n\u00e5r du skal rape din lille baby etter maten. Kommer i en 3-pakke, s\u00e5 du har alltid en tilgjengelig. En meget popul\u00e6r og verdsatt kosefilt. \\n \\nM\u00e5l: 60 x 60 cm (3 stk.) \\n \\nMateriale: 100 % organisk bomull. \\n \\nVaskeinstruksjoner: Maskinvask 40 grader ? Ikke t\u00f8rk i t\u00f8rketrommel ? Ikke blek ? Stryk p\u00e5 lav varme ?Vask med lignende farger ? Maks krymping 5% \\n \\nDesigner: <a href=\"https:\/\/babylove.se\/varumarken\/liewood\"><u>Liewood<\/u><\/a><\/p>\n","protected":false},"excerpt":{"rendered":"<p>En myk og s\u00f8t liten filt fra det danske selskapet Liewood som du vil kunne bruke til de fleste situasjoner. Bruk den som kosefilt, eller hvorfor ikke p\u00e5 skulderen din n\u00e5r du skal rape din lille baby etter maten. Kommer i en 3-pakke, s\u00e5 du har alltid en tilgjengelig. En meget popul\u00e6r og verdsatt kosefilt. [&hellip;]<\/p>\n","protected":false},"featured_media":20710,"comment_status":"closed","ping_status":"closed","template":"","meta":{"_acf_changed":false},"product_brand":[282],"product_cat":[283,49],"product_tag":[],"class_list":{"0":"post-20708","1":"product","2":"type-product","3":"status-publish","4":"has-post-thumbnail","6":"product_brand-liewood","7":"product_cat-liewood","8":"product_cat-snutetepper","10":"first","11":"outofstock","12":"taxable","13":"shipping-taxable","14":"purchasable","15":"product-type-simple"},"acf":[],"yoast_head":"<!-- This site is optimized with the Yoast SEO Premium plugin v25.8 (Yoast SEO v27.2) - https:\/\/yoast.com\/product\/yoast-seo-premium-wordpress\/ -->\n<title>Liewood, Line smokefilt 3-pack, yellow mellow mix - Babylove Norska<\/title>\n<meta name=\"robots\" content=\"noindex, follow, max-snippet:-1, max-image-preview:large, max-video-preview:-1\" \/>\n<meta property=\"og:locale\" content=\"nb_NO\" \/>\n<meta property=\"og:type\" content=\"article\" \/>\n<meta property=\"og:title\" content=\"Liewood, Line smokefilt 3-pack, yellow mellow mix\" \/>\n<meta property=\"og:description\" content=\"En myk og s\u00f8t liten filt fra det danske selskapet Liewood som du vil kunne bruke til de fleste situasjoner. Bruk den som kosefilt, eller hvorfor ikke p\u00e5 skulderen din n\u00e5r du skal rape din lille baby etter maten. Kommer i en 3-pakke, s\u00e5 du har alltid en tilgjengelig. En meget popul\u00e6r og verdsatt kosefilt. [&hellip;]\" \/>\n<meta property=\"og:url\" content=\"https:\/\/babylove.se\/no\/produkt\/liewood-line-snuteteppe-3-pack-yellow-mellow-mix\/\" \/>\n<meta property=\"og:site_name\" content=\"Babylove Norska\" \/>\n<meta property=\"article:modified_time\" content=\"2026-04-08T08:41:13+00:00\" \/>\n<meta property=\"og:image\" content=\"https:\/\/babylove.se\/no\/wp-content\/uploads\/sites\/3\/2025\/07\/5fa53c98bc15d.png\" \/>\n\t<meta property=\"og:image:width\" content=\"750\" \/>\n\t<meta property=\"og:image:height\" content=\"515\" \/>\n\t<meta property=\"og:image:type\" content=\"image\/png\" \/>\n<meta name=\"twitter:card\" content=\"summary_large_image\" \/>\n<meta name=\"twitter:label1\" content=\"Price\" \/>\n\t<meta name=\"twitter:data1\" content=\"269,00&nbsp;&#107;&#114;\" \/>\n\t<meta name=\"twitter:label2\" content=\"Availability\" \/>\n\t<meta name=\"twitter:data2\" content=\"Out of stock\" \/>\n<script type=\"application\/ld+json\" class=\"yoast-schema-graph\">{\"@context\":\"https:\/\/schema.org\",\"@graph\":[{\"@type\":\"WebPage\",\"@id\":\"https:\/\/babylove.se\/no\/produkt\/liewood-line-snuteteppe-3-pack-yellow-mellow-mix\/\",\"url\":\"https:\/\/babylove.se\/no\/produkt\/liewood-line-snuteteppe-3-pack-yellow-mellow-mix\/\",\"name\":\"Liewood, Line smokefilt 3-pack, yellow mellow mix - Babylove Norska\",\"isPartOf\":{\"@id\":\"https:\/\/babylove.se\/no\/#website\"},\"primaryImageOfPage\":{\"@id\":\"https:\/\/babylove.se\/no\/produkt\/liewood-line-snuteteppe-3-pack-yellow-mellow-mix\/#primaryimage\"},\"image\":{\"@id\":\"https:\/\/babylove.se\/no\/produkt\/liewood-line-snuteteppe-3-pack-yellow-mellow-mix\/#primaryimage\"},\"thumbnailUrl\":\"https:\/\/babylove.se\/no\/wp-content\/uploads\/sites\/3\/2025\/07\/5fa53c98bc15d.png\",\"datePublished\":\"2025-07-18T21:37:39+00:00\",\"dateModified\":\"2026-04-08T08:41:13+00:00\",\"breadcrumb\":{\"@id\":\"https:\/\/babylove.se\/no\/produkt\/liewood-line-snuteteppe-3-pack-yellow-mellow-mix\/#breadcrumb\"},\"inLanguage\":\"nb-NO\",\"potentialAction\":[{\"@type\":\"ReadAction\",\"target\":[\"https:\/\/babylove.se\/no\/produkt\/liewood-line-snuteteppe-3-pack-yellow-mellow-mix\/\"]}]},{\"@type\":\"ImageObject\",\"inLanguage\":\"nb-NO\",\"@id\":\"https:\/\/babylove.se\/no\/produkt\/liewood-line-snuteteppe-3-pack-yellow-mellow-mix\/#primaryimage\",\"url\":\"https:\/\/babylove.se\/no\/wp-content\/uploads\/sites\/3\/2025\/07\/5fa53c98bc15d.png\",\"contentUrl\":\"https:\/\/babylove.se\/no\/wp-content\/uploads\/sites\/3\/2025\/07\/5fa53c98bc15d.png\",\"width\":750,\"height\":515},{\"@type\":\"BreadcrumbList\",\"@id\":\"https:\/\/babylove.se\/no\/produkt\/liewood-line-snuteteppe-3-pack-yellow-mellow-mix\/#breadcrumb\",\"itemListElement\":[{\"@type\":\"ListItem\",\"position\":1,\"name\":\"Hem\",\"item\":\"https:\/\/babylove.se\/no\/\"},{\"@type\":\"ListItem\",\"position\":2,\"name\":\"Butik\",\"item\":\"https:\/\/babylove.se\/no\/butik\/\"},{\"@type\":\"ListItem\",\"position\":3,\"name\":\"Liewood, Line smokefilt 3-pack, yellow mellow mix\"}]},{\"@type\":\"WebSite\",\"@id\":\"https:\/\/babylove.se\/no\/#website\",\"url\":\"https:\/\/babylove.se\/no\/\",\"name\":\"Babylove Norska\",\"description\":\"\",\"potentialAction\":[{\"@type\":\"SearchAction\",\"target\":{\"@type\":\"EntryPoint\",\"urlTemplate\":\"https:\/\/babylove.se\/no\/?s={search_term_string}\"},\"query-input\":{\"@type\":\"PropertyValueSpecification\",\"valueRequired\":true,\"valueName\":\"search_term_string\"}}],\"inLanguage\":\"nb-NO\"}]}<\/script>\n<meta property=\"product:brand\" content=\"Liewood\" \/>\n<meta property=\"product:price:amount\" content=\"269.00\" \/>\n<meta property=\"product:price:currency\" content=\"SEK\" \/>\n<meta property=\"og:availability\" content=\"out of stock\" \/>\n<meta property=\"product:availability\" content=\"out of stock\" \/>\n<meta property=\"product:retailer_item_id\" content=\"LW128522911\" \/>\n<meta property=\"product:condition\" content=\"new\" \/>\n<!-- \/ Yoast SEO Premium plugin. -->","yoast_head_json":{"title":"Liewood, Line smokefilt 3-pack, yellow mellow mix - Babylove Norska","robots":{"index":"noindex","follow":"follow","max-snippet":"max-snippet:-1","max-image-preview":"max-image-preview:large","max-video-preview":"max-video-preview:-1"},"og_locale":"nb_NO","og_type":"article","og_title":"Liewood, Line smokefilt 3-pack, yellow mellow mix","og_description":"En myk og s\u00f8t liten filt fra det danske selskapet Liewood som du vil kunne bruke til de fleste situasjoner. Bruk den som kosefilt, eller hvorfor ikke p\u00e5 skulderen din n\u00e5r du skal rape din lille baby etter maten. Kommer i en 3-pakke, s\u00e5 du har alltid en tilgjengelig. En meget popul\u00e6r og verdsatt kosefilt. [&hellip;]","og_url":"https:\/\/babylove.se\/no\/produkt\/liewood-line-snuteteppe-3-pack-yellow-mellow-mix\/","og_site_name":"Babylove Norska","article_modified_time":"2026-04-08T08:41:13+00:00","og_image":[{"width":750,"height":515,"url":"https:\/\/babylove.se\/no\/wp-content\/uploads\/sites\/3\/2025\/07\/5fa53c98bc15d.png","type":"image\/png"}],"twitter_card":"summary_large_image","twitter_misc":{"Price":"269,00&nbsp;&#107;&#114;","Availability":"Out of stock"},"schema":{"@context":"https:\/\/schema.org","@graph":[{"@type":"WebPage","@id":"https:\/\/babylove.se\/no\/produkt\/liewood-line-snuteteppe-3-pack-yellow-mellow-mix\/","url":"https:\/\/babylove.se\/no\/produkt\/liewood-line-snuteteppe-3-pack-yellow-mellow-mix\/","name":"Liewood, Line smokefilt 3-pack, yellow mellow mix - Babylove Norska","isPartOf":{"@id":"https:\/\/babylove.se\/no\/#website"},"primaryImageOfPage":{"@id":"https:\/\/babylove.se\/no\/produkt\/liewood-line-snuteteppe-3-pack-yellow-mellow-mix\/#primaryimage"},"image":{"@id":"https:\/\/babylove.se\/no\/produkt\/liewood-line-snuteteppe-3-pack-yellow-mellow-mix\/#primaryimage"},"thumbnailUrl":"https:\/\/babylove.se\/no\/wp-content\/uploads\/sites\/3\/2025\/07\/5fa53c98bc15d.png","datePublished":"2025-07-18T21:37:39+00:00","dateModified":"2026-04-08T08:41:13+00:00","breadcrumb":{"@id":"https:\/\/babylove.se\/no\/produkt\/liewood-line-snuteteppe-3-pack-yellow-mellow-mix\/#breadcrumb"},"inLanguage":"nb-NO","potentialAction":[{"@type":"ReadAction","target":["https:\/\/babylove.se\/no\/produkt\/liewood-line-snuteteppe-3-pack-yellow-mellow-mix\/"]}]},{"@type":"ImageObject","inLanguage":"nb-NO","@id":"https:\/\/babylove.se\/no\/produkt\/liewood-line-snuteteppe-3-pack-yellow-mellow-mix\/#primaryimage","url":"https:\/\/babylove.se\/no\/wp-content\/uploads\/sites\/3\/2025\/07\/5fa53c98bc15d.png","contentUrl":"https:\/\/babylove.se\/no\/wp-content\/uploads\/sites\/3\/2025\/07\/5fa53c98bc15d.png","width":750,"height":515},{"@type":"BreadcrumbList","@id":"https:\/\/babylove.se\/no\/produkt\/liewood-line-snuteteppe-3-pack-yellow-mellow-mix\/#breadcrumb","itemListElement":[{"@type":"ListItem","position":1,"name":"Hem","item":"https:\/\/babylove.se\/no\/"},{"@type":"ListItem","position":2,"name":"Butik","item":"https:\/\/babylove.se\/no\/butik\/"},{"@type":"ListItem","position":3,"name":"Liewood, Line smokefilt 3-pack, yellow mellow mix"}]},{"@type":"WebSite","@id":"https:\/\/babylove.se\/no\/#website","url":"https:\/\/babylove.se\/no\/","name":"Babylove Norska","description":"","potentialAction":[{"@type":"SearchAction","target":{"@type":"EntryPoint","urlTemplate":"https:\/\/babylove.se\/no\/?s={search_term_string}"},"query-input":{"@type":"PropertyValueSpecification","valueRequired":true,"valueName":"search_term_string"}}],"inLanguage":"nb-NO"}]},"product_brand":"Liewood","product_price_amount":"269.00","product_price_currency":"SEK","og_availability":"out of stock","product_availability":"out of stock","product_retailer_item_id":"LW128522911","product_condition":"new"},"_links":{"self":[{"href":"https:\/\/babylove.se\/no\/wp-json\/wp\/v2\/product\/20708","targetHints":{"allow":["GET"]}}],"collection":[{"href":"https:\/\/babylove.se\/no\/wp-json\/wp\/v2\/product"}],"about":[{"href":"https:\/\/babylove.se\/no\/wp-json\/wp\/v2\/types\/product"}],"replies":[{"embeddable":true,"href":"https:\/\/babylove.se\/no\/wp-json\/wp\/v2\/comments?post=20708"}],"wp:featuredmedia":[{"embeddable":true,"href":"https:\/\/babylove.se\/no\/wp-json\/wp\/v2\/media\/20710"}],"wp:attachment":[{"href":"https:\/\/babylove.se\/no\/wp-json\/wp\/v2\/media?parent=20708"}],"wp:term":[{"taxonomy":"product_brand","embeddable":true,"href":"https:\/\/babylove.se\/no\/wp-json\/wp\/v2\/product_brand?post=20708"},{"taxonomy":"product_cat","embeddable":true,"href":"https:\/\/babylove.se\/no\/wp-json\/wp\/v2\/product_cat?post=20708"},{"taxonomy":"product_tag","embeddable":true,"href":"https:\/\/babylove.se\/no\/wp-json\/wp\/v2\/product_tag?post=20708"}],"curies":[{"name":"wp","href":"https:\/\/api.w.org\/{rel}","templated":true}]}}