{"id":20717,"date":"2025-07-18T22:38:04","date_gmt":"2025-07-18T21:38:04","guid":{"rendered":"https:\/\/babylove.se\/produkt\/vitnatur-rutschkana-i-tra-baby\/"},"modified":"2026-04-08T09:41:19","modified_gmt":"2026-04-08T08:41:19","slug":"vitnatur-sklie-i-tre-baby","status":"publish","type":"product","link":"https:\/\/babylove.se\/no\/produkt\/vitnatur-sklie-i-tre-baby\/","title":{"rendered":"Mini hvit\/natur sklisystem i tre, baby"},"content":{"rendered":"<p>En stabil og stilsikker rutsjebane som kan brukes lenge. Med en bred trapp og store h\u00e5ndtak slik at barnet enkelt kan ta seg opp selv. Med sin lave h\u00f8yde er den tilpasset sm\u00e5barn.&nbsp;<\/p>\n<p>Rutsjebanen er konstruert for \u00e5 brukes innend\u00f8rs, men kan selvf\u00f8lgelig ogs\u00e5 brukes p\u00e5 terrassen n\u00e5r v\u00e6ret tillater det.&nbsp;<\/p>\n<p>Rutsjebanen er enkel \u00e5 montere.<\/p>\n<p>M\u00e5l:&nbsp;<\/p>\n<ul>\n<li>Total lengde: 100 cm<\/li>\n<li>Total bredde: 33 cm<\/li>\n<li>Total h\u00f8yde: 44 cm<\/li>\n<\/ul>\n<p>Material: MDF<\/p>\n<p>OBS! Husk alltid \u00e5 ha oppsyn med barnet n\u00e5r det leker i rutsjebanen. Anbefalt alder fra ca. 1,5 \u00e5r. Maksvekt 30 kg.&nbsp;<\/p>\n","protected":false},"excerpt":{"rendered":"<p>En stabil og stilsikker rutsjebane som kan brukes lenge. Med en bred trapp og store h\u00e5ndtak slik at barnet enkelt kan ta seg opp selv. Med sin lave h\u00f8yde er den tilpasset sm\u00e5barn.&nbsp; Rutsjebanen er konstruert for \u00e5 brukes innend\u00f8rs, men kan selvf\u00f8lgelig ogs\u00e5 brukes p\u00e5 terrassen n\u00e5r v\u00e6ret tillater det.&nbsp; Rutsjebanen er enkel \u00e5 [&hellip;]<\/p>\n","protected":false},"featured_media":20719,"comment_status":"closed","ping_status":"open","template":"","meta":{"_acf_changed":false},"product_brand":[],"product_cat":[84,858,204,203,48],"product_tag":[],"class_list":{"0":"post-20717","1":"product","2":"type-product","3":"status-publish","4":"has-post-thumbnail","6":"product_cat-babylove","7":"product_cat-babylove-traprodukter","8":"product_cat-motoriske-barnmobler","9":"product_cat-rutsjebaner","10":"product_cat-startside","12":"first","13":"outofstock","14":"taxable","15":"shipping-taxable","16":"purchasable","17":"product-type-simple"},"acf":[],"yoast_head":"<!-- This site is optimized with the Yoast SEO Premium plugin v25.8 (Yoast SEO v27.2) - https:\/\/yoast.com\/product\/yoast-seo-premium-wordpress\/ -->\n<title>Mini hvit\/natur sklisystem i tre, baby - Babylove Norska<\/title>\n<meta name=\"robots\" content=\"noindex, follow, max-snippet:-1, max-image-preview:large, max-video-preview:-1\" \/>\n<meta property=\"og:locale\" content=\"nb_NO\" \/>\n<meta property=\"og:type\" content=\"article\" \/>\n<meta property=\"og:title\" content=\"Mini hvit\/natur sklisystem i tre, baby\" \/>\n<meta property=\"og:description\" content=\"En stabil og stilsikker rutsjebane som kan brukes lenge. Med en bred trapp og store h\u00e5ndtak slik at barnet enkelt kan ta seg opp selv. Med sin lave h\u00f8yde er den tilpasset sm\u00e5barn.&nbsp; Rutsjebanen er konstruert for \u00e5 brukes innend\u00f8rs, men kan selvf\u00f8lgelig ogs\u00e5 brukes p\u00e5 terrassen n\u00e5r v\u00e6ret tillater det.&nbsp; Rutsjebanen er enkel \u00e5 [&hellip;]\" \/>\n<meta property=\"og:url\" content=\"https:\/\/babylove.se\/no\/produkt\/vitnatur-sklie-i-tre-baby\/\" \/>\n<meta property=\"og:site_name\" content=\"Babylove Norska\" \/>\n<meta property=\"article:modified_time\" content=\"2026-04-08T08:41:19+00:00\" \/>\n<meta property=\"og:image\" content=\"https:\/\/babylove.se\/no\/wp-content\/uploads\/sites\/3\/2025\/07\/5fd10e4a9fcbc.jpeg\" \/>\n\t<meta property=\"og:image:width\" content=\"563\" \/>\n\t<meta property=\"og:image:height\" content=\"750\" \/>\n\t<meta property=\"og:image:type\" content=\"image\/jpeg\" \/>\n<meta name=\"twitter:card\" content=\"summary_large_image\" \/>\n<meta name=\"twitter:label1\" content=\"Price\" \/>\n\t<meta name=\"twitter:data1\" content=\"1 299,00&nbsp;&#107;&#114;\" \/>\n\t<meta name=\"twitter:label2\" content=\"Availability\" \/>\n\t<meta name=\"twitter:data2\" content=\"Out of stock\" \/>\n<script type=\"application\/ld+json\" class=\"yoast-schema-graph\">{\"@context\":\"https:\/\/schema.org\",\"@graph\":[{\"@type\":\"WebPage\",\"@id\":\"https:\/\/babylove.se\/no\/produkt\/vitnatur-sklie-i-tre-baby\/\",\"url\":\"https:\/\/babylove.se\/no\/produkt\/vitnatur-sklie-i-tre-baby\/\",\"name\":\"Mini hvit\/natur sklisystem i tre, baby - Babylove Norska\",\"isPartOf\":{\"@id\":\"https:\/\/babylove.se\/no\/#website\"},\"primaryImageOfPage\":{\"@id\":\"https:\/\/babylove.se\/no\/produkt\/vitnatur-sklie-i-tre-baby\/#primaryimage\"},\"image\":{\"@id\":\"https:\/\/babylove.se\/no\/produkt\/vitnatur-sklie-i-tre-baby\/#primaryimage\"},\"thumbnailUrl\":\"https:\/\/babylove.se\/no\/wp-content\/uploads\/sites\/3\/2025\/07\/5fd10e4a9fcbc.jpeg\",\"datePublished\":\"2025-07-18T21:38:04+00:00\",\"dateModified\":\"2026-04-08T08:41:19+00:00\",\"breadcrumb\":{\"@id\":\"https:\/\/babylove.se\/no\/produkt\/vitnatur-sklie-i-tre-baby\/#breadcrumb\"},\"inLanguage\":\"nb-NO\",\"potentialAction\":[{\"@type\":\"ReadAction\",\"target\":[\"https:\/\/babylove.se\/no\/produkt\/vitnatur-sklie-i-tre-baby\/\"]}]},{\"@type\":\"ImageObject\",\"inLanguage\":\"nb-NO\",\"@id\":\"https:\/\/babylove.se\/no\/produkt\/vitnatur-sklie-i-tre-baby\/#primaryimage\",\"url\":\"https:\/\/babylove.se\/no\/wp-content\/uploads\/sites\/3\/2025\/07\/5fd10e4a9fcbc.jpeg\",\"contentUrl\":\"https:\/\/babylove.se\/no\/wp-content\/uploads\/sites\/3\/2025\/07\/5fd10e4a9fcbc.jpeg\",\"width\":563,\"height\":750},{\"@type\":\"BreadcrumbList\",\"@id\":\"https:\/\/babylove.se\/no\/produkt\/vitnatur-sklie-i-tre-baby\/#breadcrumb\",\"itemListElement\":[{\"@type\":\"ListItem\",\"position\":1,\"name\":\"Hem\",\"item\":\"https:\/\/babylove.se\/no\/\"},{\"@type\":\"ListItem\",\"position\":2,\"name\":\"Butik\",\"item\":\"https:\/\/babylove.se\/no\/butik\/\"},{\"@type\":\"ListItem\",\"position\":3,\"name\":\"Mini hvit\/natur sklisystem i tre, baby\"}]},{\"@type\":\"WebSite\",\"@id\":\"https:\/\/babylove.se\/no\/#website\",\"url\":\"https:\/\/babylove.se\/no\/\",\"name\":\"Babylove Norska\",\"description\":\"\",\"potentialAction\":[{\"@type\":\"SearchAction\",\"target\":{\"@type\":\"EntryPoint\",\"urlTemplate\":\"https:\/\/babylove.se\/no\/?s={search_term_string}\"},\"query-input\":{\"@type\":\"PropertyValueSpecification\",\"valueRequired\":true,\"valueName\":\"search_term_string\"}}],\"inLanguage\":\"nb-NO\"}]}<\/script>\n<meta property=\"product:price:amount\" content=\"1299.00\" \/>\n<meta property=\"product:price:currency\" content=\"SEK\" \/>\n<meta property=\"og:availability\" content=\"out of stock\" \/>\n<meta property=\"product:availability\" content=\"out of stock\" \/>\n<meta property=\"product:retailer_item_id\" content=\"QWBB002\" \/>\n<meta property=\"product:condition\" content=\"new\" \/>\n<!-- \/ Yoast SEO Premium plugin. -->","yoast_head_json":{"title":"Mini hvit\/natur sklisystem i tre, baby - Babylove Norska","robots":{"index":"noindex","follow":"follow","max-snippet":"max-snippet:-1","max-image-preview":"max-image-preview:large","max-video-preview":"max-video-preview:-1"},"og_locale":"nb_NO","og_type":"article","og_title":"Mini hvit\/natur sklisystem i tre, baby","og_description":"En stabil og stilsikker rutsjebane som kan brukes lenge. Med en bred trapp og store h\u00e5ndtak slik at barnet enkelt kan ta seg opp selv. Med sin lave h\u00f8yde er den tilpasset sm\u00e5barn.&nbsp; Rutsjebanen er konstruert for \u00e5 brukes innend\u00f8rs, men kan selvf\u00f8lgelig ogs\u00e5 brukes p\u00e5 terrassen n\u00e5r v\u00e6ret tillater det.&nbsp; Rutsjebanen er enkel \u00e5 [&hellip;]","og_url":"https:\/\/babylove.se\/no\/produkt\/vitnatur-sklie-i-tre-baby\/","og_site_name":"Babylove Norska","article_modified_time":"2026-04-08T08:41:19+00:00","og_image":[{"width":563,"height":750,"url":"https:\/\/babylove.se\/no\/wp-content\/uploads\/sites\/3\/2025\/07\/5fd10e4a9fcbc.jpeg","type":"image\/jpeg"}],"twitter_card":"summary_large_image","twitter_misc":{"Price":"1 299,00&nbsp;&#107;&#114;","Availability":"Out of stock"},"schema":{"@context":"https:\/\/schema.org","@graph":[{"@type":"WebPage","@id":"https:\/\/babylove.se\/no\/produkt\/vitnatur-sklie-i-tre-baby\/","url":"https:\/\/babylove.se\/no\/produkt\/vitnatur-sklie-i-tre-baby\/","name":"Mini hvit\/natur sklisystem i tre, baby - Babylove Norska","isPartOf":{"@id":"https:\/\/babylove.se\/no\/#website"},"primaryImageOfPage":{"@id":"https:\/\/babylove.se\/no\/produkt\/vitnatur-sklie-i-tre-baby\/#primaryimage"},"image":{"@id":"https:\/\/babylove.se\/no\/produkt\/vitnatur-sklie-i-tre-baby\/#primaryimage"},"thumbnailUrl":"https:\/\/babylove.se\/no\/wp-content\/uploads\/sites\/3\/2025\/07\/5fd10e4a9fcbc.jpeg","datePublished":"2025-07-18T21:38:04+00:00","dateModified":"2026-04-08T08:41:19+00:00","breadcrumb":{"@id":"https:\/\/babylove.se\/no\/produkt\/vitnatur-sklie-i-tre-baby\/#breadcrumb"},"inLanguage":"nb-NO","potentialAction":[{"@type":"ReadAction","target":["https:\/\/babylove.se\/no\/produkt\/vitnatur-sklie-i-tre-baby\/"]}]},{"@type":"ImageObject","inLanguage":"nb-NO","@id":"https:\/\/babylove.se\/no\/produkt\/vitnatur-sklie-i-tre-baby\/#primaryimage","url":"https:\/\/babylove.se\/no\/wp-content\/uploads\/sites\/3\/2025\/07\/5fd10e4a9fcbc.jpeg","contentUrl":"https:\/\/babylove.se\/no\/wp-content\/uploads\/sites\/3\/2025\/07\/5fd10e4a9fcbc.jpeg","width":563,"height":750},{"@type":"BreadcrumbList","@id":"https:\/\/babylove.se\/no\/produkt\/vitnatur-sklie-i-tre-baby\/#breadcrumb","itemListElement":[{"@type":"ListItem","position":1,"name":"Hem","item":"https:\/\/babylove.se\/no\/"},{"@type":"ListItem","position":2,"name":"Butik","item":"https:\/\/babylove.se\/no\/butik\/"},{"@type":"ListItem","position":3,"name":"Mini hvit\/natur sklisystem i tre, baby"}]},{"@type":"WebSite","@id":"https:\/\/babylove.se\/no\/#website","url":"https:\/\/babylove.se\/no\/","name":"Babylove Norska","description":"","potentialAction":[{"@type":"SearchAction","target":{"@type":"EntryPoint","urlTemplate":"https:\/\/babylove.se\/no\/?s={search_term_string}"},"query-input":{"@type":"PropertyValueSpecification","valueRequired":true,"valueName":"search_term_string"}}],"inLanguage":"nb-NO"}]},"product_price_amount":"1299.00","product_price_currency":"SEK","og_availability":"out of stock","product_availability":"out of stock","product_retailer_item_id":"QWBB002","product_condition":"new"},"_links":{"self":[{"href":"https:\/\/babylove.se\/no\/wp-json\/wp\/v2\/product\/20717","targetHints":{"allow":["GET"]}}],"collection":[{"href":"https:\/\/babylove.se\/no\/wp-json\/wp\/v2\/product"}],"about":[{"href":"https:\/\/babylove.se\/no\/wp-json\/wp\/v2\/types\/product"}],"replies":[{"embeddable":true,"href":"https:\/\/babylove.se\/no\/wp-json\/wp\/v2\/comments?post=20717"}],"wp:featuredmedia":[{"embeddable":true,"href":"https:\/\/babylove.se\/no\/wp-json\/wp\/v2\/media\/20719"}],"wp:attachment":[{"href":"https:\/\/babylove.se\/no\/wp-json\/wp\/v2\/media?parent=20717"}],"wp:term":[{"taxonomy":"product_brand","embeddable":true,"href":"https:\/\/babylove.se\/no\/wp-json\/wp\/v2\/product_brand?post=20717"},{"taxonomy":"product_cat","embeddable":true,"href":"https:\/\/babylove.se\/no\/wp-json\/wp\/v2\/product_cat?post=20717"},{"taxonomy":"product_tag","embeddable":true,"href":"https:\/\/babylove.se\/no\/wp-json\/wp\/v2\/product_tag?post=20717"}],"curies":[{"name":"wp","href":"https:\/\/api.w.org\/{rel}","templated":true}]}}