{"id":20757,"date":"2025-07-18T22:38:04","date_gmt":"2025-07-18T21:38:04","guid":{"rendered":"https:\/\/babylove.se\/produkt\/mustard-stork-av-linne-vaggdekoration\/"},"modified":"2026-04-08T09:41:42","modified_gmt":"2026-04-08T08:41:42","slug":"sennep-stork-av-lin-veggdekorasjon","status":"publish","type":"product","link":"https:\/\/babylove.se\/no\/produkt\/sennep-stork-av-lin-veggdekorasjon\/","title":{"rendered":"Mustard stork av lin, veggdekorasjon"},"content":{"rendered":"<p>En underbar dekorasjon i form av en stork, som er fantastisk myk og koselig, da den er helt laget av lin. Foruten koselighetsfaktoren, vil den ogs\u00e5 bli en meget fin detalj i barnerommet, og du plasserer den der den f\u00e5r en fremtredende plass. Storken er forberedt for \u00e5 henge, da den har en snor festet, og du kan henge den p\u00e5 en krok. Hvor enkelt og fint som helst. <\/p>\n<p>Passer perfekt under en sengehimmel. <\/p>\n<p><strong>M\u00e5l<\/strong>: Lengde cirka 55 cm <\/p>\n<p>Materiale: 100 % lin <\/p>\n<p>Designer: <a href=\"https:\/\/babylove.se\/varumarken\/love-me-decoration\"><u>Love me decoration<\/u><\/a><\/p>\n","protected":false},"excerpt":{"rendered":"<p>En underbar dekorasjon i form av en stork, som er fantastisk myk og koselig, da den er helt laget av lin. Foruten koselighetsfaktoren, vil den ogs\u00e5 bli en meget fin detalj i barnerommet, og du plasserer den der den f\u00e5r en fremtredende plass. Storken er forberedt for \u00e5 henge, da den har en snor festet, [&hellip;]<\/p>\n","protected":false},"featured_media":20759,"comment_status":"closed","ping_status":"closed","template":"","meta":{"_acf_changed":false},"product_brand":[197],"product_cat":[186,90,125,198,29],"product_tag":[],"class_list":{"0":"post-20757","1":"product","2":"type-product","3":"status-publish","4":"has-post-thumbnail","6":"product_brand-love-my-decoration","7":"product_cat-dyrehode","8":"product_cat-dyr","9":"product_cat-boho","10":"product_cat-love-me-decoration","11":"product_cat-veggdekorasjoner","13":"first","14":"instock","15":"taxable","16":"shipping-taxable","17":"purchasable","18":"product-type-simple"},"acf":[],"yoast_head":"<!-- This site is optimized with the Yoast SEO Premium plugin v25.8 (Yoast SEO v27.2) - https:\/\/yoast.com\/product\/yoast-seo-premium-wordpress\/ -->\n<title>Mustard stork av lin, veggdekorasjon - Babylove Norska<\/title>\n<meta name=\"robots\" content=\"noindex, follow, max-snippet:-1, max-image-preview:large, max-video-preview:-1\" \/>\n<meta property=\"og:locale\" content=\"nb_NO\" \/>\n<meta property=\"og:type\" content=\"article\" \/>\n<meta property=\"og:title\" content=\"Mustard stork av lin, veggdekorasjon\" \/>\n<meta property=\"og:description\" content=\"En underbar dekorasjon i form av en stork, som er fantastisk myk og koselig, da den er helt laget av lin. Foruten koselighetsfaktoren, vil den ogs\u00e5 bli en meget fin detalj i barnerommet, og du plasserer den der den f\u00e5r en fremtredende plass. Storken er forberedt for \u00e5 henge, da den har en snor festet, [&hellip;]\" \/>\n<meta property=\"og:url\" content=\"https:\/\/babylove.se\/no\/produkt\/sennep-stork-av-lin-veggdekorasjon\/\" \/>\n<meta property=\"og:site_name\" content=\"Babylove Norska\" \/>\n<meta property=\"article:modified_time\" content=\"2026-04-08T08:41:42+00:00\" \/>\n<meta property=\"og:image\" content=\"https:\/\/babylove.se\/no\/wp-content\/uploads\/sites\/3\/2025\/07\/5fa90bc386205.jpeg\" \/>\n\t<meta property=\"og:image:width\" content=\"750\" \/>\n\t<meta property=\"og:image:height\" content=\"750\" \/>\n\t<meta property=\"og:image:type\" content=\"image\/jpeg\" \/>\n<meta name=\"twitter:card\" content=\"summary_large_image\" \/>\n<meta name=\"twitter:label1\" content=\"Price\" \/>\n\t<meta name=\"twitter:data1\" content=\"599,00&nbsp;&#107;&#114;\" \/>\n\t<meta name=\"twitter:label2\" content=\"Availability\" \/>\n\t<meta name=\"twitter:data2\" content=\"In stock\" \/>\n<script type=\"application\/ld+json\" class=\"yoast-schema-graph\">{\"@context\":\"https:\/\/schema.org\",\"@graph\":[{\"@type\":\"WebPage\",\"@id\":\"https:\/\/babylove.se\/no\/produkt\/sennep-stork-av-lin-veggdekorasjon\/\",\"url\":\"https:\/\/babylove.se\/no\/produkt\/sennep-stork-av-lin-veggdekorasjon\/\",\"name\":\"Mustard stork av lin, veggdekorasjon - Babylove Norska\",\"isPartOf\":{\"@id\":\"https:\/\/babylove.se\/no\/#website\"},\"primaryImageOfPage\":{\"@id\":\"https:\/\/babylove.se\/no\/produkt\/sennep-stork-av-lin-veggdekorasjon\/#primaryimage\"},\"image\":{\"@id\":\"https:\/\/babylove.se\/no\/produkt\/sennep-stork-av-lin-veggdekorasjon\/#primaryimage\"},\"thumbnailUrl\":\"https:\/\/babylove.se\/no\/wp-content\/uploads\/sites\/3\/2025\/07\/5fa90bc386205.jpeg\",\"datePublished\":\"2025-07-18T21:38:04+00:00\",\"dateModified\":\"2026-04-08T08:41:42+00:00\",\"breadcrumb\":{\"@id\":\"https:\/\/babylove.se\/no\/produkt\/sennep-stork-av-lin-veggdekorasjon\/#breadcrumb\"},\"inLanguage\":\"nb-NO\",\"potentialAction\":[{\"@type\":\"ReadAction\",\"target\":[\"https:\/\/babylove.se\/no\/produkt\/sennep-stork-av-lin-veggdekorasjon\/\"]}]},{\"@type\":\"ImageObject\",\"inLanguage\":\"nb-NO\",\"@id\":\"https:\/\/babylove.se\/no\/produkt\/sennep-stork-av-lin-veggdekorasjon\/#primaryimage\",\"url\":\"https:\/\/babylove.se\/no\/wp-content\/uploads\/sites\/3\/2025\/07\/5fa90bc386205.jpeg\",\"contentUrl\":\"https:\/\/babylove.se\/no\/wp-content\/uploads\/sites\/3\/2025\/07\/5fa90bc386205.jpeg\",\"width\":750,\"height\":750},{\"@type\":\"BreadcrumbList\",\"@id\":\"https:\/\/babylove.se\/no\/produkt\/sennep-stork-av-lin-veggdekorasjon\/#breadcrumb\",\"itemListElement\":[{\"@type\":\"ListItem\",\"position\":1,\"name\":\"Hem\",\"item\":\"https:\/\/babylove.se\/no\/\"},{\"@type\":\"ListItem\",\"position\":2,\"name\":\"Butik\",\"item\":\"https:\/\/babylove.se\/no\/butik\/\"},{\"@type\":\"ListItem\",\"position\":3,\"name\":\"Mustard stork av lin, veggdekorasjon\"}]},{\"@type\":\"WebSite\",\"@id\":\"https:\/\/babylove.se\/no\/#website\",\"url\":\"https:\/\/babylove.se\/no\/\",\"name\":\"Babylove Norska\",\"description\":\"\",\"potentialAction\":[{\"@type\":\"SearchAction\",\"target\":{\"@type\":\"EntryPoint\",\"urlTemplate\":\"https:\/\/babylove.se\/no\/?s={search_term_string}\"},\"query-input\":{\"@type\":\"PropertyValueSpecification\",\"valueRequired\":true,\"valueName\":\"search_term_string\"}}],\"inLanguage\":\"nb-NO\"}]}<\/script>\n<meta property=\"product:brand\" content=\"Love my decoration\" \/>\n<meta property=\"product:price:amount\" content=\"599.00\" \/>\n<meta property=\"product:price:currency\" content=\"SEK\" \/>\n<meta property=\"og:availability\" content=\"instock\" \/>\n<meta property=\"product:availability\" content=\"instock\" \/>\n<meta property=\"product:retailer_item_id\" content=\"LMD00006953\" \/>\n<meta property=\"product:condition\" content=\"new\" \/>\n<!-- \/ Yoast SEO Premium plugin. -->","yoast_head_json":{"title":"Mustard stork av lin, veggdekorasjon - Babylove Norska","robots":{"index":"noindex","follow":"follow","max-snippet":"max-snippet:-1","max-image-preview":"max-image-preview:large","max-video-preview":"max-video-preview:-1"},"og_locale":"nb_NO","og_type":"article","og_title":"Mustard stork av lin, veggdekorasjon","og_description":"En underbar dekorasjon i form av en stork, som er fantastisk myk og koselig, da den er helt laget av lin. Foruten koselighetsfaktoren, vil den ogs\u00e5 bli en meget fin detalj i barnerommet, og du plasserer den der den f\u00e5r en fremtredende plass. Storken er forberedt for \u00e5 henge, da den har en snor festet, [&hellip;]","og_url":"https:\/\/babylove.se\/no\/produkt\/sennep-stork-av-lin-veggdekorasjon\/","og_site_name":"Babylove Norska","article_modified_time":"2026-04-08T08:41:42+00:00","og_image":[{"width":750,"height":750,"url":"https:\/\/babylove.se\/no\/wp-content\/uploads\/sites\/3\/2025\/07\/5fa90bc386205.jpeg","type":"image\/jpeg"}],"twitter_card":"summary_large_image","twitter_misc":{"Price":"599,00&nbsp;&#107;&#114;","Availability":"In stock"},"schema":{"@context":"https:\/\/schema.org","@graph":[{"@type":"WebPage","@id":"https:\/\/babylove.se\/no\/produkt\/sennep-stork-av-lin-veggdekorasjon\/","url":"https:\/\/babylove.se\/no\/produkt\/sennep-stork-av-lin-veggdekorasjon\/","name":"Mustard stork av lin, veggdekorasjon - Babylove Norska","isPartOf":{"@id":"https:\/\/babylove.se\/no\/#website"},"primaryImageOfPage":{"@id":"https:\/\/babylove.se\/no\/produkt\/sennep-stork-av-lin-veggdekorasjon\/#primaryimage"},"image":{"@id":"https:\/\/babylove.se\/no\/produkt\/sennep-stork-av-lin-veggdekorasjon\/#primaryimage"},"thumbnailUrl":"https:\/\/babylove.se\/no\/wp-content\/uploads\/sites\/3\/2025\/07\/5fa90bc386205.jpeg","datePublished":"2025-07-18T21:38:04+00:00","dateModified":"2026-04-08T08:41:42+00:00","breadcrumb":{"@id":"https:\/\/babylove.se\/no\/produkt\/sennep-stork-av-lin-veggdekorasjon\/#breadcrumb"},"inLanguage":"nb-NO","potentialAction":[{"@type":"ReadAction","target":["https:\/\/babylove.se\/no\/produkt\/sennep-stork-av-lin-veggdekorasjon\/"]}]},{"@type":"ImageObject","inLanguage":"nb-NO","@id":"https:\/\/babylove.se\/no\/produkt\/sennep-stork-av-lin-veggdekorasjon\/#primaryimage","url":"https:\/\/babylove.se\/no\/wp-content\/uploads\/sites\/3\/2025\/07\/5fa90bc386205.jpeg","contentUrl":"https:\/\/babylove.se\/no\/wp-content\/uploads\/sites\/3\/2025\/07\/5fa90bc386205.jpeg","width":750,"height":750},{"@type":"BreadcrumbList","@id":"https:\/\/babylove.se\/no\/produkt\/sennep-stork-av-lin-veggdekorasjon\/#breadcrumb","itemListElement":[{"@type":"ListItem","position":1,"name":"Hem","item":"https:\/\/babylove.se\/no\/"},{"@type":"ListItem","position":2,"name":"Butik","item":"https:\/\/babylove.se\/no\/butik\/"},{"@type":"ListItem","position":3,"name":"Mustard stork av lin, veggdekorasjon"}]},{"@type":"WebSite","@id":"https:\/\/babylove.se\/no\/#website","url":"https:\/\/babylove.se\/no\/","name":"Babylove Norska","description":"","potentialAction":[{"@type":"SearchAction","target":{"@type":"EntryPoint","urlTemplate":"https:\/\/babylove.se\/no\/?s={search_term_string}"},"query-input":{"@type":"PropertyValueSpecification","valueRequired":true,"valueName":"search_term_string"}}],"inLanguage":"nb-NO"}]},"product_brand":"Love my decoration","product_price_amount":"599.00","product_price_currency":"SEK","og_availability":"instock","product_availability":"instock","product_retailer_item_id":"LMD00006953","product_condition":"new"},"_links":{"self":[{"href":"https:\/\/babylove.se\/no\/wp-json\/wp\/v2\/product\/20757","targetHints":{"allow":["GET"]}}],"collection":[{"href":"https:\/\/babylove.se\/no\/wp-json\/wp\/v2\/product"}],"about":[{"href":"https:\/\/babylove.se\/no\/wp-json\/wp\/v2\/types\/product"}],"replies":[{"embeddable":true,"href":"https:\/\/babylove.se\/no\/wp-json\/wp\/v2\/comments?post=20757"}],"wp:featuredmedia":[{"embeddable":true,"href":"https:\/\/babylove.se\/no\/wp-json\/wp\/v2\/media\/20759"}],"wp:attachment":[{"href":"https:\/\/babylove.se\/no\/wp-json\/wp\/v2\/media?parent=20757"}],"wp:term":[{"taxonomy":"product_brand","embeddable":true,"href":"https:\/\/babylove.se\/no\/wp-json\/wp\/v2\/product_brand?post=20757"},{"taxonomy":"product_cat","embeddable":true,"href":"https:\/\/babylove.se\/no\/wp-json\/wp\/v2\/product_cat?post=20757"},{"taxonomy":"product_tag","embeddable":true,"href":"https:\/\/babylove.se\/no\/wp-json\/wp\/v2\/product_tag?post=20757"}],"curies":[{"name":"wp","href":"https:\/\/api.w.org\/{rel}","templated":true}]}}