{"id":2077,"date":"2025-07-18T20:06:06","date_gmt":"2025-07-18T19:06:06","guid":{"rendered":"https:\/\/babylove.se\/produkt\/vaggklistermarken-guld-hjartan-45-st\/"},"modified":"2026-04-08T07:48:02","modified_gmt":"2026-04-08T06:48:02","slug":"veggklistremerker-gull-hjerter-45-stk","status":"publish","type":"product","link":"https:\/\/babylove.se\/no\/produkt\/veggklistremerker-gull-hjerter-45-stk\/","title":{"rendered":"Veggklistremerker gull hjerter 45 stk"},"content":{"rendered":"<p>Originelle veggdekorasjoner<strong>&nbsp;<\/strong>til barnerommet<strong>&nbsp;<\/strong>i form av gull hjerter.<\/p>\n<p>Selv sm\u00e5 vegklistremerker kan gi rommet en helt ny form, og det gjelder ikke bare barnerommet. <span style=\"line-height: 18.2px;\">Vegklistremerkene&nbsp;er veldig enkle \u00e5 sette opp p\u00e5 veggen, de avgir ingen skygge og l\u00f8sner enkelt om man vil ta dem bort. Fantastisk smidige og fine&nbsp;veggdekorasjoner for \u00e5&nbsp;innrede barnerommet.<\/span><\/p>\n<p>Materialet er vinyl og hver pakke inneholder 45 stk vegklistremerker.<\/p>\n<p><strong>St\u00f8rrelse:&nbsp;<\/strong> hvert hjerte 11 cm x 9 cm&nbsp;<\/p>\n<p>Designer: Babylove<\/p>\n<p><\/p>\n","protected":false},"excerpt":{"rendered":"<p>Originelle veggdekorasjoner&nbsp;til barnerommet&nbsp;i form av gull hjerter. Selv sm\u00e5 vegklistremerker kan gi rommet en helt ny form, og det gjelder ikke bare barnerommet. Vegklistremerkene&nbsp;er veldig enkle \u00e5 sette opp p\u00e5 veggen, de avgir ingen skygge og l\u00f8sner enkelt om man vil ta dem bort. Fantastisk smidige og fine&nbsp;veggdekorasjoner for \u00e5&nbsp;innrede barnerommet. Materialet er vinyl og [&hellip;]<\/p>\n","protected":false},"featured_media":2079,"comment_status":"closed","ping_status":"open","template":"","meta":{"_acf_changed":false},"product_brand":[22],"product_cat":[84,25,29,24,83],"product_tag":[],"class_list":{"0":"post-2077","1":"product","2":"type-product","3":"status-publish","4":"has-post-thumbnail","6":"product_brand-babylove","7":"product_cat-babylove","8":"product_cat-ikke-bare-jenter","9":"product_cat-veggdekorasjoner","10":"product_cat-veggklistremerker","11":"product_cat-veggklistremerker-barnerom","13":"first","14":"outofstock","15":"taxable","16":"shipping-taxable","17":"purchasable","18":"product-type-simple"},"acf":[],"yoast_head":"<!-- This site is optimized with the Yoast SEO Premium plugin v25.8 (Yoast SEO v27.2) - https:\/\/yoast.com\/product\/yoast-seo-premium-wordpress\/ -->\n<title>Veggklistremerker gull hjerter 45 stk - Babylove Norska<\/title>\n<meta name=\"robots\" content=\"noindex, follow, max-snippet:-1, max-image-preview:large, max-video-preview:-1\" \/>\n<meta property=\"og:locale\" content=\"nb_NO\" \/>\n<meta property=\"og:type\" content=\"article\" \/>\n<meta property=\"og:title\" content=\"Veggklistremerker gull hjerter 45 stk\" \/>\n<meta property=\"og:description\" content=\"Originelle veggdekorasjoner&nbsp;til barnerommet&nbsp;i form av gull hjerter. Selv sm\u00e5 vegklistremerker kan gi rommet en helt ny form, og det gjelder ikke bare barnerommet. Vegklistremerkene&nbsp;er veldig enkle \u00e5 sette opp p\u00e5 veggen, de avgir ingen skygge og l\u00f8sner enkelt om man vil ta dem bort. Fantastisk smidige og fine&nbsp;veggdekorasjoner for \u00e5&nbsp;innrede barnerommet. Materialet er vinyl og [&hellip;]\" \/>\n<meta property=\"og:url\" content=\"https:\/\/babylove.se\/no\/produkt\/veggklistremerker-gull-hjerter-45-stk\/\" \/>\n<meta property=\"og:site_name\" content=\"Babylove Norska\" \/>\n<meta property=\"article:modified_time\" content=\"2026-04-08T06:48:02+00:00\" \/>\n<meta property=\"og:image\" content=\"https:\/\/babylove.se\/no\/wp-content\/uploads\/sites\/3\/2025\/07\/586e985d24bcd.jpeg\" \/>\n\t<meta property=\"og:image:width\" content=\"750\" \/>\n\t<meta property=\"og:image:height\" content=\"749\" \/>\n\t<meta property=\"og:image:type\" content=\"image\/jpeg\" \/>\n<meta name=\"twitter:card\" content=\"summary_large_image\" \/>\n<meta name=\"twitter:label1\" content=\"Price\" \/>\n\t<meta name=\"twitter:data1\" content=\"119,00&nbsp;&#107;&#114;\" \/>\n\t<meta name=\"twitter:label2\" content=\"Availability\" \/>\n\t<meta name=\"twitter:data2\" content=\"Out of stock\" \/>\n<script type=\"application\/ld+json\" class=\"yoast-schema-graph\">{\"@context\":\"https:\/\/schema.org\",\"@graph\":[{\"@type\":\"WebPage\",\"@id\":\"https:\/\/babylove.se\/no\/produkt\/veggklistremerker-gull-hjerter-45-stk\/\",\"url\":\"https:\/\/babylove.se\/no\/produkt\/veggklistremerker-gull-hjerter-45-stk\/\",\"name\":\"Veggklistremerker gull hjerter 45 stk - Babylove Norska\",\"isPartOf\":{\"@id\":\"https:\/\/babylove.se\/no\/#website\"},\"primaryImageOfPage\":{\"@id\":\"https:\/\/babylove.se\/no\/produkt\/veggklistremerker-gull-hjerter-45-stk\/#primaryimage\"},\"image\":{\"@id\":\"https:\/\/babylove.se\/no\/produkt\/veggklistremerker-gull-hjerter-45-stk\/#primaryimage\"},\"thumbnailUrl\":\"https:\/\/babylove.se\/no\/wp-content\/uploads\/sites\/3\/2025\/07\/586e985d24bcd.jpeg\",\"datePublished\":\"2025-07-18T19:06:06+00:00\",\"dateModified\":\"2026-04-08T06:48:02+00:00\",\"breadcrumb\":{\"@id\":\"https:\/\/babylove.se\/no\/produkt\/veggklistremerker-gull-hjerter-45-stk\/#breadcrumb\"},\"inLanguage\":\"nb-NO\",\"potentialAction\":[{\"@type\":\"ReadAction\",\"target\":[\"https:\/\/babylove.se\/no\/produkt\/veggklistremerker-gull-hjerter-45-stk\/\"]}]},{\"@type\":\"ImageObject\",\"inLanguage\":\"nb-NO\",\"@id\":\"https:\/\/babylove.se\/no\/produkt\/veggklistremerker-gull-hjerter-45-stk\/#primaryimage\",\"url\":\"https:\/\/babylove.se\/no\/wp-content\/uploads\/sites\/3\/2025\/07\/586e985d24bcd.jpeg\",\"contentUrl\":\"https:\/\/babylove.se\/no\/wp-content\/uploads\/sites\/3\/2025\/07\/586e985d24bcd.jpeg\",\"width\":750,\"height\":749},{\"@type\":\"BreadcrumbList\",\"@id\":\"https:\/\/babylove.se\/no\/produkt\/veggklistremerker-gull-hjerter-45-stk\/#breadcrumb\",\"itemListElement\":[{\"@type\":\"ListItem\",\"position\":1,\"name\":\"Hem\",\"item\":\"https:\/\/babylove.se\/no\/\"},{\"@type\":\"ListItem\",\"position\":2,\"name\":\"Butik\",\"item\":\"https:\/\/babylove.se\/no\/butik\/\"},{\"@type\":\"ListItem\",\"position\":3,\"name\":\"Veggklistremerker gull hjerter 45 stk\"}]},{\"@type\":\"WebSite\",\"@id\":\"https:\/\/babylove.se\/no\/#website\",\"url\":\"https:\/\/babylove.se\/no\/\",\"name\":\"Babylove Norska\",\"description\":\"\",\"potentialAction\":[{\"@type\":\"SearchAction\",\"target\":{\"@type\":\"EntryPoint\",\"urlTemplate\":\"https:\/\/babylove.se\/no\/?s={search_term_string}\"},\"query-input\":{\"@type\":\"PropertyValueSpecification\",\"valueRequired\":true,\"valueName\":\"search_term_string\"}}],\"inLanguage\":\"nb-NO\"}]}<\/script>\n<meta property=\"product:brand\" content=\"Babylove\" \/>\n<meta property=\"product:price:amount\" content=\"119.00\" \/>\n<meta property=\"product:price:currency\" content=\"SEK\" \/>\n<meta property=\"og:availability\" content=\"out of stock\" \/>\n<meta property=\"product:availability\" content=\"out of stock\" \/>\n<meta property=\"product:retailer_item_id\" content=\"MD0144GuldHj\u00e4rtan\" \/>\n<meta property=\"product:condition\" content=\"new\" \/>\n<!-- \/ Yoast SEO Premium plugin. -->","yoast_head_json":{"title":"Veggklistremerker gull hjerter 45 stk - Babylove Norska","robots":{"index":"noindex","follow":"follow","max-snippet":"max-snippet:-1","max-image-preview":"max-image-preview:large","max-video-preview":"max-video-preview:-1"},"og_locale":"nb_NO","og_type":"article","og_title":"Veggklistremerker gull hjerter 45 stk","og_description":"Originelle veggdekorasjoner&nbsp;til barnerommet&nbsp;i form av gull hjerter. Selv sm\u00e5 vegklistremerker kan gi rommet en helt ny form, og det gjelder ikke bare barnerommet. Vegklistremerkene&nbsp;er veldig enkle \u00e5 sette opp p\u00e5 veggen, de avgir ingen skygge og l\u00f8sner enkelt om man vil ta dem bort. Fantastisk smidige og fine&nbsp;veggdekorasjoner for \u00e5&nbsp;innrede barnerommet. Materialet er vinyl og [&hellip;]","og_url":"https:\/\/babylove.se\/no\/produkt\/veggklistremerker-gull-hjerter-45-stk\/","og_site_name":"Babylove Norska","article_modified_time":"2026-04-08T06:48:02+00:00","og_image":[{"width":750,"height":749,"url":"https:\/\/babylove.se\/no\/wp-content\/uploads\/sites\/3\/2025\/07\/586e985d24bcd.jpeg","type":"image\/jpeg"}],"twitter_card":"summary_large_image","twitter_misc":{"Price":"119,00&nbsp;&#107;&#114;","Availability":"Out of stock"},"schema":{"@context":"https:\/\/schema.org","@graph":[{"@type":"WebPage","@id":"https:\/\/babylove.se\/no\/produkt\/veggklistremerker-gull-hjerter-45-stk\/","url":"https:\/\/babylove.se\/no\/produkt\/veggklistremerker-gull-hjerter-45-stk\/","name":"Veggklistremerker gull hjerter 45 stk - Babylove Norska","isPartOf":{"@id":"https:\/\/babylove.se\/no\/#website"},"primaryImageOfPage":{"@id":"https:\/\/babylove.se\/no\/produkt\/veggklistremerker-gull-hjerter-45-stk\/#primaryimage"},"image":{"@id":"https:\/\/babylove.se\/no\/produkt\/veggklistremerker-gull-hjerter-45-stk\/#primaryimage"},"thumbnailUrl":"https:\/\/babylove.se\/no\/wp-content\/uploads\/sites\/3\/2025\/07\/586e985d24bcd.jpeg","datePublished":"2025-07-18T19:06:06+00:00","dateModified":"2026-04-08T06:48:02+00:00","breadcrumb":{"@id":"https:\/\/babylove.se\/no\/produkt\/veggklistremerker-gull-hjerter-45-stk\/#breadcrumb"},"inLanguage":"nb-NO","potentialAction":[{"@type":"ReadAction","target":["https:\/\/babylove.se\/no\/produkt\/veggklistremerker-gull-hjerter-45-stk\/"]}]},{"@type":"ImageObject","inLanguage":"nb-NO","@id":"https:\/\/babylove.se\/no\/produkt\/veggklistremerker-gull-hjerter-45-stk\/#primaryimage","url":"https:\/\/babylove.se\/no\/wp-content\/uploads\/sites\/3\/2025\/07\/586e985d24bcd.jpeg","contentUrl":"https:\/\/babylove.se\/no\/wp-content\/uploads\/sites\/3\/2025\/07\/586e985d24bcd.jpeg","width":750,"height":749},{"@type":"BreadcrumbList","@id":"https:\/\/babylove.se\/no\/produkt\/veggklistremerker-gull-hjerter-45-stk\/#breadcrumb","itemListElement":[{"@type":"ListItem","position":1,"name":"Hem","item":"https:\/\/babylove.se\/no\/"},{"@type":"ListItem","position":2,"name":"Butik","item":"https:\/\/babylove.se\/no\/butik\/"},{"@type":"ListItem","position":3,"name":"Veggklistremerker gull hjerter 45 stk"}]},{"@type":"WebSite","@id":"https:\/\/babylove.se\/no\/#website","url":"https:\/\/babylove.se\/no\/","name":"Babylove Norska","description":"","potentialAction":[{"@type":"SearchAction","target":{"@type":"EntryPoint","urlTemplate":"https:\/\/babylove.se\/no\/?s={search_term_string}"},"query-input":{"@type":"PropertyValueSpecification","valueRequired":true,"valueName":"search_term_string"}}],"inLanguage":"nb-NO"}]},"product_brand":"Babylove","product_price_amount":"119.00","product_price_currency":"SEK","og_availability":"out of stock","product_availability":"out of stock","product_retailer_item_id":"MD0144GuldHj\u00e4rtan","product_condition":"new"},"_links":{"self":[{"href":"https:\/\/babylove.se\/no\/wp-json\/wp\/v2\/product\/2077","targetHints":{"allow":["GET"]}}],"collection":[{"href":"https:\/\/babylove.se\/no\/wp-json\/wp\/v2\/product"}],"about":[{"href":"https:\/\/babylove.se\/no\/wp-json\/wp\/v2\/types\/product"}],"replies":[{"embeddable":true,"href":"https:\/\/babylove.se\/no\/wp-json\/wp\/v2\/comments?post=2077"}],"wp:featuredmedia":[{"embeddable":true,"href":"https:\/\/babylove.se\/no\/wp-json\/wp\/v2\/media\/2079"}],"wp:attachment":[{"href":"https:\/\/babylove.se\/no\/wp-json\/wp\/v2\/media?parent=2077"}],"wp:term":[{"taxonomy":"product_brand","embeddable":true,"href":"https:\/\/babylove.se\/no\/wp-json\/wp\/v2\/product_brand?post=2077"},{"taxonomy":"product_cat","embeddable":true,"href":"https:\/\/babylove.se\/no\/wp-json\/wp\/v2\/product_cat?post=2077"},{"taxonomy":"product_tag","embeddable":true,"href":"https:\/\/babylove.se\/no\/wp-json\/wp\/v2\/product_tag?post=2077"}],"curies":[{"name":"wp","href":"https:\/\/api.w.org\/{rel}","templated":true}]}}