{"id":20816,"date":"2025-07-18T22:38:43","date_gmt":"2025-07-18T21:38:43","guid":{"rendered":"https:\/\/babylove.se\/produkt\/jabadabado-olivegron-sanghimmel-med-ljusslinga\/"},"modified":"2026-04-08T09:42:14","modified_gmt":"2026-04-08T08:42:14","slug":"jabadabado-olivengronn-sanghimmel-med-lysslynge","status":"publish","type":"product","link":"https:\/\/babylove.se\/no\/produkt\/jabadabado-olivengronn-sanghimmel-med-lysslynge\/","title":{"rendered":"JaBaDaBaDo olivengr\u00f8nn sengehimmel med lysslynge"},"content":{"rendered":"<p>La barnet ditt nyte en deilig natts\u00f8vn under denne fantastisk vakre turkis\/m\u00f8rkebl\u00e5 sengehimmelen fra svenske JaBaDaBaDo. Sengehimmelen er laget av et solid stoff som gir b\u00e5de en fyldig og gjennomsiktig f\u00f8lelse samtidig. Fantastisk vakkert for barnerommets innredning.<\/p>\n<p>Du kan enkelt forvandle sengen til en deilig soveplass eller en morsom kosekrok. I tillegg kan du selvf\u00f8lgelig flytte rundt p\u00e5 sengehimmelen og henge den midt i rommet eller i et hj\u00f8rne, for \u00e5 skape koselige og lekne steder i barnerommet. Uansett hvordan du bruker den vil den gi barnerommet en deilig innramming og utgj\u00f8re en fin innredningsdetalj. Kombiner gjerne med matchende vimpler, puter eller fine oppbevaringskurver for beste resultat.<\/p>\n<p>Sengehimmelen passer like godt til sprinkelsenger som til andre barnesenger, eller som sagt helt fritt i rommet. Du henger enkelt opp den med en krok som du fester i taket.<\/p>\n<p>Til alle v\u00e5re sengehimler sender vi med en fin lysslynge inkludert i prisen. Dette for at du skal kunne gj\u00f8re barnekroken din enda mer koselig og sjarmerende. Lysslyngen drives av to A-batterier.<\/p>\n<p><strong>Materiale<\/strong>: 80 % polyester og 20 % bomull.<\/p>\n<p>Vaskbar i opptil 30 grader<\/p>\n<p><strong>H\u00f8yde&nbsp;<\/strong>230 cm. diameter 55 cm<\/p>\n<p>Designer: <a href=\"https:\/\/babylove.se\/varumarken\/jabadabado\"><u>JaBaDaBaDo&nbsp;<\/u><\/a><\/p>\n","protected":false},"excerpt":{"rendered":"<p>La barnet ditt nyte en deilig natts\u00f8vn under denne fantastisk vakre turkis\/m\u00f8rkebl\u00e5 sengehimmelen fra svenske JaBaDaBaDo. Sengehimmelen er laget av et solid stoff som gir b\u00e5de en fyldig og gjennomsiktig f\u00f8lelse samtidig. Fantastisk vakkert for barnerommets innredning. Du kan enkelt forvandle sengen til en deilig soveplass eller en morsom kosekrok. I tillegg kan du selvf\u00f8lgelig [&hellip;]<\/p>\n","protected":false},"featured_media":20818,"comment_status":"closed","ping_status":"open","template":"","meta":{"_acf_changed":false},"product_brand":[273],"product_cat":[274,125,120],"product_tag":[],"class_list":{"0":"post-20816","1":"product","2":"type-product","3":"status-publish","4":"has-post-thumbnail","6":"product_brand-jabadabado","7":"product_cat-jabadabado","8":"product_cat-boho","9":"product_cat-sanghimmel","11":"first","12":"outofstock","13":"taxable","14":"shipping-taxable","15":"purchasable","16":"product-type-simple"},"acf":[],"yoast_head":"<!-- This site is optimized with the Yoast SEO Premium plugin v25.8 (Yoast SEO v27.2) - https:\/\/yoast.com\/product\/yoast-seo-premium-wordpress\/ -->\n<title>Olivgr\u00f6n s\u00e4nghimmel fr\u00e5n Jabadabado | Babylove.se<\/title>\n<meta name=\"description\" content=\"Inred barnrummet med en vacker guld s\u00e4nghimmel fr\u00e5n Jabadabado. H\u00e4r finner du ett stort utbud av superfina s\u00e4nghimlar- K\u00f6p den h\u00e4r!\" \/>\n<meta name=\"robots\" content=\"noindex, follow, max-snippet:-1, max-image-preview:large, max-video-preview:-1\" \/>\n<meta property=\"og:locale\" content=\"nb_NO\" \/>\n<meta property=\"og:type\" content=\"article\" \/>\n<meta property=\"og:title\" content=\"JaBaDaBaDo olivengr\u00f8nn sengehimmel med lysslynge\" \/>\n<meta property=\"og:description\" content=\"Inred barnrummet med en vacker guld s\u00e4nghimmel fr\u00e5n Jabadabado. H\u00e4r finner du ett stort utbud av superfina s\u00e4nghimlar- K\u00f6p den h\u00e4r!\" \/>\n<meta property=\"og:url\" content=\"https:\/\/babylove.se\/no\/produkt\/jabadabado-olivengronn-sanghimmel-med-lysslynge\/\" \/>\n<meta property=\"og:site_name\" content=\"Babylove Norska\" \/>\n<meta property=\"article:modified_time\" content=\"2026-04-08T08:42:14+00:00\" \/>\n<meta property=\"og:image\" content=\"https:\/\/babylove.se\/no\/wp-content\/uploads\/sites\/3\/2025\/07\/5fa93b138c8ba.jpeg\" \/>\n\t<meta property=\"og:image:width\" content=\"750\" \/>\n\t<meta property=\"og:image:height\" content=\"750\" \/>\n\t<meta property=\"og:image:type\" content=\"image\/jpeg\" \/>\n<meta name=\"twitter:card\" content=\"summary_large_image\" \/>\n<meta name=\"twitter:label1\" content=\"Price\" \/>\n\t<meta name=\"twitter:data1\" content=\"699,00&nbsp;&#107;&#114;\" \/>\n\t<meta name=\"twitter:label2\" content=\"Availability\" \/>\n\t<meta name=\"twitter:data2\" content=\"Out of stock\" \/>\n<script type=\"application\/ld+json\" class=\"yoast-schema-graph\">{\"@context\":\"https:\/\/schema.org\",\"@graph\":[{\"@type\":\"WebPage\",\"@id\":\"https:\/\/babylove.se\/no\/produkt\/jabadabado-olivengronn-sanghimmel-med-lysslynge\/\",\"url\":\"https:\/\/babylove.se\/no\/produkt\/jabadabado-olivengronn-sanghimmel-med-lysslynge\/\",\"name\":\"Olivgr\u00f6n s\u00e4nghimmel fr\u00e5n Jabadabado | Babylove.se\",\"isPartOf\":{\"@id\":\"https:\/\/babylove.se\/no\/#website\"},\"primaryImageOfPage\":{\"@id\":\"https:\/\/babylove.se\/no\/produkt\/jabadabado-olivengronn-sanghimmel-med-lysslynge\/#primaryimage\"},\"image\":{\"@id\":\"https:\/\/babylove.se\/no\/produkt\/jabadabado-olivengronn-sanghimmel-med-lysslynge\/#primaryimage\"},\"thumbnailUrl\":\"https:\/\/babylove.se\/no\/wp-content\/uploads\/sites\/3\/2025\/07\/5fa93b138c8ba.jpeg\",\"datePublished\":\"2025-07-18T21:38:43+00:00\",\"dateModified\":\"2026-04-08T08:42:14+00:00\",\"description\":\"Inred barnrummet med en vacker guld s\u00e4nghimmel fr\u00e5n Jabadabado. H\u00e4r finner du ett stort utbud av superfina s\u00e4nghimlar- K\u00f6p den h\u00e4r!\",\"breadcrumb\":{\"@id\":\"https:\/\/babylove.se\/no\/produkt\/jabadabado-olivengronn-sanghimmel-med-lysslynge\/#breadcrumb\"},\"inLanguage\":\"nb-NO\",\"potentialAction\":[{\"@type\":\"ReadAction\",\"target\":[\"https:\/\/babylove.se\/no\/produkt\/jabadabado-olivengronn-sanghimmel-med-lysslynge\/\"]}]},{\"@type\":\"ImageObject\",\"inLanguage\":\"nb-NO\",\"@id\":\"https:\/\/babylove.se\/no\/produkt\/jabadabado-olivengronn-sanghimmel-med-lysslynge\/#primaryimage\",\"url\":\"https:\/\/babylove.se\/no\/wp-content\/uploads\/sites\/3\/2025\/07\/5fa93b138c8ba.jpeg\",\"contentUrl\":\"https:\/\/babylove.se\/no\/wp-content\/uploads\/sites\/3\/2025\/07\/5fa93b138c8ba.jpeg\",\"width\":750,\"height\":750},{\"@type\":\"BreadcrumbList\",\"@id\":\"https:\/\/babylove.se\/no\/produkt\/jabadabado-olivengronn-sanghimmel-med-lysslynge\/#breadcrumb\",\"itemListElement\":[{\"@type\":\"ListItem\",\"position\":1,\"name\":\"Hem\",\"item\":\"https:\/\/babylove.se\/no\/\"},{\"@type\":\"ListItem\",\"position\":2,\"name\":\"Butik\",\"item\":\"https:\/\/babylove.se\/no\/butik\/\"},{\"@type\":\"ListItem\",\"position\":3,\"name\":\"JaBaDaBaDo olivengr\u00f8nn sengehimmel med lysslynge\"}]},{\"@type\":\"WebSite\",\"@id\":\"https:\/\/babylove.se\/no\/#website\",\"url\":\"https:\/\/babylove.se\/no\/\",\"name\":\"Babylove Norska\",\"description\":\"\",\"potentialAction\":[{\"@type\":\"SearchAction\",\"target\":{\"@type\":\"EntryPoint\",\"urlTemplate\":\"https:\/\/babylove.se\/no\/?s={search_term_string}\"},\"query-input\":{\"@type\":\"PropertyValueSpecification\",\"valueRequired\":true,\"valueName\":\"search_term_string\"}}],\"inLanguage\":\"nb-NO\"}]}<\/script>\n<meta property=\"product:brand\" content=\"JaBaDaBaDo\" \/>\n<meta property=\"product:price:amount\" content=\"699.00\" \/>\n<meta property=\"product:price:currency\" content=\"SEK\" \/>\n<meta property=\"og:availability\" content=\"out of stock\" \/>\n<meta property=\"product:availability\" content=\"out of stock\" \/>\n<meta property=\"product:retailer_item_id\" content=\"K026\" \/>\n<meta property=\"product:condition\" content=\"new\" \/>\n<!-- \/ Yoast SEO Premium plugin. -->","yoast_head_json":{"title":"Olivgr\u00f6n s\u00e4nghimmel fr\u00e5n Jabadabado | Babylove.se","description":"Inred barnrummet med en vacker guld s\u00e4nghimmel fr\u00e5n Jabadabado. H\u00e4r finner du ett stort utbud av superfina s\u00e4nghimlar- K\u00f6p den h\u00e4r!","robots":{"index":"noindex","follow":"follow","max-snippet":"max-snippet:-1","max-image-preview":"max-image-preview:large","max-video-preview":"max-video-preview:-1"},"og_locale":"nb_NO","og_type":"article","og_title":"JaBaDaBaDo olivengr\u00f8nn sengehimmel med lysslynge","og_description":"Inred barnrummet med en vacker guld s\u00e4nghimmel fr\u00e5n Jabadabado. H\u00e4r finner du ett stort utbud av superfina s\u00e4nghimlar- K\u00f6p den h\u00e4r!","og_url":"https:\/\/babylove.se\/no\/produkt\/jabadabado-olivengronn-sanghimmel-med-lysslynge\/","og_site_name":"Babylove Norska","article_modified_time":"2026-04-08T08:42:14+00:00","og_image":[{"width":750,"height":750,"url":"https:\/\/babylove.se\/no\/wp-content\/uploads\/sites\/3\/2025\/07\/5fa93b138c8ba.jpeg","type":"image\/jpeg"}],"twitter_card":"summary_large_image","twitter_misc":{"Price":"699,00&nbsp;&#107;&#114;","Availability":"Out of stock"},"schema":{"@context":"https:\/\/schema.org","@graph":[{"@type":"WebPage","@id":"https:\/\/babylove.se\/no\/produkt\/jabadabado-olivengronn-sanghimmel-med-lysslynge\/","url":"https:\/\/babylove.se\/no\/produkt\/jabadabado-olivengronn-sanghimmel-med-lysslynge\/","name":"Olivgr\u00f6n s\u00e4nghimmel fr\u00e5n Jabadabado | Babylove.se","isPartOf":{"@id":"https:\/\/babylove.se\/no\/#website"},"primaryImageOfPage":{"@id":"https:\/\/babylove.se\/no\/produkt\/jabadabado-olivengronn-sanghimmel-med-lysslynge\/#primaryimage"},"image":{"@id":"https:\/\/babylove.se\/no\/produkt\/jabadabado-olivengronn-sanghimmel-med-lysslynge\/#primaryimage"},"thumbnailUrl":"https:\/\/babylove.se\/no\/wp-content\/uploads\/sites\/3\/2025\/07\/5fa93b138c8ba.jpeg","datePublished":"2025-07-18T21:38:43+00:00","dateModified":"2026-04-08T08:42:14+00:00","description":"Inred barnrummet med en vacker guld s\u00e4nghimmel fr\u00e5n Jabadabado. H\u00e4r finner du ett stort utbud av superfina s\u00e4nghimlar- K\u00f6p den h\u00e4r!","breadcrumb":{"@id":"https:\/\/babylove.se\/no\/produkt\/jabadabado-olivengronn-sanghimmel-med-lysslynge\/#breadcrumb"},"inLanguage":"nb-NO","potentialAction":[{"@type":"ReadAction","target":["https:\/\/babylove.se\/no\/produkt\/jabadabado-olivengronn-sanghimmel-med-lysslynge\/"]}]},{"@type":"ImageObject","inLanguage":"nb-NO","@id":"https:\/\/babylove.se\/no\/produkt\/jabadabado-olivengronn-sanghimmel-med-lysslynge\/#primaryimage","url":"https:\/\/babylove.se\/no\/wp-content\/uploads\/sites\/3\/2025\/07\/5fa93b138c8ba.jpeg","contentUrl":"https:\/\/babylove.se\/no\/wp-content\/uploads\/sites\/3\/2025\/07\/5fa93b138c8ba.jpeg","width":750,"height":750},{"@type":"BreadcrumbList","@id":"https:\/\/babylove.se\/no\/produkt\/jabadabado-olivengronn-sanghimmel-med-lysslynge\/#breadcrumb","itemListElement":[{"@type":"ListItem","position":1,"name":"Hem","item":"https:\/\/babylove.se\/no\/"},{"@type":"ListItem","position":2,"name":"Butik","item":"https:\/\/babylove.se\/no\/butik\/"},{"@type":"ListItem","position":3,"name":"JaBaDaBaDo olivengr\u00f8nn sengehimmel med lysslynge"}]},{"@type":"WebSite","@id":"https:\/\/babylove.se\/no\/#website","url":"https:\/\/babylove.se\/no\/","name":"Babylove Norska","description":"","potentialAction":[{"@type":"SearchAction","target":{"@type":"EntryPoint","urlTemplate":"https:\/\/babylove.se\/no\/?s={search_term_string}"},"query-input":{"@type":"PropertyValueSpecification","valueRequired":true,"valueName":"search_term_string"}}],"inLanguage":"nb-NO"}]},"product_brand":"JaBaDaBaDo","product_price_amount":"699.00","product_price_currency":"SEK","og_availability":"out of stock","product_availability":"out of stock","product_retailer_item_id":"K026","product_condition":"new"},"_links":{"self":[{"href":"https:\/\/babylove.se\/no\/wp-json\/wp\/v2\/product\/20816","targetHints":{"allow":["GET"]}}],"collection":[{"href":"https:\/\/babylove.se\/no\/wp-json\/wp\/v2\/product"}],"about":[{"href":"https:\/\/babylove.se\/no\/wp-json\/wp\/v2\/types\/product"}],"replies":[{"embeddable":true,"href":"https:\/\/babylove.se\/no\/wp-json\/wp\/v2\/comments?post=20816"}],"wp:featuredmedia":[{"embeddable":true,"href":"https:\/\/babylove.se\/no\/wp-json\/wp\/v2\/media\/20818"}],"wp:attachment":[{"href":"https:\/\/babylove.se\/no\/wp-json\/wp\/v2\/media?parent=20816"}],"wp:term":[{"taxonomy":"product_brand","embeddable":true,"href":"https:\/\/babylove.se\/no\/wp-json\/wp\/v2\/product_brand?post=20816"},{"taxonomy":"product_cat","embeddable":true,"href":"https:\/\/babylove.se\/no\/wp-json\/wp\/v2\/product_cat?post=20816"},{"taxonomy":"product_tag","embeddable":true,"href":"https:\/\/babylove.se\/no\/wp-json\/wp\/v2\/product_tag?post=20816"}],"curies":[{"name":"wp","href":"https:\/\/api.w.org\/{rel}","templated":true}]}}