{"id":20868,"date":"2025-07-18T22:39:10","date_gmt":"2025-07-18T21:39:10","guid":{"rendered":"https:\/\/babylove.se\/produkt\/ng-baby-spjalskydd-av-linne-med-volang-natural\/"},"modified":"2026-04-08T09:42:35","modified_gmt":"2026-04-08T08:42:35","slug":"ng-baby-spjelseng-av-lin-med-volang-naturlig","status":"publish","type":"product","link":"https:\/\/babylove.se\/no\/produkt\/ng-baby-spjelseng-av-lin-med-volang-naturlig\/","title":{"rendered":"Ng Baby, Sengehest av lin med VOLANG, NATURAL"},"content":{"rendered":"<p>Et meget vakkert og h\u00f8ykvalitets spj\u00e4lskydd i en vakker naturfarge kommer sammen med sine vidunderlige volanger til \u00e5 skape en herlig atmosf\u00e6re i barnets seng og i barnerommet.<\/p>\n<p>Spj\u00e4lsengsskyddet er produsert i Sverige av NG Baby og i 100 % av et fantastisk fint lin. Det f\u00f8lger ogs\u00e5 med vakre knyteb\u00e5nd som er laget av bomull. Fyllingen best\u00e5r av deilig fibervatt som gj\u00f8r at spj\u00e4lskyddet holder formen lenge. Kombiner gjerne med dynetrekk fra samme kolleksjon for \u00e5 f\u00e5 et vakkert helhetlig inntrykk.<\/p>\n<p><strong>M\u00e5l<\/strong>:&nbsp;<\/p>\n<ul>\n<li>Vogn\/vugge 258&#215;20 cm<\/li>\n<li>Spj\u00e4lseng 360&#215;25 cm<\/li>\n<\/ul>\n<p>Designer: <a href=\"https:\/\/babylove.se\/varumarken\/ng-baby\">Ng Baby<\/a><\/p>\n","protected":false},"excerpt":{"rendered":"<p>Et meget vakkert og h\u00f8ykvalitets spj\u00e4lskydd i en vakker naturfarge kommer sammen med sine vidunderlige volanger til \u00e5 skape en herlig atmosf\u00e6re i barnets seng og i barnerommet. Spj\u00e4lsengsskyddet er produsert i Sverige av NG Baby og i 100 % av et fantastisk fint lin. Det f\u00f8lger ogs\u00e5 med vakre knyteb\u00e5nd som er laget av [&hellip;]<\/p>\n","protected":false},"featured_media":20870,"comment_status":"closed","ping_status":"open","template":"","meta":{"_acf_changed":false},"product_brand":[107],"product_cat":[110,109,108],"product_tag":[1689],"class_list":{"0":"post-20868","1":"product","2":"type-product","3":"status-publish","4":"has-post-thumbnail","6":"product_brand-ng-baby","7":"product_cat-cyber-monday","8":"product_cat-ng-baby","9":"product_cat-barnesengbeskyttelse","10":"product_tag-bestillingsvaror","11":"pa_matt-spjalsang","12":"pa_matt-vagn-vagga","14":"first","15":"outofstock","16":"taxable","17":"shipping-taxable","18":"purchasable","19":"product-type-variable"},"acf":[],"yoast_head":"<!-- This site is optimized with the Yoast SEO Premium plugin v25.8 (Yoast SEO v27.2) - https:\/\/yoast.com\/product\/yoast-seo-premium-wordpress\/ -->\n<title>Ng Baby, Sengehest av lin med VOLANG, NATURAL - Babylove Norska<\/title>\n<meta name=\"robots\" content=\"noindex, follow, max-snippet:-1, max-image-preview:large, max-video-preview:-1\" \/>\n<meta property=\"og:locale\" content=\"nb_NO\" \/>\n<meta property=\"og:type\" content=\"article\" \/>\n<meta property=\"og:title\" content=\"Ng Baby, Sengehest av lin med VOLANG, NATURAL\" \/>\n<meta property=\"og:description\" content=\"Et meget vakkert og h\u00f8ykvalitets spj\u00e4lskydd i en vakker naturfarge kommer sammen med sine vidunderlige volanger til \u00e5 skape en herlig atmosf\u00e6re i barnets seng og i barnerommet. Spj\u00e4lsengsskyddet er produsert i Sverige av NG Baby og i 100 % av et fantastisk fint lin. Det f\u00f8lger ogs\u00e5 med vakre knyteb\u00e5nd som er laget av [&hellip;]\" \/>\n<meta property=\"og:url\" content=\"https:\/\/babylove.se\/no\/produkt\/ng-baby-spjelseng-av-lin-med-volang-naturlig\/\" \/>\n<meta property=\"og:site_name\" content=\"Babylove Norska\" \/>\n<meta property=\"article:modified_time\" content=\"2026-04-08T08:42:35+00:00\" \/>\n<meta property=\"og:image\" content=\"https:\/\/babylove.se\/no\/wp-content\/uploads\/sites\/3\/2025\/07\/5fae9157aa86b.png\" \/>\n\t<meta property=\"og:image:width\" content=\"750\" \/>\n\t<meta property=\"og:image:height\" content=\"747\" \/>\n\t<meta property=\"og:image:type\" content=\"image\/png\" \/>\n<meta name=\"twitter:card\" content=\"summary_large_image\" \/>\n<meta name=\"twitter:label1\" content=\"Availability\" \/>\n\t<meta name=\"twitter:data1\" content=\"Out of stock\" \/>\n<script type=\"application\/ld+json\" class=\"yoast-schema-graph\">{\"@context\":\"https:\/\/schema.org\",\"@graph\":[{\"@type\":\"WebPage\",\"@id\":\"https:\/\/babylove.se\/no\/produkt\/ng-baby-spjelseng-av-lin-med-volang-naturlig\/\",\"url\":\"https:\/\/babylove.se\/no\/produkt\/ng-baby-spjelseng-av-lin-med-volang-naturlig\/\",\"name\":\"Ng Baby, Sengehest av lin med VOLANG, NATURAL - Babylove Norska\",\"isPartOf\":{\"@id\":\"https:\/\/babylove.se\/no\/#website\"},\"primaryImageOfPage\":{\"@id\":\"https:\/\/babylove.se\/no\/produkt\/ng-baby-spjelseng-av-lin-med-volang-naturlig\/#primaryimage\"},\"image\":{\"@id\":\"https:\/\/babylove.se\/no\/produkt\/ng-baby-spjelseng-av-lin-med-volang-naturlig\/#primaryimage\"},\"thumbnailUrl\":\"https:\/\/babylove.se\/no\/wp-content\/uploads\/sites\/3\/2025\/07\/5fae9157aa86b.png\",\"datePublished\":\"2025-07-18T21:39:10+00:00\",\"dateModified\":\"2026-04-08T08:42:35+00:00\",\"breadcrumb\":{\"@id\":\"https:\/\/babylove.se\/no\/produkt\/ng-baby-spjelseng-av-lin-med-volang-naturlig\/#breadcrumb\"},\"inLanguage\":\"nb-NO\",\"potentialAction\":[{\"@type\":\"ReadAction\",\"target\":[\"https:\/\/babylove.se\/no\/produkt\/ng-baby-spjelseng-av-lin-med-volang-naturlig\/\"]}]},{\"@type\":\"ImageObject\",\"inLanguage\":\"nb-NO\",\"@id\":\"https:\/\/babylove.se\/no\/produkt\/ng-baby-spjelseng-av-lin-med-volang-naturlig\/#primaryimage\",\"url\":\"https:\/\/babylove.se\/no\/wp-content\/uploads\/sites\/3\/2025\/07\/5fae9157aa86b.png\",\"contentUrl\":\"https:\/\/babylove.se\/no\/wp-content\/uploads\/sites\/3\/2025\/07\/5fae9157aa86b.png\",\"width\":750,\"height\":747},{\"@type\":\"BreadcrumbList\",\"@id\":\"https:\/\/babylove.se\/no\/produkt\/ng-baby-spjelseng-av-lin-med-volang-naturlig\/#breadcrumb\",\"itemListElement\":[{\"@type\":\"ListItem\",\"position\":1,\"name\":\"Hem\",\"item\":\"https:\/\/babylove.se\/no\/\"},{\"@type\":\"ListItem\",\"position\":2,\"name\":\"Butik\",\"item\":\"https:\/\/babylove.se\/no\/butik\/\"},{\"@type\":\"ListItem\",\"position\":3,\"name\":\"Ng Baby, Sengehest av lin med VOLANG, NATURAL\"}]},{\"@type\":\"WebSite\",\"@id\":\"https:\/\/babylove.se\/no\/#website\",\"url\":\"https:\/\/babylove.se\/no\/\",\"name\":\"Babylove Norska\",\"description\":\"\",\"potentialAction\":[{\"@type\":\"SearchAction\",\"target\":{\"@type\":\"EntryPoint\",\"urlTemplate\":\"https:\/\/babylove.se\/no\/?s={search_term_string}\"},\"query-input\":{\"@type\":\"PropertyValueSpecification\",\"valueRequired\":true,\"valueName\":\"search_term_string\"}}],\"inLanguage\":\"nb-NO\"}]}<\/script>\n<meta property=\"product:brand\" content=\"Ng Baby\" \/>\n<meta property=\"og:availability\" content=\"out of stock\" \/>\n<meta property=\"product:availability\" content=\"out of stock\" \/>\n<meta property=\"product:retailer_item_id\" content=\"70340-023\" \/>\n<meta property=\"product:condition\" content=\"new\" \/>\n<!-- \/ Yoast SEO Premium plugin. -->","yoast_head_json":{"title":"Ng Baby, Sengehest av lin med VOLANG, NATURAL - Babylove Norska","robots":{"index":"noindex","follow":"follow","max-snippet":"max-snippet:-1","max-image-preview":"max-image-preview:large","max-video-preview":"max-video-preview:-1"},"og_locale":"nb_NO","og_type":"article","og_title":"Ng Baby, Sengehest av lin med VOLANG, NATURAL","og_description":"Et meget vakkert og h\u00f8ykvalitets spj\u00e4lskydd i en vakker naturfarge kommer sammen med sine vidunderlige volanger til \u00e5 skape en herlig atmosf\u00e6re i barnets seng og i barnerommet. Spj\u00e4lsengsskyddet er produsert i Sverige av NG Baby og i 100 % av et fantastisk fint lin. Det f\u00f8lger ogs\u00e5 med vakre knyteb\u00e5nd som er laget av [&hellip;]","og_url":"https:\/\/babylove.se\/no\/produkt\/ng-baby-spjelseng-av-lin-med-volang-naturlig\/","og_site_name":"Babylove Norska","article_modified_time":"2026-04-08T08:42:35+00:00","og_image":[{"width":750,"height":747,"url":"https:\/\/babylove.se\/no\/wp-content\/uploads\/sites\/3\/2025\/07\/5fae9157aa86b.png","type":"image\/png"}],"twitter_card":"summary_large_image","twitter_misc":{"Availability":"Out of stock"},"schema":{"@context":"https:\/\/schema.org","@graph":[{"@type":"WebPage","@id":"https:\/\/babylove.se\/no\/produkt\/ng-baby-spjelseng-av-lin-med-volang-naturlig\/","url":"https:\/\/babylove.se\/no\/produkt\/ng-baby-spjelseng-av-lin-med-volang-naturlig\/","name":"Ng Baby, Sengehest av lin med VOLANG, NATURAL - Babylove Norska","isPartOf":{"@id":"https:\/\/babylove.se\/no\/#website"},"primaryImageOfPage":{"@id":"https:\/\/babylove.se\/no\/produkt\/ng-baby-spjelseng-av-lin-med-volang-naturlig\/#primaryimage"},"image":{"@id":"https:\/\/babylove.se\/no\/produkt\/ng-baby-spjelseng-av-lin-med-volang-naturlig\/#primaryimage"},"thumbnailUrl":"https:\/\/babylove.se\/no\/wp-content\/uploads\/sites\/3\/2025\/07\/5fae9157aa86b.png","datePublished":"2025-07-18T21:39:10+00:00","dateModified":"2026-04-08T08:42:35+00:00","breadcrumb":{"@id":"https:\/\/babylove.se\/no\/produkt\/ng-baby-spjelseng-av-lin-med-volang-naturlig\/#breadcrumb"},"inLanguage":"nb-NO","potentialAction":[{"@type":"ReadAction","target":["https:\/\/babylove.se\/no\/produkt\/ng-baby-spjelseng-av-lin-med-volang-naturlig\/"]}]},{"@type":"ImageObject","inLanguage":"nb-NO","@id":"https:\/\/babylove.se\/no\/produkt\/ng-baby-spjelseng-av-lin-med-volang-naturlig\/#primaryimage","url":"https:\/\/babylove.se\/no\/wp-content\/uploads\/sites\/3\/2025\/07\/5fae9157aa86b.png","contentUrl":"https:\/\/babylove.se\/no\/wp-content\/uploads\/sites\/3\/2025\/07\/5fae9157aa86b.png","width":750,"height":747},{"@type":"BreadcrumbList","@id":"https:\/\/babylove.se\/no\/produkt\/ng-baby-spjelseng-av-lin-med-volang-naturlig\/#breadcrumb","itemListElement":[{"@type":"ListItem","position":1,"name":"Hem","item":"https:\/\/babylove.se\/no\/"},{"@type":"ListItem","position":2,"name":"Butik","item":"https:\/\/babylove.se\/no\/butik\/"},{"@type":"ListItem","position":3,"name":"Ng Baby, Sengehest av lin med VOLANG, NATURAL"}]},{"@type":"WebSite","@id":"https:\/\/babylove.se\/no\/#website","url":"https:\/\/babylove.se\/no\/","name":"Babylove Norska","description":"","potentialAction":[{"@type":"SearchAction","target":{"@type":"EntryPoint","urlTemplate":"https:\/\/babylove.se\/no\/?s={search_term_string}"},"query-input":{"@type":"PropertyValueSpecification","valueRequired":true,"valueName":"search_term_string"}}],"inLanguage":"nb-NO"}]},"product_brand":"Ng Baby","og_availability":"out of stock","product_availability":"out of stock","product_retailer_item_id":"70340-023","product_condition":"new"},"_links":{"self":[{"href":"https:\/\/babylove.se\/no\/wp-json\/wp\/v2\/product\/20868","targetHints":{"allow":["GET"]}}],"collection":[{"href":"https:\/\/babylove.se\/no\/wp-json\/wp\/v2\/product"}],"about":[{"href":"https:\/\/babylove.se\/no\/wp-json\/wp\/v2\/types\/product"}],"replies":[{"embeddable":true,"href":"https:\/\/babylove.se\/no\/wp-json\/wp\/v2\/comments?post=20868"}],"wp:featuredmedia":[{"embeddable":true,"href":"https:\/\/babylove.se\/no\/wp-json\/wp\/v2\/media\/20870"}],"wp:attachment":[{"href":"https:\/\/babylove.se\/no\/wp-json\/wp\/v2\/media?parent=20868"}],"wp:term":[{"taxonomy":"product_brand","embeddable":true,"href":"https:\/\/babylove.se\/no\/wp-json\/wp\/v2\/product_brand?post=20868"},{"taxonomy":"product_cat","embeddable":true,"href":"https:\/\/babylove.se\/no\/wp-json\/wp\/v2\/product_cat?post=20868"},{"taxonomy":"product_tag","embeddable":true,"href":"https:\/\/babylove.se\/no\/wp-json\/wp\/v2\/product_tag?post=20868"}],"curies":[{"name":"wp","href":"https:\/\/api.w.org\/{rel}","templated":true}]}}