{"id":20880,"date":"2025-07-18T22:39:10","date_gmt":"2025-07-18T21:39:10","guid":{"rendered":"https:\/\/babylove.se\/produkt\/kids-concept-tra-klossar-tra-a\/"},"modified":"2026-04-08T09:42:40","modified_gmt":"2026-04-08T08:42:40","slug":"kids-concept-tre-klosser-tre-a","status":"publish","type":"product","link":"https:\/\/babylove.se\/no\/produkt\/kids-concept-tre-klosser-tre-a\/","title":{"rendered":"Kid&#8217;s Concept, tre klosser tre A-\u00d6"},"content":{"rendered":"<p>Disse fantastiske treklotsene fra Kids Concept er b\u00e5de t\u00f8ffe og morsomme \u00e5 leke med. Garantert masse glede og latter for barnet ditt samtidig som det utvikler og stimulerer kreativiteten sin.<\/p>\n<p>Den lille kan stable dem og bygge t\u00e5rn, telle dem og l\u00e6re seg bokstavene samtidig som de lager forskjellige ord. Bedre leket\u00f8y enn det er vanskelig \u00e5 finne! I tillegg er de sv\u00e6rt vakre, laget etter et \u00abold-school\u00bb tema og helt av solid b\u00f8ketre. &nbsp;<\/p>\n<p><strong>M\u00e5l<\/strong>: Totalt 17 klosser med bokstaver A-\u00d8 &nbsp;i en forpakning 22x22x6 cm. Anbefales for barn over ett \u00e5r.<\/p>\n<p>Designer: <a href=\"https:\/\/babylove.se\/varumarken\/kids-concept\"><u>Kids Concept<\/u><\/a><\/p>\n","protected":false},"excerpt":{"rendered":"<p>Disse fantastiske treklotsene fra Kids Concept er b\u00e5de t\u00f8ffe og morsomme \u00e5 leke med. Garantert masse glede og latter for barnet ditt samtidig som det utvikler og stimulerer kreativiteten sin. Den lille kan stable dem og bygge t\u00e5rn, telle dem og l\u00e6re seg bokstavene samtidig som de lager forskjellige ord. Bedre leket\u00f8y enn det er [&hellip;]<\/p>\n","protected":false},"featured_media":20882,"comment_status":"closed","ping_status":"open","template":"","meta":{"_acf_changed":false},"product_brand":[320],"product_cat":[321,68,247,112],"product_tag":[],"class_list":{"0":"post-20880","1":"product","2":"type-product","3":"status-publish","4":"has-post-thumbnail","6":"product_brand-kids-concept","7":"product_cat-kids-concept","8":"product_cat-leker","9":"product_cat-traklossar-barn","10":"product_cat-treleker","12":"first","13":"outofstock","14":"taxable","15":"shipping-taxable","16":"purchasable","17":"product-type-simple"},"acf":[],"yoast_head":"<!-- This site is optimized with the Yoast SEO Premium plugin v25.8 (Yoast SEO v27.2) - https:\/\/yoast.com\/product\/yoast-seo-premium-wordpress\/ -->\n<title>Kid&#039;s Concept, tre klosser tre A-\u00d6 - Babylove Norska<\/title>\n<meta name=\"robots\" content=\"noindex, follow, max-snippet:-1, max-image-preview:large, max-video-preview:-1\" \/>\n<meta property=\"og:locale\" content=\"nb_NO\" \/>\n<meta property=\"og:type\" content=\"article\" \/>\n<meta property=\"og:title\" content=\"Kid&#039;s Concept, tre klosser tre A-\u00d6\" \/>\n<meta property=\"og:description\" content=\"Disse fantastiske treklotsene fra Kids Concept er b\u00e5de t\u00f8ffe og morsomme \u00e5 leke med. Garantert masse glede og latter for barnet ditt samtidig som det utvikler og stimulerer kreativiteten sin. Den lille kan stable dem og bygge t\u00e5rn, telle dem og l\u00e6re seg bokstavene samtidig som de lager forskjellige ord. Bedre leket\u00f8y enn det er [&hellip;]\" \/>\n<meta property=\"og:url\" content=\"https:\/\/babylove.se\/no\/produkt\/kids-concept-tre-klosser-tre-a\/\" \/>\n<meta property=\"og:site_name\" content=\"Babylove Norska\" \/>\n<meta property=\"article:modified_time\" content=\"2026-04-08T08:42:40+00:00\" \/>\n<meta property=\"og:image\" content=\"https:\/\/babylove.se\/no\/wp-content\/uploads\/sites\/3\/2025\/07\/5fae94ba1ee02.png\" \/>\n\t<meta property=\"og:image:width\" content=\"750\" \/>\n\t<meta property=\"og:image:height\" content=\"479\" \/>\n\t<meta property=\"og:image:type\" content=\"image\/png\" \/>\n<meta name=\"twitter:card\" content=\"summary_large_image\" \/>\n<meta name=\"twitter:label1\" content=\"Price\" \/>\n\t<meta name=\"twitter:data1\" content=\"359,00&nbsp;&#107;&#114;\" \/>\n\t<meta name=\"twitter:label2\" content=\"Availability\" \/>\n\t<meta name=\"twitter:data2\" content=\"Out of stock\" \/>\n<script type=\"application\/ld+json\" class=\"yoast-schema-graph\">{\"@context\":\"https:\/\/schema.org\",\"@graph\":[{\"@type\":\"WebPage\",\"@id\":\"https:\/\/babylove.se\/no\/produkt\/kids-concept-tre-klosser-tre-a\/\",\"url\":\"https:\/\/babylove.se\/no\/produkt\/kids-concept-tre-klosser-tre-a\/\",\"name\":\"Kid's Concept, tre klosser tre A-\u00d6 - Babylove Norska\",\"isPartOf\":{\"@id\":\"https:\/\/babylove.se\/no\/#website\"},\"primaryImageOfPage\":{\"@id\":\"https:\/\/babylove.se\/no\/produkt\/kids-concept-tre-klosser-tre-a\/#primaryimage\"},\"image\":{\"@id\":\"https:\/\/babylove.se\/no\/produkt\/kids-concept-tre-klosser-tre-a\/#primaryimage\"},\"thumbnailUrl\":\"https:\/\/babylove.se\/no\/wp-content\/uploads\/sites\/3\/2025\/07\/5fae94ba1ee02.png\",\"datePublished\":\"2025-07-18T21:39:10+00:00\",\"dateModified\":\"2026-04-08T08:42:40+00:00\",\"breadcrumb\":{\"@id\":\"https:\/\/babylove.se\/no\/produkt\/kids-concept-tre-klosser-tre-a\/#breadcrumb\"},\"inLanguage\":\"nb-NO\",\"potentialAction\":[{\"@type\":\"ReadAction\",\"target\":[\"https:\/\/babylove.se\/no\/produkt\/kids-concept-tre-klosser-tre-a\/\"]}]},{\"@type\":\"ImageObject\",\"inLanguage\":\"nb-NO\",\"@id\":\"https:\/\/babylove.se\/no\/produkt\/kids-concept-tre-klosser-tre-a\/#primaryimage\",\"url\":\"https:\/\/babylove.se\/no\/wp-content\/uploads\/sites\/3\/2025\/07\/5fae94ba1ee02.png\",\"contentUrl\":\"https:\/\/babylove.se\/no\/wp-content\/uploads\/sites\/3\/2025\/07\/5fae94ba1ee02.png\",\"width\":750,\"height\":479},{\"@type\":\"BreadcrumbList\",\"@id\":\"https:\/\/babylove.se\/no\/produkt\/kids-concept-tre-klosser-tre-a\/#breadcrumb\",\"itemListElement\":[{\"@type\":\"ListItem\",\"position\":1,\"name\":\"Hem\",\"item\":\"https:\/\/babylove.se\/no\/\"},{\"@type\":\"ListItem\",\"position\":2,\"name\":\"Butik\",\"item\":\"https:\/\/babylove.se\/no\/butik\/\"},{\"@type\":\"ListItem\",\"position\":3,\"name\":\"Kid&#8217;s Concept, tre klosser tre A-\u00d6\"}]},{\"@type\":\"WebSite\",\"@id\":\"https:\/\/babylove.se\/no\/#website\",\"url\":\"https:\/\/babylove.se\/no\/\",\"name\":\"Babylove Norska\",\"description\":\"\",\"potentialAction\":[{\"@type\":\"SearchAction\",\"target\":{\"@type\":\"EntryPoint\",\"urlTemplate\":\"https:\/\/babylove.se\/no\/?s={search_term_string}\"},\"query-input\":{\"@type\":\"PropertyValueSpecification\",\"valueRequired\":true,\"valueName\":\"search_term_string\"}}],\"inLanguage\":\"nb-NO\"}]}<\/script>\n<meta property=\"product:brand\" content=\"Kids Concept\" \/>\n<meta property=\"product:price:amount\" content=\"359.00\" \/>\n<meta property=\"product:price:currency\" content=\"SEK\" \/>\n<meta property=\"og:availability\" content=\"out of stock\" \/>\n<meta property=\"product:availability\" content=\"out of stock\" \/>\n<meta property=\"product:retailer_item_id\" content=\"412775\" \/>\n<meta property=\"product:condition\" content=\"new\" \/>\n<!-- \/ Yoast SEO Premium plugin. -->","yoast_head_json":{"title":"Kid's Concept, tre klosser tre A-\u00d6 - Babylove Norska","robots":{"index":"noindex","follow":"follow","max-snippet":"max-snippet:-1","max-image-preview":"max-image-preview:large","max-video-preview":"max-video-preview:-1"},"og_locale":"nb_NO","og_type":"article","og_title":"Kid's Concept, tre klosser tre A-\u00d6","og_description":"Disse fantastiske treklotsene fra Kids Concept er b\u00e5de t\u00f8ffe og morsomme \u00e5 leke med. Garantert masse glede og latter for barnet ditt samtidig som det utvikler og stimulerer kreativiteten sin. Den lille kan stable dem og bygge t\u00e5rn, telle dem og l\u00e6re seg bokstavene samtidig som de lager forskjellige ord. Bedre leket\u00f8y enn det er [&hellip;]","og_url":"https:\/\/babylove.se\/no\/produkt\/kids-concept-tre-klosser-tre-a\/","og_site_name":"Babylove Norska","article_modified_time":"2026-04-08T08:42:40+00:00","og_image":[{"width":750,"height":479,"url":"https:\/\/babylove.se\/no\/wp-content\/uploads\/sites\/3\/2025\/07\/5fae94ba1ee02.png","type":"image\/png"}],"twitter_card":"summary_large_image","twitter_misc":{"Price":"359,00&nbsp;&#107;&#114;","Availability":"Out of stock"},"schema":{"@context":"https:\/\/schema.org","@graph":[{"@type":"WebPage","@id":"https:\/\/babylove.se\/no\/produkt\/kids-concept-tre-klosser-tre-a\/","url":"https:\/\/babylove.se\/no\/produkt\/kids-concept-tre-klosser-tre-a\/","name":"Kid's Concept, tre klosser tre A-\u00d6 - Babylove Norska","isPartOf":{"@id":"https:\/\/babylove.se\/no\/#website"},"primaryImageOfPage":{"@id":"https:\/\/babylove.se\/no\/produkt\/kids-concept-tre-klosser-tre-a\/#primaryimage"},"image":{"@id":"https:\/\/babylove.se\/no\/produkt\/kids-concept-tre-klosser-tre-a\/#primaryimage"},"thumbnailUrl":"https:\/\/babylove.se\/no\/wp-content\/uploads\/sites\/3\/2025\/07\/5fae94ba1ee02.png","datePublished":"2025-07-18T21:39:10+00:00","dateModified":"2026-04-08T08:42:40+00:00","breadcrumb":{"@id":"https:\/\/babylove.se\/no\/produkt\/kids-concept-tre-klosser-tre-a\/#breadcrumb"},"inLanguage":"nb-NO","potentialAction":[{"@type":"ReadAction","target":["https:\/\/babylove.se\/no\/produkt\/kids-concept-tre-klosser-tre-a\/"]}]},{"@type":"ImageObject","inLanguage":"nb-NO","@id":"https:\/\/babylove.se\/no\/produkt\/kids-concept-tre-klosser-tre-a\/#primaryimage","url":"https:\/\/babylove.se\/no\/wp-content\/uploads\/sites\/3\/2025\/07\/5fae94ba1ee02.png","contentUrl":"https:\/\/babylove.se\/no\/wp-content\/uploads\/sites\/3\/2025\/07\/5fae94ba1ee02.png","width":750,"height":479},{"@type":"BreadcrumbList","@id":"https:\/\/babylove.se\/no\/produkt\/kids-concept-tre-klosser-tre-a\/#breadcrumb","itemListElement":[{"@type":"ListItem","position":1,"name":"Hem","item":"https:\/\/babylove.se\/no\/"},{"@type":"ListItem","position":2,"name":"Butik","item":"https:\/\/babylove.se\/no\/butik\/"},{"@type":"ListItem","position":3,"name":"Kid&#8217;s Concept, tre klosser tre A-\u00d6"}]},{"@type":"WebSite","@id":"https:\/\/babylove.se\/no\/#website","url":"https:\/\/babylove.se\/no\/","name":"Babylove Norska","description":"","potentialAction":[{"@type":"SearchAction","target":{"@type":"EntryPoint","urlTemplate":"https:\/\/babylove.se\/no\/?s={search_term_string}"},"query-input":{"@type":"PropertyValueSpecification","valueRequired":true,"valueName":"search_term_string"}}],"inLanguage":"nb-NO"}]},"product_brand":"Kids Concept","product_price_amount":"359.00","product_price_currency":"SEK","og_availability":"out of stock","product_availability":"out of stock","product_retailer_item_id":"412775","product_condition":"new"},"_links":{"self":[{"href":"https:\/\/babylove.se\/no\/wp-json\/wp\/v2\/product\/20880","targetHints":{"allow":["GET"]}}],"collection":[{"href":"https:\/\/babylove.se\/no\/wp-json\/wp\/v2\/product"}],"about":[{"href":"https:\/\/babylove.se\/no\/wp-json\/wp\/v2\/types\/product"}],"replies":[{"embeddable":true,"href":"https:\/\/babylove.se\/no\/wp-json\/wp\/v2\/comments?post=20880"}],"wp:featuredmedia":[{"embeddable":true,"href":"https:\/\/babylove.se\/no\/wp-json\/wp\/v2\/media\/20882"}],"wp:attachment":[{"href":"https:\/\/babylove.se\/no\/wp-json\/wp\/v2\/media?parent=20880"}],"wp:term":[{"taxonomy":"product_brand","embeddable":true,"href":"https:\/\/babylove.se\/no\/wp-json\/wp\/v2\/product_brand?post=20880"},{"taxonomy":"product_cat","embeddable":true,"href":"https:\/\/babylove.se\/no\/wp-json\/wp\/v2\/product_cat?post=20880"},{"taxonomy":"product_tag","embeddable":true,"href":"https:\/\/babylove.se\/no\/wp-json\/wp\/v2\/product_tag?post=20880"}],"curies":[{"name":"wp","href":"https:\/\/api.w.org\/{rel}","templated":true}]}}