{"id":2089,"date":"2025-07-18T20:06:06","date_gmt":"2025-07-18T19:06:06","guid":{"rendered":"https:\/\/babylove.se\/produkt\/bilmatta-adventure-rug-matta-bilbana-oyoy\/"},"modified":"2026-04-08T07:48:07","modified_gmt":"2026-04-08T06:48:07","slug":"bilmatte-adventure-rug-matte-bilbane-oyoy","status":"publish","type":"product","link":"https:\/\/babylove.se\/no\/produkt\/bilmatte-adventure-rug-matte-bilbane-oyoy\/","title":{"rendered":"Bilmatte Adventure Rug, Matte Bilbane, OYOY"},"content":{"rendered":"<p>Denne fantastiske bilbanmatta<strong>&nbsp;<\/strong>er en storselger over hele verden. Utvalget av bilmatter er stort, men sjelden har man lyktes med \u00e5 kombinere dette med en vakker design. Denne bilmatta er den ultimate n\u00e5r det handler om \u00e5 innrede barnerommet. Bilmatta, med navnet Adventure Rug, er sort-hvit og inneholder en kul bilbane som slynger seg gjennom hele matta. Alt for at barnet skal kunne leke lenge med denne. Bilmatta er b\u00e5de pen og leken og laget i et kraftigere stoff som gj\u00f8r at matta ikke flytter seg n\u00e5r den ligger p\u00e5 gulvet.&nbsp;<\/p>\n<p><strong>M\u00e5l<\/strong>: 180 x 70 cm.&nbsp;<\/p>\n<p><strong>Materiale<\/strong>: 100 % bomull, matta er vevd og trykket er gjort for h\u00e5nd.&nbsp;<\/p>\n<p>Kan ikke vaskes, men i stedet t\u00f8rkes av med en lett fuktig klut.<\/p>\n","protected":false},"excerpt":{"rendered":"<p>Denne fantastiske bilbanmatta&nbsp;er en storselger over hele verden. Utvalget av bilmatter er stort, men sjelden har man lyktes med \u00e5 kombinere dette med en vakker design. Denne bilmatta er den ultimate n\u00e5r det handler om \u00e5 innrede barnerommet. Bilmatta, med navnet Adventure Rug, er sort-hvit og inneholder en kul bilbane som slynger seg gjennom hele [&hellip;]<\/p>\n","protected":false},"featured_media":2091,"comment_status":"closed","ping_status":"open","template":"","meta":{"_acf_changed":false},"product_brand":[129],"product_cat":[28,137,26,25,52,130,135],"product_tag":[],"class_list":{"0":"post-2089","1":"product","2":"type-product","3":"status-publish","4":"has-post-thumbnail","6":"product_brand-oyoy","7":"product_cat-sorthvit","8":"product_cat-bilverden","9":"product_cat-kjop-produkter-som-ikke-bare-er-for-gutter","10":"product_cat-ikke-bare-jenter","11":"product_cat-lekematter","12":"product_cat-oyoy","13":"product_cat-tepper","15":"first","16":"outofstock","17":"taxable","18":"shipping-taxable","19":"purchasable","20":"product-type-simple"},"acf":[],"yoast_head":"<!-- This site is optimized with the Yoast SEO Premium plugin v25.8 (Yoast SEO v27.2) - https:\/\/yoast.com\/product\/yoast-seo-premium-wordpress\/ -->\n<title>Bilmatte Adventure Rug, Matte Bilbane, OYOY - Babylove Norska<\/title>\n<meta name=\"robots\" content=\"noindex, follow, max-snippet:-1, max-image-preview:large, max-video-preview:-1\" \/>\n<meta property=\"og:locale\" content=\"nb_NO\" \/>\n<meta property=\"og:type\" content=\"article\" \/>\n<meta property=\"og:title\" content=\"Bilmatte Adventure Rug, Matte Bilbane, OYOY\" \/>\n<meta property=\"og:description\" content=\"Denne fantastiske bilbanmatta&nbsp;er en storselger over hele verden. Utvalget av bilmatter er stort, men sjelden har man lyktes med \u00e5 kombinere dette med en vakker design. Denne bilmatta er den ultimate n\u00e5r det handler om \u00e5 innrede barnerommet. Bilmatta, med navnet Adventure Rug, er sort-hvit og inneholder en kul bilbane som slynger seg gjennom hele [&hellip;]\" \/>\n<meta property=\"og:url\" content=\"https:\/\/babylove.se\/no\/produkt\/bilmatte-adventure-rug-matte-bilbane-oyoy\/\" \/>\n<meta property=\"og:site_name\" content=\"Babylove Norska\" \/>\n<meta property=\"article:modified_time\" content=\"2026-04-08T06:48:07+00:00\" \/>\n<meta property=\"og:image\" content=\"https:\/\/babylove.se\/no\/wp-content\/uploads\/sites\/3\/2025\/07\/58753125896f1.gif\" \/>\n\t<meta property=\"og:image:width\" content=\"750\" \/>\n\t<meta property=\"og:image:height\" content=\"750\" \/>\n\t<meta property=\"og:image:type\" content=\"image\/gif\" \/>\n<meta name=\"twitter:card\" content=\"summary_large_image\" \/>\n<meta name=\"twitter:label1\" content=\"Price\" \/>\n\t<meta name=\"twitter:data1\" content=\"499,00&nbsp;&#107;&#114;\" \/>\n\t<meta name=\"twitter:label2\" content=\"Availability\" \/>\n\t<meta name=\"twitter:data2\" content=\"Out of stock\" \/>\n<script type=\"application\/ld+json\" class=\"yoast-schema-graph\">{\"@context\":\"https:\/\/schema.org\",\"@graph\":[{\"@type\":\"WebPage\",\"@id\":\"https:\/\/babylove.se\/no\/produkt\/bilmatte-adventure-rug-matte-bilbane-oyoy\/\",\"url\":\"https:\/\/babylove.se\/no\/produkt\/bilmatte-adventure-rug-matte-bilbane-oyoy\/\",\"name\":\"Bilmatte Adventure Rug, Matte Bilbane, OYOY - Babylove Norska\",\"isPartOf\":{\"@id\":\"https:\/\/babylove.se\/no\/#website\"},\"primaryImageOfPage\":{\"@id\":\"https:\/\/babylove.se\/no\/produkt\/bilmatte-adventure-rug-matte-bilbane-oyoy\/#primaryimage\"},\"image\":{\"@id\":\"https:\/\/babylove.se\/no\/produkt\/bilmatte-adventure-rug-matte-bilbane-oyoy\/#primaryimage\"},\"thumbnailUrl\":\"https:\/\/babylove.se\/no\/wp-content\/uploads\/sites\/3\/2025\/07\/58753125896f1.gif\",\"datePublished\":\"2025-07-18T19:06:06+00:00\",\"dateModified\":\"2026-04-08T06:48:07+00:00\",\"breadcrumb\":{\"@id\":\"https:\/\/babylove.se\/no\/produkt\/bilmatte-adventure-rug-matte-bilbane-oyoy\/#breadcrumb\"},\"inLanguage\":\"nb-NO\",\"potentialAction\":[{\"@type\":\"ReadAction\",\"target\":[\"https:\/\/babylove.se\/no\/produkt\/bilmatte-adventure-rug-matte-bilbane-oyoy\/\"]}]},{\"@type\":\"ImageObject\",\"inLanguage\":\"nb-NO\",\"@id\":\"https:\/\/babylove.se\/no\/produkt\/bilmatte-adventure-rug-matte-bilbane-oyoy\/#primaryimage\",\"url\":\"https:\/\/babylove.se\/no\/wp-content\/uploads\/sites\/3\/2025\/07\/58753125896f1.gif\",\"contentUrl\":\"https:\/\/babylove.se\/no\/wp-content\/uploads\/sites\/3\/2025\/07\/58753125896f1.gif\",\"width\":750,\"height\":750},{\"@type\":\"BreadcrumbList\",\"@id\":\"https:\/\/babylove.se\/no\/produkt\/bilmatte-adventure-rug-matte-bilbane-oyoy\/#breadcrumb\",\"itemListElement\":[{\"@type\":\"ListItem\",\"position\":1,\"name\":\"Hem\",\"item\":\"https:\/\/babylove.se\/no\/\"},{\"@type\":\"ListItem\",\"position\":2,\"name\":\"Butik\",\"item\":\"https:\/\/babylove.se\/no\/butik\/\"},{\"@type\":\"ListItem\",\"position\":3,\"name\":\"Bilmatte Adventure Rug, Matte Bilbane, OYOY\"}]},{\"@type\":\"WebSite\",\"@id\":\"https:\/\/babylove.se\/no\/#website\",\"url\":\"https:\/\/babylove.se\/no\/\",\"name\":\"Babylove Norska\",\"description\":\"\",\"potentialAction\":[{\"@type\":\"SearchAction\",\"target\":{\"@type\":\"EntryPoint\",\"urlTemplate\":\"https:\/\/babylove.se\/no\/?s={search_term_string}\"},\"query-input\":{\"@type\":\"PropertyValueSpecification\",\"valueRequired\":true,\"valueName\":\"search_term_string\"}}],\"inLanguage\":\"nb-NO\"}]}<\/script>\n<meta property=\"product:brand\" content=\"Oyoy\" \/>\n<meta property=\"product:price:amount\" content=\"499.00\" \/>\n<meta property=\"product:price:currency\" content=\"SEK\" \/>\n<meta property=\"og:availability\" content=\"out of stock\" \/>\n<meta property=\"product:availability\" content=\"out of stock\" \/>\n<meta property=\"product:retailer_item_id\" content=\"1100501\" \/>\n<meta property=\"product:condition\" content=\"new\" \/>\n<!-- \/ Yoast SEO Premium plugin. -->","yoast_head_json":{"title":"Bilmatte Adventure Rug, Matte Bilbane, OYOY - Babylove Norska","robots":{"index":"noindex","follow":"follow","max-snippet":"max-snippet:-1","max-image-preview":"max-image-preview:large","max-video-preview":"max-video-preview:-1"},"og_locale":"nb_NO","og_type":"article","og_title":"Bilmatte Adventure Rug, Matte Bilbane, OYOY","og_description":"Denne fantastiske bilbanmatta&nbsp;er en storselger over hele verden. Utvalget av bilmatter er stort, men sjelden har man lyktes med \u00e5 kombinere dette med en vakker design. Denne bilmatta er den ultimate n\u00e5r det handler om \u00e5 innrede barnerommet. Bilmatta, med navnet Adventure Rug, er sort-hvit og inneholder en kul bilbane som slynger seg gjennom hele [&hellip;]","og_url":"https:\/\/babylove.se\/no\/produkt\/bilmatte-adventure-rug-matte-bilbane-oyoy\/","og_site_name":"Babylove Norska","article_modified_time":"2026-04-08T06:48:07+00:00","og_image":[{"width":750,"height":750,"url":"https:\/\/babylove.se\/no\/wp-content\/uploads\/sites\/3\/2025\/07\/58753125896f1.gif","type":"image\/gif"}],"twitter_card":"summary_large_image","twitter_misc":{"Price":"499,00&nbsp;&#107;&#114;","Availability":"Out of stock"},"schema":{"@context":"https:\/\/schema.org","@graph":[{"@type":"WebPage","@id":"https:\/\/babylove.se\/no\/produkt\/bilmatte-adventure-rug-matte-bilbane-oyoy\/","url":"https:\/\/babylove.se\/no\/produkt\/bilmatte-adventure-rug-matte-bilbane-oyoy\/","name":"Bilmatte Adventure Rug, Matte Bilbane, OYOY - Babylove Norska","isPartOf":{"@id":"https:\/\/babylove.se\/no\/#website"},"primaryImageOfPage":{"@id":"https:\/\/babylove.se\/no\/produkt\/bilmatte-adventure-rug-matte-bilbane-oyoy\/#primaryimage"},"image":{"@id":"https:\/\/babylove.se\/no\/produkt\/bilmatte-adventure-rug-matte-bilbane-oyoy\/#primaryimage"},"thumbnailUrl":"https:\/\/babylove.se\/no\/wp-content\/uploads\/sites\/3\/2025\/07\/58753125896f1.gif","datePublished":"2025-07-18T19:06:06+00:00","dateModified":"2026-04-08T06:48:07+00:00","breadcrumb":{"@id":"https:\/\/babylove.se\/no\/produkt\/bilmatte-adventure-rug-matte-bilbane-oyoy\/#breadcrumb"},"inLanguage":"nb-NO","potentialAction":[{"@type":"ReadAction","target":["https:\/\/babylove.se\/no\/produkt\/bilmatte-adventure-rug-matte-bilbane-oyoy\/"]}]},{"@type":"ImageObject","inLanguage":"nb-NO","@id":"https:\/\/babylove.se\/no\/produkt\/bilmatte-adventure-rug-matte-bilbane-oyoy\/#primaryimage","url":"https:\/\/babylove.se\/no\/wp-content\/uploads\/sites\/3\/2025\/07\/58753125896f1.gif","contentUrl":"https:\/\/babylove.se\/no\/wp-content\/uploads\/sites\/3\/2025\/07\/58753125896f1.gif","width":750,"height":750},{"@type":"BreadcrumbList","@id":"https:\/\/babylove.se\/no\/produkt\/bilmatte-adventure-rug-matte-bilbane-oyoy\/#breadcrumb","itemListElement":[{"@type":"ListItem","position":1,"name":"Hem","item":"https:\/\/babylove.se\/no\/"},{"@type":"ListItem","position":2,"name":"Butik","item":"https:\/\/babylove.se\/no\/butik\/"},{"@type":"ListItem","position":3,"name":"Bilmatte Adventure Rug, Matte Bilbane, OYOY"}]},{"@type":"WebSite","@id":"https:\/\/babylove.se\/no\/#website","url":"https:\/\/babylove.se\/no\/","name":"Babylove Norska","description":"","potentialAction":[{"@type":"SearchAction","target":{"@type":"EntryPoint","urlTemplate":"https:\/\/babylove.se\/no\/?s={search_term_string}"},"query-input":{"@type":"PropertyValueSpecification","valueRequired":true,"valueName":"search_term_string"}}],"inLanguage":"nb-NO"}]},"product_brand":"Oyoy","product_price_amount":"499.00","product_price_currency":"SEK","og_availability":"out of stock","product_availability":"out of stock","product_retailer_item_id":"1100501","product_condition":"new"},"_links":{"self":[{"href":"https:\/\/babylove.se\/no\/wp-json\/wp\/v2\/product\/2089","targetHints":{"allow":["GET"]}}],"collection":[{"href":"https:\/\/babylove.se\/no\/wp-json\/wp\/v2\/product"}],"about":[{"href":"https:\/\/babylove.se\/no\/wp-json\/wp\/v2\/types\/product"}],"replies":[{"embeddable":true,"href":"https:\/\/babylove.se\/no\/wp-json\/wp\/v2\/comments?post=2089"}],"wp:featuredmedia":[{"embeddable":true,"href":"https:\/\/babylove.se\/no\/wp-json\/wp\/v2\/media\/2091"}],"wp:attachment":[{"href":"https:\/\/babylove.se\/no\/wp-json\/wp\/v2\/media?parent=2089"}],"wp:term":[{"taxonomy":"product_brand","embeddable":true,"href":"https:\/\/babylove.se\/no\/wp-json\/wp\/v2\/product_brand?post=2089"},{"taxonomy":"product_cat","embeddable":true,"href":"https:\/\/babylove.se\/no\/wp-json\/wp\/v2\/product_cat?post=2089"},{"taxonomy":"product_tag","embeddable":true,"href":"https:\/\/babylove.se\/no\/wp-json\/wp\/v2\/product_tag?post=2089"}],"curies":[{"name":"wp","href":"https:\/\/api.w.org\/{rel}","templated":true}]}}