{"id":20920,"date":"2025-07-18T22:39:38","date_gmt":"2025-07-18T21:39:38","guid":{"rendered":"https:\/\/babylove.se\/produkt\/jollein-snuttefilt-leopard-natural-3-pack\/"},"modified":"2026-04-08T09:43:04","modified_gmt":"2026-04-08T08:43:04","slug":"jollein-koseklut-leopard-natural-3-pack","status":"publish","type":"product","link":"https:\/\/babylove.se\/no\/produkt\/jollein-koseklut-leopard-natural-3-pack\/","title":{"rendered":"Jollein, koseklut leopard natural, 3-pack"},"content":{"rendered":"<p>Oppskriften p\u00e5 det perfekte kosekluttet? Ved \u00e5 kombinere myk bomullsfiber og fint m\u00f8nster skaper man det optimale kosekluttet. Fargene er barnesikre og kluttet er deilig koselig \u00e5 ha n\u00e6r seg. B\u00e5de barnet og foreldrene vil elske disse magiske koseklutte. <\/p>\n<p>Materiale: 100 % bomull <\/p>\n<p>M\u00e5l: 31&#215;31 centimeter. Kommer i sett p\u00e5 tre koseklut. <\/p>\n<p>T\u00e5ler maskinvask i opptil 40 grader. <\/p>\n<p>Designer: <a href=\"https:\/\/babylove.se\/varumarken\/jollein\">Jollein<\/a><\/p>\n","protected":false},"excerpt":{"rendered":"<p>Oppskriften p\u00e5 det perfekte kosekluttet? Ved \u00e5 kombinere myk bomullsfiber og fint m\u00f8nster skaper man det optimale kosekluttet. Fargene er barnesikre og kluttet er deilig koselig \u00e5 ha n\u00e6r seg. B\u00e5de barnet og foreldrene vil elske disse magiske koseklutte. Materiale: 100 % bomull M\u00e5l: 31&#215;31 centimeter. Kommer i sett p\u00e5 tre koseklut. T\u00e5ler maskinvask i [&hellip;]<\/p>\n","protected":false},"featured_media":20922,"comment_status":"closed","ping_status":"closed","template":"","meta":{"_acf_changed":false},"product_brand":[810],"product_cat":[42,811,49,294],"product_tag":[],"class_list":{"0":"post-20920","1":"product","2":"type-product","3":"status-publish","4":"has-post-thumbnail","6":"product_brand-jollein","7":"product_cat-babyteppe","8":"product_cat-jollein","9":"product_cat-snutetepper","10":"product_cat-vaskekluter","12":"first","13":"outofstock","14":"taxable","15":"shipping-taxable","16":"purchasable","17":"product-type-simple"},"acf":[],"yoast_head":"<!-- This site is optimized with the Yoast SEO Premium plugin v25.8 (Yoast SEO v27.2) - https:\/\/yoast.com\/product\/yoast-seo-premium-wordpress\/ -->\n<title>Jollein, koseklut leopard natural, 3-pack - Babylove Norska<\/title>\n<meta name=\"robots\" content=\"noindex, follow, max-snippet:-1, max-image-preview:large, max-video-preview:-1\" \/>\n<meta property=\"og:locale\" content=\"nb_NO\" \/>\n<meta property=\"og:type\" content=\"article\" \/>\n<meta property=\"og:title\" content=\"Jollein, koseklut leopard natural, 3-pack\" \/>\n<meta property=\"og:description\" content=\"Oppskriften p\u00e5 det perfekte kosekluttet? Ved \u00e5 kombinere myk bomullsfiber og fint m\u00f8nster skaper man det optimale kosekluttet. Fargene er barnesikre og kluttet er deilig koselig \u00e5 ha n\u00e6r seg. B\u00e5de barnet og foreldrene vil elske disse magiske koseklutte. Materiale: 100 % bomull M\u00e5l: 31&#215;31 centimeter. Kommer i sett p\u00e5 tre koseklut. T\u00e5ler maskinvask i [&hellip;]\" \/>\n<meta property=\"og:url\" content=\"https:\/\/babylove.se\/no\/produkt\/jollein-koseklut-leopard-natural-3-pack\/\" \/>\n<meta property=\"og:site_name\" content=\"Babylove Norska\" \/>\n<meta property=\"article:modified_time\" content=\"2026-04-08T08:43:04+00:00\" \/>\n<meta property=\"og:image\" content=\"https:\/\/babylove.se\/no\/wp-content\/uploads\/sites\/3\/2025\/07\/5fb28d7d2ee2a.jpeg\" \/>\n\t<meta property=\"og:image:width\" content=\"640\" \/>\n\t<meta property=\"og:image:height\" content=\"640\" \/>\n\t<meta property=\"og:image:type\" content=\"image\/jpeg\" \/>\n<meta name=\"twitter:card\" content=\"summary_large_image\" \/>\n<meta name=\"twitter:label1\" content=\"Price\" \/>\n\t<meta name=\"twitter:data1\" content=\"89,00&nbsp;&#107;&#114;\" \/>\n\t<meta name=\"twitter:label2\" content=\"Availability\" \/>\n\t<meta name=\"twitter:data2\" content=\"Out of stock\" \/>\n<script type=\"application\/ld+json\" class=\"yoast-schema-graph\">{\"@context\":\"https:\/\/schema.org\",\"@graph\":[{\"@type\":\"WebPage\",\"@id\":\"https:\/\/babylove.se\/no\/produkt\/jollein-koseklut-leopard-natural-3-pack\/\",\"url\":\"https:\/\/babylove.se\/no\/produkt\/jollein-koseklut-leopard-natural-3-pack\/\",\"name\":\"Jollein, koseklut leopard natural, 3-pack - Babylove Norska\",\"isPartOf\":{\"@id\":\"https:\/\/babylove.se\/no\/#website\"},\"primaryImageOfPage\":{\"@id\":\"https:\/\/babylove.se\/no\/produkt\/jollein-koseklut-leopard-natural-3-pack\/#primaryimage\"},\"image\":{\"@id\":\"https:\/\/babylove.se\/no\/produkt\/jollein-koseklut-leopard-natural-3-pack\/#primaryimage\"},\"thumbnailUrl\":\"https:\/\/babylove.se\/no\/wp-content\/uploads\/sites\/3\/2025\/07\/5fb28d7d2ee2a.jpeg\",\"datePublished\":\"2025-07-18T21:39:38+00:00\",\"dateModified\":\"2026-04-08T08:43:04+00:00\",\"breadcrumb\":{\"@id\":\"https:\/\/babylove.se\/no\/produkt\/jollein-koseklut-leopard-natural-3-pack\/#breadcrumb\"},\"inLanguage\":\"nb-NO\",\"potentialAction\":[{\"@type\":\"ReadAction\",\"target\":[\"https:\/\/babylove.se\/no\/produkt\/jollein-koseklut-leopard-natural-3-pack\/\"]}]},{\"@type\":\"ImageObject\",\"inLanguage\":\"nb-NO\",\"@id\":\"https:\/\/babylove.se\/no\/produkt\/jollein-koseklut-leopard-natural-3-pack\/#primaryimage\",\"url\":\"https:\/\/babylove.se\/no\/wp-content\/uploads\/sites\/3\/2025\/07\/5fb28d7d2ee2a.jpeg\",\"contentUrl\":\"https:\/\/babylove.se\/no\/wp-content\/uploads\/sites\/3\/2025\/07\/5fb28d7d2ee2a.jpeg\",\"width\":640,\"height\":640},{\"@type\":\"BreadcrumbList\",\"@id\":\"https:\/\/babylove.se\/no\/produkt\/jollein-koseklut-leopard-natural-3-pack\/#breadcrumb\",\"itemListElement\":[{\"@type\":\"ListItem\",\"position\":1,\"name\":\"Hem\",\"item\":\"https:\/\/babylove.se\/no\/\"},{\"@type\":\"ListItem\",\"position\":2,\"name\":\"Butik\",\"item\":\"https:\/\/babylove.se\/no\/butik\/\"},{\"@type\":\"ListItem\",\"position\":3,\"name\":\"Jollein, koseklut leopard natural, 3-pack\"}]},{\"@type\":\"WebSite\",\"@id\":\"https:\/\/babylove.se\/no\/#website\",\"url\":\"https:\/\/babylove.se\/no\/\",\"name\":\"Babylove Norska\",\"description\":\"\",\"potentialAction\":[{\"@type\":\"SearchAction\",\"target\":{\"@type\":\"EntryPoint\",\"urlTemplate\":\"https:\/\/babylove.se\/no\/?s={search_term_string}\"},\"query-input\":{\"@type\":\"PropertyValueSpecification\",\"valueRequired\":true,\"valueName\":\"search_term_string\"}}],\"inLanguage\":\"nb-NO\"}]}<\/script>\n<meta property=\"product:brand\" content=\"Jollein\" \/>\n<meta property=\"product:price:amount\" content=\"89.00\" \/>\n<meta property=\"product:price:currency\" content=\"SEK\" \/>\n<meta property=\"og:availability\" content=\"out of stock\" \/>\n<meta property=\"product:availability\" content=\"out of stock\" \/>\n<meta property=\"product:retailer_item_id\" content=\"537-848-65297\" \/>\n<meta property=\"product:condition\" content=\"new\" \/>\n<!-- \/ Yoast SEO Premium plugin. -->","yoast_head_json":{"title":"Jollein, koseklut leopard natural, 3-pack - Babylove Norska","robots":{"index":"noindex","follow":"follow","max-snippet":"max-snippet:-1","max-image-preview":"max-image-preview:large","max-video-preview":"max-video-preview:-1"},"og_locale":"nb_NO","og_type":"article","og_title":"Jollein, koseklut leopard natural, 3-pack","og_description":"Oppskriften p\u00e5 det perfekte kosekluttet? Ved \u00e5 kombinere myk bomullsfiber og fint m\u00f8nster skaper man det optimale kosekluttet. Fargene er barnesikre og kluttet er deilig koselig \u00e5 ha n\u00e6r seg. B\u00e5de barnet og foreldrene vil elske disse magiske koseklutte. Materiale: 100 % bomull M\u00e5l: 31&#215;31 centimeter. Kommer i sett p\u00e5 tre koseklut. T\u00e5ler maskinvask i [&hellip;]","og_url":"https:\/\/babylove.se\/no\/produkt\/jollein-koseklut-leopard-natural-3-pack\/","og_site_name":"Babylove Norska","article_modified_time":"2026-04-08T08:43:04+00:00","og_image":[{"width":640,"height":640,"url":"https:\/\/babylove.se\/no\/wp-content\/uploads\/sites\/3\/2025\/07\/5fb28d7d2ee2a.jpeg","type":"image\/jpeg"}],"twitter_card":"summary_large_image","twitter_misc":{"Price":"89,00&nbsp;&#107;&#114;","Availability":"Out of stock"},"schema":{"@context":"https:\/\/schema.org","@graph":[{"@type":"WebPage","@id":"https:\/\/babylove.se\/no\/produkt\/jollein-koseklut-leopard-natural-3-pack\/","url":"https:\/\/babylove.se\/no\/produkt\/jollein-koseklut-leopard-natural-3-pack\/","name":"Jollein, koseklut leopard natural, 3-pack - Babylove Norska","isPartOf":{"@id":"https:\/\/babylove.se\/no\/#website"},"primaryImageOfPage":{"@id":"https:\/\/babylove.se\/no\/produkt\/jollein-koseklut-leopard-natural-3-pack\/#primaryimage"},"image":{"@id":"https:\/\/babylove.se\/no\/produkt\/jollein-koseklut-leopard-natural-3-pack\/#primaryimage"},"thumbnailUrl":"https:\/\/babylove.se\/no\/wp-content\/uploads\/sites\/3\/2025\/07\/5fb28d7d2ee2a.jpeg","datePublished":"2025-07-18T21:39:38+00:00","dateModified":"2026-04-08T08:43:04+00:00","breadcrumb":{"@id":"https:\/\/babylove.se\/no\/produkt\/jollein-koseklut-leopard-natural-3-pack\/#breadcrumb"},"inLanguage":"nb-NO","potentialAction":[{"@type":"ReadAction","target":["https:\/\/babylove.se\/no\/produkt\/jollein-koseklut-leopard-natural-3-pack\/"]}]},{"@type":"ImageObject","inLanguage":"nb-NO","@id":"https:\/\/babylove.se\/no\/produkt\/jollein-koseklut-leopard-natural-3-pack\/#primaryimage","url":"https:\/\/babylove.se\/no\/wp-content\/uploads\/sites\/3\/2025\/07\/5fb28d7d2ee2a.jpeg","contentUrl":"https:\/\/babylove.se\/no\/wp-content\/uploads\/sites\/3\/2025\/07\/5fb28d7d2ee2a.jpeg","width":640,"height":640},{"@type":"BreadcrumbList","@id":"https:\/\/babylove.se\/no\/produkt\/jollein-koseklut-leopard-natural-3-pack\/#breadcrumb","itemListElement":[{"@type":"ListItem","position":1,"name":"Hem","item":"https:\/\/babylove.se\/no\/"},{"@type":"ListItem","position":2,"name":"Butik","item":"https:\/\/babylove.se\/no\/butik\/"},{"@type":"ListItem","position":3,"name":"Jollein, koseklut leopard natural, 3-pack"}]},{"@type":"WebSite","@id":"https:\/\/babylove.se\/no\/#website","url":"https:\/\/babylove.se\/no\/","name":"Babylove Norska","description":"","potentialAction":[{"@type":"SearchAction","target":{"@type":"EntryPoint","urlTemplate":"https:\/\/babylove.se\/no\/?s={search_term_string}"},"query-input":{"@type":"PropertyValueSpecification","valueRequired":true,"valueName":"search_term_string"}}],"inLanguage":"nb-NO"}]},"product_brand":"Jollein","product_price_amount":"89.00","product_price_currency":"SEK","og_availability":"out of stock","product_availability":"out of stock","product_retailer_item_id":"537-848-65297","product_condition":"new"},"_links":{"self":[{"href":"https:\/\/babylove.se\/no\/wp-json\/wp\/v2\/product\/20920","targetHints":{"allow":["GET"]}}],"collection":[{"href":"https:\/\/babylove.se\/no\/wp-json\/wp\/v2\/product"}],"about":[{"href":"https:\/\/babylove.se\/no\/wp-json\/wp\/v2\/types\/product"}],"replies":[{"embeddable":true,"href":"https:\/\/babylove.se\/no\/wp-json\/wp\/v2\/comments?post=20920"}],"wp:featuredmedia":[{"embeddable":true,"href":"https:\/\/babylove.se\/no\/wp-json\/wp\/v2\/media\/20922"}],"wp:attachment":[{"href":"https:\/\/babylove.se\/no\/wp-json\/wp\/v2\/media?parent=20920"}],"wp:term":[{"taxonomy":"product_brand","embeddable":true,"href":"https:\/\/babylove.se\/no\/wp-json\/wp\/v2\/product_brand?post=20920"},{"taxonomy":"product_cat","embeddable":true,"href":"https:\/\/babylove.se\/no\/wp-json\/wp\/v2\/product_cat?post=20920"},{"taxonomy":"product_tag","embeddable":true,"href":"https:\/\/babylove.se\/no\/wp-json\/wp\/v2\/product_tag?post=20920"}],"curies":[{"name":"wp","href":"https:\/\/api.w.org\/{rel}","templated":true}]}}