{"id":20924,"date":"2025-07-18T22:39:38","date_gmt":"2025-07-18T21:39:38","guid":{"rendered":"https:\/\/babylove.se\/produkt\/sebra-dubbelsidig-vimpel-pinkblue\/"},"modified":"2026-04-08T09:43:07","modified_gmt":"2026-04-08T08:43:07","slug":"sebra-dobbeltsidig-vimpel-pinkblue","status":"publish","type":"product","link":"https:\/\/babylove.se\/no\/produkt\/sebra-dobbeltsidig-vimpel-pinkblue\/","title":{"rendered":"Sebra, Dobbelsidig Vimpel Rosa\/Bl\u00e5"},"content":{"rendered":"<p>Dobbeltsidig vimpel av bomull fra danske Sebra. Denne vakre vimpelrekken med bed\u00e5rende stoffvimpler er den perfekte detaljen for ditt barneroms innredning.&nbsp;<\/p>\n<p>Totalt inneholder den 8 stykker vimpler av stoff og er hele 2,5 meter lang. Denne vimpelen passer p\u00e5 barnerommet, eller ute i lekehuset eller hvorfor ikke n\u00e5r det er tid for bursdagsfest. Vimpelen er dobbeltsidig med fine rosa nyanser p\u00e5 den ene og bl\u00e5 nyanser p\u00e5 den andre siden.&nbsp;<\/p>\n<p>Vimpelen er GOTS-sertifisert som sikrer at produktet er \u00f8kologisk, b\u00e6rekraftig og produsert under gode arbeidsforhold.<\/p>\n<p><strong>Materiale<\/strong>: 100 % \u00f8kologisk bomull<\/p>\n<p><strong>M\u00e5l<\/strong>: lengde 250 cm<\/p>\n<p>Designer: <a href=\"https:\/\/babylove.se\/shop\/search?s=sebra\">Sebra<\/a><\/p>\n","protected":false},"excerpt":{"rendered":"<p>Dobbeltsidig vimpel av bomull fra danske Sebra. Denne vakre vimpelrekken med bed\u00e5rende stoffvimpler er den perfekte detaljen for ditt barneroms innredning.&nbsp; Totalt inneholder den 8 stykker vimpler av stoff og er hele 2,5 meter lang. Denne vimpelen passer p\u00e5 barnerommet, eller ute i lekehuset eller hvorfor ikke n\u00e5r det er tid for bursdagsfest. Vimpelen er [&hellip;]<\/p>\n","protected":false},"featured_media":20926,"comment_status":"closed","ping_status":"open","template":"","meta":{"_acf_changed":false},"product_brand":[160],"product_cat":[161,58],"product_tag":[1689],"class_list":{"0":"post-20924","1":"product","2":"type-product","3":"status-publish","4":"has-post-thumbnail","6":"product_brand-sebra","7":"product_cat-sebra","8":"product_cat-vimpler","9":"product_tag-bestillingsvaror","11":"first","12":"outofstock","13":"taxable","14":"shipping-taxable","15":"purchasable","16":"product-type-simple"},"acf":[],"yoast_head":"<!-- This site is optimized with the Yoast SEO Premium plugin v25.8 (Yoast SEO v27.2) - https:\/\/yoast.com\/product\/yoast-seo-premium-wordpress\/ -->\n<title>Sebra, Dobbelsidig Vimpel Rosa\/Bl\u00e5 - Babylove Norska<\/title>\n<meta name=\"robots\" content=\"noindex, follow, max-snippet:-1, max-image-preview:large, max-video-preview:-1\" \/>\n<meta property=\"og:locale\" content=\"nb_NO\" \/>\n<meta property=\"og:type\" content=\"article\" \/>\n<meta property=\"og:title\" content=\"Sebra, Dobbelsidig Vimpel Rosa\/Bl\u00e5\" \/>\n<meta property=\"og:description\" content=\"Dobbeltsidig vimpel av bomull fra danske Sebra. Denne vakre vimpelrekken med bed\u00e5rende stoffvimpler er den perfekte detaljen for ditt barneroms innredning.&nbsp; Totalt inneholder den 8 stykker vimpler av stoff og er hele 2,5 meter lang. Denne vimpelen passer p\u00e5 barnerommet, eller ute i lekehuset eller hvorfor ikke n\u00e5r det er tid for bursdagsfest. Vimpelen er [&hellip;]\" \/>\n<meta property=\"og:url\" content=\"https:\/\/babylove.se\/no\/produkt\/sebra-dobbeltsidig-vimpel-pinkblue\/\" \/>\n<meta property=\"og:site_name\" content=\"Babylove Norska\" \/>\n<meta property=\"article:modified_time\" content=\"2026-04-08T08:43:07+00:00\" \/>\n<meta property=\"og:image\" content=\"https:\/\/babylove.se\/no\/wp-content\/uploads\/sites\/3\/2025\/07\/5fb28e525e4f1.jpeg\" \/>\n\t<meta property=\"og:image:width\" content=\"460\" \/>\n\t<meta property=\"og:image:height\" content=\"460\" \/>\n\t<meta property=\"og:image:type\" content=\"image\/jpeg\" \/>\n<meta name=\"twitter:card\" content=\"summary_large_image\" \/>\n<meta name=\"twitter:label1\" content=\"Price\" \/>\n\t<meta name=\"twitter:data1\" content=\"159,00&nbsp;&#107;&#114;\" \/>\n\t<meta name=\"twitter:label2\" content=\"Availability\" \/>\n\t<meta name=\"twitter:data2\" content=\"Out of stock\" \/>\n<script type=\"application\/ld+json\" class=\"yoast-schema-graph\">{\"@context\":\"https:\/\/schema.org\",\"@graph\":[{\"@type\":\"WebPage\",\"@id\":\"https:\/\/babylove.se\/no\/produkt\/sebra-dobbeltsidig-vimpel-pinkblue\/\",\"url\":\"https:\/\/babylove.se\/no\/produkt\/sebra-dobbeltsidig-vimpel-pinkblue\/\",\"name\":\"Sebra, Dobbelsidig Vimpel Rosa\/Bl\u00e5 - Babylove Norska\",\"isPartOf\":{\"@id\":\"https:\/\/babylove.se\/no\/#website\"},\"primaryImageOfPage\":{\"@id\":\"https:\/\/babylove.se\/no\/produkt\/sebra-dobbeltsidig-vimpel-pinkblue\/#primaryimage\"},\"image\":{\"@id\":\"https:\/\/babylove.se\/no\/produkt\/sebra-dobbeltsidig-vimpel-pinkblue\/#primaryimage\"},\"thumbnailUrl\":\"https:\/\/babylove.se\/no\/wp-content\/uploads\/sites\/3\/2025\/07\/5fb28e525e4f1.jpeg\",\"datePublished\":\"2025-07-18T21:39:38+00:00\",\"dateModified\":\"2026-04-08T08:43:07+00:00\",\"breadcrumb\":{\"@id\":\"https:\/\/babylove.se\/no\/produkt\/sebra-dobbeltsidig-vimpel-pinkblue\/#breadcrumb\"},\"inLanguage\":\"nb-NO\",\"potentialAction\":[{\"@type\":\"ReadAction\",\"target\":[\"https:\/\/babylove.se\/no\/produkt\/sebra-dobbeltsidig-vimpel-pinkblue\/\"]}]},{\"@type\":\"ImageObject\",\"inLanguage\":\"nb-NO\",\"@id\":\"https:\/\/babylove.se\/no\/produkt\/sebra-dobbeltsidig-vimpel-pinkblue\/#primaryimage\",\"url\":\"https:\/\/babylove.se\/no\/wp-content\/uploads\/sites\/3\/2025\/07\/5fb28e525e4f1.jpeg\",\"contentUrl\":\"https:\/\/babylove.se\/no\/wp-content\/uploads\/sites\/3\/2025\/07\/5fb28e525e4f1.jpeg\",\"width\":460,\"height\":460},{\"@type\":\"BreadcrumbList\",\"@id\":\"https:\/\/babylove.se\/no\/produkt\/sebra-dobbeltsidig-vimpel-pinkblue\/#breadcrumb\",\"itemListElement\":[{\"@type\":\"ListItem\",\"position\":1,\"name\":\"Hem\",\"item\":\"https:\/\/babylove.se\/no\/\"},{\"@type\":\"ListItem\",\"position\":2,\"name\":\"Butik\",\"item\":\"https:\/\/babylove.se\/no\/butik\/\"},{\"@type\":\"ListItem\",\"position\":3,\"name\":\"Sebra, Dobbelsidig Vimpel Rosa\/Bl\u00e5\"}]},{\"@type\":\"WebSite\",\"@id\":\"https:\/\/babylove.se\/no\/#website\",\"url\":\"https:\/\/babylove.se\/no\/\",\"name\":\"Babylove Norska\",\"description\":\"\",\"potentialAction\":[{\"@type\":\"SearchAction\",\"target\":{\"@type\":\"EntryPoint\",\"urlTemplate\":\"https:\/\/babylove.se\/no\/?s={search_term_string}\"},\"query-input\":{\"@type\":\"PropertyValueSpecification\",\"valueRequired\":true,\"valueName\":\"search_term_string\"}}],\"inLanguage\":\"nb-NO\"}]}<\/script>\n<meta property=\"product:brand\" content=\"Sebra\" \/>\n<meta property=\"product:price:amount\" content=\"159.00\" \/>\n<meta property=\"product:price:currency\" content=\"SEK\" \/>\n<meta property=\"og:availability\" content=\"out of stock\" \/>\n<meta property=\"product:availability\" content=\"out of stock\" \/>\n<meta property=\"product:retailer_item_id\" content=\"801930002\" \/>\n<meta property=\"product:condition\" content=\"new\" \/>\n<!-- \/ Yoast SEO Premium plugin. -->","yoast_head_json":{"title":"Sebra, Dobbelsidig Vimpel Rosa\/Bl\u00e5 - Babylove Norska","robots":{"index":"noindex","follow":"follow","max-snippet":"max-snippet:-1","max-image-preview":"max-image-preview:large","max-video-preview":"max-video-preview:-1"},"og_locale":"nb_NO","og_type":"article","og_title":"Sebra, Dobbelsidig Vimpel Rosa\/Bl\u00e5","og_description":"Dobbeltsidig vimpel av bomull fra danske Sebra. Denne vakre vimpelrekken med bed\u00e5rende stoffvimpler er den perfekte detaljen for ditt barneroms innredning.&nbsp; Totalt inneholder den 8 stykker vimpler av stoff og er hele 2,5 meter lang. Denne vimpelen passer p\u00e5 barnerommet, eller ute i lekehuset eller hvorfor ikke n\u00e5r det er tid for bursdagsfest. Vimpelen er [&hellip;]","og_url":"https:\/\/babylove.se\/no\/produkt\/sebra-dobbeltsidig-vimpel-pinkblue\/","og_site_name":"Babylove Norska","article_modified_time":"2026-04-08T08:43:07+00:00","og_image":[{"width":460,"height":460,"url":"https:\/\/babylove.se\/no\/wp-content\/uploads\/sites\/3\/2025\/07\/5fb28e525e4f1.jpeg","type":"image\/jpeg"}],"twitter_card":"summary_large_image","twitter_misc":{"Price":"159,00&nbsp;&#107;&#114;","Availability":"Out of stock"},"schema":{"@context":"https:\/\/schema.org","@graph":[{"@type":"WebPage","@id":"https:\/\/babylove.se\/no\/produkt\/sebra-dobbeltsidig-vimpel-pinkblue\/","url":"https:\/\/babylove.se\/no\/produkt\/sebra-dobbeltsidig-vimpel-pinkblue\/","name":"Sebra, Dobbelsidig Vimpel Rosa\/Bl\u00e5 - Babylove Norska","isPartOf":{"@id":"https:\/\/babylove.se\/no\/#website"},"primaryImageOfPage":{"@id":"https:\/\/babylove.se\/no\/produkt\/sebra-dobbeltsidig-vimpel-pinkblue\/#primaryimage"},"image":{"@id":"https:\/\/babylove.se\/no\/produkt\/sebra-dobbeltsidig-vimpel-pinkblue\/#primaryimage"},"thumbnailUrl":"https:\/\/babylove.se\/no\/wp-content\/uploads\/sites\/3\/2025\/07\/5fb28e525e4f1.jpeg","datePublished":"2025-07-18T21:39:38+00:00","dateModified":"2026-04-08T08:43:07+00:00","breadcrumb":{"@id":"https:\/\/babylove.se\/no\/produkt\/sebra-dobbeltsidig-vimpel-pinkblue\/#breadcrumb"},"inLanguage":"nb-NO","potentialAction":[{"@type":"ReadAction","target":["https:\/\/babylove.se\/no\/produkt\/sebra-dobbeltsidig-vimpel-pinkblue\/"]}]},{"@type":"ImageObject","inLanguage":"nb-NO","@id":"https:\/\/babylove.se\/no\/produkt\/sebra-dobbeltsidig-vimpel-pinkblue\/#primaryimage","url":"https:\/\/babylove.se\/no\/wp-content\/uploads\/sites\/3\/2025\/07\/5fb28e525e4f1.jpeg","contentUrl":"https:\/\/babylove.se\/no\/wp-content\/uploads\/sites\/3\/2025\/07\/5fb28e525e4f1.jpeg","width":460,"height":460},{"@type":"BreadcrumbList","@id":"https:\/\/babylove.se\/no\/produkt\/sebra-dobbeltsidig-vimpel-pinkblue\/#breadcrumb","itemListElement":[{"@type":"ListItem","position":1,"name":"Hem","item":"https:\/\/babylove.se\/no\/"},{"@type":"ListItem","position":2,"name":"Butik","item":"https:\/\/babylove.se\/no\/butik\/"},{"@type":"ListItem","position":3,"name":"Sebra, Dobbelsidig Vimpel Rosa\/Bl\u00e5"}]},{"@type":"WebSite","@id":"https:\/\/babylove.se\/no\/#website","url":"https:\/\/babylove.se\/no\/","name":"Babylove Norska","description":"","potentialAction":[{"@type":"SearchAction","target":{"@type":"EntryPoint","urlTemplate":"https:\/\/babylove.se\/no\/?s={search_term_string}"},"query-input":{"@type":"PropertyValueSpecification","valueRequired":true,"valueName":"search_term_string"}}],"inLanguage":"nb-NO"}]},"product_brand":"Sebra","product_price_amount":"159.00","product_price_currency":"SEK","og_availability":"out of stock","product_availability":"out of stock","product_retailer_item_id":"801930002","product_condition":"new"},"_links":{"self":[{"href":"https:\/\/babylove.se\/no\/wp-json\/wp\/v2\/product\/20924","targetHints":{"allow":["GET"]}}],"collection":[{"href":"https:\/\/babylove.se\/no\/wp-json\/wp\/v2\/product"}],"about":[{"href":"https:\/\/babylove.se\/no\/wp-json\/wp\/v2\/types\/product"}],"replies":[{"embeddable":true,"href":"https:\/\/babylove.se\/no\/wp-json\/wp\/v2\/comments?post=20924"}],"wp:featuredmedia":[{"embeddable":true,"href":"https:\/\/babylove.se\/no\/wp-json\/wp\/v2\/media\/20926"}],"wp:attachment":[{"href":"https:\/\/babylove.se\/no\/wp-json\/wp\/v2\/media?parent=20924"}],"wp:term":[{"taxonomy":"product_brand","embeddable":true,"href":"https:\/\/babylove.se\/no\/wp-json\/wp\/v2\/product_brand?post=20924"},{"taxonomy":"product_cat","embeddable":true,"href":"https:\/\/babylove.se\/no\/wp-json\/wp\/v2\/product_cat?post=20924"},{"taxonomy":"product_tag","embeddable":true,"href":"https:\/\/babylove.se\/no\/wp-json\/wp\/v2\/product_tag?post=20924"}],"curies":[{"name":"wp","href":"https:\/\/api.w.org\/{rel}","templated":true}]}}