{"id":2094,"date":"2025-07-18T20:06:28","date_gmt":"2025-07-18T19:06:28","guid":{"rendered":"https:\/\/babylove.se\/produkt\/spegel-balong-till-barnrummet\/"},"modified":"2026-04-08T07:48:10","modified_gmt":"2026-04-08T06:48:10","slug":"speil-ballong-til-barnerommet","status":"publish","type":"product","link":"https:\/\/babylove.se\/no\/produkt\/speil-ballong-til-barnerommet\/","title":{"rendered":"Speil mini ballong til barnerommet"},"content":{"rendered":"<p>Superfint ballongspeil laget av slitesterkt akryl. &nbsp;En fantastisk dekorasjon til barnerommet og en fin interi\u00f8rdetalj som du kommer til \u00e5 elske. Bruk gjerne snoren til \u00e5 feste barnets favorittklype.&nbsp;<\/p>\n<p>Enkelt \u00e5 henge opp p\u00e5 veggen ved hjelp av metallkroken som f\u00f8lger med. &nbsp;<\/p>\n<p>Dette lettvektsspeilet er b\u00e5de smidig og trygt i barnerommet.&nbsp;<\/p>\n<p><strong>M\u00e5l<\/strong>: 14 x 10,5 cm.<\/p>\n<p><strong>Materiale<\/strong>: 100 % Akryl<\/p>\n<p>Laget i EU.<\/p>\n<p>OBS! Flamingo, svaner og klype f\u00f8lger ikke med.&nbsp;<\/p>\n","protected":false},"excerpt":{"rendered":"<p>Superfint ballongspeil laget av slitesterkt akryl. &nbsp;En fantastisk dekorasjon til barnerommet og en fin interi\u00f8rdetalj som du kommer til \u00e5 elske. Bruk gjerne snoren til \u00e5 feste barnets favorittklype.&nbsp; Enkelt \u00e5 henge opp p\u00e5 veggen ved hjelp av metallkroken som f\u00f8lger med. &nbsp; Dette lettvektsspeilet er b\u00e5de smidig og trygt i barnerommet.&nbsp; M\u00e5l: 14 x [&hellip;]<\/p>\n","protected":false},"featured_media":2096,"comment_status":"closed","ping_status":"open","template":"","meta":{"_acf_changed":false},"product_brand":[22],"product_cat":[138,102,70],"product_tag":[],"class_list":{"0":"post-2094","1":"product","2":"type-product","3":"status-publish","4":"has-post-thumbnail","6":"product_brand-babylove","7":"product_cat-ballonger","8":"product_cat-barnspeil","9":"product_cat-gaver","11":"first","12":"outofstock","13":"taxable","14":"shipping-taxable","15":"purchasable","16":"product-type-simple"},"acf":[],"yoast_head":"<!-- This site is optimized with the Yoast SEO Premium plugin v25.8 (Yoast SEO v27.2) - https:\/\/yoast.com\/product\/yoast-seo-premium-wordpress\/ -->\n<title>Speil mini ballong til barnerommet - Babylove Norska<\/title>\n<meta name=\"description\" content=\"En fin inredningsdetalj &gt; Enkel att h\u00e4nga upp - 14 dagars \u00f6ppet k\u00f6p &gt; skickas inom 24h V\u00e4llkomen till Babylove.se\" \/>\n<meta name=\"robots\" content=\"noindex, follow, max-snippet:-1, max-image-preview:large, max-video-preview:-1\" \/>\n<meta property=\"og:locale\" content=\"nb_NO\" \/>\n<meta property=\"og:type\" content=\"article\" \/>\n<meta property=\"og:title\" content=\"Speil mini ballong til barnerommet\" \/>\n<meta property=\"og:description\" content=\"En fin inredningsdetalj &gt; Enkel att h\u00e4nga upp - 14 dagars \u00f6ppet k\u00f6p &gt; skickas inom 24h V\u00e4llkomen till Babylove.se\" \/>\n<meta property=\"og:url\" content=\"https:\/\/babylove.se\/no\/produkt\/speil-ballong-til-barnerommet\/\" \/>\n<meta property=\"og:site_name\" content=\"Babylove Norska\" \/>\n<meta property=\"article:modified_time\" content=\"2026-04-08T06:48:10+00:00\" \/>\n<meta property=\"og:image\" content=\"https:\/\/babylove.se\/no\/wp-content\/uploads\/sites\/3\/2025\/07\/6111232cbe45e.jpeg\" \/>\n\t<meta property=\"og:image:width\" content=\"600\" \/>\n\t<meta property=\"og:image:height\" content=\"750\" \/>\n\t<meta property=\"og:image:type\" content=\"image\/jpeg\" \/>\n<meta name=\"twitter:card\" content=\"summary_large_image\" \/>\n<meta name=\"twitter:label1\" content=\"Price\" \/>\n\t<meta name=\"twitter:data1\" content=\"99,00&nbsp;&#107;&#114;\" \/>\n\t<meta name=\"twitter:label2\" content=\"Availability\" \/>\n\t<meta name=\"twitter:data2\" content=\"Out of stock\" \/>\n<script type=\"application\/ld+json\" class=\"yoast-schema-graph\">{\"@context\":\"https:\/\/schema.org\",\"@graph\":[{\"@type\":\"WebPage\",\"@id\":\"https:\/\/babylove.se\/no\/produkt\/speil-ballong-til-barnerommet\/\",\"url\":\"https:\/\/babylove.se\/no\/produkt\/speil-ballong-til-barnerommet\/\",\"name\":\"Speil mini ballong til barnerommet - Babylove Norska\",\"isPartOf\":{\"@id\":\"https:\/\/babylove.se\/no\/#website\"},\"primaryImageOfPage\":{\"@id\":\"https:\/\/babylove.se\/no\/produkt\/speil-ballong-til-barnerommet\/#primaryimage\"},\"image\":{\"@id\":\"https:\/\/babylove.se\/no\/produkt\/speil-ballong-til-barnerommet\/#primaryimage\"},\"thumbnailUrl\":\"https:\/\/babylove.se\/no\/wp-content\/uploads\/sites\/3\/2025\/07\/6111232cbe45e.jpeg\",\"datePublished\":\"2025-07-18T19:06:28+00:00\",\"dateModified\":\"2026-04-08T06:48:10+00:00\",\"description\":\"En fin inredningsdetalj > Enkel att h\u00e4nga upp - 14 dagars \u00f6ppet k\u00f6p > skickas inom 24h V\u00e4llkomen till Babylove.se\",\"breadcrumb\":{\"@id\":\"https:\/\/babylove.se\/no\/produkt\/speil-ballong-til-barnerommet\/#breadcrumb\"},\"inLanguage\":\"nb-NO\",\"potentialAction\":[{\"@type\":\"ReadAction\",\"target\":[\"https:\/\/babylove.se\/no\/produkt\/speil-ballong-til-barnerommet\/\"]}]},{\"@type\":\"ImageObject\",\"inLanguage\":\"nb-NO\",\"@id\":\"https:\/\/babylove.se\/no\/produkt\/speil-ballong-til-barnerommet\/#primaryimage\",\"url\":\"https:\/\/babylove.se\/no\/wp-content\/uploads\/sites\/3\/2025\/07\/6111232cbe45e.jpeg\",\"contentUrl\":\"https:\/\/babylove.se\/no\/wp-content\/uploads\/sites\/3\/2025\/07\/6111232cbe45e.jpeg\",\"width\":600,\"height\":750},{\"@type\":\"BreadcrumbList\",\"@id\":\"https:\/\/babylove.se\/no\/produkt\/speil-ballong-til-barnerommet\/#breadcrumb\",\"itemListElement\":[{\"@type\":\"ListItem\",\"position\":1,\"name\":\"Hem\",\"item\":\"https:\/\/babylove.se\/no\/\"},{\"@type\":\"ListItem\",\"position\":2,\"name\":\"Butik\",\"item\":\"https:\/\/babylove.se\/no\/butik\/\"},{\"@type\":\"ListItem\",\"position\":3,\"name\":\"Speil mini ballong til barnerommet\"}]},{\"@type\":\"WebSite\",\"@id\":\"https:\/\/babylove.se\/no\/#website\",\"url\":\"https:\/\/babylove.se\/no\/\",\"name\":\"Babylove Norska\",\"description\":\"\",\"potentialAction\":[{\"@type\":\"SearchAction\",\"target\":{\"@type\":\"EntryPoint\",\"urlTemplate\":\"https:\/\/babylove.se\/no\/?s={search_term_string}\"},\"query-input\":{\"@type\":\"PropertyValueSpecification\",\"valueRequired\":true,\"valueName\":\"search_term_string\"}}],\"inLanguage\":\"nb-NO\"}]}<\/script>\n<meta property=\"product:brand\" content=\"Babylove\" \/>\n<meta property=\"product:price:amount\" content=\"99.00\" \/>\n<meta property=\"product:price:currency\" content=\"SEK\" \/>\n<meta property=\"og:availability\" content=\"out of stock\" \/>\n<meta property=\"product:availability\" content=\"out of stock\" \/>\n<meta property=\"product:retailer_item_id\" content=\"MiniBalloon\" \/>\n<meta property=\"product:condition\" content=\"new\" \/>\n<!-- \/ Yoast SEO Premium plugin. -->","yoast_head_json":{"title":"Speil mini ballong til barnerommet - Babylove Norska","description":"En fin inredningsdetalj > Enkel att h\u00e4nga upp - 14 dagars \u00f6ppet k\u00f6p > skickas inom 24h V\u00e4llkomen till Babylove.se","robots":{"index":"noindex","follow":"follow","max-snippet":"max-snippet:-1","max-image-preview":"max-image-preview:large","max-video-preview":"max-video-preview:-1"},"og_locale":"nb_NO","og_type":"article","og_title":"Speil mini ballong til barnerommet","og_description":"En fin inredningsdetalj > Enkel att h\u00e4nga upp - 14 dagars \u00f6ppet k\u00f6p > skickas inom 24h V\u00e4llkomen till Babylove.se","og_url":"https:\/\/babylove.se\/no\/produkt\/speil-ballong-til-barnerommet\/","og_site_name":"Babylove Norska","article_modified_time":"2026-04-08T06:48:10+00:00","og_image":[{"width":600,"height":750,"url":"https:\/\/babylove.se\/no\/wp-content\/uploads\/sites\/3\/2025\/07\/6111232cbe45e.jpeg","type":"image\/jpeg"}],"twitter_card":"summary_large_image","twitter_misc":{"Price":"99,00&nbsp;&#107;&#114;","Availability":"Out of stock"},"schema":{"@context":"https:\/\/schema.org","@graph":[{"@type":"WebPage","@id":"https:\/\/babylove.se\/no\/produkt\/speil-ballong-til-barnerommet\/","url":"https:\/\/babylove.se\/no\/produkt\/speil-ballong-til-barnerommet\/","name":"Speil mini ballong til barnerommet - Babylove Norska","isPartOf":{"@id":"https:\/\/babylove.se\/no\/#website"},"primaryImageOfPage":{"@id":"https:\/\/babylove.se\/no\/produkt\/speil-ballong-til-barnerommet\/#primaryimage"},"image":{"@id":"https:\/\/babylove.se\/no\/produkt\/speil-ballong-til-barnerommet\/#primaryimage"},"thumbnailUrl":"https:\/\/babylove.se\/no\/wp-content\/uploads\/sites\/3\/2025\/07\/6111232cbe45e.jpeg","datePublished":"2025-07-18T19:06:28+00:00","dateModified":"2026-04-08T06:48:10+00:00","description":"En fin inredningsdetalj > Enkel att h\u00e4nga upp - 14 dagars \u00f6ppet k\u00f6p > skickas inom 24h V\u00e4llkomen till Babylove.se","breadcrumb":{"@id":"https:\/\/babylove.se\/no\/produkt\/speil-ballong-til-barnerommet\/#breadcrumb"},"inLanguage":"nb-NO","potentialAction":[{"@type":"ReadAction","target":["https:\/\/babylove.se\/no\/produkt\/speil-ballong-til-barnerommet\/"]}]},{"@type":"ImageObject","inLanguage":"nb-NO","@id":"https:\/\/babylove.se\/no\/produkt\/speil-ballong-til-barnerommet\/#primaryimage","url":"https:\/\/babylove.se\/no\/wp-content\/uploads\/sites\/3\/2025\/07\/6111232cbe45e.jpeg","contentUrl":"https:\/\/babylove.se\/no\/wp-content\/uploads\/sites\/3\/2025\/07\/6111232cbe45e.jpeg","width":600,"height":750},{"@type":"BreadcrumbList","@id":"https:\/\/babylove.se\/no\/produkt\/speil-ballong-til-barnerommet\/#breadcrumb","itemListElement":[{"@type":"ListItem","position":1,"name":"Hem","item":"https:\/\/babylove.se\/no\/"},{"@type":"ListItem","position":2,"name":"Butik","item":"https:\/\/babylove.se\/no\/butik\/"},{"@type":"ListItem","position":3,"name":"Speil mini ballong til barnerommet"}]},{"@type":"WebSite","@id":"https:\/\/babylove.se\/no\/#website","url":"https:\/\/babylove.se\/no\/","name":"Babylove Norska","description":"","potentialAction":[{"@type":"SearchAction","target":{"@type":"EntryPoint","urlTemplate":"https:\/\/babylove.se\/no\/?s={search_term_string}"},"query-input":{"@type":"PropertyValueSpecification","valueRequired":true,"valueName":"search_term_string"}}],"inLanguage":"nb-NO"}]},"product_brand":"Babylove","product_price_amount":"99.00","product_price_currency":"SEK","og_availability":"out of stock","product_availability":"out of stock","product_retailer_item_id":"MiniBalloon","product_condition":"new"},"_links":{"self":[{"href":"https:\/\/babylove.se\/no\/wp-json\/wp\/v2\/product\/2094","targetHints":{"allow":["GET"]}}],"collection":[{"href":"https:\/\/babylove.se\/no\/wp-json\/wp\/v2\/product"}],"about":[{"href":"https:\/\/babylove.se\/no\/wp-json\/wp\/v2\/types\/product"}],"replies":[{"embeddable":true,"href":"https:\/\/babylove.se\/no\/wp-json\/wp\/v2\/comments?post=2094"}],"wp:featuredmedia":[{"embeddable":true,"href":"https:\/\/babylove.se\/no\/wp-json\/wp\/v2\/media\/2096"}],"wp:attachment":[{"href":"https:\/\/babylove.se\/no\/wp-json\/wp\/v2\/media?parent=2094"}],"wp:term":[{"taxonomy":"product_brand","embeddable":true,"href":"https:\/\/babylove.se\/no\/wp-json\/wp\/v2\/product_brand?post=2094"},{"taxonomy":"product_cat","embeddable":true,"href":"https:\/\/babylove.se\/no\/wp-json\/wp\/v2\/product_cat?post=2094"},{"taxonomy":"product_tag","embeddable":true,"href":"https:\/\/babylove.se\/no\/wp-json\/wp\/v2\/product_tag?post=2094"}],"curies":[{"name":"wp","href":"https:\/\/api.w.org\/{rel}","templated":true}]}}