{"id":20963,"date":"2025-07-18T22:40:06","date_gmt":"2025-07-18T21:40:06","guid":{"rendered":"https:\/\/babylove.se\/produkt\/ljusgra-bollhav-basic-90x30-med-vita-bollar\/"},"modified":"2026-04-08T09:43:28","modified_gmt":"2026-04-08T08:43:28","slug":"lysgrat-ballhav-basic-90x30-med-hvite-baller","status":"publish","type":"product","link":"https:\/\/babylove.se\/no\/produkt\/lysgrat-ballhav-basic-90x30-med-hvite-baller\/","title":{"rendered":"Lysegr\u00e5 ballbad BASIC, 90&#215;30 med hvite baller"},"content":{"rendered":"<p>Giftfritt og CE-merket ballbasseng.<\/p>\n<p>Dette fantastiske ballbassenget for barn er en av v\u00e5re ekte storsellere,<br \/>Ballbasseng Basic holder h\u00f8y kvalitet og har et unikt konsept hvor du som kunde kan velge hvilke farger du vil p\u00e5 ballene.<\/p>\n<p><strong>M\u00e5l<\/strong>:&nbsp;<\/p>\n<ul>\n<li>Diameter: 90 cm.<\/li>\n<li>H\u00f8yde: 30 cm.<\/li>\n<li>Tykkelse kant: 5 cm.<\/li>\n<li>Bunntykkelse: 2 cm.&nbsp;<\/li>\n<li>Ball diameter: 7 cm.<\/li>\n<\/ul>\n<p><strong>Baller i denne pakken:&nbsp;<\/strong>&nbsp;<\/p>\n<ul>\n<li>Hvite.<\/li>\n<li>Velg mellom 150, 200, 300 eller 450 baller.&nbsp;<\/li>\n<li><\/ul>\n<p><strong>Info:&nbsp;<\/strong><\/p>\n<ul>\n<li>Overtrekk av deilig myk jerseybomull.&nbsp;<\/li>\n<li>Oeko-Tex standard 100.&nbsp;<\/li>\n<li>Ballene er laget av giftfri plast.&nbsp;<\/li>\n<li>Alle elementer i v\u00e5re ballbasseng er selvf\u00f8lgelig CE-merket og er produsert av giftfrie materialer.&nbsp;<\/li>\n<li>Overtrekket er vaskbart &#8211; 30\u00b0C, ikke t\u00f8rketrommel<\/li>\n<li>Merk at det kan ta noen dager f\u00f8r ballbassenget tar form etter levering samt at det er h\u00e5ndlaget og mindre avvik i formen kan forekomme.<\/li>\n<\/ul>\n","protected":false},"excerpt":{"rendered":"<p>Giftfritt og CE-merket ballbasseng. Dette fantastiske ballbassenget for barn er en av v\u00e5re ekte storsellere,Ballbasseng Basic holder h\u00f8y kvalitet og har et unikt konsept hvor du som kunde kan velge hvilke farger du vil p\u00e5 ballene. M\u00e5l:&nbsp; Diameter: 90 cm. H\u00f8yde: 30 cm. Tykkelse kant: 5 cm. Bunntykkelse: 2 cm.&nbsp; Ball diameter: 7 cm. Baller [&hellip;]<\/p>\n","protected":false},"featured_media":20965,"comment_status":"closed","ping_status":"open","template":"","meta":{"_acf_changed":false},"product_brand":[375],"product_cat":[667,70,98,26,25,68,376],"product_tag":[1689],"class_list":{"0":"post-20963","1":"product","2":"type-product","3":"status-publish","4":"has-post-thumbnail","6":"product_brand-pqp-ttm","7":"product_cat-ballhav","8":"product_cat-gaver","9":"product_cat-innredning-barnerom-gutt","10":"product_cat-kjop-produkter-som-ikke-bare-er-for-gutter","11":"product_cat-ikke-bare-jenter","12":"product_cat-leker","13":"product_cat-pp","14":"product_tag-bestillingsvaror","15":"pa_antal-bollar-150-bollar","16":"pa_antal-bollar-200-bollar","17":"pa_antal-bollar-300-bollar","18":"pa_antal-bollar-450-bollar","20":"first","21":"instock","22":"taxable","23":"shipping-taxable","24":"purchasable","25":"product-type-variable"},"acf":[],"yoast_head":"<!-- This site is optimized with the Yoast SEO Premium plugin v25.8 (Yoast SEO v27.2) - https:\/\/yoast.com\/product\/yoast-seo-premium-wordpress\/ -->\n<title>Gr\u00e5 bollhav f\u00f6r 799kr - FRI FRAKT - Babylove.se<\/title>\n<meta name=\"description\" content=\"En ljusgr\u00e5 lekpol f\u00f6r barn som tagit v\u00e4rlden med storm och \u00e4r en stors\u00e4ljare i Danmark. Nu finns den \u00e4ven i Sverige! 14 dagars \u00f6ppet k\u00f6p - K\u00f6p den h\u00e4r!\" \/>\n<meta name=\"robots\" content=\"noindex, follow, max-snippet:-1, max-image-preview:large, max-video-preview:-1\" \/>\n<meta property=\"og:locale\" content=\"nb_NO\" \/>\n<meta property=\"og:type\" content=\"article\" \/>\n<meta property=\"og:title\" content=\"Lysegr\u00e5 ballbad BASIC, 90x30 med hvite baller\" \/>\n<meta property=\"og:description\" content=\"En ljusgr\u00e5 lekpol f\u00f6r barn som tagit v\u00e4rlden med storm och \u00e4r en stors\u00e4ljare i Danmark. Nu finns den \u00e4ven i Sverige! 14 dagars \u00f6ppet k\u00f6p - K\u00f6p den h\u00e4r!\" \/>\n<meta property=\"og:url\" content=\"https:\/\/babylove.se\/no\/produkt\/lysgrat-ballhav-basic-90x30-med-hvite-baller\/\" \/>\n<meta property=\"og:site_name\" content=\"Babylove Norska\" \/>\n<meta property=\"article:modified_time\" content=\"2026-04-08T08:43:28+00:00\" \/>\n<meta property=\"og:image\" content=\"https:\/\/babylove.se\/no\/wp-content\/uploads\/sites\/3\/2025\/07\/6165dd9f0c02a.jpeg\" \/>\n\t<meta property=\"og:image:width\" content=\"800\" \/>\n\t<meta property=\"og:image:height\" content=\"800\" \/>\n\t<meta property=\"og:image:type\" content=\"image\/jpeg\" \/>\n<meta name=\"twitter:card\" content=\"summary_large_image\" \/>\n<meta name=\"twitter:label1\" content=\"Availability\" \/>\n\t<meta name=\"twitter:data1\" content=\"In stock\" \/>\n<script type=\"application\/ld+json\" class=\"yoast-schema-graph\">{\"@context\":\"https:\/\/schema.org\",\"@graph\":[{\"@type\":\"WebPage\",\"@id\":\"https:\/\/babylove.se\/no\/produkt\/lysgrat-ballhav-basic-90x30-med-hvite-baller\/\",\"url\":\"https:\/\/babylove.se\/no\/produkt\/lysgrat-ballhav-basic-90x30-med-hvite-baller\/\",\"name\":\"Gr\u00e5 bollhav f\u00f6r 799kr - FRI FRAKT - Babylove.se\",\"isPartOf\":{\"@id\":\"https:\/\/babylove.se\/no\/#website\"},\"primaryImageOfPage\":{\"@id\":\"https:\/\/babylove.se\/no\/produkt\/lysgrat-ballhav-basic-90x30-med-hvite-baller\/#primaryimage\"},\"image\":{\"@id\":\"https:\/\/babylove.se\/no\/produkt\/lysgrat-ballhav-basic-90x30-med-hvite-baller\/#primaryimage\"},\"thumbnailUrl\":\"https:\/\/babylove.se\/no\/wp-content\/uploads\/sites\/3\/2025\/07\/6165dd9f0c02a.jpeg\",\"datePublished\":\"2025-07-18T21:40:06+00:00\",\"dateModified\":\"2026-04-08T08:43:28+00:00\",\"description\":\"En ljusgr\u00e5 lekpol f\u00f6r barn som tagit v\u00e4rlden med storm och \u00e4r en stors\u00e4ljare i Danmark. Nu finns den \u00e4ven i Sverige! 14 dagars \u00f6ppet k\u00f6p - K\u00f6p den h\u00e4r!\",\"breadcrumb\":{\"@id\":\"https:\/\/babylove.se\/no\/produkt\/lysgrat-ballhav-basic-90x30-med-hvite-baller\/#breadcrumb\"},\"inLanguage\":\"nb-NO\",\"potentialAction\":[{\"@type\":\"ReadAction\",\"target\":[\"https:\/\/babylove.se\/no\/produkt\/lysgrat-ballhav-basic-90x30-med-hvite-baller\/\"]}]},{\"@type\":\"ImageObject\",\"inLanguage\":\"nb-NO\",\"@id\":\"https:\/\/babylove.se\/no\/produkt\/lysgrat-ballhav-basic-90x30-med-hvite-baller\/#primaryimage\",\"url\":\"https:\/\/babylove.se\/no\/wp-content\/uploads\/sites\/3\/2025\/07\/6165dd9f0c02a.jpeg\",\"contentUrl\":\"https:\/\/babylove.se\/no\/wp-content\/uploads\/sites\/3\/2025\/07\/6165dd9f0c02a.jpeg\",\"width\":800,\"height\":800},{\"@type\":\"BreadcrumbList\",\"@id\":\"https:\/\/babylove.se\/no\/produkt\/lysgrat-ballhav-basic-90x30-med-hvite-baller\/#breadcrumb\",\"itemListElement\":[{\"@type\":\"ListItem\",\"position\":1,\"name\":\"Hem\",\"item\":\"https:\/\/babylove.se\/no\/\"},{\"@type\":\"ListItem\",\"position\":2,\"name\":\"Butik\",\"item\":\"https:\/\/babylove.se\/no\/butik\/\"},{\"@type\":\"ListItem\",\"position\":3,\"name\":\"Lysegr\u00e5 ballbad BASIC, 90&#215;30 med hvite baller\"}]},{\"@type\":\"WebSite\",\"@id\":\"https:\/\/babylove.se\/no\/#website\",\"url\":\"https:\/\/babylove.se\/no\/\",\"name\":\"Babylove Norska\",\"description\":\"\",\"potentialAction\":[{\"@type\":\"SearchAction\",\"target\":{\"@type\":\"EntryPoint\",\"urlTemplate\":\"https:\/\/babylove.se\/no\/?s={search_term_string}\"},\"query-input\":{\"@type\":\"PropertyValueSpecification\",\"valueRequired\":true,\"valueName\":\"search_term_string\"}}],\"inLanguage\":\"nb-NO\"}]}<\/script>\n<meta property=\"product:brand\" content=\"PQP\/TTM\" \/>\n<meta property=\"og:availability\" content=\"instock\" \/>\n<meta property=\"product:availability\" content=\"instock\" \/>\n<meta property=\"product:retailer_item_id\" content=\"24151.1\" \/>\n<meta property=\"product:condition\" content=\"new\" \/>\n<!-- \/ Yoast SEO Premium plugin. -->","yoast_head_json":{"title":"Gr\u00e5 bollhav f\u00f6r 799kr - FRI FRAKT - Babylove.se","description":"En ljusgr\u00e5 lekpol f\u00f6r barn som tagit v\u00e4rlden med storm och \u00e4r en stors\u00e4ljare i Danmark. Nu finns den \u00e4ven i Sverige! 14 dagars \u00f6ppet k\u00f6p - K\u00f6p den h\u00e4r!","robots":{"index":"noindex","follow":"follow","max-snippet":"max-snippet:-1","max-image-preview":"max-image-preview:large","max-video-preview":"max-video-preview:-1"},"og_locale":"nb_NO","og_type":"article","og_title":"Lysegr\u00e5 ballbad BASIC, 90x30 med hvite baller","og_description":"En ljusgr\u00e5 lekpol f\u00f6r barn som tagit v\u00e4rlden med storm och \u00e4r en stors\u00e4ljare i Danmark. Nu finns den \u00e4ven i Sverige! 14 dagars \u00f6ppet k\u00f6p - K\u00f6p den h\u00e4r!","og_url":"https:\/\/babylove.se\/no\/produkt\/lysgrat-ballhav-basic-90x30-med-hvite-baller\/","og_site_name":"Babylove Norska","article_modified_time":"2026-04-08T08:43:28+00:00","og_image":[{"width":800,"height":800,"url":"https:\/\/babylove.se\/no\/wp-content\/uploads\/sites\/3\/2025\/07\/6165dd9f0c02a.jpeg","type":"image\/jpeg"}],"twitter_card":"summary_large_image","twitter_misc":{"Availability":"In stock"},"schema":{"@context":"https:\/\/schema.org","@graph":[{"@type":"WebPage","@id":"https:\/\/babylove.se\/no\/produkt\/lysgrat-ballhav-basic-90x30-med-hvite-baller\/","url":"https:\/\/babylove.se\/no\/produkt\/lysgrat-ballhav-basic-90x30-med-hvite-baller\/","name":"Gr\u00e5 bollhav f\u00f6r 799kr - FRI FRAKT - Babylove.se","isPartOf":{"@id":"https:\/\/babylove.se\/no\/#website"},"primaryImageOfPage":{"@id":"https:\/\/babylove.se\/no\/produkt\/lysgrat-ballhav-basic-90x30-med-hvite-baller\/#primaryimage"},"image":{"@id":"https:\/\/babylove.se\/no\/produkt\/lysgrat-ballhav-basic-90x30-med-hvite-baller\/#primaryimage"},"thumbnailUrl":"https:\/\/babylove.se\/no\/wp-content\/uploads\/sites\/3\/2025\/07\/6165dd9f0c02a.jpeg","datePublished":"2025-07-18T21:40:06+00:00","dateModified":"2026-04-08T08:43:28+00:00","description":"En ljusgr\u00e5 lekpol f\u00f6r barn som tagit v\u00e4rlden med storm och \u00e4r en stors\u00e4ljare i Danmark. Nu finns den \u00e4ven i Sverige! 14 dagars \u00f6ppet k\u00f6p - K\u00f6p den h\u00e4r!","breadcrumb":{"@id":"https:\/\/babylove.se\/no\/produkt\/lysgrat-ballhav-basic-90x30-med-hvite-baller\/#breadcrumb"},"inLanguage":"nb-NO","potentialAction":[{"@type":"ReadAction","target":["https:\/\/babylove.se\/no\/produkt\/lysgrat-ballhav-basic-90x30-med-hvite-baller\/"]}]},{"@type":"ImageObject","inLanguage":"nb-NO","@id":"https:\/\/babylove.se\/no\/produkt\/lysgrat-ballhav-basic-90x30-med-hvite-baller\/#primaryimage","url":"https:\/\/babylove.se\/no\/wp-content\/uploads\/sites\/3\/2025\/07\/6165dd9f0c02a.jpeg","contentUrl":"https:\/\/babylove.se\/no\/wp-content\/uploads\/sites\/3\/2025\/07\/6165dd9f0c02a.jpeg","width":800,"height":800},{"@type":"BreadcrumbList","@id":"https:\/\/babylove.se\/no\/produkt\/lysgrat-ballhav-basic-90x30-med-hvite-baller\/#breadcrumb","itemListElement":[{"@type":"ListItem","position":1,"name":"Hem","item":"https:\/\/babylove.se\/no\/"},{"@type":"ListItem","position":2,"name":"Butik","item":"https:\/\/babylove.se\/no\/butik\/"},{"@type":"ListItem","position":3,"name":"Lysegr\u00e5 ballbad BASIC, 90&#215;30 med hvite baller"}]},{"@type":"WebSite","@id":"https:\/\/babylove.se\/no\/#website","url":"https:\/\/babylove.se\/no\/","name":"Babylove Norska","description":"","potentialAction":[{"@type":"SearchAction","target":{"@type":"EntryPoint","urlTemplate":"https:\/\/babylove.se\/no\/?s={search_term_string}"},"query-input":{"@type":"PropertyValueSpecification","valueRequired":true,"valueName":"search_term_string"}}],"inLanguage":"nb-NO"}]},"product_brand":"PQP\/TTM","og_availability":"instock","product_availability":"instock","product_retailer_item_id":"24151.1","product_condition":"new"},"_links":{"self":[{"href":"https:\/\/babylove.se\/no\/wp-json\/wp\/v2\/product\/20963","targetHints":{"allow":["GET"]}}],"collection":[{"href":"https:\/\/babylove.se\/no\/wp-json\/wp\/v2\/product"}],"about":[{"href":"https:\/\/babylove.se\/no\/wp-json\/wp\/v2\/types\/product"}],"replies":[{"embeddable":true,"href":"https:\/\/babylove.se\/no\/wp-json\/wp\/v2\/comments?post=20963"}],"wp:featuredmedia":[{"embeddable":true,"href":"https:\/\/babylove.se\/no\/wp-json\/wp\/v2\/media\/20965"}],"wp:attachment":[{"href":"https:\/\/babylove.se\/no\/wp-json\/wp\/v2\/media?parent=20963"}],"wp:term":[{"taxonomy":"product_brand","embeddable":true,"href":"https:\/\/babylove.se\/no\/wp-json\/wp\/v2\/product_brand?post=20963"},{"taxonomy":"product_cat","embeddable":true,"href":"https:\/\/babylove.se\/no\/wp-json\/wp\/v2\/product_cat?post=20963"},{"taxonomy":"product_tag","embeddable":true,"href":"https:\/\/babylove.se\/no\/wp-json\/wp\/v2\/product_tag?post=20963"}],"curies":[{"name":"wp","href":"https:\/\/api.w.org\/{rel}","templated":true}]}}