{"id":21078,"date":"2025-07-18T22:41:05","date_gmt":"2025-07-18T21:41:05","guid":{"rendered":"https:\/\/babylove.se\/produkt\/woodluck-bokhylla-river\/"},"modified":"2026-04-08T09:44:08","modified_gmt":"2026-04-08T08:44:08","slug":"woodluck-bokhylle-river","status":"publish","type":"product","link":"https:\/\/babylove.se\/no\/produkt\/woodluck-bokhylle-river\/","title":{"rendered":"Woodluck, bokhylle River"},"content":{"rendered":"<p>En riktig dr\u00f8m for barnerommet, det er skapet River som er s\u00e5 vakker at den ogs\u00e5 passer inn i foreldrenes soverom. Skapet er helt bygd for h\u00e5nd av mdf og det inng\u00e5r en masse sjarm og fine detaljer. &nbsp;<\/p>\n<p>I bunnen finnes en fin og praktisk skuff for ekstra oppbevaring.<\/p>\n<p><strong>M\u00e5l:<\/strong><\/p>\n<ul>\n<li>H\u00f8yde 185 cm<\/li>\n<li>Bredde 65 cm<\/li>\n<li>Dybde 32 cm&nbsp;<\/li>\n<\/ul>\n<p><strong>Farge<\/strong>: Natur \/hvit<\/p>\n<p>Skapet monteres enkelt sammen selv hjemme, og en god bruksanvisning medf\u00f8lger selvf\u00f8lgelig.<\/p>\n","protected":false},"excerpt":{"rendered":"<p>En riktig dr\u00f8m for barnerommet, det er skapet River som er s\u00e5 vakker at den ogs\u00e5 passer inn i foreldrenes soverom. Skapet er helt bygd for h\u00e5nd av mdf og det inng\u00e5r en masse sjarm og fine detaljer. &nbsp; I bunnen finnes en fin og praktisk skuff for ekstra oppbevaring. M\u00e5l: H\u00f8yde 185 cm Bredde [&hellip;]<\/p>\n","protected":false},"featured_media":21080,"comment_status":"closed","ping_status":"open","template":"","meta":{"_acf_changed":false},"product_brand":[],"product_cat":[595,367,597],"product_tag":[],"class_list":{"0":"post-21078","1":"product","2":"type-product","3":"status-publish","4":"has-post-thumbnail","6":"product_cat-garderobe","7":"product_cat-byra","8":"product_cat-woodluck","10":"first","11":"outofstock","12":"taxable","13":"shipping-taxable","14":"purchasable","15":"product-type-simple"},"acf":[],"yoast_head":"<!-- This site is optimized with the Yoast SEO Premium plugin v25.8 (Yoast SEO v27.2) - https:\/\/yoast.com\/product\/yoast-seo-premium-wordpress\/ -->\n<title>Woodluck, bokhylle River - Babylove Norska<\/title>\n<meta name=\"robots\" content=\"noindex, follow, max-snippet:-1, max-image-preview:large, max-video-preview:-1\" \/>\n<meta property=\"og:locale\" content=\"nb_NO\" \/>\n<meta property=\"og:type\" content=\"article\" \/>\n<meta property=\"og:title\" content=\"Woodluck, bokhylle River\" \/>\n<meta property=\"og:description\" content=\"En riktig dr\u00f8m for barnerommet, det er skapet River som er s\u00e5 vakker at den ogs\u00e5 passer inn i foreldrenes soverom. Skapet er helt bygd for h\u00e5nd av mdf og det inng\u00e5r en masse sjarm og fine detaljer. &nbsp; I bunnen finnes en fin og praktisk skuff for ekstra oppbevaring. M\u00e5l: H\u00f8yde 185 cm Bredde [&hellip;]\" \/>\n<meta property=\"og:url\" content=\"https:\/\/babylove.se\/no\/produkt\/woodluck-bokhylle-river\/\" \/>\n<meta property=\"og:site_name\" content=\"Babylove Norska\" \/>\n<meta property=\"article:modified_time\" content=\"2026-04-08T08:44:08+00:00\" \/>\n<meta property=\"og:image\" content=\"https:\/\/babylove.se\/no\/wp-content\/uploads\/sites\/3\/2025\/07\/5fbc091dc1285.png\" \/>\n\t<meta property=\"og:image:width\" content=\"750\" \/>\n\t<meta property=\"og:image:height\" content=\"634\" \/>\n\t<meta property=\"og:image:type\" content=\"image\/png\" \/>\n<meta name=\"twitter:card\" content=\"summary_large_image\" \/>\n<meta name=\"twitter:label1\" content=\"Price\" \/>\n\t<meta name=\"twitter:data1\" content=\"5 899,00&nbsp;&#107;&#114;\" \/>\n\t<meta name=\"twitter:label2\" content=\"Availability\" \/>\n\t<meta name=\"twitter:data2\" content=\"Out of stock\" \/>\n<script type=\"application\/ld+json\" class=\"yoast-schema-graph\">{\"@context\":\"https:\/\/schema.org\",\"@graph\":[{\"@type\":\"WebPage\",\"@id\":\"https:\/\/babylove.se\/no\/produkt\/woodluck-bokhylle-river\/\",\"url\":\"https:\/\/babylove.se\/no\/produkt\/woodluck-bokhylle-river\/\",\"name\":\"Woodluck, bokhylle River - Babylove Norska\",\"isPartOf\":{\"@id\":\"https:\/\/babylove.se\/no\/#website\"},\"primaryImageOfPage\":{\"@id\":\"https:\/\/babylove.se\/no\/produkt\/woodluck-bokhylle-river\/#primaryimage\"},\"image\":{\"@id\":\"https:\/\/babylove.se\/no\/produkt\/woodluck-bokhylle-river\/#primaryimage\"},\"thumbnailUrl\":\"https:\/\/babylove.se\/no\/wp-content\/uploads\/sites\/3\/2025\/07\/5fbc091dc1285.png\",\"datePublished\":\"2025-07-18T21:41:05+00:00\",\"dateModified\":\"2026-04-08T08:44:08+00:00\",\"breadcrumb\":{\"@id\":\"https:\/\/babylove.se\/no\/produkt\/woodluck-bokhylle-river\/#breadcrumb\"},\"inLanguage\":\"nb-NO\",\"potentialAction\":[{\"@type\":\"ReadAction\",\"target\":[\"https:\/\/babylove.se\/no\/produkt\/woodluck-bokhylle-river\/\"]}]},{\"@type\":\"ImageObject\",\"inLanguage\":\"nb-NO\",\"@id\":\"https:\/\/babylove.se\/no\/produkt\/woodluck-bokhylle-river\/#primaryimage\",\"url\":\"https:\/\/babylove.se\/no\/wp-content\/uploads\/sites\/3\/2025\/07\/5fbc091dc1285.png\",\"contentUrl\":\"https:\/\/babylove.se\/no\/wp-content\/uploads\/sites\/3\/2025\/07\/5fbc091dc1285.png\",\"width\":750,\"height\":634},{\"@type\":\"BreadcrumbList\",\"@id\":\"https:\/\/babylove.se\/no\/produkt\/woodluck-bokhylle-river\/#breadcrumb\",\"itemListElement\":[{\"@type\":\"ListItem\",\"position\":1,\"name\":\"Hem\",\"item\":\"https:\/\/babylove.se\/no\/\"},{\"@type\":\"ListItem\",\"position\":2,\"name\":\"Butik\",\"item\":\"https:\/\/babylove.se\/no\/butik\/\"},{\"@type\":\"ListItem\",\"position\":3,\"name\":\"Woodluck, bokhylle River\"}]},{\"@type\":\"WebSite\",\"@id\":\"https:\/\/babylove.se\/no\/#website\",\"url\":\"https:\/\/babylove.se\/no\/\",\"name\":\"Babylove Norska\",\"description\":\"\",\"potentialAction\":[{\"@type\":\"SearchAction\",\"target\":{\"@type\":\"EntryPoint\",\"urlTemplate\":\"https:\/\/babylove.se\/no\/?s={search_term_string}\"},\"query-input\":{\"@type\":\"PropertyValueSpecification\",\"valueRequired\":true,\"valueName\":\"search_term_string\"}}],\"inLanguage\":\"nb-NO\"}]}<\/script>\n<meta property=\"product:price:amount\" content=\"5899.00\" \/>\n<meta property=\"product:price:currency\" content=\"SEK\" \/>\n<meta property=\"og:availability\" content=\"out of stock\" \/>\n<meta property=\"product:availability\" content=\"out of stock\" \/>\n<meta property=\"product:retailer_item_id\" content=\"3805\" \/>\n<meta property=\"product:condition\" content=\"new\" \/>\n<!-- \/ Yoast SEO Premium plugin. -->","yoast_head_json":{"title":"Woodluck, bokhylle River - Babylove Norska","robots":{"index":"noindex","follow":"follow","max-snippet":"max-snippet:-1","max-image-preview":"max-image-preview:large","max-video-preview":"max-video-preview:-1"},"og_locale":"nb_NO","og_type":"article","og_title":"Woodluck, bokhylle River","og_description":"En riktig dr\u00f8m for barnerommet, det er skapet River som er s\u00e5 vakker at den ogs\u00e5 passer inn i foreldrenes soverom. Skapet er helt bygd for h\u00e5nd av mdf og det inng\u00e5r en masse sjarm og fine detaljer. &nbsp; I bunnen finnes en fin og praktisk skuff for ekstra oppbevaring. M\u00e5l: H\u00f8yde 185 cm Bredde [&hellip;]","og_url":"https:\/\/babylove.se\/no\/produkt\/woodluck-bokhylle-river\/","og_site_name":"Babylove Norska","article_modified_time":"2026-04-08T08:44:08+00:00","og_image":[{"width":750,"height":634,"url":"https:\/\/babylove.se\/no\/wp-content\/uploads\/sites\/3\/2025\/07\/5fbc091dc1285.png","type":"image\/png"}],"twitter_card":"summary_large_image","twitter_misc":{"Price":"5 899,00&nbsp;&#107;&#114;","Availability":"Out of stock"},"schema":{"@context":"https:\/\/schema.org","@graph":[{"@type":"WebPage","@id":"https:\/\/babylove.se\/no\/produkt\/woodluck-bokhylle-river\/","url":"https:\/\/babylove.se\/no\/produkt\/woodluck-bokhylle-river\/","name":"Woodluck, bokhylle River - Babylove Norska","isPartOf":{"@id":"https:\/\/babylove.se\/no\/#website"},"primaryImageOfPage":{"@id":"https:\/\/babylove.se\/no\/produkt\/woodluck-bokhylle-river\/#primaryimage"},"image":{"@id":"https:\/\/babylove.se\/no\/produkt\/woodluck-bokhylle-river\/#primaryimage"},"thumbnailUrl":"https:\/\/babylove.se\/no\/wp-content\/uploads\/sites\/3\/2025\/07\/5fbc091dc1285.png","datePublished":"2025-07-18T21:41:05+00:00","dateModified":"2026-04-08T08:44:08+00:00","breadcrumb":{"@id":"https:\/\/babylove.se\/no\/produkt\/woodluck-bokhylle-river\/#breadcrumb"},"inLanguage":"nb-NO","potentialAction":[{"@type":"ReadAction","target":["https:\/\/babylove.se\/no\/produkt\/woodluck-bokhylle-river\/"]}]},{"@type":"ImageObject","inLanguage":"nb-NO","@id":"https:\/\/babylove.se\/no\/produkt\/woodluck-bokhylle-river\/#primaryimage","url":"https:\/\/babylove.se\/no\/wp-content\/uploads\/sites\/3\/2025\/07\/5fbc091dc1285.png","contentUrl":"https:\/\/babylove.se\/no\/wp-content\/uploads\/sites\/3\/2025\/07\/5fbc091dc1285.png","width":750,"height":634},{"@type":"BreadcrumbList","@id":"https:\/\/babylove.se\/no\/produkt\/woodluck-bokhylle-river\/#breadcrumb","itemListElement":[{"@type":"ListItem","position":1,"name":"Hem","item":"https:\/\/babylove.se\/no\/"},{"@type":"ListItem","position":2,"name":"Butik","item":"https:\/\/babylove.se\/no\/butik\/"},{"@type":"ListItem","position":3,"name":"Woodluck, bokhylle River"}]},{"@type":"WebSite","@id":"https:\/\/babylove.se\/no\/#website","url":"https:\/\/babylove.se\/no\/","name":"Babylove Norska","description":"","potentialAction":[{"@type":"SearchAction","target":{"@type":"EntryPoint","urlTemplate":"https:\/\/babylove.se\/no\/?s={search_term_string}"},"query-input":{"@type":"PropertyValueSpecification","valueRequired":true,"valueName":"search_term_string"}}],"inLanguage":"nb-NO"}]},"product_price_amount":"5899.00","product_price_currency":"SEK","og_availability":"out of stock","product_availability":"out of stock","product_retailer_item_id":"3805","product_condition":"new"},"_links":{"self":[{"href":"https:\/\/babylove.se\/no\/wp-json\/wp\/v2\/product\/21078","targetHints":{"allow":["GET"]}}],"collection":[{"href":"https:\/\/babylove.se\/no\/wp-json\/wp\/v2\/product"}],"about":[{"href":"https:\/\/babylove.se\/no\/wp-json\/wp\/v2\/types\/product"}],"replies":[{"embeddable":true,"href":"https:\/\/babylove.se\/no\/wp-json\/wp\/v2\/comments?post=21078"}],"wp:featuredmedia":[{"embeddable":true,"href":"https:\/\/babylove.se\/no\/wp-json\/wp\/v2\/media\/21080"}],"wp:attachment":[{"href":"https:\/\/babylove.se\/no\/wp-json\/wp\/v2\/media?parent=21078"}],"wp:term":[{"taxonomy":"product_brand","embeddable":true,"href":"https:\/\/babylove.se\/no\/wp-json\/wp\/v2\/product_brand?post=21078"},{"taxonomy":"product_cat","embeddable":true,"href":"https:\/\/babylove.se\/no\/wp-json\/wp\/v2\/product_cat?post=21078"},{"taxonomy":"product_tag","embeddable":true,"href":"https:\/\/babylove.se\/no\/wp-json\/wp\/v2\/product_tag?post=21078"}],"curies":[{"name":"wp","href":"https:\/\/api.w.org\/{rel}","templated":true}]}}