{"id":21095,"date":"2025-07-18T22:41:05","date_gmt":"2025-07-18T21:41:05","guid":{"rendered":"https:\/\/babylove.se\/produkt\/woodluck-byra-med-bokhylla-basic\/"},"modified":"2026-04-08T09:44:15","modified_gmt":"2026-04-08T08:44:15","slug":"woodluck-byra-med-bokhylle-basic","status":"publish","type":"product","link":"https:\/\/babylove.se\/no\/produkt\/woodluck-byra-med-bokhylle-basic\/","title":{"rendered":"Woodluck, kommode med bokhylle, BASIC"},"content":{"rendered":"<p>En riktig dr\u00f8m for barnerommet, det er kommode BASIC med praktiske hyller p\u00e5 sidene. Man velger selv og monterer hyllene p\u00e5 \u00f8nsket side. &nbsp;Skapet er s\u00e5 vakkert at det ogs\u00e5 passer inn i foreldrenes soverom. Garderoben er helt bygget for h\u00e5nd av MDF og det f\u00f8lger med masse sjarm og fine detaljer. En fantastisk m\u00f8bel til barnerommet med flere fine detaljer og rikelig med plass for kl\u00e6r og oppbevaring. &nbsp;<\/p>\n<p><strong>M\u00e5l:<\/strong><\/p>\n<ul>\n<li>H\u00f8yde 92 cm<\/li>\n<li>Bredde 115 cm<\/li>\n<li>Dybde 53 cm&nbsp;<\/li>\n<\/ul>\n<p><strong>Materiale<\/strong>: MDF i henhold til EN71\/3 standard<\/p>\n<p><strong>Farge<\/strong>: Greige\/natur&nbsp;<\/p>\n<p>Garderoben monteres enkelt sammen selv hjemme, og en god bruksanvisning f\u00f8lger selvf\u00f8lgelig med.<\/p>\n<p>Designer: <a href=\"https:\/\/babylove.se\/varumarken\/woodluck\">Woodluck<\/a><\/p>\n","protected":false},"excerpt":{"rendered":"<p>En riktig dr\u00f8m for barnerommet, det er kommode BASIC med praktiske hyller p\u00e5 sidene. Man velger selv og monterer hyllene p\u00e5 \u00f8nsket side. &nbsp;Skapet er s\u00e5 vakkert at det ogs\u00e5 passer inn i foreldrenes soverom. Garderoben er helt bygget for h\u00e5nd av MDF og det f\u00f8lger med masse sjarm og fine detaljer. En fantastisk m\u00f8bel [&hellip;]<\/p>\n","protected":false},"featured_media":21097,"comment_status":"closed","ping_status":"open","template":"","meta":{"_acf_changed":false},"product_brand":[596],"product_cat":[595,367,597],"product_tag":[1689],"class_list":{"0":"post-21095","1":"product","2":"type-product","3":"status-publish","4":"has-post-thumbnail","6":"product_brand-woodluck","7":"product_cat-garderobe","8":"product_cat-byra","9":"product_cat-woodluck","10":"product_tag-bestillingsvaror","12":"first","13":"instock","14":"taxable","15":"shipping-taxable","16":"purchasable","17":"product-type-simple"},"acf":[],"yoast_head":"<!-- This site is optimized with the Yoast SEO Premium plugin v25.8 (Yoast SEO v27.2) - https:\/\/yoast.com\/product\/yoast-seo-premium-wordpress\/ -->\n<title>Woodluck, kommode med bokhylle, BASIC - Babylove Norska<\/title>\n<meta name=\"robots\" content=\"noindex, follow, max-snippet:-1, max-image-preview:large, max-video-preview:-1\" \/>\n<meta property=\"og:locale\" content=\"nb_NO\" \/>\n<meta property=\"og:type\" content=\"article\" \/>\n<meta property=\"og:title\" content=\"Woodluck, kommode med bokhylle, BASIC\" \/>\n<meta property=\"og:description\" content=\"En riktig dr\u00f8m for barnerommet, det er kommode BASIC med praktiske hyller p\u00e5 sidene. Man velger selv og monterer hyllene p\u00e5 \u00f8nsket side. &nbsp;Skapet er s\u00e5 vakkert at det ogs\u00e5 passer inn i foreldrenes soverom. Garderoben er helt bygget for h\u00e5nd av MDF og det f\u00f8lger med masse sjarm og fine detaljer. En fantastisk m\u00f8bel [&hellip;]\" \/>\n<meta property=\"og:url\" content=\"https:\/\/babylove.se\/no\/produkt\/woodluck-byra-med-bokhylle-basic\/\" \/>\n<meta property=\"og:site_name\" content=\"Babylove Norska\" \/>\n<meta property=\"article:modified_time\" content=\"2026-04-08T08:44:15+00:00\" \/>\n<meta property=\"og:image\" content=\"https:\/\/babylove.se\/no\/wp-content\/uploads\/sites\/3\/2025\/07\/5fbc0b2a8b4c2.png\" \/>\n\t<meta property=\"og:image:width\" content=\"750\" \/>\n\t<meta property=\"og:image:height\" content=\"568\" \/>\n\t<meta property=\"og:image:type\" content=\"image\/png\" \/>\n<meta name=\"twitter:card\" content=\"summary_large_image\" \/>\n<meta name=\"twitter:label1\" content=\"Price\" \/>\n\t<meta name=\"twitter:data1\" content=\"8 499,00&nbsp;&#107;&#114;\" \/>\n\t<meta name=\"twitter:label2\" content=\"Availability\" \/>\n\t<meta name=\"twitter:data2\" content=\"In stock\" \/>\n<script type=\"application\/ld+json\" class=\"yoast-schema-graph\">{\"@context\":\"https:\/\/schema.org\",\"@graph\":[{\"@type\":\"WebPage\",\"@id\":\"https:\/\/babylove.se\/no\/produkt\/woodluck-byra-med-bokhylle-basic\/\",\"url\":\"https:\/\/babylove.se\/no\/produkt\/woodluck-byra-med-bokhylle-basic\/\",\"name\":\"Woodluck, kommode med bokhylle, BASIC - Babylove Norska\",\"isPartOf\":{\"@id\":\"https:\/\/babylove.se\/no\/#website\"},\"primaryImageOfPage\":{\"@id\":\"https:\/\/babylove.se\/no\/produkt\/woodluck-byra-med-bokhylle-basic\/#primaryimage\"},\"image\":{\"@id\":\"https:\/\/babylove.se\/no\/produkt\/woodluck-byra-med-bokhylle-basic\/#primaryimage\"},\"thumbnailUrl\":\"https:\/\/babylove.se\/no\/wp-content\/uploads\/sites\/3\/2025\/07\/5fbc0b2a8b4c2.png\",\"datePublished\":\"2025-07-18T21:41:05+00:00\",\"dateModified\":\"2026-04-08T08:44:15+00:00\",\"breadcrumb\":{\"@id\":\"https:\/\/babylove.se\/no\/produkt\/woodluck-byra-med-bokhylle-basic\/#breadcrumb\"},\"inLanguage\":\"nb-NO\",\"potentialAction\":[{\"@type\":\"ReadAction\",\"target\":[\"https:\/\/babylove.se\/no\/produkt\/woodluck-byra-med-bokhylle-basic\/\"]}]},{\"@type\":\"ImageObject\",\"inLanguage\":\"nb-NO\",\"@id\":\"https:\/\/babylove.se\/no\/produkt\/woodluck-byra-med-bokhylle-basic\/#primaryimage\",\"url\":\"https:\/\/babylove.se\/no\/wp-content\/uploads\/sites\/3\/2025\/07\/5fbc0b2a8b4c2.png\",\"contentUrl\":\"https:\/\/babylove.se\/no\/wp-content\/uploads\/sites\/3\/2025\/07\/5fbc0b2a8b4c2.png\",\"width\":750,\"height\":568},{\"@type\":\"BreadcrumbList\",\"@id\":\"https:\/\/babylove.se\/no\/produkt\/woodluck-byra-med-bokhylle-basic\/#breadcrumb\",\"itemListElement\":[{\"@type\":\"ListItem\",\"position\":1,\"name\":\"Hem\",\"item\":\"https:\/\/babylove.se\/no\/\"},{\"@type\":\"ListItem\",\"position\":2,\"name\":\"Butik\",\"item\":\"https:\/\/babylove.se\/no\/butik\/\"},{\"@type\":\"ListItem\",\"position\":3,\"name\":\"Woodluck, kommode med bokhylle, BASIC\"}]},{\"@type\":\"WebSite\",\"@id\":\"https:\/\/babylove.se\/no\/#website\",\"url\":\"https:\/\/babylove.se\/no\/\",\"name\":\"Babylove Norska\",\"description\":\"\",\"potentialAction\":[{\"@type\":\"SearchAction\",\"target\":{\"@type\":\"EntryPoint\",\"urlTemplate\":\"https:\/\/babylove.se\/no\/?s={search_term_string}\"},\"query-input\":{\"@type\":\"PropertyValueSpecification\",\"valueRequired\":true,\"valueName\":\"search_term_string\"}}],\"inLanguage\":\"nb-NO\"}]}<\/script>\n<meta property=\"product:brand\" content=\"Woodluck\" \/>\n<meta property=\"product:price:amount\" content=\"8499.00\" \/>\n<meta property=\"product:price:currency\" content=\"SEK\" \/>\n<meta property=\"og:availability\" content=\"instock\" \/>\n<meta property=\"product:availability\" content=\"instock\" \/>\n<meta property=\"product:retailer_item_id\" content=\"100.32\" \/>\n<meta property=\"product:condition\" content=\"new\" \/>\n<!-- \/ Yoast SEO Premium plugin. -->","yoast_head_json":{"title":"Woodluck, kommode med bokhylle, BASIC - Babylove Norska","robots":{"index":"noindex","follow":"follow","max-snippet":"max-snippet:-1","max-image-preview":"max-image-preview:large","max-video-preview":"max-video-preview:-1"},"og_locale":"nb_NO","og_type":"article","og_title":"Woodluck, kommode med bokhylle, BASIC","og_description":"En riktig dr\u00f8m for barnerommet, det er kommode BASIC med praktiske hyller p\u00e5 sidene. Man velger selv og monterer hyllene p\u00e5 \u00f8nsket side. &nbsp;Skapet er s\u00e5 vakkert at det ogs\u00e5 passer inn i foreldrenes soverom. Garderoben er helt bygget for h\u00e5nd av MDF og det f\u00f8lger med masse sjarm og fine detaljer. En fantastisk m\u00f8bel [&hellip;]","og_url":"https:\/\/babylove.se\/no\/produkt\/woodluck-byra-med-bokhylle-basic\/","og_site_name":"Babylove Norska","article_modified_time":"2026-04-08T08:44:15+00:00","og_image":[{"width":750,"height":568,"url":"https:\/\/babylove.se\/no\/wp-content\/uploads\/sites\/3\/2025\/07\/5fbc0b2a8b4c2.png","type":"image\/png"}],"twitter_card":"summary_large_image","twitter_misc":{"Price":"8 499,00&nbsp;&#107;&#114;","Availability":"In stock"},"schema":{"@context":"https:\/\/schema.org","@graph":[{"@type":"WebPage","@id":"https:\/\/babylove.se\/no\/produkt\/woodluck-byra-med-bokhylle-basic\/","url":"https:\/\/babylove.se\/no\/produkt\/woodluck-byra-med-bokhylle-basic\/","name":"Woodluck, kommode med bokhylle, BASIC - Babylove Norska","isPartOf":{"@id":"https:\/\/babylove.se\/no\/#website"},"primaryImageOfPage":{"@id":"https:\/\/babylove.se\/no\/produkt\/woodluck-byra-med-bokhylle-basic\/#primaryimage"},"image":{"@id":"https:\/\/babylove.se\/no\/produkt\/woodluck-byra-med-bokhylle-basic\/#primaryimage"},"thumbnailUrl":"https:\/\/babylove.se\/no\/wp-content\/uploads\/sites\/3\/2025\/07\/5fbc0b2a8b4c2.png","datePublished":"2025-07-18T21:41:05+00:00","dateModified":"2026-04-08T08:44:15+00:00","breadcrumb":{"@id":"https:\/\/babylove.se\/no\/produkt\/woodluck-byra-med-bokhylle-basic\/#breadcrumb"},"inLanguage":"nb-NO","potentialAction":[{"@type":"ReadAction","target":["https:\/\/babylove.se\/no\/produkt\/woodluck-byra-med-bokhylle-basic\/"]}]},{"@type":"ImageObject","inLanguage":"nb-NO","@id":"https:\/\/babylove.se\/no\/produkt\/woodluck-byra-med-bokhylle-basic\/#primaryimage","url":"https:\/\/babylove.se\/no\/wp-content\/uploads\/sites\/3\/2025\/07\/5fbc0b2a8b4c2.png","contentUrl":"https:\/\/babylove.se\/no\/wp-content\/uploads\/sites\/3\/2025\/07\/5fbc0b2a8b4c2.png","width":750,"height":568},{"@type":"BreadcrumbList","@id":"https:\/\/babylove.se\/no\/produkt\/woodluck-byra-med-bokhylle-basic\/#breadcrumb","itemListElement":[{"@type":"ListItem","position":1,"name":"Hem","item":"https:\/\/babylove.se\/no\/"},{"@type":"ListItem","position":2,"name":"Butik","item":"https:\/\/babylove.se\/no\/butik\/"},{"@type":"ListItem","position":3,"name":"Woodluck, kommode med bokhylle, BASIC"}]},{"@type":"WebSite","@id":"https:\/\/babylove.se\/no\/#website","url":"https:\/\/babylove.se\/no\/","name":"Babylove Norska","description":"","potentialAction":[{"@type":"SearchAction","target":{"@type":"EntryPoint","urlTemplate":"https:\/\/babylove.se\/no\/?s={search_term_string}"},"query-input":{"@type":"PropertyValueSpecification","valueRequired":true,"valueName":"search_term_string"}}],"inLanguage":"nb-NO"}]},"product_brand":"Woodluck","product_price_amount":"8499.00","product_price_currency":"SEK","og_availability":"instock","product_availability":"instock","product_retailer_item_id":"100.32","product_condition":"new"},"_links":{"self":[{"href":"https:\/\/babylove.se\/no\/wp-json\/wp\/v2\/product\/21095","targetHints":{"allow":["GET"]}}],"collection":[{"href":"https:\/\/babylove.se\/no\/wp-json\/wp\/v2\/product"}],"about":[{"href":"https:\/\/babylove.se\/no\/wp-json\/wp\/v2\/types\/product"}],"replies":[{"embeddable":true,"href":"https:\/\/babylove.se\/no\/wp-json\/wp\/v2\/comments?post=21095"}],"wp:featuredmedia":[{"embeddable":true,"href":"https:\/\/babylove.se\/no\/wp-json\/wp\/v2\/media\/21097"}],"wp:attachment":[{"href":"https:\/\/babylove.se\/no\/wp-json\/wp\/v2\/media?parent=21095"}],"wp:term":[{"taxonomy":"product_brand","embeddable":true,"href":"https:\/\/babylove.se\/no\/wp-json\/wp\/v2\/product_brand?post=21095"},{"taxonomy":"product_cat","embeddable":true,"href":"https:\/\/babylove.se\/no\/wp-json\/wp\/v2\/product_cat?post=21095"},{"taxonomy":"product_tag","embeddable":true,"href":"https:\/\/babylove.se\/no\/wp-json\/wp\/v2\/product_tag?post=21095"}],"curies":[{"name":"wp","href":"https:\/\/api.w.org\/{rel}","templated":true}]}}