{"id":21108,"date":"2025-07-18T22:41:05","date_gmt":"2025-07-18T21:41:05","guid":{"rendered":"https:\/\/babylove.se\/produkt\/woodluck-2-in-1-spjalsang-och-juniorsang-basic\/"},"modified":"2026-04-08T09:44:18","modified_gmt":"2026-04-08T08:44:18","slug":"woodluck-2-in-1-sprinkelseng-og-juniorseng-basic","status":"publish","type":"product","link":"https:\/\/babylove.se\/no\/produkt\/woodluck-2-in-1-sprinkelseng-og-juniorseng-basic\/","title":{"rendered":"Woodluck, 2 in 1, sprinkelseng og juniorseng BASIC"},"content":{"rendered":"<p>Woodluck fantastisk minimalistisk sprinkelseng fra samme serie som popul\u00e6re BASIC garderobe og skap. Sengen er helt h\u00e5ndlaget og ingenting overlates til tilfeldighetene. Sengen er utrolig detaljrik med fine ben og vakre m\u00f8nstre som sammen skaper et helt unikt produkt.&nbsp;<\/p>\n<p>Bunnen kan justeres i tre forskjellige h\u00f8yder for babyen og sengen er forberedt for \u00e5 gj\u00f8res om til en juniorseng n\u00e5r barnet vokser. Alle delene til juniorsengen er inkludert.&nbsp;<\/p>\n<p>Passer i alle typer barnerom og kan matches med b\u00e5de stilrene sengesett i hvitt og med sengesett med volangar og tilh\u00f8rende puter. Sengen er s\u00e5 vakker i seg selv at du vil lykkes uansett hvilken stil du har eller velger.<\/p>\n<p>Vi vil heller ikke glemme \u00e5 fortelle at sengen er malt kun med godkjente og sikre farger i henhold til EN71\/3 standard.&nbsp;<\/p>\n<p><strong>M\u00e5l<\/strong>:<\/p>\n<ul>\n<li>Sengeramme &nbsp;145 cm x 75 cm. H\u00f8yde: 99 cm.<\/li>\n<li>Sengem\u00e5l: 70&#215;140 cm. Madress er ikke inkludert men kan kj\u00f8pes separat hos oss.<\/li>\n<li>Ribbbunn er inkludert.<\/li>\n<li>Sengen sendes i deler men med enkel montering i hjemmet.<\/li>\n<\/ul>\n<p>Designer: <a href=\"https:\/\/babylove.se\/varumarken\/woodluck\">Woodluck<\/a><\/p>\n<p><em><em><em><em><em>Obs! Sengen leveres umontert og b\u00f8r settes sammen i rommet den skal brukes i.<\/em><\/em><\/em><\/em><\/em><\/p>\n","protected":false},"excerpt":{"rendered":"<p>Woodluck fantastisk minimalistisk sprinkelseng fra samme serie som popul\u00e6re BASIC garderobe og skap. Sengen er helt h\u00e5ndlaget og ingenting overlates til tilfeldighetene. Sengen er utrolig detaljrik med fine ben og vakre m\u00f8nstre som sammen skaper et helt unikt produkt.&nbsp; Bunnen kan justeres i tre forskjellige h\u00f8yder for babyen og sengen er forberedt for \u00e5 gj\u00f8res [&hellip;]<\/p>\n","protected":false},"featured_media":21110,"comment_status":"closed","ping_status":"open","template":"","meta":{"_acf_changed":false},"product_brand":[596],"product_cat":[279,269,40,597],"product_tag":[1689],"class_list":{"0":"post-21108","1":"product","2":"type-product","3":"status-publish","4":"has-post-thumbnail","6":"product_brand-woodluck","7":"product_cat-spjlsngar","8":"product_cat-juniorsenger","9":"product_cat-soverom-barn","10":"product_cat-woodluck","11":"product_tag-bestillingsvaror","13":"first","14":"instock","15":"taxable","16":"shipping-taxable","17":"purchasable","18":"product-type-simple"},"acf":[],"yoast_head":"<!-- This site is optimized with the Yoast SEO Premium plugin v25.8 (Yoast SEO v27.2) - https:\/\/yoast.com\/product\/yoast-seo-premium-wordpress\/ -->\n<title>Woodluck, 2 in 1, sprinkelseng og juniorseng BASIC - Babylove Norska<\/title>\n<meta name=\"robots\" content=\"noindex, follow, max-snippet:-1, max-image-preview:large, max-video-preview:-1\" \/>\n<meta property=\"og:locale\" content=\"nb_NO\" \/>\n<meta property=\"og:type\" content=\"article\" \/>\n<meta property=\"og:title\" content=\"Woodluck, 2 in 1, sprinkelseng og juniorseng BASIC\" \/>\n<meta property=\"og:description\" content=\"Woodluck fantastisk minimalistisk sprinkelseng fra samme serie som popul\u00e6re BASIC garderobe og skap. Sengen er helt h\u00e5ndlaget og ingenting overlates til tilfeldighetene. Sengen er utrolig detaljrik med fine ben og vakre m\u00f8nstre som sammen skaper et helt unikt produkt.&nbsp; Bunnen kan justeres i tre forskjellige h\u00f8yder for babyen og sengen er forberedt for \u00e5 gj\u00f8res [&hellip;]\" \/>\n<meta property=\"og:url\" content=\"https:\/\/babylove.se\/no\/produkt\/woodluck-2-in-1-sprinkelseng-og-juniorseng-basic\/\" \/>\n<meta property=\"og:site_name\" content=\"Babylove Norska\" \/>\n<meta property=\"article:modified_time\" content=\"2026-04-08T08:44:18+00:00\" \/>\n<meta property=\"og:image\" content=\"https:\/\/babylove.se\/no\/wp-content\/uploads\/sites\/3\/2025\/07\/5fbc0be810bb1.png\" \/>\n\t<meta property=\"og:image:width\" content=\"750\" \/>\n\t<meta property=\"og:image:height\" content=\"704\" \/>\n\t<meta property=\"og:image:type\" content=\"image\/png\" \/>\n<meta name=\"twitter:card\" content=\"summary_large_image\" \/>\n<meta name=\"twitter:label1\" content=\"Price\" \/>\n\t<meta name=\"twitter:data1\" content=\"10 899,00&nbsp;&#107;&#114;\" \/>\n\t<meta name=\"twitter:label2\" content=\"Availability\" \/>\n\t<meta name=\"twitter:data2\" content=\"In stock\" \/>\n<script type=\"application\/ld+json\" class=\"yoast-schema-graph\">{\"@context\":\"https:\/\/schema.org\",\"@graph\":[{\"@type\":\"WebPage\",\"@id\":\"https:\/\/babylove.se\/no\/produkt\/woodluck-2-in-1-sprinkelseng-og-juniorseng-basic\/\",\"url\":\"https:\/\/babylove.se\/no\/produkt\/woodluck-2-in-1-sprinkelseng-og-juniorseng-basic\/\",\"name\":\"Woodluck, 2 in 1, sprinkelseng og juniorseng BASIC - Babylove Norska\",\"isPartOf\":{\"@id\":\"https:\/\/babylove.se\/no\/#website\"},\"primaryImageOfPage\":{\"@id\":\"https:\/\/babylove.se\/no\/produkt\/woodluck-2-in-1-sprinkelseng-og-juniorseng-basic\/#primaryimage\"},\"image\":{\"@id\":\"https:\/\/babylove.se\/no\/produkt\/woodluck-2-in-1-sprinkelseng-og-juniorseng-basic\/#primaryimage\"},\"thumbnailUrl\":\"https:\/\/babylove.se\/no\/wp-content\/uploads\/sites\/3\/2025\/07\/5fbc0be810bb1.png\",\"datePublished\":\"2025-07-18T21:41:05+00:00\",\"dateModified\":\"2026-04-08T08:44:18+00:00\",\"breadcrumb\":{\"@id\":\"https:\/\/babylove.se\/no\/produkt\/woodluck-2-in-1-sprinkelseng-og-juniorseng-basic\/#breadcrumb\"},\"inLanguage\":\"nb-NO\",\"potentialAction\":[{\"@type\":\"ReadAction\",\"target\":[\"https:\/\/babylove.se\/no\/produkt\/woodluck-2-in-1-sprinkelseng-og-juniorseng-basic\/\"]}]},{\"@type\":\"ImageObject\",\"inLanguage\":\"nb-NO\",\"@id\":\"https:\/\/babylove.se\/no\/produkt\/woodluck-2-in-1-sprinkelseng-og-juniorseng-basic\/#primaryimage\",\"url\":\"https:\/\/babylove.se\/no\/wp-content\/uploads\/sites\/3\/2025\/07\/5fbc0be810bb1.png\",\"contentUrl\":\"https:\/\/babylove.se\/no\/wp-content\/uploads\/sites\/3\/2025\/07\/5fbc0be810bb1.png\",\"width\":750,\"height\":704},{\"@type\":\"BreadcrumbList\",\"@id\":\"https:\/\/babylove.se\/no\/produkt\/woodluck-2-in-1-sprinkelseng-og-juniorseng-basic\/#breadcrumb\",\"itemListElement\":[{\"@type\":\"ListItem\",\"position\":1,\"name\":\"Hem\",\"item\":\"https:\/\/babylove.se\/no\/\"},{\"@type\":\"ListItem\",\"position\":2,\"name\":\"Butik\",\"item\":\"https:\/\/babylove.se\/no\/butik\/\"},{\"@type\":\"ListItem\",\"position\":3,\"name\":\"Woodluck, 2 in 1, sprinkelseng og juniorseng BASIC\"}]},{\"@type\":\"WebSite\",\"@id\":\"https:\/\/babylove.se\/no\/#website\",\"url\":\"https:\/\/babylove.se\/no\/\",\"name\":\"Babylove Norska\",\"description\":\"\",\"potentialAction\":[{\"@type\":\"SearchAction\",\"target\":{\"@type\":\"EntryPoint\",\"urlTemplate\":\"https:\/\/babylove.se\/no\/?s={search_term_string}\"},\"query-input\":{\"@type\":\"PropertyValueSpecification\",\"valueRequired\":true,\"valueName\":\"search_term_string\"}}],\"inLanguage\":\"nb-NO\"}]}<\/script>\n<meta property=\"product:brand\" content=\"Woodluck\" \/>\n<meta property=\"product:price:amount\" content=\"10899.00\" \/>\n<meta property=\"product:price:currency\" content=\"SEK\" \/>\n<meta property=\"og:availability\" content=\"instock\" \/>\n<meta property=\"product:availability\" content=\"instock\" \/>\n<meta property=\"product:retailer_item_id\" content=\"100.49\" \/>\n<meta property=\"product:condition\" content=\"new\" \/>\n<!-- \/ Yoast SEO Premium plugin. -->","yoast_head_json":{"title":"Woodluck, 2 in 1, sprinkelseng og juniorseng BASIC - Babylove Norska","robots":{"index":"noindex","follow":"follow","max-snippet":"max-snippet:-1","max-image-preview":"max-image-preview:large","max-video-preview":"max-video-preview:-1"},"og_locale":"nb_NO","og_type":"article","og_title":"Woodluck, 2 in 1, sprinkelseng og juniorseng BASIC","og_description":"Woodluck fantastisk minimalistisk sprinkelseng fra samme serie som popul\u00e6re BASIC garderobe og skap. Sengen er helt h\u00e5ndlaget og ingenting overlates til tilfeldighetene. Sengen er utrolig detaljrik med fine ben og vakre m\u00f8nstre som sammen skaper et helt unikt produkt.&nbsp; Bunnen kan justeres i tre forskjellige h\u00f8yder for babyen og sengen er forberedt for \u00e5 gj\u00f8res [&hellip;]","og_url":"https:\/\/babylove.se\/no\/produkt\/woodluck-2-in-1-sprinkelseng-og-juniorseng-basic\/","og_site_name":"Babylove Norska","article_modified_time":"2026-04-08T08:44:18+00:00","og_image":[{"width":750,"height":704,"url":"https:\/\/babylove.se\/no\/wp-content\/uploads\/sites\/3\/2025\/07\/5fbc0be810bb1.png","type":"image\/png"}],"twitter_card":"summary_large_image","twitter_misc":{"Price":"10 899,00&nbsp;&#107;&#114;","Availability":"In stock"},"schema":{"@context":"https:\/\/schema.org","@graph":[{"@type":"WebPage","@id":"https:\/\/babylove.se\/no\/produkt\/woodluck-2-in-1-sprinkelseng-og-juniorseng-basic\/","url":"https:\/\/babylove.se\/no\/produkt\/woodluck-2-in-1-sprinkelseng-og-juniorseng-basic\/","name":"Woodluck, 2 in 1, sprinkelseng og juniorseng BASIC - Babylove Norska","isPartOf":{"@id":"https:\/\/babylove.se\/no\/#website"},"primaryImageOfPage":{"@id":"https:\/\/babylove.se\/no\/produkt\/woodluck-2-in-1-sprinkelseng-og-juniorseng-basic\/#primaryimage"},"image":{"@id":"https:\/\/babylove.se\/no\/produkt\/woodluck-2-in-1-sprinkelseng-og-juniorseng-basic\/#primaryimage"},"thumbnailUrl":"https:\/\/babylove.se\/no\/wp-content\/uploads\/sites\/3\/2025\/07\/5fbc0be810bb1.png","datePublished":"2025-07-18T21:41:05+00:00","dateModified":"2026-04-08T08:44:18+00:00","breadcrumb":{"@id":"https:\/\/babylove.se\/no\/produkt\/woodluck-2-in-1-sprinkelseng-og-juniorseng-basic\/#breadcrumb"},"inLanguage":"nb-NO","potentialAction":[{"@type":"ReadAction","target":["https:\/\/babylove.se\/no\/produkt\/woodluck-2-in-1-sprinkelseng-og-juniorseng-basic\/"]}]},{"@type":"ImageObject","inLanguage":"nb-NO","@id":"https:\/\/babylove.se\/no\/produkt\/woodluck-2-in-1-sprinkelseng-og-juniorseng-basic\/#primaryimage","url":"https:\/\/babylove.se\/no\/wp-content\/uploads\/sites\/3\/2025\/07\/5fbc0be810bb1.png","contentUrl":"https:\/\/babylove.se\/no\/wp-content\/uploads\/sites\/3\/2025\/07\/5fbc0be810bb1.png","width":750,"height":704},{"@type":"BreadcrumbList","@id":"https:\/\/babylove.se\/no\/produkt\/woodluck-2-in-1-sprinkelseng-og-juniorseng-basic\/#breadcrumb","itemListElement":[{"@type":"ListItem","position":1,"name":"Hem","item":"https:\/\/babylove.se\/no\/"},{"@type":"ListItem","position":2,"name":"Butik","item":"https:\/\/babylove.se\/no\/butik\/"},{"@type":"ListItem","position":3,"name":"Woodluck, 2 in 1, sprinkelseng og juniorseng BASIC"}]},{"@type":"WebSite","@id":"https:\/\/babylove.se\/no\/#website","url":"https:\/\/babylove.se\/no\/","name":"Babylove Norska","description":"","potentialAction":[{"@type":"SearchAction","target":{"@type":"EntryPoint","urlTemplate":"https:\/\/babylove.se\/no\/?s={search_term_string}"},"query-input":{"@type":"PropertyValueSpecification","valueRequired":true,"valueName":"search_term_string"}}],"inLanguage":"nb-NO"}]},"product_brand":"Woodluck","product_price_amount":"10899.00","product_price_currency":"SEK","og_availability":"instock","product_availability":"instock","product_retailer_item_id":"100.49","product_condition":"new"},"_links":{"self":[{"href":"https:\/\/babylove.se\/no\/wp-json\/wp\/v2\/product\/21108","targetHints":{"allow":["GET"]}}],"collection":[{"href":"https:\/\/babylove.se\/no\/wp-json\/wp\/v2\/product"}],"about":[{"href":"https:\/\/babylove.se\/no\/wp-json\/wp\/v2\/types\/product"}],"replies":[{"embeddable":true,"href":"https:\/\/babylove.se\/no\/wp-json\/wp\/v2\/comments?post=21108"}],"wp:featuredmedia":[{"embeddable":true,"href":"https:\/\/babylove.se\/no\/wp-json\/wp\/v2\/media\/21110"}],"wp:attachment":[{"href":"https:\/\/babylove.se\/no\/wp-json\/wp\/v2\/media?parent=21108"}],"wp:term":[{"taxonomy":"product_brand","embeddable":true,"href":"https:\/\/babylove.se\/no\/wp-json\/wp\/v2\/product_brand?post=21108"},{"taxonomy":"product_cat","embeddable":true,"href":"https:\/\/babylove.se\/no\/wp-json\/wp\/v2\/product_cat?post=21108"},{"taxonomy":"product_tag","embeddable":true,"href":"https:\/\/babylove.se\/no\/wp-json\/wp\/v2\/product_tag?post=21108"}],"curies":[{"name":"wp","href":"https:\/\/api.w.org\/{rel}","templated":true}]}}