{"id":2111,"date":"2025-07-18T20:06:28","date_gmt":"2025-07-18T19:06:28","guid":{"rendered":"https:\/\/babylove.se\/produkt\/amningskudde-ng-baby-woodfairytales-fairytale-petrol\/"},"modified":"2026-04-08T07:48:21","modified_gmt":"2026-04-08T06:48:21","slug":"ammekudde-ng-baby-woodfairytales-fairytale-petrol","status":"publish","type":"product","link":"https:\/\/babylove.se\/no\/produkt\/ammekudde-ng-baby-woodfairytales-fairytale-petrol\/","title":{"rendered":"Ammepute NG baby, Wood&#038;Fairytales, Fairytale Petrol"},"content":{"rendered":"<p style=\"text-align: justify;\">En <strong>ammepute fra NG Baby nye kolleksjon Wood&amp;Fairytales.<\/strong><\/p>\n<p style=\"text-align: justify;\">Helt laget av 100% GOTS-sertifisert bomull for smidighet og komfort. Du kan forme den og bruke den p\u00e5 beste m\u00e5te for deg og din stilling, n\u00e5r det er tid for \u00e5 amme barnet ditt.&nbsp;<\/p>\n<p style=\"text-align: justify;\">Denne <strong>ammeputen&nbsp;<\/strong>tilh\u00f8rer den s\u00e5kalte &#8220;Woods&amp;Fairytales&#8221;. Denne serien er skapt for foreldre som vil ha det beste for sine barn. Hele kolleksjonen er laget i 100% GOTS-sertifisert bomull som gir den en meget spesiell karakter. 100% GOTS-sertifisert bomull er nemlig et levende naturmateriale med utrolige egenskaper og garanterer en lang holdbarhet. Det er vanskelig \u00e5 finne et bedre materiale for \u00e5 skape den harmonien man \u00f8nsker \u00e5 ha i <strong>barnerommet<\/strong>.&nbsp;<\/p>\n<p style=\"text-align: justify;\">Alle produkter i denne serien er vaskbare p\u00e5 40 grader.<\/p>\n<p><strong>M\u00e5l<\/strong>: &nbsp;NG Babys ammepute finnes i to st\u00f8rrelser, stor og liten<\/p>\n<ul>\n<li><strong>Liten&nbsp;<\/strong>: <u>St\u00f8rrelse&nbsp;<\/u>Bredde: 45 cm | Dybde: 60 cm <u>St\u00f8rrelse utbrettet&nbsp;<\/u>Lengde: 90 cm | Bredde: 20 cm&nbsp;<\/li>\n<li><strong>Stor<\/strong>: <u>St\u00f8rrelse&nbsp;<\/u>Bredde: 55 cm | Dybde: 75 cm <u>St\u00f8rrelse utbrettet<\/u><strong>&nbsp;<\/strong>Lengde: 100 cm | Bredde: 25 cm<\/li>\n<\/ul>\n<p>Den store ammeputen har knyteb\u00e5nd og passer ogs\u00e5 meget godt til tvillinger.<\/p>\n<p><strong>Fyll<\/strong>: Styrolittkuler (EPS)<\/p>\n<p>Designer: NG Baby<\/p>\n","protected":false},"excerpt":{"rendered":"<p>En ammepute fra NG Baby nye kolleksjon Wood&amp;Fairytales. Helt laget av 100% GOTS-sertifisert bomull for smidighet og komfort. Du kan forme den og bruke den p\u00e5 beste m\u00e5te for deg og din stilling, n\u00e5r det er tid for \u00e5 amme barnet ditt.&nbsp; Denne ammeputen&nbsp;tilh\u00f8rer den s\u00e5kalte &#8220;Woods&amp;Fairytales&#8221;. Denne serien er skapt for foreldre som vil [&hellip;]<\/p>\n","protected":false},"featured_media":2113,"comment_status":"closed","ping_status":"open","template":"","meta":{"_acf_changed":false},"product_brand":[107],"product_cat":[65,109],"product_tag":[1689],"class_list":{"0":"post-2111","1":"product","2":"type-product","3":"status-publish","4":"has-post-thumbnail","6":"product_brand-ng-baby","7":"product_cat-ammeputer","8":"product_cat-ng-baby","9":"product_tag-bestillingsvaror","10":"pa_storlek-liten","11":"pa_storlek-stor-150-sek","13":"first","14":"outofstock","15":"taxable","16":"shipping-taxable","17":"purchasable","18":"product-type-variable"},"acf":[],"yoast_head":"<!-- This site is optimized with the Yoast SEO Premium plugin v25.8 (Yoast SEO v27.2) - https:\/\/yoast.com\/product\/yoast-seo-premium-wordpress\/ -->\n<title>Ammepute NG baby, Wood&amp;Fairytales, Fairytale Petrol - Babylove Norska<\/title>\n<meta name=\"robots\" content=\"noindex, follow, max-snippet:-1, max-image-preview:large, max-video-preview:-1\" \/>\n<meta property=\"og:locale\" content=\"nb_NO\" \/>\n<meta property=\"og:type\" content=\"article\" \/>\n<meta property=\"og:title\" content=\"Ammepute NG baby, Wood&amp;Fairytales, Fairytale Petrol\" \/>\n<meta property=\"og:description\" content=\"En ammepute fra NG Baby nye kolleksjon Wood&amp;Fairytales. Helt laget av 100% GOTS-sertifisert bomull for smidighet og komfort. Du kan forme den og bruke den p\u00e5 beste m\u00e5te for deg og din stilling, n\u00e5r det er tid for \u00e5 amme barnet ditt.&nbsp; Denne ammeputen&nbsp;tilh\u00f8rer den s\u00e5kalte &#8220;Woods&amp;Fairytales&#8221;. Denne serien er skapt for foreldre som vil [&hellip;]\" \/>\n<meta property=\"og:url\" content=\"https:\/\/babylove.se\/no\/produkt\/ammekudde-ng-baby-woodfairytales-fairytale-petrol\/\" \/>\n<meta property=\"og:site_name\" content=\"Babylove Norska\" \/>\n<meta property=\"article:modified_time\" content=\"2026-04-08T06:48:21+00:00\" \/>\n<meta property=\"og:image\" content=\"https:\/\/babylove.se\/no\/wp-content\/uploads\/sites\/3\/2025\/07\/5883448c64711.jpeg\" \/>\n\t<meta property=\"og:image:width\" content=\"739\" \/>\n\t<meta property=\"og:image:height\" content=\"750\" \/>\n\t<meta property=\"og:image:type\" content=\"image\/jpeg\" \/>\n<meta name=\"twitter:card\" content=\"summary_large_image\" \/>\n<meta name=\"twitter:label1\" content=\"Availability\" \/>\n\t<meta name=\"twitter:data1\" content=\"Out of stock\" \/>\n<script type=\"application\/ld+json\" class=\"yoast-schema-graph\">{\"@context\":\"https:\/\/schema.org\",\"@graph\":[{\"@type\":\"WebPage\",\"@id\":\"https:\/\/babylove.se\/no\/produkt\/ammekudde-ng-baby-woodfairytales-fairytale-petrol\/\",\"url\":\"https:\/\/babylove.se\/no\/produkt\/ammekudde-ng-baby-woodfairytales-fairytale-petrol\/\",\"name\":\"Ammepute NG baby, Wood&Fairytales, Fairytale Petrol - Babylove Norska\",\"isPartOf\":{\"@id\":\"https:\/\/babylove.se\/no\/#website\"},\"primaryImageOfPage\":{\"@id\":\"https:\/\/babylove.se\/no\/produkt\/ammekudde-ng-baby-woodfairytales-fairytale-petrol\/#primaryimage\"},\"image\":{\"@id\":\"https:\/\/babylove.se\/no\/produkt\/ammekudde-ng-baby-woodfairytales-fairytale-petrol\/#primaryimage\"},\"thumbnailUrl\":\"https:\/\/babylove.se\/no\/wp-content\/uploads\/sites\/3\/2025\/07\/5883448c64711.jpeg\",\"datePublished\":\"2025-07-18T19:06:28+00:00\",\"dateModified\":\"2026-04-08T06:48:21+00:00\",\"breadcrumb\":{\"@id\":\"https:\/\/babylove.se\/no\/produkt\/ammekudde-ng-baby-woodfairytales-fairytale-petrol\/#breadcrumb\"},\"inLanguage\":\"nb-NO\",\"potentialAction\":[{\"@type\":\"ReadAction\",\"target\":[\"https:\/\/babylove.se\/no\/produkt\/ammekudde-ng-baby-woodfairytales-fairytale-petrol\/\"]}]},{\"@type\":\"ImageObject\",\"inLanguage\":\"nb-NO\",\"@id\":\"https:\/\/babylove.se\/no\/produkt\/ammekudde-ng-baby-woodfairytales-fairytale-petrol\/#primaryimage\",\"url\":\"https:\/\/babylove.se\/no\/wp-content\/uploads\/sites\/3\/2025\/07\/5883448c64711.jpeg\",\"contentUrl\":\"https:\/\/babylove.se\/no\/wp-content\/uploads\/sites\/3\/2025\/07\/5883448c64711.jpeg\",\"width\":739,\"height\":750},{\"@type\":\"BreadcrumbList\",\"@id\":\"https:\/\/babylove.se\/no\/produkt\/ammekudde-ng-baby-woodfairytales-fairytale-petrol\/#breadcrumb\",\"itemListElement\":[{\"@type\":\"ListItem\",\"position\":1,\"name\":\"Hem\",\"item\":\"https:\/\/babylove.se\/no\/\"},{\"@type\":\"ListItem\",\"position\":2,\"name\":\"Butik\",\"item\":\"https:\/\/babylove.se\/no\/butik\/\"},{\"@type\":\"ListItem\",\"position\":3,\"name\":\"Ammepute NG baby, Wood&#038;Fairytales, Fairytale Petrol\"}]},{\"@type\":\"WebSite\",\"@id\":\"https:\/\/babylove.se\/no\/#website\",\"url\":\"https:\/\/babylove.se\/no\/\",\"name\":\"Babylove Norska\",\"description\":\"\",\"potentialAction\":[{\"@type\":\"SearchAction\",\"target\":{\"@type\":\"EntryPoint\",\"urlTemplate\":\"https:\/\/babylove.se\/no\/?s={search_term_string}\"},\"query-input\":{\"@type\":\"PropertyValueSpecification\",\"valueRequired\":true,\"valueName\":\"search_term_string\"}}],\"inLanguage\":\"nb-NO\"}]}<\/script>\n<meta property=\"product:brand\" content=\"Ng Baby\" \/>\n<meta property=\"og:availability\" content=\"out of stock\" \/>\n<meta property=\"product:availability\" content=\"out of stock\" \/>\n<meta property=\"product:retailer_item_id\" content=\"FairytalePetrolliten\" \/>\n<meta property=\"product:condition\" content=\"new\" \/>\n<!-- \/ Yoast SEO Premium plugin. -->","yoast_head_json":{"title":"Ammepute NG baby, Wood&Fairytales, Fairytale Petrol - Babylove Norska","robots":{"index":"noindex","follow":"follow","max-snippet":"max-snippet:-1","max-image-preview":"max-image-preview:large","max-video-preview":"max-video-preview:-1"},"og_locale":"nb_NO","og_type":"article","og_title":"Ammepute NG baby, Wood&Fairytales, Fairytale Petrol","og_description":"En ammepute fra NG Baby nye kolleksjon Wood&amp;Fairytales. Helt laget av 100% GOTS-sertifisert bomull for smidighet og komfort. Du kan forme den og bruke den p\u00e5 beste m\u00e5te for deg og din stilling, n\u00e5r det er tid for \u00e5 amme barnet ditt.&nbsp; Denne ammeputen&nbsp;tilh\u00f8rer den s\u00e5kalte &#8220;Woods&amp;Fairytales&#8221;. Denne serien er skapt for foreldre som vil [&hellip;]","og_url":"https:\/\/babylove.se\/no\/produkt\/ammekudde-ng-baby-woodfairytales-fairytale-petrol\/","og_site_name":"Babylove Norska","article_modified_time":"2026-04-08T06:48:21+00:00","og_image":[{"width":739,"height":750,"url":"https:\/\/babylove.se\/no\/wp-content\/uploads\/sites\/3\/2025\/07\/5883448c64711.jpeg","type":"image\/jpeg"}],"twitter_card":"summary_large_image","twitter_misc":{"Availability":"Out of stock"},"schema":{"@context":"https:\/\/schema.org","@graph":[{"@type":"WebPage","@id":"https:\/\/babylove.se\/no\/produkt\/ammekudde-ng-baby-woodfairytales-fairytale-petrol\/","url":"https:\/\/babylove.se\/no\/produkt\/ammekudde-ng-baby-woodfairytales-fairytale-petrol\/","name":"Ammepute NG baby, Wood&Fairytales, Fairytale Petrol - Babylove Norska","isPartOf":{"@id":"https:\/\/babylove.se\/no\/#website"},"primaryImageOfPage":{"@id":"https:\/\/babylove.se\/no\/produkt\/ammekudde-ng-baby-woodfairytales-fairytale-petrol\/#primaryimage"},"image":{"@id":"https:\/\/babylove.se\/no\/produkt\/ammekudde-ng-baby-woodfairytales-fairytale-petrol\/#primaryimage"},"thumbnailUrl":"https:\/\/babylove.se\/no\/wp-content\/uploads\/sites\/3\/2025\/07\/5883448c64711.jpeg","datePublished":"2025-07-18T19:06:28+00:00","dateModified":"2026-04-08T06:48:21+00:00","breadcrumb":{"@id":"https:\/\/babylove.se\/no\/produkt\/ammekudde-ng-baby-woodfairytales-fairytale-petrol\/#breadcrumb"},"inLanguage":"nb-NO","potentialAction":[{"@type":"ReadAction","target":["https:\/\/babylove.se\/no\/produkt\/ammekudde-ng-baby-woodfairytales-fairytale-petrol\/"]}]},{"@type":"ImageObject","inLanguage":"nb-NO","@id":"https:\/\/babylove.se\/no\/produkt\/ammekudde-ng-baby-woodfairytales-fairytale-petrol\/#primaryimage","url":"https:\/\/babylove.se\/no\/wp-content\/uploads\/sites\/3\/2025\/07\/5883448c64711.jpeg","contentUrl":"https:\/\/babylove.se\/no\/wp-content\/uploads\/sites\/3\/2025\/07\/5883448c64711.jpeg","width":739,"height":750},{"@type":"BreadcrumbList","@id":"https:\/\/babylove.se\/no\/produkt\/ammekudde-ng-baby-woodfairytales-fairytale-petrol\/#breadcrumb","itemListElement":[{"@type":"ListItem","position":1,"name":"Hem","item":"https:\/\/babylove.se\/no\/"},{"@type":"ListItem","position":2,"name":"Butik","item":"https:\/\/babylove.se\/no\/butik\/"},{"@type":"ListItem","position":3,"name":"Ammepute NG baby, Wood&#038;Fairytales, Fairytale Petrol"}]},{"@type":"WebSite","@id":"https:\/\/babylove.se\/no\/#website","url":"https:\/\/babylove.se\/no\/","name":"Babylove Norska","description":"","potentialAction":[{"@type":"SearchAction","target":{"@type":"EntryPoint","urlTemplate":"https:\/\/babylove.se\/no\/?s={search_term_string}"},"query-input":{"@type":"PropertyValueSpecification","valueRequired":true,"valueName":"search_term_string"}}],"inLanguage":"nb-NO"}]},"product_brand":"Ng Baby","og_availability":"out of stock","product_availability":"out of stock","product_retailer_item_id":"FairytalePetrolliten","product_condition":"new"},"_links":{"self":[{"href":"https:\/\/babylove.se\/no\/wp-json\/wp\/v2\/product\/2111","targetHints":{"allow":["GET"]}}],"collection":[{"href":"https:\/\/babylove.se\/no\/wp-json\/wp\/v2\/product"}],"about":[{"href":"https:\/\/babylove.se\/no\/wp-json\/wp\/v2\/types\/product"}],"replies":[{"embeddable":true,"href":"https:\/\/babylove.se\/no\/wp-json\/wp\/v2\/comments?post=2111"}],"wp:featuredmedia":[{"embeddable":true,"href":"https:\/\/babylove.se\/no\/wp-json\/wp\/v2\/media\/2113"}],"wp:attachment":[{"href":"https:\/\/babylove.se\/no\/wp-json\/wp\/v2\/media?parent=2111"}],"wp:term":[{"taxonomy":"product_brand","embeddable":true,"href":"https:\/\/babylove.se\/no\/wp-json\/wp\/v2\/product_brand?post=2111"},{"taxonomy":"product_cat","embeddable":true,"href":"https:\/\/babylove.se\/no\/wp-json\/wp\/v2\/product_cat?post=2111"},{"taxonomy":"product_tag","embeddable":true,"href":"https:\/\/babylove.se\/no\/wp-json\/wp\/v2\/product_tag?post=2111"}],"curies":[{"name":"wp","href":"https:\/\/api.w.org\/{rel}","templated":true}]}}