{"id":21126,"date":"2025-07-18T22:41:05","date_gmt":"2025-07-18T21:41:05","guid":{"rendered":"https:\/\/babylove.se\/produkt\/dekornik-vaggklistermarken-rabbit-the-magician\/"},"modified":"2026-04-08T09:44:24","modified_gmt":"2026-04-08T08:44:24","slug":"dekornik-veggklistremerker-kanin-trollmannen","status":"publish","type":"product","link":"https:\/\/babylove.se\/no\/produkt\/dekornik-veggklistremerker-kanin-trollmannen\/","title":{"rendered":"Dekornik, veggklistremerker- Rabbit the magician"},"content":{"rendered":"<p>Denne vidunderlige og s\u00f8te kaninen med navnet Harry vil raskt bli ditt barns beste venn! I form av et smart veggklistremerke som stadig flere oppdager er en praktisk og smart m\u00e5te \u00e5 dekorere veggene sine p\u00e5.&nbsp;<\/p>\n<p>Denne store kaninen vil skape en herlig og spesiell f\u00f8lelse i hele barnerommet og gi en deilig magi.&nbsp;<\/p>\n<p>Laget av et trykt materiale som har en f\u00f8lelse av mykt stoff, det er et polyestermateriale som ble oppfunnet i Korea men ble tatt til Europa for \u00e5 dekorere ulike interi\u00f8rer.&nbsp;<\/p>\n<p>M\u00e5l: Finnes i to st\u00f8rrelser:<\/p>\n<ol>\n<li>Small:60&#215;66 cm<\/li>\n<\/ol>\n<ul>\n<li>kanin: 24 cm x 44 cm<\/li>\n<li>lue med dusker: 13 cm x 15 cm<\/li>\n<li>sky med m\u00e5ne: 20 cm x 25 cm<\/li>\n<li>stjerner og gullkuler: mellom 1 cm (kuler) til 7 cm (store stjerner)<\/li>\n<\/ul>\n<p>&nbsp; &nbsp; &nbsp; &nbsp; 2. Large :90&#215;100 cm<\/p>\n<ul>\n<li>kanin: 36 cm x 67 cm<\/li>\n<li>lue med dusker: 20 cm x 22 cm<\/li>\n<li>sky med m\u00e5ne: 30 cm x 37 cm<\/li>\n<li>stjerner og gullkuler: mellom 2 cm (kuler) til 11 cm (store stjerner)<\/li>\n<\/ul>\n<p><u>Montering<\/u>: Merk, f\u00f8r du klistrer p\u00e5 disse veggklistremerkene &#8211; rengj\u00f8r overflaten grundig for st\u00f8v eller fett dette er sv\u00e6rt viktig. &nbsp;Har du malt om kan klistremerket limes p\u00e5 veggen f\u00f8rst etter ca 20 dager fra siste maling. Merk at klistremerkene er trykt med en hvit ramme som har en bredde p\u00e5 0,5-1 cm. Dette for at pelsen p\u00e5 Harry skal se s\u00e5 naturlig ut som mulig. Veggklistremerker er ikke egnet for vegger med en ujevn og grov struktur eller som er malt med lateksmaling eller tapetsert.<\/p>\n<p>Designer: <a href=\"https:\/\/babylove.se\/varumarken\/dekornik\">Dekornik<\/a><\/p>\n","protected":false},"excerpt":{"rendered":"<p>Denne vidunderlige og s\u00f8te kaninen med navnet Harry vil raskt bli ditt barns beste venn! I form av et smart veggklistremerke som stadig flere oppdager er en praktisk og smart m\u00e5te \u00e5 dekorere veggene sine p\u00e5.&nbsp; Denne store kaninen vil skape en herlig og spesiell f\u00f8lelse i hele barnerommet og gi en deilig magi.&nbsp; Laget [&hellip;]<\/p>\n","protected":false},"featured_media":21128,"comment_status":"closed","ping_status":"open","template":"","meta":{"_acf_changed":false},"product_brand":[190],"product_cat":[191,270,29,24],"product_tag":[1689],"class_list":{"0":"post-21126","1":"product","2":"type-product","3":"status-publish","4":"has-post-thumbnail","6":"product_brand-dekornik","7":"product_cat-dekornik","8":"product_cat-sirkus","9":"product_cat-veggdekorasjoner","10":"product_cat-veggklistremerker","11":"product_tag-bestillingsvaror","12":"pa_storlek-l-90x100-cm","13":"pa_storlek-s-60x66-cm","15":"first","16":"instock","17":"taxable","18":"shipping-taxable","19":"purchasable","20":"product-type-variable"},"acf":[],"yoast_head":"<!-- This site is optimized with the Yoast SEO Premium plugin v25.8 (Yoast SEO v27.2) - https:\/\/yoast.com\/product\/yoast-seo-premium-wordpress\/ -->\n<title>Dekornik, veggklistremerker- Rabbit the magician - Babylove Norska<\/title>\n<meta name=\"robots\" content=\"noindex, follow, max-snippet:-1, max-image-preview:large, max-video-preview:-1\" \/>\n<meta property=\"og:locale\" content=\"nb_NO\" \/>\n<meta property=\"og:type\" content=\"article\" \/>\n<meta property=\"og:title\" content=\"Dekornik, veggklistremerker- Rabbit the magician\" \/>\n<meta property=\"og:description\" content=\"Denne vidunderlige og s\u00f8te kaninen med navnet Harry vil raskt bli ditt barns beste venn! I form av et smart veggklistremerke som stadig flere oppdager er en praktisk og smart m\u00e5te \u00e5 dekorere veggene sine p\u00e5.&nbsp; Denne store kaninen vil skape en herlig og spesiell f\u00f8lelse i hele barnerommet og gi en deilig magi.&nbsp; Laget [&hellip;]\" \/>\n<meta property=\"og:url\" content=\"https:\/\/babylove.se\/no\/produkt\/dekornik-veggklistremerker-kanin-trollmannen\/\" \/>\n<meta property=\"og:site_name\" content=\"Babylove Norska\" \/>\n<meta property=\"article:modified_time\" content=\"2026-04-08T08:44:24+00:00\" \/>\n<meta property=\"og:image\" content=\"https:\/\/babylove.se\/no\/wp-content\/uploads\/sites\/3\/2025\/07\/5fbcff13c8b6b.jpeg\" \/>\n\t<meta property=\"og:image:width\" content=\"750\" \/>\n\t<meta property=\"og:image:height\" content=\"750\" \/>\n\t<meta property=\"og:image:type\" content=\"image\/jpeg\" \/>\n<meta name=\"twitter:card\" content=\"summary_large_image\" \/>\n<meta name=\"twitter:label1\" content=\"Availability\" \/>\n\t<meta name=\"twitter:data1\" content=\"In stock\" \/>\n<script type=\"application\/ld+json\" class=\"yoast-schema-graph\">{\"@context\":\"https:\/\/schema.org\",\"@graph\":[{\"@type\":\"WebPage\",\"@id\":\"https:\/\/babylove.se\/no\/produkt\/dekornik-veggklistremerker-kanin-trollmannen\/\",\"url\":\"https:\/\/babylove.se\/no\/produkt\/dekornik-veggklistremerker-kanin-trollmannen\/\",\"name\":\"Dekornik, veggklistremerker- Rabbit the magician - Babylove Norska\",\"isPartOf\":{\"@id\":\"https:\/\/babylove.se\/no\/#website\"},\"primaryImageOfPage\":{\"@id\":\"https:\/\/babylove.se\/no\/produkt\/dekornik-veggklistremerker-kanin-trollmannen\/#primaryimage\"},\"image\":{\"@id\":\"https:\/\/babylove.se\/no\/produkt\/dekornik-veggklistremerker-kanin-trollmannen\/#primaryimage\"},\"thumbnailUrl\":\"https:\/\/babylove.se\/no\/wp-content\/uploads\/sites\/3\/2025\/07\/5fbcff13c8b6b.jpeg\",\"datePublished\":\"2025-07-18T21:41:05+00:00\",\"dateModified\":\"2026-04-08T08:44:24+00:00\",\"breadcrumb\":{\"@id\":\"https:\/\/babylove.se\/no\/produkt\/dekornik-veggklistremerker-kanin-trollmannen\/#breadcrumb\"},\"inLanguage\":\"nb-NO\",\"potentialAction\":[{\"@type\":\"ReadAction\",\"target\":[\"https:\/\/babylove.se\/no\/produkt\/dekornik-veggklistremerker-kanin-trollmannen\/\"]}]},{\"@type\":\"ImageObject\",\"inLanguage\":\"nb-NO\",\"@id\":\"https:\/\/babylove.se\/no\/produkt\/dekornik-veggklistremerker-kanin-trollmannen\/#primaryimage\",\"url\":\"https:\/\/babylove.se\/no\/wp-content\/uploads\/sites\/3\/2025\/07\/5fbcff13c8b6b.jpeg\",\"contentUrl\":\"https:\/\/babylove.se\/no\/wp-content\/uploads\/sites\/3\/2025\/07\/5fbcff13c8b6b.jpeg\",\"width\":750,\"height\":750},{\"@type\":\"BreadcrumbList\",\"@id\":\"https:\/\/babylove.se\/no\/produkt\/dekornik-veggklistremerker-kanin-trollmannen\/#breadcrumb\",\"itemListElement\":[{\"@type\":\"ListItem\",\"position\":1,\"name\":\"Hem\",\"item\":\"https:\/\/babylove.se\/no\/\"},{\"@type\":\"ListItem\",\"position\":2,\"name\":\"Butik\",\"item\":\"https:\/\/babylove.se\/no\/butik\/\"},{\"@type\":\"ListItem\",\"position\":3,\"name\":\"Dekornik, veggklistremerker- Rabbit the magician\"}]},{\"@type\":\"WebSite\",\"@id\":\"https:\/\/babylove.se\/no\/#website\",\"url\":\"https:\/\/babylove.se\/no\/\",\"name\":\"Babylove Norska\",\"description\":\"\",\"potentialAction\":[{\"@type\":\"SearchAction\",\"target\":{\"@type\":\"EntryPoint\",\"urlTemplate\":\"https:\/\/babylove.se\/no\/?s={search_term_string}\"},\"query-input\":{\"@type\":\"PropertyValueSpecification\",\"valueRequired\":true,\"valueName\":\"search_term_string\"}}],\"inLanguage\":\"nb-NO\"}]}<\/script>\n<meta property=\"product:brand\" content=\"Dekornik\" \/>\n<meta property=\"og:availability\" content=\"instock\" \/>\n<meta property=\"product:availability\" content=\"instock\" \/>\n<meta property=\"product:retailer_item_id\" content=\"DEKO.N.NNM.077_S\" \/>\n<meta property=\"product:condition\" content=\"new\" \/>\n<!-- \/ Yoast SEO Premium plugin. -->","yoast_head_json":{"title":"Dekornik, veggklistremerker- Rabbit the magician - Babylove Norska","robots":{"index":"noindex","follow":"follow","max-snippet":"max-snippet:-1","max-image-preview":"max-image-preview:large","max-video-preview":"max-video-preview:-1"},"og_locale":"nb_NO","og_type":"article","og_title":"Dekornik, veggklistremerker- Rabbit the magician","og_description":"Denne vidunderlige og s\u00f8te kaninen med navnet Harry vil raskt bli ditt barns beste venn! I form av et smart veggklistremerke som stadig flere oppdager er en praktisk og smart m\u00e5te \u00e5 dekorere veggene sine p\u00e5.&nbsp; Denne store kaninen vil skape en herlig og spesiell f\u00f8lelse i hele barnerommet og gi en deilig magi.&nbsp; Laget [&hellip;]","og_url":"https:\/\/babylove.se\/no\/produkt\/dekornik-veggklistremerker-kanin-trollmannen\/","og_site_name":"Babylove Norska","article_modified_time":"2026-04-08T08:44:24+00:00","og_image":[{"width":750,"height":750,"url":"https:\/\/babylove.se\/no\/wp-content\/uploads\/sites\/3\/2025\/07\/5fbcff13c8b6b.jpeg","type":"image\/jpeg"}],"twitter_card":"summary_large_image","twitter_misc":{"Availability":"In stock"},"schema":{"@context":"https:\/\/schema.org","@graph":[{"@type":"WebPage","@id":"https:\/\/babylove.se\/no\/produkt\/dekornik-veggklistremerker-kanin-trollmannen\/","url":"https:\/\/babylove.se\/no\/produkt\/dekornik-veggklistremerker-kanin-trollmannen\/","name":"Dekornik, veggklistremerker- Rabbit the magician - Babylove Norska","isPartOf":{"@id":"https:\/\/babylove.se\/no\/#website"},"primaryImageOfPage":{"@id":"https:\/\/babylove.se\/no\/produkt\/dekornik-veggklistremerker-kanin-trollmannen\/#primaryimage"},"image":{"@id":"https:\/\/babylove.se\/no\/produkt\/dekornik-veggklistremerker-kanin-trollmannen\/#primaryimage"},"thumbnailUrl":"https:\/\/babylove.se\/no\/wp-content\/uploads\/sites\/3\/2025\/07\/5fbcff13c8b6b.jpeg","datePublished":"2025-07-18T21:41:05+00:00","dateModified":"2026-04-08T08:44:24+00:00","breadcrumb":{"@id":"https:\/\/babylove.se\/no\/produkt\/dekornik-veggklistremerker-kanin-trollmannen\/#breadcrumb"},"inLanguage":"nb-NO","potentialAction":[{"@type":"ReadAction","target":["https:\/\/babylove.se\/no\/produkt\/dekornik-veggklistremerker-kanin-trollmannen\/"]}]},{"@type":"ImageObject","inLanguage":"nb-NO","@id":"https:\/\/babylove.se\/no\/produkt\/dekornik-veggklistremerker-kanin-trollmannen\/#primaryimage","url":"https:\/\/babylove.se\/no\/wp-content\/uploads\/sites\/3\/2025\/07\/5fbcff13c8b6b.jpeg","contentUrl":"https:\/\/babylove.se\/no\/wp-content\/uploads\/sites\/3\/2025\/07\/5fbcff13c8b6b.jpeg","width":750,"height":750},{"@type":"BreadcrumbList","@id":"https:\/\/babylove.se\/no\/produkt\/dekornik-veggklistremerker-kanin-trollmannen\/#breadcrumb","itemListElement":[{"@type":"ListItem","position":1,"name":"Hem","item":"https:\/\/babylove.se\/no\/"},{"@type":"ListItem","position":2,"name":"Butik","item":"https:\/\/babylove.se\/no\/butik\/"},{"@type":"ListItem","position":3,"name":"Dekornik, veggklistremerker- Rabbit the magician"}]},{"@type":"WebSite","@id":"https:\/\/babylove.se\/no\/#website","url":"https:\/\/babylove.se\/no\/","name":"Babylove Norska","description":"","potentialAction":[{"@type":"SearchAction","target":{"@type":"EntryPoint","urlTemplate":"https:\/\/babylove.se\/no\/?s={search_term_string}"},"query-input":{"@type":"PropertyValueSpecification","valueRequired":true,"valueName":"search_term_string"}}],"inLanguage":"nb-NO"}]},"product_brand":"Dekornik","og_availability":"instock","product_availability":"instock","product_retailer_item_id":"DEKO.N.NNM.077_S","product_condition":"new"},"_links":{"self":[{"href":"https:\/\/babylove.se\/no\/wp-json\/wp\/v2\/product\/21126","targetHints":{"allow":["GET"]}}],"collection":[{"href":"https:\/\/babylove.se\/no\/wp-json\/wp\/v2\/product"}],"about":[{"href":"https:\/\/babylove.se\/no\/wp-json\/wp\/v2\/types\/product"}],"replies":[{"embeddable":true,"href":"https:\/\/babylove.se\/no\/wp-json\/wp\/v2\/comments?post=21126"}],"wp:featuredmedia":[{"embeddable":true,"href":"https:\/\/babylove.se\/no\/wp-json\/wp\/v2\/media\/21128"}],"wp:attachment":[{"href":"https:\/\/babylove.se\/no\/wp-json\/wp\/v2\/media?parent=21126"}],"wp:term":[{"taxonomy":"product_brand","embeddable":true,"href":"https:\/\/babylove.se\/no\/wp-json\/wp\/v2\/product_brand?post=21126"},{"taxonomy":"product_cat","embeddable":true,"href":"https:\/\/babylove.se\/no\/wp-json\/wp\/v2\/product_cat?post=21126"},{"taxonomy":"product_tag","embeddable":true,"href":"https:\/\/babylove.se\/no\/wp-json\/wp\/v2\/product_tag?post=21126"}],"curies":[{"name":"wp","href":"https:\/\/api.w.org\/{rel}","templated":true}]}}