{"id":21152,"date":"2025-07-18T22:41:51","date_gmt":"2025-07-18T21:41:51","guid":{"rendered":"https:\/\/babylove.se\/produkt\/dekornik-vaggklistermarken-little-magic-set-2\/"},"modified":"2026-04-08T09:44:35","modified_gmt":"2026-04-08T08:44:35","slug":"dekornik-veggklistremerker-little-magic-sett-2","status":"publish","type":"product","link":"https:\/\/babylove.se\/no\/produkt\/dekornik-veggklistremerker-little-magic-sett-2\/","title":{"rendered":"Dekornik, veggklistremerker- Little Magic Set 2"},"content":{"rendered":"<p>Superfint sett med veggklistremerker fra Dekornik. I form av et smart veggklistremerke som stadig flere oppdager er en praktisk og smart m\u00e5te \u00e5 dekorere veggene sine p\u00e5.&nbsp;<\/p>\n<p>Denne wallstickeren vil skape en deilig og spesiell f\u00f8lelse i hele barnerommet og gi en herlig magi.&nbsp;<\/p>\n<p>Laget av et trykt materiale som har en f\u00f8lelse av mykt stoff, det er et polyestermateriale som ble oppfunnet i Korea men ble tatt til Europa for \u00e5 dekorere forskjellige interi\u00f8rer.&nbsp;<\/p>\n<p>M\u00e5l: &nbsp;50&#215;50 cm&nbsp;<\/p>\n<ul>\n<li>prinsessekrone: 17 cm x 10 cm<\/li>\n<li>snurrebass: 15 x 17 cm<\/li>\n<li>lue: 15 cm x 15 cm<\/li>\n<li>baller: diameter 10 cm<\/li>\n<li>skallre: 7&#215;18 cm<\/li>\n<li>lue: 7 cm x 17 cm&nbsp;<\/li>\n<\/ul>\n<p><u>Montering<\/u>: Merk, f\u00f8r du klistrer p\u00e5 disse veggklistremerkene &#8211; rengj\u00f8r overflaten grundig for st\u00f8v eller fett dette er sv\u00e6rt viktig. &nbsp;Har du malt om kan klistremerket limes p\u00e5 veggen f\u00f8rst etter ca 20 dager fra den siste malingen. Merk at klistremerkene er trykt med en hvit ramme som har en bredde p\u00e5 0,5-1 cm. Dette for at pelsen p\u00e5 Harry skal se s\u00e5 naturlig ut som mulig. Veggklistremerker er ikke egnet for vegger med en ujevn og grov struktur eller som er malt med lateksfarger eller tapetkledt.<\/p>\n<p>Designer: <a href=\"https:\/\/babylove.se\/varumarken\/dekornik\">Dekornik<\/a><\/p>\n","protected":false},"excerpt":{"rendered":"<p>Superfint sett med veggklistremerker fra Dekornik. I form av et smart veggklistremerke som stadig flere oppdager er en praktisk og smart m\u00e5te \u00e5 dekorere veggene sine p\u00e5.&nbsp; Denne wallstickeren vil skape en deilig og spesiell f\u00f8lelse i hele barnerommet og gi en herlig magi.&nbsp; Laget av et trykt materiale som har en f\u00f8lelse av mykt [&hellip;]<\/p>\n","protected":false},"featured_media":21154,"comment_status":"closed","ping_status":"open","template":"","meta":{"_acf_changed":false},"product_brand":[190],"product_cat":[191,270,29,24],"product_tag":[1689],"class_list":{"0":"post-21152","1":"product","2":"type-product","3":"status-publish","4":"has-post-thumbnail","6":"product_brand-dekornik","7":"product_cat-dekornik","8":"product_cat-sirkus","9":"product_cat-veggdekorasjoner","10":"product_cat-veggklistremerker","11":"product_tag-bestillingsvaror","13":"first","14":"instock","15":"taxable","16":"shipping-taxable","17":"purchasable","18":"product-type-simple"},"acf":[],"yoast_head":"<!-- This site is optimized with the Yoast SEO Premium plugin v25.8 (Yoast SEO v27.2) - https:\/\/yoast.com\/product\/yoast-seo-premium-wordpress\/ -->\n<title>Dekornik, veggklistremerker- Little Magic Set 2 - Babylove Norska<\/title>\n<meta name=\"robots\" content=\"noindex, follow, max-snippet:-1, max-image-preview:large, max-video-preview:-1\" \/>\n<meta property=\"og:locale\" content=\"nb_NO\" \/>\n<meta property=\"og:type\" content=\"article\" \/>\n<meta property=\"og:title\" content=\"Dekornik, veggklistremerker- Little Magic Set 2\" \/>\n<meta property=\"og:description\" content=\"Superfint sett med veggklistremerker fra Dekornik. I form av et smart veggklistremerke som stadig flere oppdager er en praktisk og smart m\u00e5te \u00e5 dekorere veggene sine p\u00e5.&nbsp; Denne wallstickeren vil skape en deilig og spesiell f\u00f8lelse i hele barnerommet og gi en herlig magi.&nbsp; Laget av et trykt materiale som har en f\u00f8lelse av mykt [&hellip;]\" \/>\n<meta property=\"og:url\" content=\"https:\/\/babylove.se\/no\/produkt\/dekornik-veggklistremerker-little-magic-sett-2\/\" \/>\n<meta property=\"og:site_name\" content=\"Babylove Norska\" \/>\n<meta property=\"article:modified_time\" content=\"2026-04-08T08:44:35+00:00\" \/>\n<meta property=\"og:image\" content=\"https:\/\/babylove.se\/no\/wp-content\/uploads\/sites\/3\/2025\/07\/5fbd056289074.jpeg\" \/>\n\t<meta property=\"og:image:width\" content=\"750\" \/>\n\t<meta property=\"og:image:height\" content=\"750\" \/>\n\t<meta property=\"og:image:type\" content=\"image\/jpeg\" \/>\n<meta name=\"twitter:card\" content=\"summary_large_image\" \/>\n<meta name=\"twitter:label1\" content=\"Price\" \/>\n\t<meta name=\"twitter:data1\" content=\"399,00&nbsp;&#107;&#114;\" \/>\n\t<meta name=\"twitter:label2\" content=\"Availability\" \/>\n\t<meta name=\"twitter:data2\" content=\"In stock\" \/>\n<script type=\"application\/ld+json\" class=\"yoast-schema-graph\">{\"@context\":\"https:\/\/schema.org\",\"@graph\":[{\"@type\":\"WebPage\",\"@id\":\"https:\/\/babylove.se\/no\/produkt\/dekornik-veggklistremerker-little-magic-sett-2\/\",\"url\":\"https:\/\/babylove.se\/no\/produkt\/dekornik-veggklistremerker-little-magic-sett-2\/\",\"name\":\"Dekornik, veggklistremerker- Little Magic Set 2 - Babylove Norska\",\"isPartOf\":{\"@id\":\"https:\/\/babylove.se\/no\/#website\"},\"primaryImageOfPage\":{\"@id\":\"https:\/\/babylove.se\/no\/produkt\/dekornik-veggklistremerker-little-magic-sett-2\/#primaryimage\"},\"image\":{\"@id\":\"https:\/\/babylove.se\/no\/produkt\/dekornik-veggklistremerker-little-magic-sett-2\/#primaryimage\"},\"thumbnailUrl\":\"https:\/\/babylove.se\/no\/wp-content\/uploads\/sites\/3\/2025\/07\/5fbd056289074.jpeg\",\"datePublished\":\"2025-07-18T21:41:51+00:00\",\"dateModified\":\"2026-04-08T08:44:35+00:00\",\"breadcrumb\":{\"@id\":\"https:\/\/babylove.se\/no\/produkt\/dekornik-veggklistremerker-little-magic-sett-2\/#breadcrumb\"},\"inLanguage\":\"nb-NO\",\"potentialAction\":[{\"@type\":\"ReadAction\",\"target\":[\"https:\/\/babylove.se\/no\/produkt\/dekornik-veggklistremerker-little-magic-sett-2\/\"]}]},{\"@type\":\"ImageObject\",\"inLanguage\":\"nb-NO\",\"@id\":\"https:\/\/babylove.se\/no\/produkt\/dekornik-veggklistremerker-little-magic-sett-2\/#primaryimage\",\"url\":\"https:\/\/babylove.se\/no\/wp-content\/uploads\/sites\/3\/2025\/07\/5fbd056289074.jpeg\",\"contentUrl\":\"https:\/\/babylove.se\/no\/wp-content\/uploads\/sites\/3\/2025\/07\/5fbd056289074.jpeg\",\"width\":750,\"height\":750},{\"@type\":\"BreadcrumbList\",\"@id\":\"https:\/\/babylove.se\/no\/produkt\/dekornik-veggklistremerker-little-magic-sett-2\/#breadcrumb\",\"itemListElement\":[{\"@type\":\"ListItem\",\"position\":1,\"name\":\"Hem\",\"item\":\"https:\/\/babylove.se\/no\/\"},{\"@type\":\"ListItem\",\"position\":2,\"name\":\"Butik\",\"item\":\"https:\/\/babylove.se\/no\/butik\/\"},{\"@type\":\"ListItem\",\"position\":3,\"name\":\"Dekornik, veggklistremerker- Little Magic Set 2\"}]},{\"@type\":\"WebSite\",\"@id\":\"https:\/\/babylove.se\/no\/#website\",\"url\":\"https:\/\/babylove.se\/no\/\",\"name\":\"Babylove Norska\",\"description\":\"\",\"potentialAction\":[{\"@type\":\"SearchAction\",\"target\":{\"@type\":\"EntryPoint\",\"urlTemplate\":\"https:\/\/babylove.se\/no\/?s={search_term_string}\"},\"query-input\":{\"@type\":\"PropertyValueSpecification\",\"valueRequired\":true,\"valueName\":\"search_term_string\"}}],\"inLanguage\":\"nb-NO\"}]}<\/script>\n<meta property=\"product:brand\" content=\"Dekornik\" \/>\n<meta property=\"product:price:amount\" content=\"399.00\" \/>\n<meta property=\"product:price:currency\" content=\"SEK\" \/>\n<meta property=\"og:availability\" content=\"instock\" \/>\n<meta property=\"product:availability\" content=\"instock\" \/>\n<meta property=\"product:retailer_item_id\" content=\"DEKO.N.NNM.081_S\" \/>\n<meta property=\"product:condition\" content=\"new\" \/>\n<!-- \/ Yoast SEO Premium plugin. -->","yoast_head_json":{"title":"Dekornik, veggklistremerker- Little Magic Set 2 - Babylove Norska","robots":{"index":"noindex","follow":"follow","max-snippet":"max-snippet:-1","max-image-preview":"max-image-preview:large","max-video-preview":"max-video-preview:-1"},"og_locale":"nb_NO","og_type":"article","og_title":"Dekornik, veggklistremerker- Little Magic Set 2","og_description":"Superfint sett med veggklistremerker fra Dekornik. I form av et smart veggklistremerke som stadig flere oppdager er en praktisk og smart m\u00e5te \u00e5 dekorere veggene sine p\u00e5.&nbsp; Denne wallstickeren vil skape en deilig og spesiell f\u00f8lelse i hele barnerommet og gi en herlig magi.&nbsp; Laget av et trykt materiale som har en f\u00f8lelse av mykt [&hellip;]","og_url":"https:\/\/babylove.se\/no\/produkt\/dekornik-veggklistremerker-little-magic-sett-2\/","og_site_name":"Babylove Norska","article_modified_time":"2026-04-08T08:44:35+00:00","og_image":[{"width":750,"height":750,"url":"https:\/\/babylove.se\/no\/wp-content\/uploads\/sites\/3\/2025\/07\/5fbd056289074.jpeg","type":"image\/jpeg"}],"twitter_card":"summary_large_image","twitter_misc":{"Price":"399,00&nbsp;&#107;&#114;","Availability":"In stock"},"schema":{"@context":"https:\/\/schema.org","@graph":[{"@type":"WebPage","@id":"https:\/\/babylove.se\/no\/produkt\/dekornik-veggklistremerker-little-magic-sett-2\/","url":"https:\/\/babylove.se\/no\/produkt\/dekornik-veggklistremerker-little-magic-sett-2\/","name":"Dekornik, veggklistremerker- Little Magic Set 2 - Babylove Norska","isPartOf":{"@id":"https:\/\/babylove.se\/no\/#website"},"primaryImageOfPage":{"@id":"https:\/\/babylove.se\/no\/produkt\/dekornik-veggklistremerker-little-magic-sett-2\/#primaryimage"},"image":{"@id":"https:\/\/babylove.se\/no\/produkt\/dekornik-veggklistremerker-little-magic-sett-2\/#primaryimage"},"thumbnailUrl":"https:\/\/babylove.se\/no\/wp-content\/uploads\/sites\/3\/2025\/07\/5fbd056289074.jpeg","datePublished":"2025-07-18T21:41:51+00:00","dateModified":"2026-04-08T08:44:35+00:00","breadcrumb":{"@id":"https:\/\/babylove.se\/no\/produkt\/dekornik-veggklistremerker-little-magic-sett-2\/#breadcrumb"},"inLanguage":"nb-NO","potentialAction":[{"@type":"ReadAction","target":["https:\/\/babylove.se\/no\/produkt\/dekornik-veggklistremerker-little-magic-sett-2\/"]}]},{"@type":"ImageObject","inLanguage":"nb-NO","@id":"https:\/\/babylove.se\/no\/produkt\/dekornik-veggklistremerker-little-magic-sett-2\/#primaryimage","url":"https:\/\/babylove.se\/no\/wp-content\/uploads\/sites\/3\/2025\/07\/5fbd056289074.jpeg","contentUrl":"https:\/\/babylove.se\/no\/wp-content\/uploads\/sites\/3\/2025\/07\/5fbd056289074.jpeg","width":750,"height":750},{"@type":"BreadcrumbList","@id":"https:\/\/babylove.se\/no\/produkt\/dekornik-veggklistremerker-little-magic-sett-2\/#breadcrumb","itemListElement":[{"@type":"ListItem","position":1,"name":"Hem","item":"https:\/\/babylove.se\/no\/"},{"@type":"ListItem","position":2,"name":"Butik","item":"https:\/\/babylove.se\/no\/butik\/"},{"@type":"ListItem","position":3,"name":"Dekornik, veggklistremerker- Little Magic Set 2"}]},{"@type":"WebSite","@id":"https:\/\/babylove.se\/no\/#website","url":"https:\/\/babylove.se\/no\/","name":"Babylove Norska","description":"","potentialAction":[{"@type":"SearchAction","target":{"@type":"EntryPoint","urlTemplate":"https:\/\/babylove.se\/no\/?s={search_term_string}"},"query-input":{"@type":"PropertyValueSpecification","valueRequired":true,"valueName":"search_term_string"}}],"inLanguage":"nb-NO"}]},"product_brand":"Dekornik","product_price_amount":"399.00","product_price_currency":"SEK","og_availability":"instock","product_availability":"instock","product_retailer_item_id":"DEKO.N.NNM.081_S","product_condition":"new"},"_links":{"self":[{"href":"https:\/\/babylove.se\/no\/wp-json\/wp\/v2\/product\/21152","targetHints":{"allow":["GET"]}}],"collection":[{"href":"https:\/\/babylove.se\/no\/wp-json\/wp\/v2\/product"}],"about":[{"href":"https:\/\/babylove.se\/no\/wp-json\/wp\/v2\/types\/product"}],"replies":[{"embeddable":true,"href":"https:\/\/babylove.se\/no\/wp-json\/wp\/v2\/comments?post=21152"}],"wp:featuredmedia":[{"embeddable":true,"href":"https:\/\/babylove.se\/no\/wp-json\/wp\/v2\/media\/21154"}],"wp:attachment":[{"href":"https:\/\/babylove.se\/no\/wp-json\/wp\/v2\/media?parent=21152"}],"wp:term":[{"taxonomy":"product_brand","embeddable":true,"href":"https:\/\/babylove.se\/no\/wp-json\/wp\/v2\/product_brand?post=21152"},{"taxonomy":"product_cat","embeddable":true,"href":"https:\/\/babylove.se\/no\/wp-json\/wp\/v2\/product_cat?post=21152"},{"taxonomy":"product_tag","embeddable":true,"href":"https:\/\/babylove.se\/no\/wp-json\/wp\/v2\/product_tag?post=21152"}],"curies":[{"name":"wp","href":"https:\/\/api.w.org\/{rel}","templated":true}]}}