{"id":21329,"date":"2025-07-18T22:43:22","date_gmt":"2025-07-18T21:43:22","guid":{"rendered":"https:\/\/babylove.se\/produkt\/hjartkudde-beige\/"},"modified":"2026-04-08T09:46:16","modified_gmt":"2026-04-08T08:46:16","slug":"hjertepute-beige","status":"publish","type":"product","link":"https:\/\/babylove.se\/no\/produkt\/hjertepute-beige\/","title":{"rendered":"Hjertepute, beige"},"content":{"rendered":"<p>En underbart vakker og fin pute i form av et beige hjerte. En fantastisk skapelse laget av en n\u00f8ye utvalgt og meget myk plysj som kommer i forskjellige pastellfarger. Det vakre utf\u00f8relsen er \u00e9n ting, men de underbare materialvalgene gj\u00f8r det ogs\u00e5 til en klemfavoritt hos barna. Hvis du bare skal kj\u00f8pe ett interi\u00f8rprodukt til barnerommet, er dette det du skal kj\u00f8pe! Laget av spansk plysj av h\u00f8yeste kvalitet.<\/p>\n<p>M\u00e5l: 33 x 25 cm&nbsp;<\/p>\n","protected":false},"excerpt":{"rendered":"<p>En underbart vakker og fin pute i form av et beige hjerte. En fantastisk skapelse laget av en n\u00f8ye utvalgt og meget myk plysj som kommer i forskjellige pastellfarger. Det vakre utf\u00f8relsen er \u00e9n ting, men de underbare materialvalgene gj\u00f8r det ogs\u00e5 til en klemfavoritt hos barna. Hvis du bare skal kj\u00f8pe ett interi\u00f8rprodukt til [&hellip;]<\/p>\n","protected":false},"featured_media":21331,"comment_status":"closed","ping_status":"open","template":"","meta":{"_acf_changed":false},"product_brand":[736],"product_cat":[105,40],"product_tag":[],"class_list":{"0":"post-21329","1":"product","2":"type-product","3":"status-publish","4":"has-post-thumbnail","6":"product_brand-anteba","7":"product_cat-puter","8":"product_cat-soverom-barn","10":"first","11":"outofstock","12":"taxable","13":"shipping-taxable","14":"purchasable","15":"product-type-simple"},"acf":[],"yoast_head":"<!-- This site is optimized with the Yoast SEO Premium plugin v25.8 (Yoast SEO v27.2) - https:\/\/yoast.com\/product\/yoast-seo-premium-wordpress\/ -->\n<title>Hjertepute, beige - Babylove Norska<\/title>\n<meta name=\"robots\" content=\"noindex, follow, max-snippet:-1, max-image-preview:large, max-video-preview:-1\" \/>\n<meta property=\"og:locale\" content=\"nb_NO\" \/>\n<meta property=\"og:type\" content=\"article\" \/>\n<meta property=\"og:title\" content=\"Hjertepute, beige\" \/>\n<meta property=\"og:description\" content=\"En underbart vakker og fin pute i form av et beige hjerte. En fantastisk skapelse laget av en n\u00f8ye utvalgt og meget myk plysj som kommer i forskjellige pastellfarger. Det vakre utf\u00f8relsen er \u00e9n ting, men de underbare materialvalgene gj\u00f8r det ogs\u00e5 til en klemfavoritt hos barna. Hvis du bare skal kj\u00f8pe ett interi\u00f8rprodukt til [&hellip;]\" \/>\n<meta property=\"og:url\" content=\"https:\/\/babylove.se\/no\/produkt\/hjertepute-beige\/\" \/>\n<meta property=\"og:site_name\" content=\"Babylove Norska\" \/>\n<meta property=\"article:modified_time\" content=\"2026-04-08T08:46:16+00:00\" \/>\n<meta property=\"og:image\" content=\"https:\/\/babylove.se\/no\/wp-content\/uploads\/sites\/3\/2025\/07\/5fce6db795c65.jpeg\" \/>\n\t<meta property=\"og:image:width\" content=\"640\" \/>\n\t<meta property=\"og:image:height\" content=\"480\" \/>\n\t<meta property=\"og:image:type\" content=\"image\/jpeg\" \/>\n<meta name=\"twitter:card\" content=\"summary_large_image\" \/>\n<meta name=\"twitter:label1\" content=\"Price\" \/>\n\t<meta name=\"twitter:data1\" content=\"99,00&nbsp;&#107;&#114;\" \/>\n\t<meta name=\"twitter:label2\" content=\"Availability\" \/>\n\t<meta name=\"twitter:data2\" content=\"Out of stock\" \/>\n<script type=\"application\/ld+json\" class=\"yoast-schema-graph\">{\"@context\":\"https:\/\/schema.org\",\"@graph\":[{\"@type\":\"WebPage\",\"@id\":\"https:\/\/babylove.se\/no\/produkt\/hjertepute-beige\/\",\"url\":\"https:\/\/babylove.se\/no\/produkt\/hjertepute-beige\/\",\"name\":\"Hjertepute, beige - Babylove Norska\",\"isPartOf\":{\"@id\":\"https:\/\/babylove.se\/no\/#website\"},\"primaryImageOfPage\":{\"@id\":\"https:\/\/babylove.se\/no\/produkt\/hjertepute-beige\/#primaryimage\"},\"image\":{\"@id\":\"https:\/\/babylove.se\/no\/produkt\/hjertepute-beige\/#primaryimage\"},\"thumbnailUrl\":\"https:\/\/babylove.se\/no\/wp-content\/uploads\/sites\/3\/2025\/07\/5fce6db795c65.jpeg\",\"datePublished\":\"2025-07-18T21:43:22+00:00\",\"dateModified\":\"2026-04-08T08:46:16+00:00\",\"breadcrumb\":{\"@id\":\"https:\/\/babylove.se\/no\/produkt\/hjertepute-beige\/#breadcrumb\"},\"inLanguage\":\"nb-NO\",\"potentialAction\":[{\"@type\":\"ReadAction\",\"target\":[\"https:\/\/babylove.se\/no\/produkt\/hjertepute-beige\/\"]}]},{\"@type\":\"ImageObject\",\"inLanguage\":\"nb-NO\",\"@id\":\"https:\/\/babylove.se\/no\/produkt\/hjertepute-beige\/#primaryimage\",\"url\":\"https:\/\/babylove.se\/no\/wp-content\/uploads\/sites\/3\/2025\/07\/5fce6db795c65.jpeg\",\"contentUrl\":\"https:\/\/babylove.se\/no\/wp-content\/uploads\/sites\/3\/2025\/07\/5fce6db795c65.jpeg\",\"width\":640,\"height\":480},{\"@type\":\"BreadcrumbList\",\"@id\":\"https:\/\/babylove.se\/no\/produkt\/hjertepute-beige\/#breadcrumb\",\"itemListElement\":[{\"@type\":\"ListItem\",\"position\":1,\"name\":\"Hem\",\"item\":\"https:\/\/babylove.se\/no\/\"},{\"@type\":\"ListItem\",\"position\":2,\"name\":\"Butik\",\"item\":\"https:\/\/babylove.se\/no\/butik\/\"},{\"@type\":\"ListItem\",\"position\":3,\"name\":\"Hjertepute, beige\"}]},{\"@type\":\"WebSite\",\"@id\":\"https:\/\/babylove.se\/no\/#website\",\"url\":\"https:\/\/babylove.se\/no\/\",\"name\":\"Babylove Norska\",\"description\":\"\",\"potentialAction\":[{\"@type\":\"SearchAction\",\"target\":{\"@type\":\"EntryPoint\",\"urlTemplate\":\"https:\/\/babylove.se\/no\/?s={search_term_string}\"},\"query-input\":{\"@type\":\"PropertyValueSpecification\",\"valueRequired\":true,\"valueName\":\"search_term_string\"}}],\"inLanguage\":\"nb-NO\"}]}<\/script>\n<meta property=\"product:brand\" content=\"Anteba\" \/>\n<meta property=\"product:price:amount\" content=\"99.00\" \/>\n<meta property=\"product:price:currency\" content=\"SEK\" \/>\n<meta property=\"og:availability\" content=\"out of stock\" \/>\n<meta property=\"product:availability\" content=\"out of stock\" \/>\n<meta property=\"product:retailer_item_id\" content=\"70282\" \/>\n<meta property=\"product:condition\" content=\"new\" \/>\n<!-- \/ Yoast SEO Premium plugin. -->","yoast_head_json":{"title":"Hjertepute, beige - Babylove Norska","robots":{"index":"noindex","follow":"follow","max-snippet":"max-snippet:-1","max-image-preview":"max-image-preview:large","max-video-preview":"max-video-preview:-1"},"og_locale":"nb_NO","og_type":"article","og_title":"Hjertepute, beige","og_description":"En underbart vakker og fin pute i form av et beige hjerte. En fantastisk skapelse laget av en n\u00f8ye utvalgt og meget myk plysj som kommer i forskjellige pastellfarger. Det vakre utf\u00f8relsen er \u00e9n ting, men de underbare materialvalgene gj\u00f8r det ogs\u00e5 til en klemfavoritt hos barna. Hvis du bare skal kj\u00f8pe ett interi\u00f8rprodukt til [&hellip;]","og_url":"https:\/\/babylove.se\/no\/produkt\/hjertepute-beige\/","og_site_name":"Babylove Norska","article_modified_time":"2026-04-08T08:46:16+00:00","og_image":[{"width":640,"height":480,"url":"https:\/\/babylove.se\/no\/wp-content\/uploads\/sites\/3\/2025\/07\/5fce6db795c65.jpeg","type":"image\/jpeg"}],"twitter_card":"summary_large_image","twitter_misc":{"Price":"99,00&nbsp;&#107;&#114;","Availability":"Out of stock"},"schema":{"@context":"https:\/\/schema.org","@graph":[{"@type":"WebPage","@id":"https:\/\/babylove.se\/no\/produkt\/hjertepute-beige\/","url":"https:\/\/babylove.se\/no\/produkt\/hjertepute-beige\/","name":"Hjertepute, beige - Babylove Norska","isPartOf":{"@id":"https:\/\/babylove.se\/no\/#website"},"primaryImageOfPage":{"@id":"https:\/\/babylove.se\/no\/produkt\/hjertepute-beige\/#primaryimage"},"image":{"@id":"https:\/\/babylove.se\/no\/produkt\/hjertepute-beige\/#primaryimage"},"thumbnailUrl":"https:\/\/babylove.se\/no\/wp-content\/uploads\/sites\/3\/2025\/07\/5fce6db795c65.jpeg","datePublished":"2025-07-18T21:43:22+00:00","dateModified":"2026-04-08T08:46:16+00:00","breadcrumb":{"@id":"https:\/\/babylove.se\/no\/produkt\/hjertepute-beige\/#breadcrumb"},"inLanguage":"nb-NO","potentialAction":[{"@type":"ReadAction","target":["https:\/\/babylove.se\/no\/produkt\/hjertepute-beige\/"]}]},{"@type":"ImageObject","inLanguage":"nb-NO","@id":"https:\/\/babylove.se\/no\/produkt\/hjertepute-beige\/#primaryimage","url":"https:\/\/babylove.se\/no\/wp-content\/uploads\/sites\/3\/2025\/07\/5fce6db795c65.jpeg","contentUrl":"https:\/\/babylove.se\/no\/wp-content\/uploads\/sites\/3\/2025\/07\/5fce6db795c65.jpeg","width":640,"height":480},{"@type":"BreadcrumbList","@id":"https:\/\/babylove.se\/no\/produkt\/hjertepute-beige\/#breadcrumb","itemListElement":[{"@type":"ListItem","position":1,"name":"Hem","item":"https:\/\/babylove.se\/no\/"},{"@type":"ListItem","position":2,"name":"Butik","item":"https:\/\/babylove.se\/no\/butik\/"},{"@type":"ListItem","position":3,"name":"Hjertepute, beige"}]},{"@type":"WebSite","@id":"https:\/\/babylove.se\/no\/#website","url":"https:\/\/babylove.se\/no\/","name":"Babylove Norska","description":"","potentialAction":[{"@type":"SearchAction","target":{"@type":"EntryPoint","urlTemplate":"https:\/\/babylove.se\/no\/?s={search_term_string}"},"query-input":{"@type":"PropertyValueSpecification","valueRequired":true,"valueName":"search_term_string"}}],"inLanguage":"nb-NO"}]},"product_brand":"Anteba","product_price_amount":"99.00","product_price_currency":"SEK","og_availability":"out of stock","product_availability":"out of stock","product_retailer_item_id":"70282","product_condition":"new"},"_links":{"self":[{"href":"https:\/\/babylove.se\/no\/wp-json\/wp\/v2\/product\/21329","targetHints":{"allow":["GET"]}}],"collection":[{"href":"https:\/\/babylove.se\/no\/wp-json\/wp\/v2\/product"}],"about":[{"href":"https:\/\/babylove.se\/no\/wp-json\/wp\/v2\/types\/product"}],"replies":[{"embeddable":true,"href":"https:\/\/babylove.se\/no\/wp-json\/wp\/v2\/comments?post=21329"}],"wp:featuredmedia":[{"embeddable":true,"href":"https:\/\/babylove.se\/no\/wp-json\/wp\/v2\/media\/21331"}],"wp:attachment":[{"href":"https:\/\/babylove.se\/no\/wp-json\/wp\/v2\/media?parent=21329"}],"wp:term":[{"taxonomy":"product_brand","embeddable":true,"href":"https:\/\/babylove.se\/no\/wp-json\/wp\/v2\/product_brand?post=21329"},{"taxonomy":"product_cat","embeddable":true,"href":"https:\/\/babylove.se\/no\/wp-json\/wp\/v2\/product_cat?post=21329"},{"taxonomy":"product_tag","embeddable":true,"href":"https:\/\/babylove.se\/no\/wp-json\/wp\/v2\/product_tag?post=21329"}],"curies":[{"name":"wp","href":"https:\/\/api.w.org\/{rel}","templated":true}]}}