{"id":21395,"date":"2025-07-18T22:43:57","date_gmt":"2025-07-18T21:43:57","guid":{"rendered":"https:\/\/babylove.se\/produkt\/liewood-babylift-classic-dot-peppermint\/"},"modified":"2026-04-08T09:47:04","modified_gmt":"2026-04-08T08:47:04","slug":"liewood-babylift-classic-dot-peppermint","status":"publish","type":"product","link":"https:\/\/babylove.se\/no\/produkt\/liewood-babylift-classic-dot-peppermint\/","title":{"rendered":"Liewood, babylift classic dot peppermint"},"content":{"rendered":"<p>En fin kombinasjon av babylift og babynest, kombinerer det beste fra to verdener. Med to ordentlige h\u00e5ndtak kan du enkelt flytte barnet ditt p\u00e5 en god m\u00e5te, og babynestet er som kjent deilig trygt for barn \u00e5 sove i. Dette babynestet er litt mer solid enn vanlige babynest, p\u00e5 grunn av kombinasjonen at man kan bruke den som en babylift. Designen er fin for \u00e5 passe godt inn i din \u00f8vrige barner\u00f8msinnredning. \\n \\nEt utrolig smart og nyttig produkt, som dere kommer til \u00e5 f\u00e5 mye glede av. \\n \\nTrekket kan tas av og vaskes. For hvert solgte produkt plantes et tre i Zambia. \\n \\n<strong>M\u00e5l<\/strong>: Innerm\u00e5l 63&#215;26 cm. Ytterm\u00e5l 84&#215;45 cm. \\n \\n<strong>Materiale<\/strong>: Trekk i organisk bomull og fylling av polyester. \\n \\nVaskes i h\u00f8yst 30 grader, men kan ikke t\u00f8rketromles.<\/p>\n","protected":false},"excerpt":{"rendered":"<p>En fin kombinasjon av babylift og babynest, kombinerer det beste fra to verdener. Med to ordentlige h\u00e5ndtak kan du enkelt flytte barnet ditt p\u00e5 en god m\u00e5te, og babynestet er som kjent deilig trygt for barn \u00e5 sove i. Dette babynestet er litt mer solid enn vanlige babynest, p\u00e5 grunn av kombinasjonen at man kan [&hellip;]<\/p>\n","protected":false},"featured_media":21397,"comment_status":"closed","ping_status":"closed","template":"","meta":{"_acf_changed":false},"product_brand":[282],"product_cat":[56,283],"product_tag":[],"class_list":{"0":"post-21395","1":"product","2":"type-product","3":"status-publish","4":"has-post-thumbnail","6":"product_brand-liewood","7":"product_cat-babynest","8":"product_cat-liewood","10":"first","11":"outofstock","12":"taxable","13":"shipping-taxable","14":"purchasable","15":"product-type-simple"},"acf":[],"yoast_head":"<!-- This site is optimized with the Yoast SEO Premium plugin v25.8 (Yoast SEO v27.2) - https:\/\/yoast.com\/product\/yoast-seo-premium-wordpress\/ -->\n<title>Babynest \/ Babylift \/ Fri Frakt \/ Babylove.se<\/title>\n<meta name=\"description\" content=\"Babylift och babynest fr\u00e5n Liewood - tv\u00e5 rej\u00e4la handtag s\u00e5 kan du enkelt flytta ditt barn- FRI FRAKT -KLARNA FAKTURA\" \/>\n<meta name=\"robots\" content=\"noindex, follow, max-snippet:-1, max-image-preview:large, max-video-preview:-1\" \/>\n<meta property=\"og:locale\" content=\"nb_NO\" \/>\n<meta property=\"og:type\" content=\"article\" \/>\n<meta property=\"og:title\" content=\"Liewood, babylift classic dot peppermint\" \/>\n<meta property=\"og:description\" content=\"Babylift och babynest fr\u00e5n Liewood - tv\u00e5 rej\u00e4la handtag s\u00e5 kan du enkelt flytta ditt barn- FRI FRAKT -KLARNA FAKTURA\" \/>\n<meta property=\"og:url\" content=\"https:\/\/babylove.se\/no\/produkt\/liewood-babylift-classic-dot-peppermint\/\" \/>\n<meta property=\"og:site_name\" content=\"Babylove Norska\" \/>\n<meta property=\"article:modified_time\" content=\"2026-04-08T08:47:04+00:00\" \/>\n<meta property=\"og:image\" content=\"https:\/\/babylove.se\/no\/wp-content\/uploads\/sites\/3\/2025\/07\/5fdf75be99ae3.jpeg\" \/>\n\t<meta property=\"og:image:width\" content=\"750\" \/>\n\t<meta property=\"og:image:height\" content=\"643\" \/>\n\t<meta property=\"og:image:type\" content=\"image\/jpeg\" \/>\n<meta name=\"twitter:card\" content=\"summary_large_image\" \/>\n<meta name=\"twitter:label1\" content=\"Price\" \/>\n\t<meta name=\"twitter:data1\" content=\"1 099,00&nbsp;&#107;&#114;\" \/>\n\t<meta name=\"twitter:label2\" content=\"Availability\" \/>\n\t<meta name=\"twitter:data2\" content=\"Out of stock\" \/>\n<script type=\"application\/ld+json\" class=\"yoast-schema-graph\">{\"@context\":\"https:\/\/schema.org\",\"@graph\":[{\"@type\":\"WebPage\",\"@id\":\"https:\/\/babylove.se\/no\/produkt\/liewood-babylift-classic-dot-peppermint\/\",\"url\":\"https:\/\/babylove.se\/no\/produkt\/liewood-babylift-classic-dot-peppermint\/\",\"name\":\"Babynest \/ Babylift \/ Fri Frakt \/ Babylove.se\",\"isPartOf\":{\"@id\":\"https:\/\/babylove.se\/no\/#website\"},\"primaryImageOfPage\":{\"@id\":\"https:\/\/babylove.se\/no\/produkt\/liewood-babylift-classic-dot-peppermint\/#primaryimage\"},\"image\":{\"@id\":\"https:\/\/babylove.se\/no\/produkt\/liewood-babylift-classic-dot-peppermint\/#primaryimage\"},\"thumbnailUrl\":\"https:\/\/babylove.se\/no\/wp-content\/uploads\/sites\/3\/2025\/07\/5fdf75be99ae3.jpeg\",\"datePublished\":\"2025-07-18T21:43:57+00:00\",\"dateModified\":\"2026-04-08T08:47:04+00:00\",\"description\":\"Babylift och babynest fr\u00e5n Liewood - tv\u00e5 rej\u00e4la handtag s\u00e5 kan du enkelt flytta ditt barn- FRI FRAKT -KLARNA FAKTURA\",\"breadcrumb\":{\"@id\":\"https:\/\/babylove.se\/no\/produkt\/liewood-babylift-classic-dot-peppermint\/#breadcrumb\"},\"inLanguage\":\"nb-NO\",\"potentialAction\":[{\"@type\":\"ReadAction\",\"target\":[\"https:\/\/babylove.se\/no\/produkt\/liewood-babylift-classic-dot-peppermint\/\"]}]},{\"@type\":\"ImageObject\",\"inLanguage\":\"nb-NO\",\"@id\":\"https:\/\/babylove.se\/no\/produkt\/liewood-babylift-classic-dot-peppermint\/#primaryimage\",\"url\":\"https:\/\/babylove.se\/no\/wp-content\/uploads\/sites\/3\/2025\/07\/5fdf75be99ae3.jpeg\",\"contentUrl\":\"https:\/\/babylove.se\/no\/wp-content\/uploads\/sites\/3\/2025\/07\/5fdf75be99ae3.jpeg\",\"width\":750,\"height\":643},{\"@type\":\"BreadcrumbList\",\"@id\":\"https:\/\/babylove.se\/no\/produkt\/liewood-babylift-classic-dot-peppermint\/#breadcrumb\",\"itemListElement\":[{\"@type\":\"ListItem\",\"position\":1,\"name\":\"Hem\",\"item\":\"https:\/\/babylove.se\/no\/\"},{\"@type\":\"ListItem\",\"position\":2,\"name\":\"Butik\",\"item\":\"https:\/\/babylove.se\/no\/butik\/\"},{\"@type\":\"ListItem\",\"position\":3,\"name\":\"Liewood, babylift classic dot peppermint\"}]},{\"@type\":\"WebSite\",\"@id\":\"https:\/\/babylove.se\/no\/#website\",\"url\":\"https:\/\/babylove.se\/no\/\",\"name\":\"Babylove Norska\",\"description\":\"\",\"potentialAction\":[{\"@type\":\"SearchAction\",\"target\":{\"@type\":\"EntryPoint\",\"urlTemplate\":\"https:\/\/babylove.se\/no\/?s={search_term_string}\"},\"query-input\":{\"@type\":\"PropertyValueSpecification\",\"valueRequired\":true,\"valueName\":\"search_term_string\"}}],\"inLanguage\":\"nb-NO\"}]}<\/script>\n<meta property=\"product:brand\" content=\"Liewood\" \/>\n<meta property=\"product:price:amount\" content=\"1099.00\" \/>\n<meta property=\"product:price:currency\" content=\"SEK\" \/>\n<meta property=\"og:availability\" content=\"out of stock\" \/>\n<meta property=\"product:availability\" content=\"out of stock\" \/>\n<meta property=\"product:retailer_item_id\" content=\"LW123780083\" \/>\n<meta property=\"product:condition\" content=\"new\" \/>\n<!-- \/ Yoast SEO Premium plugin. -->","yoast_head_json":{"title":"Babynest \/ Babylift \/ Fri Frakt \/ Babylove.se","description":"Babylift och babynest fr\u00e5n Liewood - tv\u00e5 rej\u00e4la handtag s\u00e5 kan du enkelt flytta ditt barn- FRI FRAKT -KLARNA FAKTURA","robots":{"index":"noindex","follow":"follow","max-snippet":"max-snippet:-1","max-image-preview":"max-image-preview:large","max-video-preview":"max-video-preview:-1"},"og_locale":"nb_NO","og_type":"article","og_title":"Liewood, babylift classic dot peppermint","og_description":"Babylift och babynest fr\u00e5n Liewood - tv\u00e5 rej\u00e4la handtag s\u00e5 kan du enkelt flytta ditt barn- FRI FRAKT -KLARNA FAKTURA","og_url":"https:\/\/babylove.se\/no\/produkt\/liewood-babylift-classic-dot-peppermint\/","og_site_name":"Babylove Norska","article_modified_time":"2026-04-08T08:47:04+00:00","og_image":[{"width":750,"height":643,"url":"https:\/\/babylove.se\/no\/wp-content\/uploads\/sites\/3\/2025\/07\/5fdf75be99ae3.jpeg","type":"image\/jpeg"}],"twitter_card":"summary_large_image","twitter_misc":{"Price":"1 099,00&nbsp;&#107;&#114;","Availability":"Out of stock"},"schema":{"@context":"https:\/\/schema.org","@graph":[{"@type":"WebPage","@id":"https:\/\/babylove.se\/no\/produkt\/liewood-babylift-classic-dot-peppermint\/","url":"https:\/\/babylove.se\/no\/produkt\/liewood-babylift-classic-dot-peppermint\/","name":"Babynest \/ Babylift \/ Fri Frakt \/ Babylove.se","isPartOf":{"@id":"https:\/\/babylove.se\/no\/#website"},"primaryImageOfPage":{"@id":"https:\/\/babylove.se\/no\/produkt\/liewood-babylift-classic-dot-peppermint\/#primaryimage"},"image":{"@id":"https:\/\/babylove.se\/no\/produkt\/liewood-babylift-classic-dot-peppermint\/#primaryimage"},"thumbnailUrl":"https:\/\/babylove.se\/no\/wp-content\/uploads\/sites\/3\/2025\/07\/5fdf75be99ae3.jpeg","datePublished":"2025-07-18T21:43:57+00:00","dateModified":"2026-04-08T08:47:04+00:00","description":"Babylift och babynest fr\u00e5n Liewood - tv\u00e5 rej\u00e4la handtag s\u00e5 kan du enkelt flytta ditt barn- FRI FRAKT -KLARNA FAKTURA","breadcrumb":{"@id":"https:\/\/babylove.se\/no\/produkt\/liewood-babylift-classic-dot-peppermint\/#breadcrumb"},"inLanguage":"nb-NO","potentialAction":[{"@type":"ReadAction","target":["https:\/\/babylove.se\/no\/produkt\/liewood-babylift-classic-dot-peppermint\/"]}]},{"@type":"ImageObject","inLanguage":"nb-NO","@id":"https:\/\/babylove.se\/no\/produkt\/liewood-babylift-classic-dot-peppermint\/#primaryimage","url":"https:\/\/babylove.se\/no\/wp-content\/uploads\/sites\/3\/2025\/07\/5fdf75be99ae3.jpeg","contentUrl":"https:\/\/babylove.se\/no\/wp-content\/uploads\/sites\/3\/2025\/07\/5fdf75be99ae3.jpeg","width":750,"height":643},{"@type":"BreadcrumbList","@id":"https:\/\/babylove.se\/no\/produkt\/liewood-babylift-classic-dot-peppermint\/#breadcrumb","itemListElement":[{"@type":"ListItem","position":1,"name":"Hem","item":"https:\/\/babylove.se\/no\/"},{"@type":"ListItem","position":2,"name":"Butik","item":"https:\/\/babylove.se\/no\/butik\/"},{"@type":"ListItem","position":3,"name":"Liewood, babylift classic dot peppermint"}]},{"@type":"WebSite","@id":"https:\/\/babylove.se\/no\/#website","url":"https:\/\/babylove.se\/no\/","name":"Babylove Norska","description":"","potentialAction":[{"@type":"SearchAction","target":{"@type":"EntryPoint","urlTemplate":"https:\/\/babylove.se\/no\/?s={search_term_string}"},"query-input":{"@type":"PropertyValueSpecification","valueRequired":true,"valueName":"search_term_string"}}],"inLanguage":"nb-NO"}]},"product_brand":"Liewood","product_price_amount":"1099.00","product_price_currency":"SEK","og_availability":"out of stock","product_availability":"out of stock","product_retailer_item_id":"LW123780083","product_condition":"new"},"_links":{"self":[{"href":"https:\/\/babylove.se\/no\/wp-json\/wp\/v2\/product\/21395","targetHints":{"allow":["GET"]}}],"collection":[{"href":"https:\/\/babylove.se\/no\/wp-json\/wp\/v2\/product"}],"about":[{"href":"https:\/\/babylove.se\/no\/wp-json\/wp\/v2\/types\/product"}],"replies":[{"embeddable":true,"href":"https:\/\/babylove.se\/no\/wp-json\/wp\/v2\/comments?post=21395"}],"wp:featuredmedia":[{"embeddable":true,"href":"https:\/\/babylove.se\/no\/wp-json\/wp\/v2\/media\/21397"}],"wp:attachment":[{"href":"https:\/\/babylove.se\/no\/wp-json\/wp\/v2\/media?parent=21395"}],"wp:term":[{"taxonomy":"product_brand","embeddable":true,"href":"https:\/\/babylove.se\/no\/wp-json\/wp\/v2\/product_brand?post=21395"},{"taxonomy":"product_cat","embeddable":true,"href":"https:\/\/babylove.se\/no\/wp-json\/wp\/v2\/product_cat?post=21395"},{"taxonomy":"product_tag","embeddable":true,"href":"https:\/\/babylove.se\/no\/wp-json\/wp\/v2\/product_tag?post=21395"}],"curies":[{"name":"wp","href":"https:\/\/api.w.org\/{rel}","templated":true}]}}