{"id":21457,"date":"2025-07-18T22:44:25","date_gmt":"2025-07-18T21:44:25","guid":{"rendered":"https:\/\/babylove.se\/produkt\/hussang-loftsang-zippo-ba\/"},"modified":"2026-04-08T09:47:27","modified_gmt":"2026-04-08T08:47:27","slug":"hussang-loftsang-zippo-ba","status":"publish","type":"product","link":"https:\/\/babylove.se\/no\/produkt\/hussang-loftsang-zippo-ba\/","title":{"rendered":"Husseng loftseng, Zippo BA"},"content":{"rendered":"<p>P\u00e5 jakt etter den perfekte loftssengen? Her er den! \\n \\nEn stabil loftsseng i stilsikker design, for mange \u00e5r med s\u00f8te dr\u00f8mmer! \\n \\nAlle v\u00e5re Zippo-senger er helt h\u00e5ndlaget med stor lidenskap, av h\u00f8ykvalitets furu kryssfiner. \\n \\n<strong>Info:<\/strong> \\n<\/p>\n<ul> \\n \\t<\/p>\n<li>Anbefales fra 6 \u00e5rs alder<\/li>\n<p> \\n \\t<\/p>\n<li>Maksvekt \u00f8vre seng: 45 kg<\/li>\n<p> \\n \\t<\/p>\n<li>H\u00f8yde fra gulv til seng: 100cm<\/li>\n<p> \\n \\t<\/p>\n<li>Ribbbunn inkludert (1 stk.)<\/li>\n<p> \\n \\t<\/p>\n<li>Madrass er ikke inkludert, men ta gjerne en titt i v\u00e5rt store madrassutvalg. Vi anbefaler en skummadrass med tykkelse p\u00e5 ca 10-12 cm.<\/li>\n<p> \\n<\/ul>\n<p> \\n<strong>M\u00e5l:<\/strong> \\n<\/p>\n<ul> \\n \\t<\/p>\n<li>Finnes i forskjellige st\u00f8rrelser. M\u00e5lene til venstre i listen gjelder reddem\u00e5l. M\u00e5lene i parentes (H\u00f8yde*Bredde*Lengde) gjelder den totale st\u00f8rrelsen p\u00e5 sengen.<\/li>\n<p> \\n<\/ul>\n<p> \\nSengene kommer fra v\u00e5r fabrikk i Europa som har h\u00f8ye kvalitetskrav og kontrollerer hvert trinn fra det at t\u00f8mmeret kommer inn i fabrikken til at et ferdig produkt forlater den. \\n \\n<em><em><em>Sengen leveres umontert og b\u00f8r settes sammen i rommet den skal brukes i.<\/em><\/em><\/em> \\n \\n<em>For senger i farge er leveringstiden to uker lengre enn den oppgitte informasjonen.<\/em><\/p>\n","protected":false},"excerpt":{"rendered":"<p>P\u00e5 jakt etter den perfekte loftssengen? Her er den! \\n \\nEn stabil loftsseng i stilsikker design, for mange \u00e5r med s\u00f8te dr\u00f8mmer! \\n \\nAlle v\u00e5re Zippo-senger er helt h\u00e5ndlaget med stor lidenskap, av h\u00f8ykvalitets furu kryssfiner. \\n \\nInfo: \\n \\n \\t Anbefales fra 6 \u00e5rs alder \\n \\t Maksvekt \u00f8vre seng: 45 kg \\n \\t [&hellip;]<\/p>\n","protected":false},"featured_media":21459,"comment_status":"open","ping_status":"closed","template":"","meta":{"_acf_changed":false},"product_brand":[384],"product_cat":[386,217,385,280,40],"product_tag":[1689],"class_list":{"0":"post-21457","1":"product","2":"type-product","3":"status-publish","4":"has-post-thumbnail","6":"product_brand-adeko","7":"product_cat-ad","8":"product_cat-sengesanger","9":"product_cat-koyesenger-loftsenger","10":"product_cat-senger-med-rask-levering","11":"product_cat-soverom-barn","12":"product_tag-bestillingsvaror","13":"pa_matt-70x140-cm-h190cm-b76cm-l153cm","14":"pa_matt-70x160-cm-h195cm-b76cm-l173cm","15":"pa_matt-70x180-cm-h195cm-b76cm-l193cm","16":"pa_matt-80x140-cm-h190cm-b86-cm-l153cm","17":"pa_matt-80x160-cm-h195cm-b86cm-l173cm","18":"pa_matt-80x180-cm-h203cm-b86cm-l193cm","19":"pa_matt-80x190-cm-h203cm-b86cm-l203cm","20":"pa_matt-80x200-cm-h206cm-b86cm-l213cm","21":"pa_matt-90x140-cmh190cm-b96cm-l153cm","22":"pa_matt-90x160-cm-h195cm-b96cm-l173cm","23":"pa_matt-90x180-cm-h203cm-b96cm-l193cm","24":"pa_matt-90x190-cm-h203cm-b96cm-l203cm","25":"pa_matt-90x200-cm-h206cm-b96-cm-l213cm","27":"first","28":"instock","29":"taxable","30":"shipping-taxable","31":"purchasable","32":"product-type-variable"},"acf":[],"yoast_head":"<!-- This site is optimized with the Yoast SEO Premium plugin v25.8 (Yoast SEO v27.2) - https:\/\/yoast.com\/product\/yoast-seo-premium-wordpress\/ -->\n<title>Husseng loftseng, Zippo BA - Babylove Norska<\/title>\n<meta name=\"robots\" content=\"noindex, follow, max-snippet:-1, max-image-preview:large, max-video-preview:-1\" \/>\n<meta property=\"og:locale\" content=\"nb_NO\" \/>\n<meta property=\"og:type\" content=\"article\" \/>\n<meta property=\"og:title\" content=\"Husseng loftseng, Zippo BA\" \/>\n<meta property=\"og:description\" content=\"P\u00e5 jakt etter den perfekte loftssengen? Her er den! n nEn stabil loftsseng i stilsikker design, for mange \u00e5r med s\u00f8te dr\u00f8mmer! n nAlle v\u00e5re Zippo-senger er helt h\u00e5ndlaget med stor lidenskap, av h\u00f8ykvalitets furu kryssfiner. n nInfo: n n t Anbefales fra 6 \u00e5rs alder n t Maksvekt \u00f8vre seng: 45 kg n t [&hellip;]\" \/>\n<meta property=\"og:url\" content=\"https:\/\/babylove.se\/no\/produkt\/hussang-loftsang-zippo-ba\/\" \/>\n<meta property=\"og:site_name\" content=\"Babylove Norska\" \/>\n<meta property=\"article:modified_time\" content=\"2026-04-08T08:47:27+00:00\" \/>\n<meta property=\"og:image\" content=\"https:\/\/babylove.se\/no\/wp-content\/uploads\/sites\/3\/2025\/07\/649037835123f.png\" \/>\n\t<meta property=\"og:image:width\" content=\"800\" \/>\n\t<meta property=\"og:image:height\" content=\"800\" \/>\n\t<meta property=\"og:image:type\" content=\"image\/png\" \/>\n<meta name=\"twitter:card\" content=\"summary_large_image\" \/>\n<meta name=\"twitter:label1\" content=\"Availability\" \/>\n\t<meta name=\"twitter:data1\" content=\"In stock\" \/>\n<script type=\"application\/ld+json\" class=\"yoast-schema-graph\">{\"@context\":\"https:\/\/schema.org\",\"@graph\":[{\"@type\":\"WebPage\",\"@id\":\"https:\/\/babylove.se\/no\/produkt\/hussang-loftsang-zippo-ba\/\",\"url\":\"https:\/\/babylove.se\/no\/produkt\/hussang-loftsang-zippo-ba\/\",\"name\":\"Husseng loftseng, Zippo BA - Babylove Norska\",\"isPartOf\":{\"@id\":\"https:\/\/babylove.se\/no\/#website\"},\"primaryImageOfPage\":{\"@id\":\"https:\/\/babylove.se\/no\/produkt\/hussang-loftsang-zippo-ba\/#primaryimage\"},\"image\":{\"@id\":\"https:\/\/babylove.se\/no\/produkt\/hussang-loftsang-zippo-ba\/#primaryimage\"},\"thumbnailUrl\":\"https:\/\/babylove.se\/no\/wp-content\/uploads\/sites\/3\/2025\/07\/649037835123f.png\",\"datePublished\":\"2025-07-18T21:44:25+00:00\",\"dateModified\":\"2026-04-08T08:47:27+00:00\",\"breadcrumb\":{\"@id\":\"https:\/\/babylove.se\/no\/produkt\/hussang-loftsang-zippo-ba\/#breadcrumb\"},\"inLanguage\":\"nb-NO\",\"potentialAction\":[{\"@type\":\"ReadAction\",\"target\":[\"https:\/\/babylove.se\/no\/produkt\/hussang-loftsang-zippo-ba\/\"]}]},{\"@type\":\"ImageObject\",\"inLanguage\":\"nb-NO\",\"@id\":\"https:\/\/babylove.se\/no\/produkt\/hussang-loftsang-zippo-ba\/#primaryimage\",\"url\":\"https:\/\/babylove.se\/no\/wp-content\/uploads\/sites\/3\/2025\/07\/649037835123f.png\",\"contentUrl\":\"https:\/\/babylove.se\/no\/wp-content\/uploads\/sites\/3\/2025\/07\/649037835123f.png\",\"width\":800,\"height\":800},{\"@type\":\"BreadcrumbList\",\"@id\":\"https:\/\/babylove.se\/no\/produkt\/hussang-loftsang-zippo-ba\/#breadcrumb\",\"itemListElement\":[{\"@type\":\"ListItem\",\"position\":1,\"name\":\"Hem\",\"item\":\"https:\/\/babylove.se\/no\/\"},{\"@type\":\"ListItem\",\"position\":2,\"name\":\"Butik\",\"item\":\"https:\/\/babylove.se\/no\/butik\/\"},{\"@type\":\"ListItem\",\"position\":3,\"name\":\"Husseng loftseng, Zippo BA\"}]},{\"@type\":\"WebSite\",\"@id\":\"https:\/\/babylove.se\/no\/#website\",\"url\":\"https:\/\/babylove.se\/no\/\",\"name\":\"Babylove Norska\",\"description\":\"\",\"potentialAction\":[{\"@type\":\"SearchAction\",\"target\":{\"@type\":\"EntryPoint\",\"urlTemplate\":\"https:\/\/babylove.se\/no\/?s={search_term_string}\"},\"query-input\":{\"@type\":\"PropertyValueSpecification\",\"valueRequired\":true,\"valueName\":\"search_term_string\"}}],\"inLanguage\":\"nb-NO\"}]}<\/script>\n<meta property=\"product:brand\" content=\"Adeko\" \/>\n<meta property=\"og:availability\" content=\"instock\" \/>\n<meta property=\"product:availability\" content=\"instock\" \/>\n<meta property=\"product:retailer_item_id\" content=\"Zippo BA- 70x140-cm-H190cm-B76cm-L153cm\" \/>\n<meta property=\"product:condition\" content=\"new\" \/>\n<!-- \/ Yoast SEO Premium plugin. -->","yoast_head_json":{"title":"Husseng loftseng, Zippo BA - Babylove Norska","robots":{"index":"noindex","follow":"follow","max-snippet":"max-snippet:-1","max-image-preview":"max-image-preview:large","max-video-preview":"max-video-preview:-1"},"og_locale":"nb_NO","og_type":"article","og_title":"Husseng loftseng, Zippo BA","og_description":"P\u00e5 jakt etter den perfekte loftssengen? Her er den! n nEn stabil loftsseng i stilsikker design, for mange \u00e5r med s\u00f8te dr\u00f8mmer! n nAlle v\u00e5re Zippo-senger er helt h\u00e5ndlaget med stor lidenskap, av h\u00f8ykvalitets furu kryssfiner. n nInfo: n n t Anbefales fra 6 \u00e5rs alder n t Maksvekt \u00f8vre seng: 45 kg n t [&hellip;]","og_url":"https:\/\/babylove.se\/no\/produkt\/hussang-loftsang-zippo-ba\/","og_site_name":"Babylove Norska","article_modified_time":"2026-04-08T08:47:27+00:00","og_image":[{"width":800,"height":800,"url":"https:\/\/babylove.se\/no\/wp-content\/uploads\/sites\/3\/2025\/07\/649037835123f.png","type":"image\/png"}],"twitter_card":"summary_large_image","twitter_misc":{"Availability":"In stock"},"schema":{"@context":"https:\/\/schema.org","@graph":[{"@type":"WebPage","@id":"https:\/\/babylove.se\/no\/produkt\/hussang-loftsang-zippo-ba\/","url":"https:\/\/babylove.se\/no\/produkt\/hussang-loftsang-zippo-ba\/","name":"Husseng loftseng, Zippo BA - Babylove Norska","isPartOf":{"@id":"https:\/\/babylove.se\/no\/#website"},"primaryImageOfPage":{"@id":"https:\/\/babylove.se\/no\/produkt\/hussang-loftsang-zippo-ba\/#primaryimage"},"image":{"@id":"https:\/\/babylove.se\/no\/produkt\/hussang-loftsang-zippo-ba\/#primaryimage"},"thumbnailUrl":"https:\/\/babylove.se\/no\/wp-content\/uploads\/sites\/3\/2025\/07\/649037835123f.png","datePublished":"2025-07-18T21:44:25+00:00","dateModified":"2026-04-08T08:47:27+00:00","breadcrumb":{"@id":"https:\/\/babylove.se\/no\/produkt\/hussang-loftsang-zippo-ba\/#breadcrumb"},"inLanguage":"nb-NO","potentialAction":[{"@type":"ReadAction","target":["https:\/\/babylove.se\/no\/produkt\/hussang-loftsang-zippo-ba\/"]}]},{"@type":"ImageObject","inLanguage":"nb-NO","@id":"https:\/\/babylove.se\/no\/produkt\/hussang-loftsang-zippo-ba\/#primaryimage","url":"https:\/\/babylove.se\/no\/wp-content\/uploads\/sites\/3\/2025\/07\/649037835123f.png","contentUrl":"https:\/\/babylove.se\/no\/wp-content\/uploads\/sites\/3\/2025\/07\/649037835123f.png","width":800,"height":800},{"@type":"BreadcrumbList","@id":"https:\/\/babylove.se\/no\/produkt\/hussang-loftsang-zippo-ba\/#breadcrumb","itemListElement":[{"@type":"ListItem","position":1,"name":"Hem","item":"https:\/\/babylove.se\/no\/"},{"@type":"ListItem","position":2,"name":"Butik","item":"https:\/\/babylove.se\/no\/butik\/"},{"@type":"ListItem","position":3,"name":"Husseng loftseng, Zippo BA"}]},{"@type":"WebSite","@id":"https:\/\/babylove.se\/no\/#website","url":"https:\/\/babylove.se\/no\/","name":"Babylove Norska","description":"","potentialAction":[{"@type":"SearchAction","target":{"@type":"EntryPoint","urlTemplate":"https:\/\/babylove.se\/no\/?s={search_term_string}"},"query-input":{"@type":"PropertyValueSpecification","valueRequired":true,"valueName":"search_term_string"}}],"inLanguage":"nb-NO"}]},"product_brand":"Adeko","og_availability":"instock","product_availability":"instock","product_retailer_item_id":"Zippo BA- 70x140-cm-H190cm-B76cm-L153cm","product_condition":"new"},"_links":{"self":[{"href":"https:\/\/babylove.se\/no\/wp-json\/wp\/v2\/product\/21457","targetHints":{"allow":["GET"]}}],"collection":[{"href":"https:\/\/babylove.se\/no\/wp-json\/wp\/v2\/product"}],"about":[{"href":"https:\/\/babylove.se\/no\/wp-json\/wp\/v2\/types\/product"}],"replies":[{"embeddable":true,"href":"https:\/\/babylove.se\/no\/wp-json\/wp\/v2\/comments?post=21457"}],"wp:featuredmedia":[{"embeddable":true,"href":"https:\/\/babylove.se\/no\/wp-json\/wp\/v2\/media\/21459"}],"wp:attachment":[{"href":"https:\/\/babylove.se\/no\/wp-json\/wp\/v2\/media?parent=21457"}],"wp:term":[{"taxonomy":"product_brand","embeddable":true,"href":"https:\/\/babylove.se\/no\/wp-json\/wp\/v2\/product_brand?post=21457"},{"taxonomy":"product_cat","embeddable":true,"href":"https:\/\/babylove.se\/no\/wp-json\/wp\/v2\/product_cat?post=21457"},{"taxonomy":"product_tag","embeddable":true,"href":"https:\/\/babylove.se\/no\/wp-json\/wp\/v2\/product_tag?post=21457"}],"curies":[{"name":"wp","href":"https:\/\/api.w.org\/{rel}","templated":true}]}}