{"id":21476,"date":"2025-07-18T22:44:35","date_gmt":"2025-07-18T21:44:35","guid":{"rendered":"https:\/\/babylove.se\/produkt\/barnsang-alice-med-stodbrada-och-forvaringslada\/"},"modified":"2026-04-08T09:47:30","modified_gmt":"2026-04-08T08:47:30","slug":"barneseng-alice-med-stottebrett-og-oppbevaringskasse","status":"publish","type":"product","link":"https:\/\/babylove.se\/no\/produkt\/barneseng-alice-med-stottebrett-og-oppbevaringskasse\/","title":{"rendered":"Barneseng Alice med st\u00f8ttebrett og oppbevaringsboks\/ekstraseng"},"content":{"rendered":"<p>En underbart vakker barneseng i en klassisk form. Denne sengen vil l\u00f8fte barnerommet ditt til utrolige h\u00f8yder. B\u00e5de koselig og deilig \u00e5 sove i, samt en perfekt seng for \u00e5 leke i eller bygge opp kosekroken. En seng i skandinavisk stilren stil som passer overalt og i alle typer rom. Du kan enkelt dekorere den med fine vimpler eller lysslynger for \u00e5 f\u00e5 mer effekt. <\/p>\n<p><strong>Ekstra tilvalg<\/strong>: <\/p>\n<ul>\n<li>Farge: velg mellom natur (ubehandlet), lakkert, hvit og gr\u00e5<\/li>\n<li>Oppbevaringskasse med sovefunksjon (ekstra ribbbunn inkludert) (Madrassm\u00e5l til ekstraseng skal v\u00e6re 10 cm kortere enn sengens lengde og ha tykkelse p\u00e5 maks 9 cm. Til seng Alice 80&#215;160 = 1 stk madrass 80&#215;150)<\/li>\n<\/ul>\n<p><strong>Litt fakta:<\/strong> <\/p>\n<ul>\n<li>Oppbevaringskasse og ribbbunn inkludert.<\/li>\n<li>Hvis funksjonen ekstraseng <em>ikke <\/em>velges inkluderes 1 st\u00f8rre oppbevaringskasse p\u00e5 senger opp til 160 cm og 2 oppbevaringskasser p\u00e5 senger st\u00f8rre enn 160 cm.<\/li>\n<li>Hvis funksjonen ekstraseng velges inkluderes <u>alltid<\/u> 1 kasse sammen med en ekstra ribbbunn uansett st\u00f8rrelse p\u00e5 sengen.<\/li>\n<li>Sengen leveres umontert men er enkel \u00e5 sette sammen.<\/li>\n<li>Maks belastning : 100 kg<\/li>\n<li>Madrass inkluderes ikke, men ta gjerne en titt p\u00e5 v\u00e5rt store madrassutvalg. Vi anbefaler en skummadrass med tykkelse p\u00e5 <em>12 cm<\/em> for den \u00f8verste sengen og <em>maks 9 cm<\/em> for ekstrasengen. Hvis madrassen til ekstrasengen er tykkere enn 9 cm vil ikke ekstrasengen kunne rulles ut.<\/li>\n<\/ul>\n<p><strong>M\u00e5l<\/strong>: <\/p>\n<ul>\n<li>M\u00e5lene til venstre i listen gjelder st\u00f8rrelsen p\u00e5 madrassen som passer til sengen. M\u00e5lene innenfor parenteser ( <strong>B<\/strong>redde <strong>L<\/strong>engde) gjelder den totale st\u00f8rrelsen p\u00e5 sengen<\/li>\n<li>Totalh\u00f8yde 58,5 cm<\/li>\n<li>Benh\u00f8yde 19 cm<\/li>\n<li>Madrassh\u00f8yde 37 cm (h\u00f8yden opp til madrassen)<\/li>\n<li>Hver st\u00f8ttebrett er 1\/3 av lengden<\/li>\n<li>St\u00f8ttebrettets h\u00f8yde er 30 cm<\/li>\n<li>St\u00f8ttebretter er avtagbare<\/li>\n<\/ul>\n<p><em><em><em><em><em><em>Sengen leveres umontert og b\u00f8r settes sammen i rommet den skal brukes i.<\/em><\/em><\/em><\/em><\/em><\/em><\/p>\n","protected":false},"excerpt":{"rendered":"<p>En underbart vakker barneseng i en klassisk form. Denne sengen vil l\u00f8fte barnerommet ditt til utrolige h\u00f8yder. B\u00e5de koselig og deilig \u00e5 sove i, samt en perfekt seng for \u00e5 leke i eller bygge opp kosekroken. En seng i skandinavisk stilren stil som passer overalt og i alle typer rom. Du kan enkelt dekorere den [&hellip;]<\/p>\n","protected":false},"featured_media":21478,"comment_status":"open","ping_status":"closed","template":"","meta":{"_acf_changed":false},"product_brand":[600],"product_cat":[602,269,601,40,1712],"product_tag":[1689],"class_list":{"0":"post-21476","1":"product","2":"type-product","3":"status-publish","4":"has-post-thumbnail","6":"product_brand-luletto","7":"product_cat-babylove-lul","8":"product_cat-juniorsenger","9":"product_cat-baby","10":"product_cat-soverom-barn","11":"product_cat-uttrekkbare-senger","12":"product_tag-bestillingsvaror","13":"pa_farg-gra","14":"pa_farg-vit","15":"pa_farg-lackad","16":"pa_farg-natur","17":"pa_forvaringslada-med-sovfunkt-ja","18":"pa_forvaringslada-med-sovfunkt-nej","19":"pa_storlek-100x190-cm-b109-l199","20":"pa_storlek-60x120-cm-b69-l129","21":"pa_storlek-70x140-cm-b79-l149","22":"pa_storlek-70x160-cm-b79-l169","23":"pa_storlek-80x140-cm-b89-l149","24":"pa_storlek-80x160-cm-b89-l169","25":"pa_storlek-80x180-cm-b89-l189","26":"pa_storlek-80x190-cm-b89-l199","27":"pa_storlek-90x160-cm-b99-l169","28":"pa_storlek-90x180-cm-b99-l189","29":"pa_storlek-90x190-cm-b99-l199","31":"first","32":"instock","33":"taxable","34":"shipping-taxable","35":"purchasable","36":"product-type-variable"},"acf":[],"yoast_head":"<!-- This site is optimized with the Yoast SEO Premium plugin v25.8 (Yoast SEO v27.2) - https:\/\/yoast.com\/product\/yoast-seo-premium-wordpress\/ -->\n<title>Barneseng Alice med st\u00f8ttebrett og oppbevaringsboks\/ekstraseng - Babylove Norska<\/title>\n<meta name=\"robots\" content=\"noindex, follow, max-snippet:-1, max-image-preview:large, max-video-preview:-1\" \/>\n<meta property=\"og:locale\" content=\"nb_NO\" \/>\n<meta property=\"og:type\" content=\"article\" \/>\n<meta property=\"og:title\" content=\"Barneseng Alice med st\u00f8ttebrett og oppbevaringsboks\/ekstraseng\" \/>\n<meta property=\"og:description\" content=\"En underbart vakker barneseng i en klassisk form. Denne sengen vil l\u00f8fte barnerommet ditt til utrolige h\u00f8yder. B\u00e5de koselig og deilig \u00e5 sove i, samt en perfekt seng for \u00e5 leke i eller bygge opp kosekroken. En seng i skandinavisk stilren stil som passer overalt og i alle typer rom. Du kan enkelt dekorere den [&hellip;]\" \/>\n<meta property=\"og:url\" content=\"https:\/\/babylove.se\/no\/produkt\/barneseng-alice-med-stottebrett-og-oppbevaringskasse\/\" \/>\n<meta property=\"og:site_name\" content=\"Babylove Norska\" \/>\n<meta property=\"article:modified_time\" content=\"2026-04-08T08:47:30+00:00\" \/>\n<meta property=\"og:image\" content=\"https:\/\/babylove.se\/no\/wp-content\/uploads\/sites\/3\/2025\/07\/5fe0f8e134d26.png\" \/>\n\t<meta property=\"og:image:width\" content=\"750\" \/>\n\t<meta property=\"og:image:height\" content=\"750\" \/>\n\t<meta property=\"og:image:type\" content=\"image\/png\" \/>\n<meta name=\"twitter:card\" content=\"summary_large_image\" \/>\n<meta name=\"twitter:label1\" content=\"Availability\" \/>\n\t<meta name=\"twitter:data1\" content=\"In stock\" \/>\n<script type=\"application\/ld+json\" class=\"yoast-schema-graph\">{\"@context\":\"https:\/\/schema.org\",\"@graph\":[{\"@type\":\"WebPage\",\"@id\":\"https:\/\/babylove.se\/no\/produkt\/barneseng-alice-med-stottebrett-og-oppbevaringskasse\/\",\"url\":\"https:\/\/babylove.se\/no\/produkt\/barneseng-alice-med-stottebrett-og-oppbevaringskasse\/\",\"name\":\"Barneseng Alice med st\u00f8ttebrett og oppbevaringsboks\/ekstraseng - Babylove Norska\",\"isPartOf\":{\"@id\":\"https:\/\/babylove.se\/no\/#website\"},\"primaryImageOfPage\":{\"@id\":\"https:\/\/babylove.se\/no\/produkt\/barneseng-alice-med-stottebrett-og-oppbevaringskasse\/#primaryimage\"},\"image\":{\"@id\":\"https:\/\/babylove.se\/no\/produkt\/barneseng-alice-med-stottebrett-og-oppbevaringskasse\/#primaryimage\"},\"thumbnailUrl\":\"https:\/\/babylove.se\/no\/wp-content\/uploads\/sites\/3\/2025\/07\/5fe0f8e134d26.png\",\"datePublished\":\"2025-07-18T21:44:35+00:00\",\"dateModified\":\"2026-04-08T08:47:30+00:00\",\"breadcrumb\":{\"@id\":\"https:\/\/babylove.se\/no\/produkt\/barneseng-alice-med-stottebrett-og-oppbevaringskasse\/#breadcrumb\"},\"inLanguage\":\"nb-NO\",\"potentialAction\":[{\"@type\":\"ReadAction\",\"target\":[\"https:\/\/babylove.se\/no\/produkt\/barneseng-alice-med-stottebrett-og-oppbevaringskasse\/\"]}]},{\"@type\":\"ImageObject\",\"inLanguage\":\"nb-NO\",\"@id\":\"https:\/\/babylove.se\/no\/produkt\/barneseng-alice-med-stottebrett-og-oppbevaringskasse\/#primaryimage\",\"url\":\"https:\/\/babylove.se\/no\/wp-content\/uploads\/sites\/3\/2025\/07\/5fe0f8e134d26.png\",\"contentUrl\":\"https:\/\/babylove.se\/no\/wp-content\/uploads\/sites\/3\/2025\/07\/5fe0f8e134d26.png\",\"width\":750,\"height\":750},{\"@type\":\"BreadcrumbList\",\"@id\":\"https:\/\/babylove.se\/no\/produkt\/barneseng-alice-med-stottebrett-og-oppbevaringskasse\/#breadcrumb\",\"itemListElement\":[{\"@type\":\"ListItem\",\"position\":1,\"name\":\"Hem\",\"item\":\"https:\/\/babylove.se\/no\/\"},{\"@type\":\"ListItem\",\"position\":2,\"name\":\"Butik\",\"item\":\"https:\/\/babylove.se\/no\/butik\/\"},{\"@type\":\"ListItem\",\"position\":3,\"name\":\"Barneseng Alice med st\u00f8ttebrett og oppbevaringsboks\/ekstraseng\"}]},{\"@type\":\"WebSite\",\"@id\":\"https:\/\/babylove.se\/no\/#website\",\"url\":\"https:\/\/babylove.se\/no\/\",\"name\":\"Babylove Norska\",\"description\":\"\",\"potentialAction\":[{\"@type\":\"SearchAction\",\"target\":{\"@type\":\"EntryPoint\",\"urlTemplate\":\"https:\/\/babylove.se\/no\/?s={search_term_string}\"},\"query-input\":{\"@type\":\"PropertyValueSpecification\",\"valueRequired\":true,\"valueName\":\"search_term_string\"}}],\"inLanguage\":\"nb-NO\"}]}<\/script>\n<meta property=\"product:brand\" content=\"Luletto\" \/>\n<meta property=\"og:availability\" content=\"instock\" \/>\n<meta property=\"product:availability\" content=\"instock\" \/>\n<meta property=\"product:retailer_item_id\" content=\"60x120-natur-Alice-L\u00e5da-Nej\" \/>\n<meta property=\"product:condition\" content=\"new\" \/>\n<!-- \/ Yoast SEO Premium plugin. -->","yoast_head_json":{"title":"Barneseng Alice med st\u00f8ttebrett og oppbevaringsboks\/ekstraseng - Babylove Norska","robots":{"index":"noindex","follow":"follow","max-snippet":"max-snippet:-1","max-image-preview":"max-image-preview:large","max-video-preview":"max-video-preview:-1"},"og_locale":"nb_NO","og_type":"article","og_title":"Barneseng Alice med st\u00f8ttebrett og oppbevaringsboks\/ekstraseng","og_description":"En underbart vakker barneseng i en klassisk form. Denne sengen vil l\u00f8fte barnerommet ditt til utrolige h\u00f8yder. B\u00e5de koselig og deilig \u00e5 sove i, samt en perfekt seng for \u00e5 leke i eller bygge opp kosekroken. En seng i skandinavisk stilren stil som passer overalt og i alle typer rom. Du kan enkelt dekorere den [&hellip;]","og_url":"https:\/\/babylove.se\/no\/produkt\/barneseng-alice-med-stottebrett-og-oppbevaringskasse\/","og_site_name":"Babylove Norska","article_modified_time":"2026-04-08T08:47:30+00:00","og_image":[{"width":750,"height":750,"url":"https:\/\/babylove.se\/no\/wp-content\/uploads\/sites\/3\/2025\/07\/5fe0f8e134d26.png","type":"image\/png"}],"twitter_card":"summary_large_image","twitter_misc":{"Availability":"In stock"},"schema":{"@context":"https:\/\/schema.org","@graph":[{"@type":"WebPage","@id":"https:\/\/babylove.se\/no\/produkt\/barneseng-alice-med-stottebrett-og-oppbevaringskasse\/","url":"https:\/\/babylove.se\/no\/produkt\/barneseng-alice-med-stottebrett-og-oppbevaringskasse\/","name":"Barneseng Alice med st\u00f8ttebrett og oppbevaringsboks\/ekstraseng - Babylove Norska","isPartOf":{"@id":"https:\/\/babylove.se\/no\/#website"},"primaryImageOfPage":{"@id":"https:\/\/babylove.se\/no\/produkt\/barneseng-alice-med-stottebrett-og-oppbevaringskasse\/#primaryimage"},"image":{"@id":"https:\/\/babylove.se\/no\/produkt\/barneseng-alice-med-stottebrett-og-oppbevaringskasse\/#primaryimage"},"thumbnailUrl":"https:\/\/babylove.se\/no\/wp-content\/uploads\/sites\/3\/2025\/07\/5fe0f8e134d26.png","datePublished":"2025-07-18T21:44:35+00:00","dateModified":"2026-04-08T08:47:30+00:00","breadcrumb":{"@id":"https:\/\/babylove.se\/no\/produkt\/barneseng-alice-med-stottebrett-og-oppbevaringskasse\/#breadcrumb"},"inLanguage":"nb-NO","potentialAction":[{"@type":"ReadAction","target":["https:\/\/babylove.se\/no\/produkt\/barneseng-alice-med-stottebrett-og-oppbevaringskasse\/"]}]},{"@type":"ImageObject","inLanguage":"nb-NO","@id":"https:\/\/babylove.se\/no\/produkt\/barneseng-alice-med-stottebrett-og-oppbevaringskasse\/#primaryimage","url":"https:\/\/babylove.se\/no\/wp-content\/uploads\/sites\/3\/2025\/07\/5fe0f8e134d26.png","contentUrl":"https:\/\/babylove.se\/no\/wp-content\/uploads\/sites\/3\/2025\/07\/5fe0f8e134d26.png","width":750,"height":750},{"@type":"BreadcrumbList","@id":"https:\/\/babylove.se\/no\/produkt\/barneseng-alice-med-stottebrett-og-oppbevaringskasse\/#breadcrumb","itemListElement":[{"@type":"ListItem","position":1,"name":"Hem","item":"https:\/\/babylove.se\/no\/"},{"@type":"ListItem","position":2,"name":"Butik","item":"https:\/\/babylove.se\/no\/butik\/"},{"@type":"ListItem","position":3,"name":"Barneseng Alice med st\u00f8ttebrett og oppbevaringsboks\/ekstraseng"}]},{"@type":"WebSite","@id":"https:\/\/babylove.se\/no\/#website","url":"https:\/\/babylove.se\/no\/","name":"Babylove Norska","description":"","potentialAction":[{"@type":"SearchAction","target":{"@type":"EntryPoint","urlTemplate":"https:\/\/babylove.se\/no\/?s={search_term_string}"},"query-input":{"@type":"PropertyValueSpecification","valueRequired":true,"valueName":"search_term_string"}}],"inLanguage":"nb-NO"}]},"product_brand":"Luletto","og_availability":"instock","product_availability":"instock","product_retailer_item_id":"60x120-natur-Alice-L\u00e5da-Nej","product_condition":"new"},"_links":{"self":[{"href":"https:\/\/babylove.se\/no\/wp-json\/wp\/v2\/product\/21476","targetHints":{"allow":["GET"]}}],"collection":[{"href":"https:\/\/babylove.se\/no\/wp-json\/wp\/v2\/product"}],"about":[{"href":"https:\/\/babylove.se\/no\/wp-json\/wp\/v2\/types\/product"}],"replies":[{"embeddable":true,"href":"https:\/\/babylove.se\/no\/wp-json\/wp\/v2\/comments?post=21476"}],"wp:featuredmedia":[{"embeddable":true,"href":"https:\/\/babylove.se\/no\/wp-json\/wp\/v2\/media\/21478"}],"wp:attachment":[{"href":"https:\/\/babylove.se\/no\/wp-json\/wp\/v2\/media?parent=21476"}],"wp:term":[{"taxonomy":"product_brand","embeddable":true,"href":"https:\/\/babylove.se\/no\/wp-json\/wp\/v2\/product_brand?post=21476"},{"taxonomy":"product_cat","embeddable":true,"href":"https:\/\/babylove.se\/no\/wp-json\/wp\/v2\/product_cat?post=21476"},{"taxonomy":"product_tag","embeddable":true,"href":"https:\/\/babylove.se\/no\/wp-json\/wp\/v2\/product_tag?post=21476"}],"curies":[{"name":"wp","href":"https:\/\/api.w.org\/{rel}","templated":true}]}}