{"id":2151,"date":"2025-07-18T20:06:47","date_gmt":"2025-07-18T19:06:47","guid":{"rendered":"https:\/\/babylove.se\/produkt\/myspol-ng-baby-woodsfairytales-fairytale-rose\/"},"modified":"2026-04-08T07:48:47","modified_gmt":"2026-04-08T06:48:47","slug":"myspol-ng-baby-skogeventyr-eventyr-rose","status":"publish","type":"product","link":"https:\/\/babylove.se\/no\/produkt\/myspol-ng-baby-skogeventyr-eventyr-rose\/","title":{"rendered":"Mysp\u00f6l NG baby, Woods&#038;Fairytales, Rose+Fairytale Rose"},"content":{"rendered":"<p>En fantastisk fin mysp\u00f8l fra NG Babys Woods&amp;Fairytale-kolleksjon. Ikke bare den perfekte lekeplassen for babyen din, men ogs\u00e5 en meget fin barneroms-innredning.&nbsp;<\/p>\n<p>Denne mysp\u00f8len har masse plass til b\u00e5de venner og leker. Det er ikke umulig at barnet ditt tar en lur i denne mysp\u00f8len, den fungerer &nbsp;perfekt til det form\u00e5let. For beste matching, heng gjerne en sengehimmel fra samme serie over den og du har raskt skapt deg en koselig krok.&nbsp;<\/p>\n<p>Mysp\u00f8lens overtrekk er laget i \u00f8kologisk GOTS-sertifisert bomullssatin og er b\u00e5de avtakbart og vaskbart. Bomullssatin er dessuten et perfekt materiale da det holder babyen din kj\u00f8lig n\u00e5r det er varmt, og varmer n\u00e5r det er litt kj\u00f8ligere.<\/p>\n<p><strong>St\u00f8rrelse<\/strong>: Finnes i to st\u00f8rrelser, 100 cm og 120 cm (Diameter), H\u00f8yde: 25 cm<\/p>\n<p>Kan maskinvaskes i maksimalt 40 grader.<\/p>\n","protected":false},"excerpt":{"rendered":"<p>En fantastisk fin mysp\u00f8l fra NG Babys Woods&amp;Fairytale-kolleksjon. Ikke bare den perfekte lekeplassen for babyen din, men ogs\u00e5 en meget fin barneroms-innredning.&nbsp; Denne mysp\u00f8len har masse plass til b\u00e5de venner og leker. Det er ikke umulig at barnet ditt tar en lur i denne mysp\u00f8len, den fungerer &nbsp;perfekt til det form\u00e5let. For beste matching, heng [&hellip;]<\/p>\n","protected":false},"featured_media":2153,"comment_status":"closed","ping_status":"open","template":"","meta":{"_acf_changed":false},"product_brand":[107],"product_cat":[122,109],"product_tag":[1689],"class_list":{"0":"post-2151","1":"product","2":"type-product","3":"status-publish","4":"has-post-thumbnail","6":"product_brand-ng-baby","7":"product_cat-myspolar","8":"product_cat-ng-baby","9":"product_tag-bestillingsvaror","10":"pa_storlek-100-cm-diameter","11":"pa_storlek-120-cm-diameter","13":"first","14":"outofstock","15":"taxable","16":"shipping-taxable","17":"purchasable","18":"product-type-variable"},"acf":[],"yoast_head":"<!-- This site is optimized with the Yoast SEO Premium plugin v25.8 (Yoast SEO v27.2) - https:\/\/yoast.com\/product\/yoast-seo-premium-wordpress\/ -->\n<title>Mysp\u00f6l NG baby, Woods&amp;Fairytales, Rose+Fairytale Rose - Babylove Norska<\/title>\n<meta name=\"robots\" content=\"noindex, follow, max-snippet:-1, max-image-preview:large, max-video-preview:-1\" \/>\n<meta property=\"og:locale\" content=\"nb_NO\" \/>\n<meta property=\"og:type\" content=\"article\" \/>\n<meta property=\"og:title\" content=\"Mysp\u00f6l NG baby, Woods&amp;Fairytales, Rose+Fairytale Rose\" \/>\n<meta property=\"og:description\" content=\"En fantastisk fin mysp\u00f8l fra NG Babys Woods&amp;Fairytale-kolleksjon. Ikke bare den perfekte lekeplassen for babyen din, men ogs\u00e5 en meget fin barneroms-innredning.&nbsp; Denne mysp\u00f8len har masse plass til b\u00e5de venner og leker. Det er ikke umulig at barnet ditt tar en lur i denne mysp\u00f8len, den fungerer &nbsp;perfekt til det form\u00e5let. For beste matching, heng [&hellip;]\" \/>\n<meta property=\"og:url\" content=\"https:\/\/babylove.se\/no\/produkt\/myspol-ng-baby-skogeventyr-eventyr-rose\/\" \/>\n<meta property=\"og:site_name\" content=\"Babylove Norska\" \/>\n<meta property=\"article:modified_time\" content=\"2026-04-08T06:48:47+00:00\" \/>\n<meta property=\"og:image\" content=\"https:\/\/babylove.se\/no\/wp-content\/uploads\/sites\/3\/2025\/07\/5883474e9d49f.jpeg\" \/>\n\t<meta property=\"og:image:width\" content=\"750\" \/>\n\t<meta property=\"og:image:height\" content=\"750\" \/>\n\t<meta property=\"og:image:type\" content=\"image\/jpeg\" \/>\n<meta name=\"twitter:card\" content=\"summary_large_image\" \/>\n<meta name=\"twitter:label1\" content=\"Availability\" \/>\n\t<meta name=\"twitter:data1\" content=\"Out of stock\" \/>\n<script type=\"application\/ld+json\" class=\"yoast-schema-graph\">{\"@context\":\"https:\/\/schema.org\",\"@graph\":[{\"@type\":\"WebPage\",\"@id\":\"https:\/\/babylove.se\/no\/produkt\/myspol-ng-baby-skogeventyr-eventyr-rose\/\",\"url\":\"https:\/\/babylove.se\/no\/produkt\/myspol-ng-baby-skogeventyr-eventyr-rose\/\",\"name\":\"Mysp\u00f6l NG baby, Woods&Fairytales, Rose+Fairytale Rose - Babylove Norska\",\"isPartOf\":{\"@id\":\"https:\/\/babylove.se\/no\/#website\"},\"primaryImageOfPage\":{\"@id\":\"https:\/\/babylove.se\/no\/produkt\/myspol-ng-baby-skogeventyr-eventyr-rose\/#primaryimage\"},\"image\":{\"@id\":\"https:\/\/babylove.se\/no\/produkt\/myspol-ng-baby-skogeventyr-eventyr-rose\/#primaryimage\"},\"thumbnailUrl\":\"https:\/\/babylove.se\/no\/wp-content\/uploads\/sites\/3\/2025\/07\/5883474e9d49f.jpeg\",\"datePublished\":\"2025-07-18T19:06:47+00:00\",\"dateModified\":\"2026-04-08T06:48:47+00:00\",\"breadcrumb\":{\"@id\":\"https:\/\/babylove.se\/no\/produkt\/myspol-ng-baby-skogeventyr-eventyr-rose\/#breadcrumb\"},\"inLanguage\":\"nb-NO\",\"potentialAction\":[{\"@type\":\"ReadAction\",\"target\":[\"https:\/\/babylove.se\/no\/produkt\/myspol-ng-baby-skogeventyr-eventyr-rose\/\"]}]},{\"@type\":\"ImageObject\",\"inLanguage\":\"nb-NO\",\"@id\":\"https:\/\/babylove.se\/no\/produkt\/myspol-ng-baby-skogeventyr-eventyr-rose\/#primaryimage\",\"url\":\"https:\/\/babylove.se\/no\/wp-content\/uploads\/sites\/3\/2025\/07\/5883474e9d49f.jpeg\",\"contentUrl\":\"https:\/\/babylove.se\/no\/wp-content\/uploads\/sites\/3\/2025\/07\/5883474e9d49f.jpeg\",\"width\":750,\"height\":750},{\"@type\":\"BreadcrumbList\",\"@id\":\"https:\/\/babylove.se\/no\/produkt\/myspol-ng-baby-skogeventyr-eventyr-rose\/#breadcrumb\",\"itemListElement\":[{\"@type\":\"ListItem\",\"position\":1,\"name\":\"Hem\",\"item\":\"https:\/\/babylove.se\/no\/\"},{\"@type\":\"ListItem\",\"position\":2,\"name\":\"Butik\",\"item\":\"https:\/\/babylove.se\/no\/butik\/\"},{\"@type\":\"ListItem\",\"position\":3,\"name\":\"Mysp\u00f6l NG baby, Woods&#038;Fairytales, Rose+Fairytale Rose\"}]},{\"@type\":\"WebSite\",\"@id\":\"https:\/\/babylove.se\/no\/#website\",\"url\":\"https:\/\/babylove.se\/no\/\",\"name\":\"Babylove Norska\",\"description\":\"\",\"potentialAction\":[{\"@type\":\"SearchAction\",\"target\":{\"@type\":\"EntryPoint\",\"urlTemplate\":\"https:\/\/babylove.se\/no\/?s={search_term_string}\"},\"query-input\":{\"@type\":\"PropertyValueSpecification\",\"valueRequired\":true,\"valueName\":\"search_term_string\"}}],\"inLanguage\":\"nb-NO\"}]}<\/script>\n<meta property=\"product:brand\" content=\"Ng Baby\" \/>\n<meta property=\"og:availability\" content=\"out of stock\" \/>\n<meta property=\"product:availability\" content=\"out of stock\" \/>\n<meta property=\"product:retailer_item_id\" content=\"Fairytale Rose100-cm\" \/>\n<meta property=\"product:condition\" content=\"new\" \/>\n<!-- \/ Yoast SEO Premium plugin. -->","yoast_head_json":{"title":"Mysp\u00f6l NG baby, Woods&Fairytales, Rose+Fairytale Rose - Babylove Norska","robots":{"index":"noindex","follow":"follow","max-snippet":"max-snippet:-1","max-image-preview":"max-image-preview:large","max-video-preview":"max-video-preview:-1"},"og_locale":"nb_NO","og_type":"article","og_title":"Mysp\u00f6l NG baby, Woods&Fairytales, Rose+Fairytale Rose","og_description":"En fantastisk fin mysp\u00f8l fra NG Babys Woods&amp;Fairytale-kolleksjon. Ikke bare den perfekte lekeplassen for babyen din, men ogs\u00e5 en meget fin barneroms-innredning.&nbsp; Denne mysp\u00f8len har masse plass til b\u00e5de venner og leker. Det er ikke umulig at barnet ditt tar en lur i denne mysp\u00f8len, den fungerer &nbsp;perfekt til det form\u00e5let. For beste matching, heng [&hellip;]","og_url":"https:\/\/babylove.se\/no\/produkt\/myspol-ng-baby-skogeventyr-eventyr-rose\/","og_site_name":"Babylove Norska","article_modified_time":"2026-04-08T06:48:47+00:00","og_image":[{"width":750,"height":750,"url":"https:\/\/babylove.se\/no\/wp-content\/uploads\/sites\/3\/2025\/07\/5883474e9d49f.jpeg","type":"image\/jpeg"}],"twitter_card":"summary_large_image","twitter_misc":{"Availability":"Out of stock"},"schema":{"@context":"https:\/\/schema.org","@graph":[{"@type":"WebPage","@id":"https:\/\/babylove.se\/no\/produkt\/myspol-ng-baby-skogeventyr-eventyr-rose\/","url":"https:\/\/babylove.se\/no\/produkt\/myspol-ng-baby-skogeventyr-eventyr-rose\/","name":"Mysp\u00f6l NG baby, Woods&Fairytales, Rose+Fairytale Rose - Babylove Norska","isPartOf":{"@id":"https:\/\/babylove.se\/no\/#website"},"primaryImageOfPage":{"@id":"https:\/\/babylove.se\/no\/produkt\/myspol-ng-baby-skogeventyr-eventyr-rose\/#primaryimage"},"image":{"@id":"https:\/\/babylove.se\/no\/produkt\/myspol-ng-baby-skogeventyr-eventyr-rose\/#primaryimage"},"thumbnailUrl":"https:\/\/babylove.se\/no\/wp-content\/uploads\/sites\/3\/2025\/07\/5883474e9d49f.jpeg","datePublished":"2025-07-18T19:06:47+00:00","dateModified":"2026-04-08T06:48:47+00:00","breadcrumb":{"@id":"https:\/\/babylove.se\/no\/produkt\/myspol-ng-baby-skogeventyr-eventyr-rose\/#breadcrumb"},"inLanguage":"nb-NO","potentialAction":[{"@type":"ReadAction","target":["https:\/\/babylove.se\/no\/produkt\/myspol-ng-baby-skogeventyr-eventyr-rose\/"]}]},{"@type":"ImageObject","inLanguage":"nb-NO","@id":"https:\/\/babylove.se\/no\/produkt\/myspol-ng-baby-skogeventyr-eventyr-rose\/#primaryimage","url":"https:\/\/babylove.se\/no\/wp-content\/uploads\/sites\/3\/2025\/07\/5883474e9d49f.jpeg","contentUrl":"https:\/\/babylove.se\/no\/wp-content\/uploads\/sites\/3\/2025\/07\/5883474e9d49f.jpeg","width":750,"height":750},{"@type":"BreadcrumbList","@id":"https:\/\/babylove.se\/no\/produkt\/myspol-ng-baby-skogeventyr-eventyr-rose\/#breadcrumb","itemListElement":[{"@type":"ListItem","position":1,"name":"Hem","item":"https:\/\/babylove.se\/no\/"},{"@type":"ListItem","position":2,"name":"Butik","item":"https:\/\/babylove.se\/no\/butik\/"},{"@type":"ListItem","position":3,"name":"Mysp\u00f6l NG baby, Woods&#038;Fairytales, Rose+Fairytale Rose"}]},{"@type":"WebSite","@id":"https:\/\/babylove.se\/no\/#website","url":"https:\/\/babylove.se\/no\/","name":"Babylove Norska","description":"","potentialAction":[{"@type":"SearchAction","target":{"@type":"EntryPoint","urlTemplate":"https:\/\/babylove.se\/no\/?s={search_term_string}"},"query-input":{"@type":"PropertyValueSpecification","valueRequired":true,"valueName":"search_term_string"}}],"inLanguage":"nb-NO"}]},"product_brand":"Ng Baby","og_availability":"out of stock","product_availability":"out of stock","product_retailer_item_id":"Fairytale Rose100-cm","product_condition":"new"},"_links":{"self":[{"href":"https:\/\/babylove.se\/no\/wp-json\/wp\/v2\/product\/2151","targetHints":{"allow":["GET"]}}],"collection":[{"href":"https:\/\/babylove.se\/no\/wp-json\/wp\/v2\/product"}],"about":[{"href":"https:\/\/babylove.se\/no\/wp-json\/wp\/v2\/types\/product"}],"replies":[{"embeddable":true,"href":"https:\/\/babylove.se\/no\/wp-json\/wp\/v2\/comments?post=2151"}],"wp:featuredmedia":[{"embeddable":true,"href":"https:\/\/babylove.se\/no\/wp-json\/wp\/v2\/media\/2153"}],"wp:attachment":[{"href":"https:\/\/babylove.se\/no\/wp-json\/wp\/v2\/media?parent=2151"}],"wp:term":[{"taxonomy":"product_brand","embeddable":true,"href":"https:\/\/babylove.se\/no\/wp-json\/wp\/v2\/product_brand?post=2151"},{"taxonomy":"product_cat","embeddable":true,"href":"https:\/\/babylove.se\/no\/wp-json\/wp\/v2\/product_cat?post=2151"},{"taxonomy":"product_tag","embeddable":true,"href":"https:\/\/babylove.se\/no\/wp-json\/wp\/v2\/product_tag?post=2151"}],"curies":[{"name":"wp","href":"https:\/\/api.w.org\/{rel}","templated":true}]}}